{"id":3739,"date":"2025-09-24T16:24:42","date_gmt":"2025-09-24T08:24:42","guid":{"rendered":"https:\/\/www.honorpigments.com\/?post_type=product&#038;p=3739"},"modified":"2026-03-23T19:54:41","modified_gmt":"2026-03-23T11:54:41","slug":"azurant-optique-ob-1","status":"publish","type":"product","link":"https:\/\/www.honorpigment.com\/fr\/produit\/azurant-optique-ob-1\/","title":{"rendered":"\u00c9claircisseur optique OB-1"},"content":{"rendered":"<p><strong><b>Optique<\/b><\/strong>\u00a0<strong><b>\u00c9claircissant<\/b><\/strong>\u00a0<strong><b>OB<\/b><\/strong><strong><b>-<\/b><\/strong><strong><b>1<\/b><\/strong><\/p>\n<table>\n<tbody>\n<tr>\n<td width=\"194\"><strong><b>Produit<\/b><\/strong>\u00a0<strong><b>Nom<\/b><\/strong><\/td>\n<td width=\"500\"><strong><b>Optique<\/b><\/strong>\u00a0<strong><b>\u00e9claircisseur<\/b><\/strong>\u00a0<strong><b>OB<\/b><\/strong><strong><b>-1(<\/b><\/strong><strong><b>C<\/b><\/strong><strong><b>.<\/b><\/strong><strong><b>I<\/b><\/strong><strong><b>.<\/b><\/strong>\u00a0<strong><b>393)<\/b><\/strong><\/td>\n<\/tr>\n<tr>\n<td width=\"194\">No CAS.<\/td>\n<td width=\"500\">1533-45-5<\/td>\n<\/tr>\n<tr>\n<td width=\"194\">N\u00b0 EINECS.<\/td>\n<td width=\"500\">216-245-3<\/td>\n<\/tr>\n<tr>\n<td width=\"194\">Autre nom<\/td>\n<td width=\"500\">4,4\u2032-Bis(2-benzoxazolyl)stilb\u00e8ne<\/td>\n<\/tr>\n<tr>\n<td width=\"194\">Formule mol\u00e9culaire<\/td>\n<td width=\"500\">C28H18N2O2<\/td>\n<\/tr>\n<tr>\n<td width=\"194\">Apparence<\/td>\n<td width=\"500\">Poudre cristalline jaune clair \/ verte<\/td>\n<\/tr>\n<tr>\n<td width=\"194\"><strong><b>Purit<\/b><\/strong><strong><b>y<\/b><\/strong><\/td>\n<td width=\"500\"><strong><b>\u226599<\/b><\/strong><strong><b>%<\/b><\/strong><\/td>\n<\/tr>\n<tr>\n<td width=\"194\"><strong><b>Fusion<\/b><\/strong>\u00a0<strong><b>point<\/b><\/strong><\/td>\n<td width=\"500\"><strong><b>360~380<\/b><\/strong>\u00a0<strong><b>\u00b0<\/b><\/strong><strong><b>C<\/b><\/strong><\/td>\n<\/tr>\n<tr>\n<td width=\"194\">Volatile :<\/td>\n<td width=\"500\">&lt;0,5%<\/td>\n<\/tr>\n<tr>\n<td width=\"194\">Paquet<\/td>\n<td width=\"500\">20 kg par carton, 25\/30 kg par tambour en fibre avec rev\u00eatement en PE, ou selon les exigences des clients.<\/td>\n<\/tr>\n<tr>\n<td colspan=\"2\" width=\"694\">Applications :<\/p>\n<p>Principalement utilis\u00e9 pour \u00e9claircir les produits en fibres synth\u00e9tiques et en plastique, il est largement utilis\u00e9 dans les films plastiques, les mat\u00e9riaux de moulage par laminage et de moulage par injection, ainsi que pour \u00e9claircir la polyol\u00e9fine, le PVC, le PVC moussant, le TPR, l'EVA et le PU moussant, ainsi que les rev\u00eatements, les laques naturelles, etc. Il a \u00e9galement un tr\u00e8s bon effet sur les plastiques moussants, en particulier l'EVA et le PE.<\/td>\n<\/tr>\n<tr>\n<td colspan=\"2\" width=\"694\">Propri\u00e9t\u00e9s :<\/p>\n<p>- Les couleurs sont plus brillantes<\/p>\n<p>- Respect de l'environnement<\/p>\n<p>- Excellente capacit\u00e9 d'\u00e9claircissement<\/p>\n<p>- Produire une teinte bleut\u00e9e, masquant la couleur jaune.<\/p>\n<p>- Aspect plus blanc que blanc.<\/td>\n<\/tr>\n<tr>\n<td colspan=\"2\" width=\"694\">Dosage :<\/p>\n<p>Il est couramment utilis\u00e9 <strong><b>en<\/b><\/strong>\u00a0<strong><b>les<\/b><\/strong>\u00a0<strong><b>montant<\/b><\/strong>\u00a0<strong><b>de<\/b><\/strong>\u00a0<strong><b>0.02-0.05%<\/b><\/strong>,Pour chaque 100 kg de mat\u00e9riaux, l'azurant optique OB- 1 prend 20 \u00e0 50 g ou peut \u00eatre ajust\u00e9 en fonction des exigences du produit ou de l'essai.<\/td>\n<\/tr>\n<\/tbody>\n<\/table>","protected":false},"excerpt":{"rendered":"<p>N\u00b0 CAS : 1533-45-5<\/p>\n<p>Formule mol\u00e9culaire : C28H18N2O2<\/p>\n<p>Applications:Principalement utilis\u00e9 pour \u00e9claircir les produits en fibres synth\u00e9tiques et en plastique, il est largement utilis\u00e9 dans les films plastiques, les mat\u00e9riaux de moulage par laminage et de moulage par injection, ainsi que pour \u00e9claircir la polyol\u00e9fine, le PVC, le PVC moussant, le TPR, l'EVA et le PU moussant, ainsi que le rev\u00eatement, la laque naturelle, etc. Il a \u00e9galement un tr\u00e8s bon effet sur les plastiques moussants, en particulier l'EVA et le PE.<\/p>","protected":false},"featured_media":3741,"template":"","meta":[],"product_brand":[],"product_cat":[111],"product_tag":[376],"class_list":{"0":"post-3739","1":"product","2":"type-product","3":"status-publish","4":"has-post-thumbnail","6":"product_cat-ob","7":"product_tag-ob-1","8":"stm_brands-honor-additives","10":"first","11":"instock","12":"shipping-taxable","13":"product-type-simple"},"_links":{"self":[{"href":"https:\/\/www.honorpigment.com\/fr\/wp-json\/wp\/v2\/product\/3739","targetHints":{"allow":["GET"]}}],"collection":[{"href":"https:\/\/www.honorpigment.com\/fr\/wp-json\/wp\/v2\/product"}],"about":[{"href":"https:\/\/www.honorpigment.com\/fr\/wp-json\/wp\/v2\/types\/product"}],"version-history":[{"count":0,"href":"https:\/\/www.honorpigment.com\/fr\/wp-json\/wp\/v2\/product\/3739\/revisions"}],"wp:featuredmedia":[{"embeddable":true,"href":"https:\/\/www.honorpigment.com\/fr\/wp-json\/wp\/v2\/media\/3741"}],"wp:attachment":[{"href":"https:\/\/www.honorpigment.com\/fr\/wp-json\/wp\/v2\/media?parent=3739"}],"wp:term":[{"taxonomy":"product_brand","embeddable":true,"href":"https:\/\/www.honorpigment.com\/fr\/wp-json\/wp\/v2\/product_brand?post=3739"},{"taxonomy":"product_cat","embeddable":true,"href":"https:\/\/www.honorpigment.com\/fr\/wp-json\/wp\/v2\/product_cat?post=3739"},{"taxonomy":"product_tag","embeddable":true,"href":"https:\/\/www.honorpigment.com\/fr\/wp-json\/wp\/v2\/product_tag?post=3739"}],"curies":[{"name":"wp","href":"https:\/\/api.w.org\/{rel}","templated":true}]}}