{"id":3666,"date":"2025-09-19T16:15:30","date_gmt":"2025-09-19T08:15:30","guid":{"rendered":"https:\/\/www.honorpigments.com\/?post_type=product&#038;p=3666"},"modified":"2026-05-02T16:41:11","modified_gmt":"2026-05-02T08:41:11","slug":"jaune-de-solvant-1601-colorants-de-solvant","status":"publish","type":"product","link":"https:\/\/www.honorpigment.com\/fr\/produit\/jaune-de-solvant-1601-colorants-de-solvant\/","title":{"rendered":"Jaune de solvant 160:1 \/ Colorants de solvant"},"content":{"rendered":"<h3><strong><b>D<\/b><\/strong><strong><b>description <\/b><\/strong><\/h3>\n<p>Solvent Yellow 160:1 est un colorant fluorescent jaune verd\u00e2tre.<\/p>\n<p>Il pr\u00e9sente une bonne r\u00e9sistance \u00e0 la chaleur et \u00e0 la lumi\u00e8re, une bonne r\u00e9sistance \u00e0 la migration et un pouvoir colorant \u00e9lev\u00e9, ce qui lui conf\u00e8re une large application.<\/p>\n<p>Le Solvent Yellow 160:1 peut \u00eatre utilis\u00e9 dans les fibres PS, HIPS, ABS, PC, PMMA, SAN, AS, PET, polyester, et son utilisation est limit\u00e9e dans les fibres PA6.<\/p>\n<h3><strong><b>Informations sur l'identification :<\/b><\/strong><\/h3>\n<p>Indice de couleur : Jaune de solvant 160:1<\/p>\n<p>N\u00b0 CAS : 94945-27-4 \/35773-43-4<\/p>\n<p>Formule mol\u00e9culaire :  C<sub>20<\/sub>H<sub>17<\/sub>ClN<sub>2<\/sub>O<sub>3<\/sub><\/p>\n<h3><strong><b>Produit<\/b><\/strong><strong><b>\u00a0<\/b><\/strong><strong><b>sp\u00e9cification<\/b><\/strong><\/h3>\n<p>Apparence Poudre verte et jaune<\/p>\n<p>Pouvoir colorant 100\u00b13%<\/p>\n<p>Couleur de l'abat-jour Similaire \u00e0 la norme,<\/p>\n<p>Fr\u00eane \u2264 0,5%<\/p>\n<p>Humidit\u00e9 \u2264 0,5%<\/p>\n<p>Valeur diff\u00e9rentielle de couleur\u0394E \u2264 0,8<\/p>\n<p>Densit\u00e9 g\/cm3 1,36<\/p>\n<p>Point de fusion \u2103 209<\/p>\n<h3><strong><b>Donn\u00e9es techniques<\/b><\/strong><\/h3>\n<table>\n<tbody>\n<tr>\n<td width=\"307\"><strong>Test<\/strong><strong>\u00a0<\/strong><strong>Articles<\/strong><\/td>\n<td width=\"58\"><strong>PS<\/strong><\/td>\n<td width=\"58\"><strong>ABS<\/strong><\/td>\n<td width=\"58\"><strong>SAN<\/strong><\/td>\n<td width=\"58\"><strong>PMMA<\/strong><\/td>\n<td width=\"58\"><strong>PC<\/strong><\/td>\n<td width=\"58\"><strong>R-<\/strong><strong>PVC<\/strong><\/td>\n<td width=\"58\"><strong>PA6<\/strong><\/td>\n<td width=\"58\"><strong>PET<\/strong><\/td>\n<\/tr>\n<tr>\n<td width=\"307\">Temp\u00e9rature de r\u00e9sistance \u00e0 la chaleur, \u2103<\/p>\n<p>(0,05% colorants, transparents)<\/td>\n<td width=\"58\">300<\/td>\n<td width=\"58\">280<\/td>\n<td width=\"58\">-<\/td>\n<td width=\"58\">-<\/td>\n<td width=\"58\">300<\/td>\n<td width=\"58\">-<\/td>\n<td width=\"58\">-<\/td>\n<td width=\"58\">280<\/td>\n<\/tr>\n<tr>\n<td width=\"307\">Temp\u00e9rature de r\u00e9sistance \u00e0 la chaleur, \u2103<\/p>\n<p>(0,05% de colorants + 1,0% de dioxyde de titane)<\/td>\n<td width=\"58\">300<\/td>\n<td width=\"58\">280<\/td>\n<td width=\"58\">-<\/td>\n<td width=\"58\">-<\/td>\n<td width=\"58\">300<\/td>\n<td width=\"58\">-<\/td>\n<td width=\"58\">-<\/td>\n<td width=\"58\">280<\/td>\n<\/tr>\n<tr>\n<td width=\"307\">R\u00e9sistance \u00e0 la migration<\/td>\n<td width=\"58\">-<\/td>\n<td width=\"58\">-<\/td>\n<td width=\"58\">-<\/td>\n<td width=\"58\">-<\/td>\n<td width=\"58\">-<\/td>\n<td width=\"58\">-<\/td>\n<td width=\"58\">-<\/td>\n<td width=\"58\">-<\/td>\n<\/tr>\n<tr>\n<td width=\"307\">Solidit\u00e9 \u00e0 la lumi\u00e8re (colorants 0.05%, transparents)<\/td>\n<td width=\"58\">6<\/td>\n<td width=\"58\">6-7<\/td>\n<td width=\"58\">6<\/td>\n<td width=\"58\">6-7<\/td>\n<td width=\"58\">6<\/td>\n<td width=\"58\">6<\/td>\n<td width=\"58\">-<\/td>\n<td width=\"58\">6-7<\/td>\n<\/tr>\n<tr>\n<td width=\"307\">R\u00e9sistance aux intemp\u00e9ries<\/td>\n<td width=\"58\">-<\/td>\n<td width=\"58\">-<\/td>\n<td width=\"58\">-<\/td>\n<td width=\"58\">-<\/td>\n<td width=\"58\">-<\/td>\n<td width=\"58\">-<\/td>\n<td width=\"58\">-<\/td>\n<td width=\"58\">-<\/td>\n<\/tr>\n<tr>\n<td width=\"307\">R\u00e9sistance aux acides (dans une solution d'acide chlorhydrique 5%)<\/td>\n<td width=\"58\">4-5<\/td>\n<td width=\"58\">4-5<\/td>\n<td width=\"58\">4-5<\/td>\n<td width=\"58\">4-5<\/td>\n<td width=\"58\">4-5<\/td>\n<td width=\"58\">4-5<\/td>\n<td width=\"58\">4-5<\/td>\n<td width=\"58\">4-5<\/td>\n<\/tr>\n<tr>\n<td width=\"307\">R\u00e9sistance aux alcalis (dans une solution de soude caustique 5%)<\/td>\n<td width=\"58\">4-5<\/td>\n<td width=\"58\">4-5<\/td>\n<td width=\"58\">4-5<\/td>\n<td width=\"58\">4-5<\/td>\n<td width=\"58\">4-5<\/td>\n<td width=\"58\">4-5<\/td>\n<td width=\"58\">4-5<\/td>\n<td width=\"58\">4-5<\/td>\n<\/tr>\n<\/tbody>\n<\/table>\n<h3><strong><b>Solvant <\/b><\/strong><strong><b>y<\/b><\/strong><strong><b>ellow 160 <\/b><\/strong><strong><b>solubilit\u00e9 dans un solvant organique \u00e0 20\u2103(g\/l)<\/b><\/strong><\/h3>\n<table>\n<tbody>\n<tr>\n<td width=\"140\"><strong><b>Ac\u00e9tone<\/b><\/strong><\/td>\n<td width=\"140\"><strong><b>Ac\u00e9tate de butyle<\/b><\/strong><\/td>\n<td width=\"140\"><strong><b>M\u00e9thylbenz\u00e8ne<\/b><\/strong><\/td>\n<td width=\"140\"><strong><b>Dichlorom\u00e9thane<\/b><\/strong><\/td>\n<td width=\"140\"><strong><b>Alcool \u00e9thylique<\/b><\/strong><\/td>\n<\/tr>\n<tr>\n<td width=\"140\">5.2<\/td>\n<td width=\"140\">4.2<\/td>\n<td width=\"140\">10.6<\/td>\n<td width=\"140\">2.3<\/td>\n<td width=\"140\">5.1<\/td>\n<\/tr>\n<\/tbody>\n<\/table>\n<h3><strong><b>\u00a0<\/b><\/strong><strong><b>Application<\/b><\/strong><strong>\u00a0<\/strong><\/h3>\n<table>\n<tbody>\n<tr>\n<td width=\"129\"><strong>PS<\/strong><\/td>\n<td width=\"129\">\u25cf<\/td>\n<td width=\"129\"><strong>PET<\/strong><\/td>\n<td width=\"129\">\u25cf<\/td>\n<td width=\"129\"><strong>PC<\/strong><\/td>\n<td width=\"129\">\u25cf<\/td>\n<\/tr>\n<tr>\n<td width=\"129\"><strong>AS<\/strong><\/td>\n<td width=\"129\">\u25cf<\/td>\n<td width=\"129\"><strong>PVC-<\/strong><strong>\u00a0<\/strong><strong>R<\/strong><\/td>\n<td width=\"129\">\u25cb<\/td>\n<td width=\"129\"><strong>SAN<\/strong><\/td>\n<td width=\"129\">\u25cf<\/td>\n<\/tr>\n<tr>\n<td width=\"129\"><strong>ABS<\/strong><\/td>\n<td width=\"129\">\u25cf<\/td>\n<td width=\"129\"><strong>PVC-U<\/strong><\/td>\n<td width=\"129\">\u25cf<\/td>\n<td width=\"129\"><strong>HIPS<\/strong><\/td>\n<td width=\"129\">\u25cf<\/td>\n<\/tr>\n<tr>\n<td width=\"129\"><strong>PMMA<\/strong><\/td>\n<td width=\"129\">\u25cf<\/td>\n<td width=\"129\"><strong>PA6<\/strong><\/td>\n<td width=\"129\">\u25cb<\/td>\n<td width=\"129\"><\/td>\n<td width=\"129\"><\/td>\n<\/tr>\n<\/tbody>\n<\/table>\n<p><strong><b>Remarque :<\/b><\/strong><strong><b>\u00a0\u00a0\u00a0\u00a0<\/b><\/strong>\u25cf = recommand\u00e9 \u25cb = utilisation potentielle - = non recommand\u00e9<\/p>\n<h3><strong>Recommand\u00e9<\/strong><strong>\u00a0Dosage<\/strong><\/h3>\n<p>Transparent : 0,03%<\/p>\n<p>Non-transparent : 0,05%<\/p>\n<h3><strong>Emballage :<\/strong><\/h3>\n<p>L'emballage habituel est un f\u00fbt en papier de 25 kg, 450 kg par palette.<\/p>\n<h3>Performances colorim\u00e9triques et polyvalence in\u00e9gal\u00e9es<\/h3>\n<p>Solvent Yellow 160:1 est un colorant fluorescent jaune verd\u00e2tre haute performance connu pour son pouvoir colorant sup\u00e9rieur et son adaptabilit\u00e9 \u00e0 une large gamme de mat\u00e9riaux. Sa fluorescence vibrante le rend parfait pour les applications o\u00f9 l'attrait visuel et la fonctionnalit\u00e9 convergent. Gr\u00e2ce \u00e0 sa formulation avanc\u00e9e, ce colorant garantit des r\u00e9sultats de haute qualit\u00e9, m\u00eame dans des conditions difficiles.<\/p>\n<h3>R\u00e9sistance exceptionnelle \u00e0 la chaleur et \u00e0 la lumi\u00e8re<\/h3>\n<p>Con\u00e7u pour r\u00e9sister aux environnements difficiles, le Solvent Yellow 160:1 offre une excellente r\u00e9sistance \u00e0 la chaleur et \u00e0 la lumi\u00e8re, garantissant des r\u00e9sultats durables pour divers usages industriels et commerciaux. Le colorant reste stable et efficace, m\u00eame en cas d'exposition prolong\u00e9e \u00e0 des temp\u00e9ratures \u00e9lev\u00e9es ou \u00e0 une lumi\u00e8re intense, ce qui en fait une solution id\u00e9ale pour les produits n\u00e9cessitant durabilit\u00e9 et fiabilit\u00e9.<\/p>\n<h3>Compatibilit\u00e9 id\u00e9ale et large application<\/h3>\n<p>Le Solvent Yellow 160:1 est tr\u00e8s polyvalent et convient \u00e0 un large \u00e9ventail de mat\u00e9riaux, notamment le PS (polystyr\u00e8ne), le HIPS (polystyr\u00e8ne \u00e0 haute r\u00e9sistance aux chocs), l'ABS (acrylonitrile butadi\u00e8ne styr\u00e8ne), le PC (polycarbonate), le PMMA (polym\u00e9thacrylate de m\u00e9thyle), le SAN (r\u00e9sine styr\u00e8ne-acrylonitrile), l'AS (acrylate de styr\u00e8ne), le PET (poly\u00e9thyl\u00e8ne t\u00e9r\u00e9phtalate) et les fibres de polyester. Sa compatibilit\u00e9 s'\u00e9tend m\u00eame \u00e0 une utilisation limit\u00e9e dans les fibres PA6, ce qui garantit une flexibilit\u00e9 dans la conception et la production.<\/p>\n<h3>R\u00e9sistance accrue \u00e0 la migration<\/h3>\n<p>Dot\u00e9 de propri\u00e9t\u00e9s avanc\u00e9es de r\u00e9sistance \u00e0 la migration, Solvent Yellow 160:1 minimise le risque de d\u00e9coloration ou de d\u00e9calage du mat\u00e9riau, permettant une application sans faille dans les projets \u00e0 forte demande. Sa formule stable garantit la coh\u00e9rence et la pr\u00e9cision des produits finis, am\u00e9liorant ainsi la qualit\u00e9 globale et la satisfaction des clients.<\/p>\n<div class=\"honor-product-overview\" style=\"margin-top:40px;border-top:2px solid #f6c405;padding-top:30px\">\n<h3>Why Choose Honor Pigments?<\/h3>\n<ul>\n<li>\ud83c\udf0d <strong>Global Export Expertise<\/strong> \u2014 Trusted by customers in 40+ countries for consistent quality and reliable supply<\/li>\n<li>\u2705 <strong>Strict Quality Control<\/strong> \u2014 ISO 9001 certified with batch-to-batch consistency and zero-defect policy<\/li>\n<li>\ud83d\udcb0 <strong>OEM Production Advantage<\/strong> \u2014 Competitive pricing without compromising pigment performance<\/li>\n<li>\ud83e\uddea <strong>Technical Support<\/strong> \u2014 Free color matching, formulation advice and sample testing before bulk order<\/li>\n<\/ul>\n<div style=\"background:#f8f9fa;padding:20px;border-left:4px solid #f6c405;margin:20px 0\">\n<p><strong>\ud83d\udce9 Need more details?<\/strong><\/p>\n<p>Request TDS, SDS, or a free sample for testing.<\/p>\n<\/div>\n<\/div>","protected":false},"excerpt":{"rendered":"<p>N\u00b0 CAS : 94945-27-4 \/35773-43-4<\/p>\n<p>Formule mol\u00e9culaire :  C<sub>20<\/sub>H<sub>17<\/sub>ClN<sub>2<\/sub>O<sub>3<\/sub><\/p>\n<p>Caract\u00e9ristiques : Bonne r\u00e9sistance \u00e0 la chaleur et \u00e0 la lumi\u00e8re, bonne r\u00e9sistance \u00e0 la migration et pouvoir colorant \u00e9lev\u00e9 avec une large application.<\/p>\n<p>Application : Utilis\u00e9 dans les fibres de polyester PS, HIPS, ABS, PC, PMMA, SAN, AS, PET, et limit\u00e9 dans les fibres PA6.<\/p>","protected":false},"featured_media":3670,"template":"","meta":{"rank_math_focus_keyword":"solvent yellow 160:1, solvent yellow 160 1","rank_math_description":"Solvent Yellow 160:1 is a greenish yellow fluorescent dye.It has good heat resistance and light resistance, good migration resistance and high tinting strength with wide application.Solvent Yellow 160:1 is allowed to be used in PS , HIPS, ABS, ,PC, PMMA, SAN, AS, PET, polyester fiber, and limited used in PA6 fiber.","rank_math_robots":null,"_rank_math_focus_keyword":"solvent yellow 160:1","rank_math_seo_score":"86"},"product_brand":[],"product_cat":[58,68],"product_tag":[385],"class_list":{"0":"post-3666","1":"product","2":"type-product","3":"status-publish","4":"has-post-thumbnail","6":"product_cat-dyestuffs","7":"product_cat-solvent-dyes","8":"product_tag-sy1601","9":"stm_brands-honor-dyes","11":"first","12":"instock","13":"shipping-taxable","14":"product-type-simple"},"_links":{"self":[{"href":"https:\/\/www.honorpigment.com\/fr\/wp-json\/wp\/v2\/product\/3666","targetHints":{"allow":["GET"]}}],"collection":[{"href":"https:\/\/www.honorpigment.com\/fr\/wp-json\/wp\/v2\/product"}],"about":[{"href":"https:\/\/www.honorpigment.com\/fr\/wp-json\/wp\/v2\/types\/product"}],"version-history":[{"count":2,"href":"https:\/\/www.honorpigment.com\/fr\/wp-json\/wp\/v2\/product\/3666\/revisions"}],"predecessor-version":[{"id":8868,"href":"https:\/\/www.honorpigment.com\/fr\/wp-json\/wp\/v2\/product\/3666\/revisions\/8868"}],"wp:featuredmedia":[{"embeddable":true,"href":"https:\/\/www.honorpigment.com\/fr\/wp-json\/wp\/v2\/media\/3670"}],"wp:attachment":[{"href":"https:\/\/www.honorpigment.com\/fr\/wp-json\/wp\/v2\/media?parent=3666"}],"wp:term":[{"taxonomy":"product_brand","embeddable":true,"href":"https:\/\/www.honorpigment.com\/fr\/wp-json\/wp\/v2\/product_brand?post=3666"},{"taxonomy":"product_cat","embeddable":true,"href":"https:\/\/www.honorpigment.com\/fr\/wp-json\/wp\/v2\/product_cat?post=3666"},{"taxonomy":"product_tag","embeddable":true,"href":"https:\/\/www.honorpigment.com\/fr\/wp-json\/wp\/v2\/product_tag?post=3666"}],"curies":[{"name":"wp","href":"https:\/\/api.w.org\/{rel}","templated":true}]}}