{"id":3641,"date":"2025-09-19T10:04:53","date_gmt":"2025-09-19T02:04:53","guid":{"rendered":"https:\/\/www.honorpigments.com\/?post_type=product&#038;p=3641"},"modified":"2026-05-02T16:41:38","modified_gmt":"2026-05-02T08:41:38","slug":"violet-de-solvant-31-colorants-de-solvant","status":"publish","type":"product","link":"https:\/\/www.honorpigment.com\/fr\/produit\/violet-de-solvant-31-colorants-de-solvant\/","title":{"rendered":"Violet de solvant 31 \/ Colorants de solvant"},"content":{"rendered":"<h3><strong><b>D<\/b><\/strong><strong><b>description <\/b><\/strong><\/h3>\n<p>Le Solvent Violet 31 est un colorant transparent violet rouge\u00e2tre pour solvants p\u00e9troliers.<\/p>\n<p>Il pr\u00e9sente une excellente r\u00e9sistance \u00e0 la chaleur et \u00e0 la lumi\u00e8re, une bonne r\u00e9sistance \u00e0 la migration et un pouvoir colorant \u00e9lev\u00e9, ce qui lui conf\u00e8re un large champ d'application.<\/p>\n<p>Le Solvent Violet 31 est utilis\u00e9 pour la coloration des plastiques, PS, ABS, PMMA, PC, PET, polym\u00e8res, fibres. fibres de polyester, encres y compris les encres \u00e0 jet d'encre.<\/p>\n<h3><strong><b>Informations sur l'identification :<\/b><\/strong><\/h3>\n<p>Indice de couleur : Violet de solvant 31<\/p>\n<p>Num\u00e9ro CAS : 70956-27-3<\/p>\n<p>Formule mol\u00e9culaire : C<sub>14<\/sub>H<sub>8<\/sub>Cl<sub>2<\/sub>N<sub>2<\/sub>O<sub>2<\/sub><\/p>\n<p>Famille chimique S\u00e9rie Anthraquinone<\/p>\n<h3><strong><b>Produit<\/b><\/strong><strong><b>\u00a0<\/b><\/strong><strong><b>sp\u00e9cification<\/b><\/strong><\/h3>\n<p>Aspect Poudre violette<\/p>\n<p>Pouvoir colorant 100\u00b13%<\/p>\n<p>Couleur de l'abat-jour Similaire \u00e0 la norme,<\/p>\n<p>Fr\u00eane \u2264 1,0%<\/p>\n<p>Humidit\u00e9 \u2264 1,0%<\/p>\n<p>Valeur diff\u00e9rentielle de couleur\u0394E \u2264 0,8<\/p>\n<p>Densit\u00e9 g\/cm3 1,30<\/p>\n<p>Point de fusion \u2103 282<\/p>\n<h3><strong><b>Donn\u00e9es techniques<\/b><\/strong><\/h3>\n<table>\n<tbody>\n<tr>\n<td width=\"307\"><strong>Test<\/strong><strong>\u00a0<\/strong><strong>Articles<\/strong><\/td>\n<td width=\"58\"><strong>PS<\/strong><\/td>\n<td width=\"58\"><strong>ABS<\/strong><\/td>\n<td width=\"58\"><strong>SAN<\/strong><\/td>\n<td width=\"58\"><strong>PMMA<\/strong><\/td>\n<td width=\"58\"><strong>PC<\/strong><\/td>\n<td width=\"58\"><strong>R-<\/strong><strong>PVC<\/strong><\/td>\n<td width=\"58\"><strong>PA6<\/strong><\/td>\n<td width=\"58\"><strong>PET<\/strong><\/td>\n<\/tr>\n<tr>\n<td width=\"307\">Temp\u00e9rature de r\u00e9sistance \u00e0 la chaleur, \u2103<\/p>\n<p>(0,05% colorants, transparents)<\/td>\n<td width=\"58\">300<\/td>\n<td width=\"58\">290<\/td>\n<td width=\"58\">300<\/td>\n<td width=\"58\">300<\/td>\n<td width=\"58\">310<\/td>\n<td width=\"58\">-<\/td>\n<td width=\"58\">-<\/td>\n<td width=\"58\">290<\/td>\n<\/tr>\n<tr>\n<td width=\"307\">Temp\u00e9rature de r\u00e9sistance \u00e0 la chaleur, \u2103<\/p>\n<p>(0,05% de colorants + 1,0% de dioxyde de titane)<\/td>\n<td width=\"58\">280<\/td>\n<td width=\"58\">270<\/td>\n<td width=\"58\">280<\/td>\n<td width=\"58\">280<\/td>\n<td width=\"58\">290<\/td>\n<td width=\"58\">-<\/td>\n<td width=\"58\">-<\/td>\n<td width=\"58\">270<\/td>\n<\/tr>\n<tr>\n<td width=\"307\">R\u00e9sistance \u00e0 la migration<\/td>\n<td width=\"58\">5<\/td>\n<td width=\"58\">5<\/td>\n<td width=\"58\">5<\/td>\n<td width=\"58\">5<\/td>\n<td width=\"58\">-<\/td>\n<td width=\"58\">-<\/td>\n<td width=\"58\">-<\/td>\n<td width=\"58\">-<\/td>\n<\/tr>\n<tr>\n<td width=\"307\">Solidit\u00e9 \u00e0 la lumi\u00e8re (colorants 0.05%, transparents)<\/td>\n<td width=\"58\"><strong><b>7-8<\/b><\/strong><\/td>\n<td width=\"58\">3-4<\/td>\n<td width=\"58\">-<\/td>\n<td width=\"58\">-<\/td>\n<td width=\"58\">7<\/td>\n<td width=\"58\">-<\/td>\n<td width=\"58\"><\/td>\n<td width=\"58\">7-8<\/td>\n<\/tr>\n<tr>\n<td width=\"307\">R\u00e9sistance aux intemp\u00e9ries<\/td>\n<td width=\"58\">-<\/td>\n<td width=\"58\">-<\/td>\n<td width=\"58\">-<\/td>\n<td width=\"58\">-<\/td>\n<td width=\"58\">-<\/td>\n<td width=\"58\">-<\/td>\n<td width=\"58\">-<\/td>\n<td width=\"58\">-<\/td>\n<\/tr>\n<tr>\n<td width=\"307\">R\u00e9sistance aux acides (dans une solution d'acide chlorhydrique 5%)<\/td>\n<td width=\"58\">4<\/td>\n<td width=\"58\">4<\/td>\n<td width=\"58\">4<\/td>\n<td width=\"58\">4<\/td>\n<td width=\"58\">4<\/td>\n<td width=\"58\">4<\/td>\n<td width=\"58\">-<\/td>\n<td width=\"58\">-<\/td>\n<\/tr>\n<tr>\n<td width=\"307\">R\u00e9sistance aux alcalis (dans une solution de soude caustique 5%)<\/td>\n<td width=\"58\">4<\/td>\n<td width=\"58\">4<\/td>\n<td width=\"58\">4<\/td>\n<td width=\"58\">4<\/td>\n<td width=\"58\">4<\/td>\n<td width=\"58\">4<\/td>\n<td width=\"58\">-<\/td>\n<td width=\"58\">-<\/td>\n<\/tr>\n<\/tbody>\n<\/table>\n<h3><strong><b>Solvant <\/b><\/strong><strong><b>Violet 3<\/b><\/strong><strong><b>1<\/b><\/strong><strong><b>\u00a0solubilit\u00e9 dans un solvant organique \u00e0 20\u2103(g\/l)<\/b><\/strong><\/h3>\n<table>\n<tbody>\n<tr>\n<td width=\"140\"><strong><b>Ac\u00e9tone<\/b><\/strong><\/td>\n<td width=\"140\"><strong><b>Ac\u00e9tate de butyle<\/b><\/strong><\/td>\n<td width=\"140\"><strong><b>M\u00e9thylbenz\u00e8ne<\/b><\/strong><\/td>\n<td width=\"140\"><strong><b>Dichlorom\u00e9thane<\/b><\/strong><\/td>\n<td width=\"140\"><strong><b>Alcool \u00e9thylique<\/b><\/strong><\/td>\n<\/tr>\n<tr>\n<td width=\"140\">20<\/td>\n<td width=\"140\">18<\/td>\n<td width=\"140\">20<\/td>\n<td width=\"140\">40<\/td>\n<td width=\"140\">1<\/td>\n<\/tr>\n<\/tbody>\n<\/table>\n<h3><strong><b>\u00a0A<\/b><\/strong><strong><b>application<\/b><\/strong><strong>\u00a0<\/strong><\/h3>\n<table>\n<tbody>\n<tr>\n<td width=\"129\"><strong>PS<\/strong><\/td>\n<td width=\"129\">\u25cf<\/td>\n<td width=\"129\"><strong>PET<\/strong><\/td>\n<td width=\"129\">\u25cf<\/td>\n<td width=\"129\"><strong>PC<\/strong><\/td>\n<td width=\"129\">\u25cf<\/td>\n<\/tr>\n<tr>\n<td width=\"129\"><strong>AS<\/strong><\/td>\n<td width=\"129\">\u25cf<\/td>\n<td width=\"129\"><strong>PVC-<\/strong><strong>\u00a0<\/strong><strong>R<\/strong><\/td>\n<td width=\"129\">\u25cf<\/td>\n<td width=\"129\"><strong>SAN<\/strong><\/td>\n<td width=\"129\">\u25cf<\/td>\n<\/tr>\n<tr>\n<td width=\"129\"><strong>ABS<\/strong><\/td>\n<td width=\"129\">\u25cf<\/td>\n<td width=\"129\"><strong>PVC-U<\/strong><\/td>\n<td width=\"129\">\u25cf<\/td>\n<td width=\"129\"><strong>HIPS<\/strong><\/td>\n<td width=\"129\">\u25cf<\/td>\n<\/tr>\n<tr>\n<td width=\"129\"><strong>PMMA<\/strong><\/td>\n<td width=\"129\">\u25cf<\/td>\n<td width=\"129\"><strong>PA6<\/strong><\/td>\n<td width=\"129\">-<\/td>\n<td width=\"129\"><\/td>\n<td width=\"129\"><\/td>\n<\/tr>\n<\/tbody>\n<\/table>\n<p><strong><b>Remarque :<\/b><\/strong><strong><b>\u00a0\u00a0\u00a0\u00a0<\/b><\/strong>\u25cf = recommand\u00e9 \u25cb = utilisation potentielle - = non recommand\u00e9<\/p>\n<h3><strong>Recommand\u00e9<\/strong><strong>\u00a0Dosage<\/strong><\/h3>\n<p>Transparent : 0,025<\/p>\n<p>Non-transparent : 0,05<\/p>\n<h3><strong>Emballage :<\/strong><\/h3>\n<p>L'emballage habituel est un f\u00fbt en papier de 25 kg, 450 kg par palette.<\/p>\n<h3>Couleur et durabilit\u00e9 in\u00e9gal\u00e9es<\/h3>\n<p>Le Solvent Violet 31 est un colorant \u00e0 base de solvant huileux transparent violet rouge\u00e2tre con\u00e7u pour r\u00e9volutionner vos besoins en mati\u00e8re de coloration. Dot\u00e9 d'une excellente r\u00e9sistance \u00e0 la chaleur, \u00e0 la lumi\u00e8re et \u00e0 la migration, ce colorant garantit des performances durables dans diverses applications. Que vous ayez besoin de teintes vibrantes ou d'un pouvoir colorant \u00e9lev\u00e9, le Solvent Violet 31 fournit des r\u00e9sultats exceptionnels en assurant une coloration coh\u00e9rente et une durabilit\u00e9 pour divers mat\u00e9riaux.<\/p>\n<h3>Applications polyvalentes pour les industries<\/h3>\n<p>Gr\u00e2ce \u00e0 son adaptabilit\u00e9, ce colorant \u00e0 solvant convient \u00e0 un large \u00e9ventail d'applications. Le Solvent Violet 31 excelle dans la coloration des plastiques tels que le PS, l'ABS, le PMMA, le PC et le PET, garantissant une teinte parfaite pour chaque projet. Au-del\u00e0 des plastiques, ce colorant est un choix id\u00e9al pour les fibres de polym\u00e8re et de polyester, ce qui en fait un composant indispensable pour les processus textiles et industriels. Sa formule sp\u00e9cialis\u00e9e fonctionne \u00e9galement de mani\u00e8re transparente avec les encres, y compris les encres \u00e0 jet d'encre, ce qui garantit la pr\u00e9cision et l'\u00e9clat des applications d'impression.<\/p>\n<h3>Des performances qui le distinguent<\/h3>\n<p>Le Solvent Violet 31 est dot\u00e9 de propri\u00e9t\u00e9s de pointe pour am\u00e9liorer vos produits. Son excellente r\u00e9sistance \u00e0 la chaleur garantit sa stabilit\u00e9 m\u00eame dans des conditions de temp\u00e9rature \u00e9lev\u00e9e, tandis que sa solidit\u00e9 \u00e0 la lumi\u00e8re sup\u00e9rieure prot\u00e8ge contre la d\u00e9coloration due \u00e0 l'exposition \u00e0 la lumi\u00e8re du soleil. Gr\u00e2ce \u00e0 sa bonne r\u00e9sistance \u00e0 la migration, le colorant conserve son int\u00e9grit\u00e9 sur diff\u00e9rents substrats, ce qui le rend parfait pour les applications esth\u00e9tiques et fonctionnelles. Le pouvoir colorant \u00e9lev\u00e9 permet une utilisation efficace du colorant, ce qui se traduit par des solutions rentables sans compromis sur l'intensit\u00e9 de la couleur.<\/p>\n<div class=\"honor-product-overview\" style=\"margin-top:40px;border-top:2px solid #f6c405;padding-top:30px\">\n<h3>Why Choose Honor Pigments?<\/h3>\n<ul>\n<li>\ud83c\udf0d <strong>Global Export Expertise<\/strong> \u2014 Trusted by customers in 40+ countries for consistent quality and reliable supply<\/li>\n<li>\u2705 <strong>Strict Quality Control<\/strong> \u2014 ISO 9001 certified with batch-to-batch consistency and zero-defect policy<\/li>\n<li>\ud83d\udcb0 <strong>OEM Production Advantage<\/strong> \u2014 Competitive pricing without compromising pigment performance<\/li>\n<li>\ud83e\uddea <strong>Technical Support<\/strong> \u2014 Free color matching, formulation advice and sample testing before bulk order<\/li>\n<\/ul>\n<div style=\"background:#f8f9fa;padding:20px;border-left:4px solid #f6c405;margin:20px 0\">\n<p><strong>\ud83d\udce9 Need more details?<\/strong><\/p>\n<p>Request TDS, SDS, or a free sample for testing.<\/p>\n<\/div>\n<\/div>","protected":false},"excerpt":{"rendered":"<p>Num\u00e9ro CAS : 70956-27-3<\/p>\n<p>Formule mol\u00e9culaire : C<sub>14<\/sub>H<sub>8<\/sub>Cl<sub>2<\/sub>N<sub>2<\/sub>O<sub>2<\/sub><\/p>\n<p>Caract\u00e9ristiques : excellente r\u00e9sistance \u00e0 la chaleur et \u00e0 la lumi\u00e8re, bonne r\u00e9sistance \u00e0 la migration et pouvoir colorant \u00e9lev\u00e9 avec une large application.<\/p>\n<p>Application : utilis\u00e9 pour la coloration des plastiques, PS, ABS, PMMA, PC, PET, polym\u00e8res, fibres, fibres de polyester, encres, y compris les encres \u00e0 jet d'encre.<\/p>","protected":false},"featured_media":3642,"template":"","meta":{"rank_math_focus_keyword":"solvent violet 31, solvent violet 31","rank_math_description":"Solvent Violet 31 is a reddish violet transparent oil solvent dye. It has excellent heat resistance and light resistance, good migration resistance and high tinting strength with wide application. Solvent Violet 31 is used for coloring for plastics, PS, ABS, PMMA, PC, PET, polymer, fiber. polyester fiber, inks including inkjet ink.","rank_math_robots":null,"_rank_math_focus_keyword":"solvent violet 31","rank_math_seo_score":"86"},"product_brand":[],"product_cat":[68,58],"product_tag":[],"class_list":{"0":"post-3641","1":"product","2":"type-product","3":"status-publish","4":"has-post-thumbnail","6":"product_cat-solvent-dyes","7":"product_cat-dyestuffs","8":"stm_brands-honor-dyes","10":"first","11":"instock","12":"shipping-taxable","13":"product-type-simple"},"_links":{"self":[{"href":"https:\/\/www.honorpigment.com\/fr\/wp-json\/wp\/v2\/product\/3641","targetHints":{"allow":["GET"]}}],"collection":[{"href":"https:\/\/www.honorpigment.com\/fr\/wp-json\/wp\/v2\/product"}],"about":[{"href":"https:\/\/www.honorpigment.com\/fr\/wp-json\/wp\/v2\/types\/product"}],"version-history":[{"count":1,"href":"https:\/\/www.honorpigment.com\/fr\/wp-json\/wp\/v2\/product\/3641\/revisions"}],"predecessor-version":[{"id":8554,"href":"https:\/\/www.honorpigment.com\/fr\/wp-json\/wp\/v2\/product\/3641\/revisions\/8554"}],"wp:featuredmedia":[{"embeddable":true,"href":"https:\/\/www.honorpigment.com\/fr\/wp-json\/wp\/v2\/media\/3642"}],"wp:attachment":[{"href":"https:\/\/www.honorpigment.com\/fr\/wp-json\/wp\/v2\/media?parent=3641"}],"wp:term":[{"taxonomy":"product_brand","embeddable":true,"href":"https:\/\/www.honorpigment.com\/fr\/wp-json\/wp\/v2\/product_brand?post=3641"},{"taxonomy":"product_cat","embeddable":true,"href":"https:\/\/www.honorpigment.com\/fr\/wp-json\/wp\/v2\/product_cat?post=3641"},{"taxonomy":"product_tag","embeddable":true,"href":"https:\/\/www.honorpigment.com\/fr\/wp-json\/wp\/v2\/product_tag?post=3641"}],"curies":[{"name":"wp","href":"https:\/\/api.w.org\/{rel}","templated":true}]}}