{"id":3639,"date":"2025-09-19T09:45:30","date_gmt":"2025-09-19T01:45:30","guid":{"rendered":"https:\/\/www.honorpigments.com\/?post_type=product&#038;p=3639"},"modified":"2026-05-02T16:41:54","modified_gmt":"2026-05-02T08:41:54","slug":"violet-de-solvant-13-colorants-de-solvant","status":"publish","type":"product","link":"https:\/\/www.honorpigment.com\/fr\/produit\/violet-de-solvant-13-colorants-de-solvant\/","title":{"rendered":"Violet de solvant 13 \/ Colorants de solvant"},"content":{"rendered":"<h3><strong><b>D<\/b><\/strong><strong><b>description <\/b><\/strong><\/h3>\n<p>Le Solvent Violet 13 est un colorant violet bleu\u00e2tre \u00e0 base de solvant p\u00e9trolier.<\/p>\n<p>Il pr\u00e9sente une bonne solidit\u00e9, une bonne r\u00e9sistance \u00e0 la chaleur et \u00e0 la migration, ainsi qu'une couleur vive.<\/p>\n<p>Le Solvent Violet 13 est recommand\u00e9 pour le PET, le PC, l'ABS, les plastiques (polyol\u00e9fine, polyester, polycarbonate). Il peut \u00e9galement \u00eatre utilis\u00e9 pour les fibres de polyester (fibres PET).<\/p>\n<h3><strong><b>Informations sur l'identification :<\/b><\/strong><\/h3>\n<p>Indice de couleur : Violet de solvant 13<\/p>\n<p>Formule mol\u00e9culaire : C<sub>21<\/sub>H<sub>15<\/sub>NON<sub>3<\/sub><\/p>\n<p>Num\u00e9ro CAS : 81-48-1<\/p>\n<h3><strong><b>Produit<\/b><\/strong><strong><b>\u00a0<\/b><\/strong><strong><b>sp\u00e9cification<\/b><\/strong><\/h3>\n<p>Aspect Poudre violette<\/p>\n<p>Pouvoir colorant 100\u00b13%<\/p>\n<p>Couleur de l'abat-jour Similaire \u00e0 la norme,<\/p>\n<p>Fr\u00eane \u2264 1,0%<\/p>\n<p>Humidit\u00e9 \u2264 1,0%<\/p>\n<p>Valeur diff\u00e9rentielle de couleur\u0394E \u2264 0,8<\/p>\n<p>Densit\u00e9 g\/cm3 1,35<\/p>\n<p>Point de fusion \u2103 189<\/p>\n<h3><strong><b>Donn\u00e9es techniques<\/b><\/strong><\/h3>\n<table>\n<tbody>\n<tr>\n<td width=\"307\"><strong>Test<\/strong><strong>\u00a0<\/strong><strong>Articles<\/strong><\/td>\n<td width=\"58\"><strong>PS<\/strong><\/td>\n<td width=\"58\"><strong>ABS<\/strong><\/td>\n<td width=\"58\"><strong>SAN<\/strong><\/td>\n<td width=\"58\"><strong>PMMA<\/strong><\/td>\n<td width=\"58\"><strong>PC<\/strong><\/td>\n<td width=\"58\"><strong>R-<\/strong><strong>PVC<\/strong><\/td>\n<td width=\"58\"><strong>PA6<\/strong><\/td>\n<td width=\"58\"><strong>PET<\/strong><\/td>\n<\/tr>\n<tr>\n<td width=\"307\">Temp\u00e9rature de r\u00e9sistance \u00e0 la chaleur, \u2103<\/p>\n<p>(0,05% colorants, transparents)<\/td>\n<td width=\"58\">300<\/td>\n<td width=\"58\">290<\/td>\n<td width=\"58\">300<\/td>\n<td width=\"58\">300<\/td>\n<td width=\"58\">310<\/td>\n<td width=\"58\">-<\/td>\n<td width=\"58\">-<\/td>\n<td width=\"58\">290<\/td>\n<\/tr>\n<tr>\n<td width=\"307\">Temp\u00e9rature de r\u00e9sistance \u00e0 la chaleur, \u2103<\/p>\n<p>(0,05% de colorants + 1,0% de dioxyde de titane)<\/td>\n<td width=\"58\">280<\/td>\n<td width=\"58\">270<\/td>\n<td width=\"58\">280<\/td>\n<td width=\"58\">280<\/td>\n<td width=\"58\">290<\/td>\n<td width=\"58\">-<\/td>\n<td width=\"58\">-<\/td>\n<td width=\"58\">270<\/td>\n<\/tr>\n<tr>\n<td width=\"307\">R\u00e9sistance \u00e0 la migration<\/td>\n<td width=\"58\">5<\/td>\n<td width=\"58\">5<\/td>\n<td width=\"58\">5<\/td>\n<td width=\"58\">5<\/td>\n<td width=\"58\">-<\/td>\n<td width=\"58\">-<\/td>\n<td width=\"58\">-<\/td>\n<td width=\"58\">-<\/td>\n<\/tr>\n<tr>\n<td width=\"307\">Solidit\u00e9 \u00e0 la lumi\u00e8re (colorants 0.05%, transparents)<\/td>\n<td width=\"58\"><strong><b>7-8<\/b><\/strong><\/td>\n<td width=\"58\"><strong><b>6<\/b><\/strong><\/td>\n<td width=\"58\">-<\/td>\n<td width=\"58\">-<\/td>\n<td width=\"58\">8<\/td>\n<td width=\"58\">-<\/td>\n<td width=\"58\"><\/td>\n<td width=\"58\">8<\/td>\n<\/tr>\n<tr>\n<td width=\"307\">R\u00e9sistance aux intemp\u00e9ries<\/td>\n<td width=\"58\">-<\/td>\n<td width=\"58\">-<\/td>\n<td width=\"58\">-<\/td>\n<td width=\"58\">-<\/td>\n<td width=\"58\">-<\/td>\n<td width=\"58\">-<\/td>\n<td width=\"58\">-<\/td>\n<td width=\"58\">-<\/td>\n<\/tr>\n<tr>\n<td width=\"307\">R\u00e9sistance aux acides (dans une solution d'acide chlorhydrique 5%)<\/td>\n<td width=\"58\">5<\/td>\n<td width=\"58\">5<\/td>\n<td width=\"58\">5<\/td>\n<td width=\"58\">5<\/td>\n<td width=\"58\">5<\/td>\n<td width=\"58\">5<\/td>\n<td width=\"58\">-<\/td>\n<td width=\"58\">-<\/td>\n<\/tr>\n<tr>\n<td width=\"307\">R\u00e9sistance aux alcalis (dans une solution de soude caustique 5%)<\/td>\n<td width=\"58\">5<\/td>\n<td width=\"58\">5<\/td>\n<td width=\"58\">5<\/td>\n<td width=\"58\">5<\/td>\n<td width=\"58\">5<\/td>\n<td width=\"58\">5<\/td>\n<td width=\"58\">-<\/td>\n<td width=\"58\">-<\/td>\n<\/tr>\n<\/tbody>\n<\/table>\n<p>&nbsp;<\/p>\n<h3><strong><b>Solvant <\/b><\/strong><strong><b>Violet 13<\/b><\/strong><strong><b>\u00a0solubilit\u00e9 dans un solvant organique \u00e0 20\u2103(g\/l)<\/b><\/strong><\/h3>\n<table>\n<tbody>\n<tr>\n<td width=\"140\"><strong><b>Ac\u00e9tone<\/b><\/strong><\/td>\n<td width=\"140\"><strong><b>Ac\u00e9tate de butyle<\/b><\/strong><\/td>\n<td width=\"140\"><strong><b>M\u00e9thylbenz\u00e8ne<\/b><\/strong><\/td>\n<td width=\"140\"><strong><b>Dichlorom\u00e9thane<\/b><\/strong><\/td>\n<td width=\"140\"><strong><b>Alcool \u00e9thylique<\/b><\/strong><\/td>\n<\/tr>\n<tr>\n<td width=\"140\">1.30<\/td>\n<td width=\"140\">3.00<\/td>\n<td width=\"140\">7.00<\/td>\n<td width=\"140\">35.00<\/td>\n<td width=\"140\">0.20<\/td>\n<\/tr>\n<\/tbody>\n<\/table>\n<h3><strong><b>\u00a0<\/b><\/strong><strong><b>Application<\/b><\/strong><strong>\u00a0<\/strong><\/h3>\n<table>\n<tbody>\n<tr>\n<td width=\"129\"><strong>PS<\/strong><\/td>\n<td width=\"129\">\u25cf<\/td>\n<td width=\"129\"><strong>PET<\/strong><\/td>\n<td width=\"129\">\u25cb<\/td>\n<td width=\"129\"><strong>PC<\/strong><\/td>\n<td width=\"129\">\u25cf<\/td>\n<\/tr>\n<tr>\n<td width=\"129\"><strong>AS<\/strong><\/td>\n<td width=\"129\">\u25cf<\/td>\n<td width=\"129\"><strong>PVC-<\/strong><strong>\u00a0<\/strong><strong>R<\/strong><\/td>\n<td width=\"129\">\u25cf<\/td>\n<td width=\"129\"><strong>SAN<\/strong><\/td>\n<td width=\"129\">\u25cf<\/td>\n<\/tr>\n<tr>\n<td width=\"129\"><strong>ABS<\/strong><\/td>\n<td width=\"129\">\u25cf<\/td>\n<td width=\"129\"><strong>PVC-U<\/strong><\/td>\n<td width=\"129\">\u25cf<\/td>\n<td width=\"129\"><strong>HIPS<\/strong><\/td>\n<td width=\"129\">\u25cf<\/td>\n<\/tr>\n<tr>\n<td width=\"129\"><strong>PMMA<\/strong><\/td>\n<td width=\"129\">\u25cf<\/td>\n<td width=\"129\"><strong>PA6<\/strong><\/td>\n<td width=\"129\">-<\/td>\n<td width=\"129\"><\/td>\n<td width=\"129\"><\/td>\n<\/tr>\n<\/tbody>\n<\/table>\n<p><strong><b>Remarque :<\/b><\/strong><strong><b>\u00a0\u00a0\u00a0\u00a0<\/b><\/strong>\u25cf = recommand\u00e9 \u25cb = utilisation potentielle - = non recommand\u00e9<\/p>\n<h3><strong>Recommand\u00e9<\/strong><strong>\u00a0Dosage<\/strong><\/h3>\n<p>Transparent : 0,02<\/p>\n<p>Non-transparent : 0,05<\/p>\n<h3><strong>Emballage :<\/strong><\/h3>\n<p>L'emballage habituel est un f\u00fbt en papier de 25 kg, 450 kg par palette.<\/p>\n<h3>Qualit\u00e9 et performances in\u00e9gal\u00e9es<\/h3>\n<p>Le Solvent Violet 13 est un colorant \u00e0 base de solvant huileux violet bleut\u00e9 r\u00e9put\u00e9 pour ses propri\u00e9t\u00e9s exceptionnelles qui en font le choix id\u00e9al pour les applications industrielles. Ce colorant se distingue par sa couleur vive et vibrante, assurant une grande visibilit\u00e9 et une esth\u00e9tique sup\u00e9rieure \u00e0 votre produit final. Gr\u00e2ce \u00e0 son excellente solidit\u00e9 et \u00e0 sa r\u00e9sistance \u00e0 la chaleur, le Solvent Violet 13 offre des performances durables, m\u00eame dans des conditions environnementales difficiles.<\/p>\n<h3>Id\u00e9al pour diverses applications<\/h3>\n<p>L'un des principaux atouts du Solvent Violet 13 est sa polyvalence. Il est recommand\u00e9 pour une utilisation dans diff\u00e9rents types de plastiques, notamment le PET, le PC, l'ABS, etc. Que vous travailliez avec des polyol\u00e9fines, des polyesters ou des polycarbonates, ce colorant s'int\u00e8gre parfaitement pour am\u00e9liorer la qualit\u00e9 et la couleur du mat\u00e9riau. En outre, le Solvent Violet 13 convient \u00e9galement aux fibres de polyester (fibres PET), ce qui permet d'obtenir des r\u00e9sultats coh\u00e9rents et des teintes \u00e9clatantes dans les applications textiles.<\/p>\n<h3>Une r\u00e9sistance fiable pour tous les besoins<\/h3>\n<p>Le Solvent Violet 13 garantit des performances fiables gr\u00e2ce \u00e0 sa r\u00e9sistance exceptionnelle \u00e0 la migration. Cette caract\u00e9ristique minimise le d\u00e9gorgement de la couleur et garantit que la couleur reste intacte, ce qui assure la durabilit\u00e9 et la stabilit\u00e9 des produits finis. En outre, ce colorant pr\u00e9sente une r\u00e9sistance sup\u00e9rieure \u00e0 la chaleur, ce qui le rend parfait pour les applications o\u00f9 la stabilit\u00e9 \u00e0 haute temp\u00e9rature est cruciale.<\/p>\n<p>Que vous recherchiez une solution pour les plastiques ou les textiles, le Solvent Violet 13 est votre partenaire de confiance pour obtenir des r\u00e9sultats coh\u00e9rents et de haute qualit\u00e9 avec une r\u00e9sistance et un \u00e9clat durables.V<\/p>\n<div class=\"honor-product-overview\" style=\"margin-top:40px;border-top:2px solid #f6c405;padding-top:30px\">\n<h3>Why Choose Honor Pigments?<\/h3>\n<ul>\n<li>\ud83c\udf0d <strong>Global Export Expertise<\/strong> \u2014 Trusted by customers in 40+ countries for consistent quality and reliable supply<\/li>\n<li>\u2705 <strong>Strict Quality Control<\/strong> \u2014 ISO 9001 certified with batch-to-batch consistency and zero-defect policy<\/li>\n<li>\ud83d\udcb0 <strong>OEM Production Advantage<\/strong> \u2014 Competitive pricing without compromising pigment performance<\/li>\n<li>\ud83e\uddea <strong>Technical Support<\/strong> \u2014 Free color matching, formulation advice and sample testing before bulk order<\/li>\n<\/ul>\n<div style=\"background:#f8f9fa;padding:20px;border-left:4px solid #f6c405;margin:20px 0\">\n<p><strong>\ud83d\udce9 Need more details?<\/strong><\/p>\n<p>Request TDS, SDS, or a free sample for testing.<\/p>\n<\/div>\n<\/div>","protected":false},"excerpt":{"rendered":"<p>Num\u00e9ro CAS : 81-48-1<\/p>\n<p>Formule mol\u00e9culaire : C<sub>21<\/sub>H<sub>15<\/sub>NON<sub>3<\/sub><\/p>\n<p>Caract\u00e9ristiques : Bonne solidit\u00e9, bonne r\u00e9sistance \u00e0 la chaleur et \u00e0 la migration, couleur vive.<\/p>\n<p>Application : Utilis\u00e9 pour le PET, le PC, l'ABS, les plastiques (polyol\u00e9fine, polyester, polycarbonate). Peut \u00e9galement \u00eatre utilis\u00e9 dans les fibres de polyester (fibres PET).<\/p>\n<p>&nbsp;<\/p>","protected":false},"featured_media":3640,"template":"","meta":{"rank_math_focus_keyword":"Solvent Violet 13, macrolex violet b,sv13","rank_math_description":"Solvent Violet 13: Bluish violet oil dye. Good fastness\/heat\/migration resistance, bright color\u2014for PET\/PC\/ABS, plastics, polyester fiber.","rank_math_robots":null,"_rank_math_focus_keyword":"solvent violet 13","rank_math_seo_score":"86"},"product_brand":[],"product_cat":[58,68],"product_tag":[393],"class_list":{"0":"post-3639","1":"product","2":"type-product","3":"status-publish","4":"has-post-thumbnail","6":"product_cat-dyestuffs","7":"product_cat-solvent-dyes","8":"product_tag-sv13","9":"stm_brands-honor-dyes","11":"first","12":"instock","13":"shipping-taxable","14":"product-type-simple"},"_links":{"self":[{"href":"https:\/\/www.honorpigment.com\/fr\/wp-json\/wp\/v2\/product\/3639","targetHints":{"allow":["GET"]}}],"collection":[{"href":"https:\/\/www.honorpigment.com\/fr\/wp-json\/wp\/v2\/product"}],"about":[{"href":"https:\/\/www.honorpigment.com\/fr\/wp-json\/wp\/v2\/types\/product"}],"version-history":[{"count":1,"href":"https:\/\/www.honorpigment.com\/fr\/wp-json\/wp\/v2\/product\/3639\/revisions"}],"predecessor-version":[{"id":8555,"href":"https:\/\/www.honorpigment.com\/fr\/wp-json\/wp\/v2\/product\/3639\/revisions\/8555"}],"wp:featuredmedia":[{"embeddable":true,"href":"https:\/\/www.honorpigment.com\/fr\/wp-json\/wp\/v2\/media\/3640"}],"wp:attachment":[{"href":"https:\/\/www.honorpigment.com\/fr\/wp-json\/wp\/v2\/media?parent=3639"}],"wp:term":[{"taxonomy":"product_brand","embeddable":true,"href":"https:\/\/www.honorpigment.com\/fr\/wp-json\/wp\/v2\/product_brand?post=3639"},{"taxonomy":"product_cat","embeddable":true,"href":"https:\/\/www.honorpigment.com\/fr\/wp-json\/wp\/v2\/product_cat?post=3639"},{"taxonomy":"product_tag","embeddable":true,"href":"https:\/\/www.honorpigment.com\/fr\/wp-json\/wp\/v2\/product_tag?post=3639"}],"curies":[{"name":"wp","href":"https:\/\/api.w.org\/{rel}","templated":true}]}}