{"id":3637,"date":"2025-09-19T09:13:56","date_gmt":"2025-09-19T01:13:56","guid":{"rendered":"https:\/\/www.honorpigments.com\/?post_type=product&#038;p=3637"},"modified":"2026-05-02T16:41:58","modified_gmt":"2026-05-02T08:41:58","slug":"rouge-de-solvant-195-colorants-de-solvant","status":"publish","type":"product","link":"https:\/\/www.honorpigment.com\/fr\/produit\/rouge-de-solvant-195-colorants-de-solvant\/","title":{"rendered":"Solvent Red 195 \/ Colorants \u00e0 solvant"},"content":{"rendered":"<h3><strong><b>D<\/b><\/strong><strong><b>description <\/b><\/strong><\/h3>\n<p>Solvent Red 195 est un colorant \u00e0 solvant bleu rouge transparent.<\/p>\n<p>Il pr\u00e9sente une excellente r\u00e9sistance \u00e0 la chaleur et \u00e0 la lumi\u00e8re, une bonne r\u00e9sistance \u00e0 la migration et un pouvoir colorant \u00e9lev\u00e9, ce qui lui conf\u00e8re un large champ d'application.<\/p>\n<p>Le Solvent Red 195 est utilis\u00e9 pour la coloration des plastiques, PS, ABS, PMMA, PC, PET, polym\u00e8res, fibres.<\/p>\n<h3><strong><b>Informations sur l'identification :<\/b><\/strong><\/h3>\n<p>Indice de couleur : Rouge de solvant 195<\/p>\n<p>Formule mol\u00e9culaire : C<sub>34<\/sub>H<sub>30<\/sub>Cl<sub>2<\/sub>N<sub>6<\/sub>O<sub>6<\/sub><\/p>\n<p>Num\u00e9ro CAS : 164251-88-1<\/p>\n<h3><strong><b>Produit<\/b><\/strong><strong><b>\u00a0<\/b><\/strong><strong><b>sp\u00e9cification<\/b><\/strong><\/h3>\n<p>Aspect Poudre rouge<\/p>\n<p>Pouvoir colorant 100\u00b13%<\/p>\n<p>Couleur de l'abat-jour Similaire \u00e0 la norme,<\/p>\n<p>Fr\u00eane \u2264 1,0%<\/p>\n<p>Humidit\u00e9 \u2264 1,0%<\/p>\n<p>Valeur diff\u00e9rentielle de couleur\u0394E \u2264 0,8<\/p>\n<p>Densit\u00e9 apparente g\/cm3 0,39<\/p>\n<p>Point de fusion \u2103 216<\/p>\n<h3><strong><b>Donn\u00e9es techniques<\/b><\/strong><\/h3>\n<table>\n<tbody>\n<tr>\n<td width=\"307\"><strong>Test<\/strong><strong>\u00a0<\/strong><strong>Articles<\/strong><\/td>\n<td width=\"58\"><strong>PS<\/strong><\/td>\n<td width=\"58\"><strong>ABS<\/strong><\/td>\n<td width=\"58\"><strong>SAN<\/strong><\/td>\n<td width=\"58\"><strong>PMMA<\/strong><\/td>\n<td width=\"58\"><strong>PC<\/strong><\/td>\n<td width=\"58\"><strong>R-<\/strong><strong>PVC<\/strong><\/td>\n<td width=\"58\"><strong>PA6<\/strong><\/td>\n<td width=\"58\"><strong>PET<\/strong><\/td>\n<\/tr>\n<tr>\n<td width=\"307\">Temp\u00e9rature de r\u00e9sistance \u00e0 la chaleur, \u2103<\/p>\n<p>(0,05% colorants, transparents)<\/td>\n<td width=\"58\">250<\/td>\n<td width=\"58\">250<\/td>\n<td width=\"58\">250<\/td>\n<td width=\"58\">250<\/td>\n<td width=\"58\">-<\/td>\n<td width=\"58\">-<\/td>\n<td width=\"58\">-<\/td>\n<td width=\"58\">-<\/td>\n<\/tr>\n<tr>\n<td width=\"307\">Temp\u00e9rature de r\u00e9sistance \u00e0 la chaleur, \u2103<\/p>\n<p>(0,05% de colorants + 1,0% de dioxyde de titane)<\/td>\n<td width=\"58\">250<\/td>\n<td width=\"58\">250<\/td>\n<td width=\"58\">250<\/td>\n<td width=\"58\">250<\/td>\n<td width=\"58\">-<\/td>\n<td width=\"58\">-<\/td>\n<td width=\"58\">-<\/td>\n<td width=\"58\">-<\/td>\n<\/tr>\n<tr>\n<td width=\"307\">R\u00e9sistance \u00e0 la migration<\/td>\n<td width=\"58\">5<\/td>\n<td width=\"58\">5<\/td>\n<td width=\"58\">5<\/td>\n<td width=\"58\">5<\/td>\n<td width=\"58\">-<\/td>\n<td width=\"58\">5<\/td>\n<td width=\"58\">-<\/td>\n<td width=\"58\">-<\/td>\n<\/tr>\n<tr>\n<td width=\"307\">Solidit\u00e9 \u00e0 la lumi\u00e8re (colorants 0.05%, transparents)<\/td>\n<td width=\"58\"><strong><b>8<\/b><\/strong><\/td>\n<td width=\"58\"><strong><b>8<\/b><\/strong><\/td>\n<td width=\"58\">-<\/td>\n<td width=\"58\">-<\/td>\n<td width=\"58\">-<\/td>\n<td width=\"58\"><strong><b>8<\/b><\/strong><\/td>\n<td width=\"58\"><\/td>\n<td width=\"58\">-<\/td>\n<\/tr>\n<tr>\n<td width=\"307\">R\u00e9sistance aux intemp\u00e9ries<\/td>\n<td width=\"58\">-<\/td>\n<td width=\"58\">-<\/td>\n<td width=\"58\">-<\/td>\n<td width=\"58\">-<\/td>\n<td width=\"58\">-<\/td>\n<td width=\"58\">-<\/td>\n<td width=\"58\">-<\/td>\n<td width=\"58\">-<\/td>\n<\/tr>\n<tr>\n<td width=\"307\">R\u00e9sistance aux acides (dans une solution d'acide chlorhydrique 5%)<\/td>\n<td width=\"58\">5<\/td>\n<td width=\"58\">5<\/td>\n<td width=\"58\">5<\/td>\n<td width=\"58\">5<\/td>\n<td width=\"58\">5<\/td>\n<td width=\"58\">5<\/td>\n<td width=\"58\">-<\/td>\n<td width=\"58\">-<\/td>\n<\/tr>\n<tr>\n<td width=\"307\">R\u00e9sistance aux alcalis (dans une solution de soude caustique 5%)<\/td>\n<td width=\"58\">5<\/td>\n<td width=\"58\">5<\/td>\n<td width=\"58\">5<\/td>\n<td width=\"58\">5<\/td>\n<td width=\"58\">5<\/td>\n<td width=\"58\">5<\/td>\n<td width=\"58\">-<\/td>\n<td width=\"58\">-<\/td>\n<\/tr>\n<\/tbody>\n<\/table>\n<h3><strong><b>Solvant <\/b><\/strong><strong><b>Rouge <\/b><\/strong><strong><b>195<\/b><\/strong><strong><b>\u00a0solubilit\u00e9 dans un solvant organique \u00e0 20\u2103(g\/l)<\/b><\/strong><\/h3>\n<table>\n<tbody>\n<tr>\n<td width=\"140\"><strong><b>Ac\u00e9tone<\/b><\/strong><\/td>\n<td width=\"140\"><strong><b>Ac\u00e9tate de butyle<\/b><\/strong><\/td>\n<td width=\"140\"><strong><b>M\u00e9thylbenz\u00e8ne<\/b><\/strong><\/td>\n<td width=\"140\"><strong><b>Dichlorom\u00e9thane<\/b><\/strong><\/td>\n<td width=\"140\"><strong><b>Alcool \u00e9thylique<\/b><\/strong><\/td>\n<\/tr>\n<tr>\n<td width=\"140\">1.40<\/td>\n<td width=\"140\">1.30<\/td>\n<td width=\"140\">2.70<\/td>\n<td width=\"140\">37.10<\/td>\n<td width=\"140\">0.80<\/td>\n<\/tr>\n<\/tbody>\n<\/table>\n<p><strong><b>\u00a0<\/b><\/strong><strong><b>Application<\/b><\/strong><strong>\u00a0<\/strong><\/p>\n<table>\n<tbody>\n<tr>\n<td width=\"129\"><strong>PS<\/strong><\/td>\n<td width=\"129\">\u25cf<\/td>\n<td width=\"129\"><strong>PET<\/strong><\/td>\n<td width=\"129\">\u25cb<\/td>\n<td width=\"129\"><strong>PC<\/strong><\/td>\n<td width=\"129\">\u25cf<\/td>\n<\/tr>\n<tr>\n<td width=\"129\"><strong>AS<\/strong><\/td>\n<td width=\"129\">\u25cf<\/td>\n<td width=\"129\"><strong>PVC-<\/strong><strong>\u00a0<\/strong><strong>R<\/strong><\/td>\n<td width=\"129\">\u25cf<\/td>\n<td width=\"129\"><strong>SAN<\/strong><\/td>\n<td width=\"129\">\u25cf<\/td>\n<\/tr>\n<tr>\n<td width=\"129\"><strong>ABS<\/strong><\/td>\n<td width=\"129\">\u25cf<\/td>\n<td width=\"129\"><strong>PVC-U<\/strong><\/td>\n<td width=\"129\">\u25cf<\/td>\n<td width=\"129\"><strong>HIPS<\/strong><\/td>\n<td width=\"129\">\u25cb<\/td>\n<\/tr>\n<tr>\n<td width=\"129\"><strong>PMMA<\/strong><\/td>\n<td width=\"129\">\u25cf<\/td>\n<td width=\"129\"><strong>PA6<\/strong><\/td>\n<td width=\"129\">\u25cb<\/td>\n<td width=\"129\"><\/td>\n<td width=\"129\"><\/td>\n<\/tr>\n<\/tbody>\n<\/table>\n<p><strong><b>Remarque :<\/b><\/strong><strong><b>\u00a0\u00a0\u00a0\u00a0<\/b><\/strong>\u25cf = recommand\u00e9 \u25cb = utilisation potentielle - = non recommand\u00e9<\/p>\n<p>&nbsp;<\/p>\n<h3><strong>Recommand\u00e9<\/strong><strong>\u00a0Dosage<\/strong><\/h3>\n<p>Transparent : 0,03<\/p>\n<p>Non-transparent : 0,05<\/p>\n<h3><strong>Emballage :<\/strong><\/h3>\n<p>L'emballage habituel est un f\u00fbt en papier de 25 kg, 450 kg par palette.<\/p>\n<h3>Pourquoi choisir Solvent Red 195 ?<\/h3>\n<p>Solvent Red 195 est un colorant \u00e0 solvant innovant, bleu-rouge et transparent, con\u00e7u pour r\u00e9pondre aux divers besoins de coloration des industries. Avec son m\u00e9lange d'excellente r\u00e9sistance \u00e0 la chaleur, de r\u00e9sistance sup\u00e9rieure \u00e0 la lumi\u00e8re et de r\u00e9sistance fiable \u00e0 la migration, ce colorant assure la durabilit\u00e9 et la performance de vos produits. Son pouvoir colorant \u00e9lev\u00e9 permet d'obtenir des r\u00e9sultats \u00e9clatants et coh\u00e9rents, ce qui permet de r\u00e9pondre \u00e0 une large gamme d'applications. Que vous souhaitiez colorer des plastiques, des polym\u00e8res ou des fibres, le Solvent Red 195 est parfaitement adapt\u00e9 \u00e0 vos besoins.<\/p>\n<h3>Principales caract\u00e9ristiques et avantages<\/h3>\n<p>L'un des principaux attributs du Solvent Red 195 est sa r\u00e9sistance exceptionnelle \u00e0 la chaleur et \u00e0 la lumi\u00e8re, ce qui le rend id\u00e9al pour les applications qui exigent une r\u00e9tention durable de la couleur. Il minimise la migration des couleurs, garantissant la stabilit\u00e9 m\u00eame dans des environnements difficiles. Le pouvoir colorant \u00e9lev\u00e9 permet d'obtenir des teintes vives et profondes, cr\u00e9ant ainsi des produits visuellement frappants. En outre, ce colorant polyvalent est compatible avec de nombreux mat\u00e9riaux, notamment des plastiques tels que le PS (polystyr\u00e8ne), l'ABS (acrylonitrile butadi\u00e8ne styr\u00e8ne), le PMMA (poly(m\u00e9thacrylate de m\u00e9thyle)), le PC (polycarbonate) et le PET (poly\u00e9thyl\u00e8ne t\u00e9r\u00e9phtalate).<\/p>\n<h3>Applications du Solvent Red 195<\/h3>\n<p>L'efficacit\u00e9 du Solvent Red 195 s'\u00e9tend \u00e0 une pl\u00e9thore d'applications industrielles. Il est largement utilis\u00e9 pour la coloration des plastiques et des polym\u00e8res, offrant une coh\u00e9rence et une qualit\u00e9 in\u00e9gal\u00e9es. Du PS \u00e0 l'ABS en passant par le PMMA et le PET, ce colorant s'adapte parfaitement \u00e0 tous les mat\u00e9riaux, offrant une teinte vibrante qui rehausse l'attrait esth\u00e9tique. Il est \u00e9galement parfaitement adapt\u00e9 aux fibres, ce qui en fait un choix polyvalent pour les fabricants \u00e0 la recherche de solutions de teinture fiables et performantes. Qu'il s'agisse de biens de consommation ou de produits industriels, le Solvent Red 195 est un \u00e9l\u00e9ment indispensable pour obtenir des visuels saisissants et une excellence fonctionnelle.<\/p>\n<div class=\"honor-product-overview\" style=\"margin-top:40px;border-top:2px solid #f6c405;padding-top:30px\">\n<h3>Why Choose Honor Pigments?<\/h3>\n<ul>\n<li>\ud83c\udf0d <strong>Global Export Expertise<\/strong> \u2014 Trusted by customers in 40+ countries for consistent quality and reliable supply<\/li>\n<li>\u2705 <strong>Strict Quality Control<\/strong> \u2014 ISO 9001 certified with batch-to-batch consistency and zero-defect policy<\/li>\n<li>\ud83d\udcb0 <strong>OEM Production Advantage<\/strong> \u2014 Competitive pricing without compromising pigment performance<\/li>\n<li>\ud83e\uddea <strong>Technical Support<\/strong> \u2014 Free color matching, formulation advice and sample testing before bulk order<\/li>\n<\/ul>\n<div style=\"background:#f8f9fa;padding:20px;border-left:4px solid #f6c405;margin:20px 0\">\n<p><strong>\ud83d\udce9 Need more details?<\/strong><\/p>\n<p>Request TDS, SDS, or a free sample for testing.<\/p>\n<\/div>\n<\/div>","protected":false},"excerpt":{"rendered":"<p>Num\u00e9ro CAS : 164251-88-1<\/p>\n<p>Formule mol\u00e9culaire : C<sub>34<\/sub>H<sub>30<\/sub>Cl<sub>2<\/sub>N<sub>6<\/sub>O<sub>6<\/sub><\/p>\n<p>Caract\u00e9ristiques : Excellente r\u00e9sistance \u00e0 la chaleur et \u00e0 la lumi\u00e8re, bonne r\u00e9sistance \u00e0 la migration et pouvoir colorant \u00e9lev\u00e9.<\/p>\n<p>Application : Le Solvent Red 195 est utilis\u00e9 pour la coloration des plastiques, PS, ABS, PMMA, PC, PET, polym\u00e8res, fibres.<\/p>\n<p>&nbsp;<\/p>","protected":false},"featured_media":3638,"template":"","meta":{"rank_math_focus_keyword":"solvent red 195, solvent red 195","rank_math_description":"Solvent Red 195 is a blue red transparent solvent dye.It has excellent heat resistance and light resistance, good migration resistance and high tinting strength with wide application.Solvent Red 195 is used for coloring for plastics, PS, ABS, PMMA, PC, PET, polymer, fiber.","rank_math_robots":null,"_rank_math_focus_keyword":"solvent red 195","rank_math_seo_score":"86"},"product_brand":[],"product_cat":[68,58],"product_tag":[394],"class_list":{"0":"post-3637","1":"product","2":"type-product","3":"status-publish","4":"has-post-thumbnail","6":"product_cat-solvent-dyes","7":"product_cat-dyestuffs","8":"product_tag-sr195","9":"stm_brands-honor-dyes","11":"first","12":"instock","13":"shipping-taxable","14":"product-type-simple"},"_links":{"self":[{"href":"https:\/\/www.honorpigment.com\/fr\/wp-json\/wp\/v2\/product\/3637","targetHints":{"allow":["GET"]}}],"collection":[{"href":"https:\/\/www.honorpigment.com\/fr\/wp-json\/wp\/v2\/product"}],"about":[{"href":"https:\/\/www.honorpigment.com\/fr\/wp-json\/wp\/v2\/types\/product"}],"version-history":[{"count":1,"href":"https:\/\/www.honorpigment.com\/fr\/wp-json\/wp\/v2\/product\/3637\/revisions"}],"predecessor-version":[{"id":8556,"href":"https:\/\/www.honorpigment.com\/fr\/wp-json\/wp\/v2\/product\/3637\/revisions\/8556"}],"wp:featuredmedia":[{"embeddable":true,"href":"https:\/\/www.honorpigment.com\/fr\/wp-json\/wp\/v2\/media\/3638"}],"wp:attachment":[{"href":"https:\/\/www.honorpigment.com\/fr\/wp-json\/wp\/v2\/media?parent=3637"}],"wp:term":[{"taxonomy":"product_brand","embeddable":true,"href":"https:\/\/www.honorpigment.com\/fr\/wp-json\/wp\/v2\/product_brand?post=3637"},{"taxonomy":"product_cat","embeddable":true,"href":"https:\/\/www.honorpigment.com\/fr\/wp-json\/wp\/v2\/product_cat?post=3637"},{"taxonomy":"product_tag","embeddable":true,"href":"https:\/\/www.honorpigment.com\/fr\/wp-json\/wp\/v2\/product_tag?post=3637"}],"curies":[{"name":"wp","href":"https:\/\/api.w.org\/{rel}","templated":true}]}}