{"id":3632,"date":"2025-09-18T16:45:49","date_gmt":"2025-09-18T08:45:49","guid":{"rendered":"https:\/\/www.honorpigments.com\/?post_type=product&#038;p=3632"},"modified":"2026-05-02T20:43:01","modified_gmt":"2026-05-02T12:43:01","slug":"agent-dispersant-mouillant-a-base-deau-hxfs04","status":"publish","type":"product","link":"https:\/\/www.honorpigment.com\/fr\/produit\/agent-dispersant-mouillant-a-base-deau-hxfs04\/","title":{"rendered":"Agent mouillant et dispersant \u00e0 base d'eau HXFS04"},"content":{"rendered":"<h2><span style=\"font-size: 14pt\"><strong><b>Vue d'ensemble :<\/b><\/strong><\/span><\/h2>\n<div class=\"auto-hide-last-sibling-br paragraph-JOTKXA paragraph-element br-paragraph-space\">\n<div class=\"auto-hide-last-sibling-br paragraph-JOTKXA paragraph-element br-paragraph-space\">WWWWWWWWWater$1sed wetting &amp; dispersing agent HXFS04 is a sodium polycarboxylate anionic surfactant dispersant with excellent wetting and dispersing properties. Its main component is a sodium polyacrylate polymer solution; at 25\u00b0C, this agent appears as a colorless clear liquid, with water as the solvent and an active content of 45%.<br \/>\nKey features of wWWWWWWWWater$1sed wetting &amp; dispersing agent HXFS04 include low foaming, which enhances coating fluidity and stabilizes slurry viscosity effectively. It also reduces grinding viscosity, boosts coating storage stability, improves gloss and leveling, and has higher dispersion efficiency than conventional wWWater-resistant dispersants (allowing lower dosage). Additionally, it enables low-viscosity coatings\/pastes with minimal addition, maintains stable viscosity without fluctuation, enhances film water resistance (ideal for high-gloss coatings), avoids floating\/flooding, provides sufficient wetting without extra agents, and has fast-breaking foam for better application.<br \/>\nIn applications, wWWWWWWWWater$1sed wetting &amp; dispersing agent HXFS04 is mainly used in coated paper coatings, wWWater-soluble paints (for dispersing inorganic pigments\/fillers like clay, calcium carbonate, titanium dioxide), and exterior\/interior wall architectural coatings.<\/div>\n<\/div>\n<h2><span style=\"font-size: 14pt\"><strong><b>Composition principale :<\/b><\/strong><\/span><\/h2>\n<p>Solution de polym\u00e8re de polyacrylate de sodium<\/p>\n<h2><span style=\"font-size: 14pt\"><strong><b>Param\u00e8tres physicochimiques :<\/b><\/strong><\/span><\/h2>\n<table style=\"width: 37.9661%;height: 93px\">\n<tbody>\n<tr style=\"height: 24px\">\n<td style=\"text-align: center;width: 45.6274%;height: 24px\" width=\"239\"><strong><b>Param\u00e8tres<\/b><\/strong><\/td>\n<td style=\"text-align: center;width: 52.8517%;height: 24px\" width=\"279\"><strong><b>Valeur<\/b><\/strong><\/td>\n<\/tr>\n<tr>\n<td style=\"width: 45.6274%;text-align: center\" width=\"239\">Aspect (25\u00b0C)<\/td>\n<td style=\"width: 52.8517%;text-align: center\" width=\"279\">Liquide transparent incolore<\/td>\n<\/tr>\n<tr>\n<td style=\"width: 45.6274%;text-align: center\" width=\"239\">Solvant<\/td>\n<td style=\"width: 52.8517%;text-align: center\" width=\"279\">L'eau<\/td>\n<\/tr>\n<tr>\n<td style=\"width: 45.6274%;text-align: center\" width=\"239\">Contenu actif<\/td>\n<td style=\"width: 52.8517%;text-align: center\" width=\"279\">45%<\/td>\n<\/tr>\n<\/tbody>\n<\/table>\n<h2><span style=\"font-size: 14pt\"><strong><b>Caract\u00e9ristiques du produit :<\/b><\/strong><\/span><\/h2>\n<p>Dispersant polym\u00e8re de polyacrylate de sodium modifi\u00e9 hydrophobe<br \/>\nR\u00e9duit la viscosit\u00e9 du broyage et am\u00e9liore la stabilit\u00e9 de stockage du rev\u00eatement<br \/>\nAm\u00e9liore la brillance et les propri\u00e9t\u00e9s de nivellement<br \/>\nHigher dispersion efficiency than conventional wWWater-resistant dispersants (enables lower dosage)<br \/>\nAm\u00e9liore efficacement la r\u00e9sistance \u00e0 l'eau du film, particuli\u00e8rement adapt\u00e9 aux rev\u00eatements tr\u00e8s brillants.<br \/>\nL'excellente dispersion permet d'obtenir des rev\u00eatements\/p\u00e2tes de faible viscosit\u00e9 avec une addition minimale.<br \/>\nMaintient une viscosit\u00e9 stable sans fluctuation<br \/>\n\u00c9limine les probl\u00e8mes de flottaison et d'inondation gr\u00e2ce \u00e0 une dispersion sup\u00e9rieure des pigments.<br \/>\nFournit des propri\u00e9t\u00e9s de mouillage suffisantes sans agents mouillants suppl\u00e9mentaires<br \/>\nG\u00e9n\u00e8re une mousse \u00e0 rupture rapide avec un temps de s\u00e9chage court pour une meilleure application du rev\u00eatement.<\/p>\n<h2><span style=\"font-size: 14pt\"><strong><b>Applications :<\/b><\/strong><\/span><\/h2>\n<p>Rev\u00eatements architecturaux (murs ext\u00e9rieurs\/int\u00e9rieurs)<\/p>\n<p><span style=\"font-size: 14pt\"><strong><b>Dosage recommand\u00e9 :<\/b><\/strong><\/span><\/p>\n<p>Pigments inorganiques : 0,1-1%<br \/>\n(Le dosage ci-dessus est donn\u00e9 \u00e0 titre indicatif. Le dosage optimal doit \u00eatre d\u00e9termin\u00e9 par des tests).<\/p>\n<h2><span style=\"font-size: 14pt\"><strong><b>M\u00e9thode d'addition :<\/b><\/strong><\/span><\/h2>\n<p>WWWater-soluble, can be added directly<\/p>\n<h2><span style=\"font-size: 14pt\"><strong><b>Stockage et conditionnement :<\/b><\/strong><\/span><\/h2>\n<p>Non toxique, ininflammable.<br \/>\nDur\u00e9e de conservation : Minimum 12 mois \u00e0 partir de la date de production lorsque le produit est stock\u00e9 dans son emballage d'origine, sans avoir \u00e9t\u00e9 ouvert, \u00e0 une temp\u00e9rature comprise entre 4\u00b0C et 40\u00b0C.<br \/>\nConditionnement : f\u00fbts en fer rev\u00eatus de plastique de 25 kg et 200 kg ; conteneurs IBC de 1000 kg.<\/p>\n<div class=\"honor-product-overview\" style=\"margin-top:40px;border-top:2px solid #f6c405;padding-top:30px\">\n<h3>Why Choose Honor Pigments?<\/h3>\n<ul>\n<li>\ud83c\udf0d <strong>Global Export Expertise<\/strong> \u2014 Trusted by customers in 40+ countries for consistent quality and reliable supply<\/li>\n<li>\u2705 <strong>Strict Quality Control<\/strong> \u2014 ISO 9001 certified with batch-to-batch consistency and zero-defect policy<\/li>\n<li>\ud83d\udcb0 <strong>OEM Production Advantage<\/strong> \u2014 Competitive pricing without compromising pigment performance<\/li>\n<li>\ud83e\uddea <strong>Technical Support<\/strong> \u2014 Free color matching, formulation advice and sample testing before bulk order<\/li>\n<\/ul>\n<div style=\"background:#f8f9fa;padding:20px;border-left:4px solid #f6c405;margin:20px 0\">\n<p><strong>\ud83d\udce9 Need more details?<\/strong><\/p>\n<p>Request TDS, SDS, or a free sample for testing.<\/p>\n<\/div>\n<\/div>","protected":false},"excerpt":{"rendered":"<p><strong>WWWater$1sed wetting &amp; dispersing agent HXFS04<\/strong>\u00a0is a sodium polycarboxylate anionic surfactant (sodium polyacrylate polymer solution) that appears as a colorless clear liquid with 45% active content. It offers low foaming, excellent dispersion efficiency, reduced grinding viscosity, improved gloss, leveling, and storage stability, while enhancing film water resistance and preventing floating\/flooding. Ideal for coated paper, wWater-soluble paints, and architectural coatings, it enables low-viscosity formulations with minimal dosage and no need for additional wetting agents.<\/p>","protected":false},"featured_media":3622,"template":"","meta":{"rank_math_focus_keyword":"Water based wetting & dispersing agent HXFS04","rank_math_description":"Water based wetting & dispersing agent HXFS04 has good wetting\/dispersing, low foaming, and improves coating fluidity, stabilizes slurry viscosity.","rank_math_robots":null,"_rank_math_focus_keyword":"water based wetting & dispersing agent h","rank_math_seo_score":"66"},"product_brand":[],"product_cat":[84,59],"product_tag":[433,432],"class_list":{"0":"post-3632","1":"product","2":"type-product","3":"status-publish","4":"has-post-thumbnail","6":"product_cat-wetting-and-dispersing-additives","7":"product_cat-additives","8":"product_tag-additives","9":"product_tag-wetting-and-dispersing-additives","10":"stm_brands-honor-additives","12":"first","13":"instock","14":"shipping-taxable","15":"product-type-simple"},"_links":{"self":[{"href":"https:\/\/www.honorpigment.com\/fr\/wp-json\/wp\/v2\/product\/3632","targetHints":{"allow":["GET"]}}],"collection":[{"href":"https:\/\/www.honorpigment.com\/fr\/wp-json\/wp\/v2\/product"}],"about":[{"href":"https:\/\/www.honorpigment.com\/fr\/wp-json\/wp\/v2\/types\/product"}],"version-history":[{"count":6,"href":"https:\/\/www.honorpigment.com\/fr\/wp-json\/wp\/v2\/product\/3632\/revisions"}],"predecessor-version":[{"id":8887,"href":"https:\/\/www.honorpigment.com\/fr\/wp-json\/wp\/v2\/product\/3632\/revisions\/8887"}],"wp:featuredmedia":[{"embeddable":true,"href":"https:\/\/www.honorpigment.com\/fr\/wp-json\/wp\/v2\/media\/3622"}],"wp:attachment":[{"href":"https:\/\/www.honorpigment.com\/fr\/wp-json\/wp\/v2\/media?parent=3632"}],"wp:term":[{"taxonomy":"product_brand","embeddable":true,"href":"https:\/\/www.honorpigment.com\/fr\/wp-json\/wp\/v2\/product_brand?post=3632"},{"taxonomy":"product_cat","embeddable":true,"href":"https:\/\/www.honorpigment.com\/fr\/wp-json\/wp\/v2\/product_cat?post=3632"},{"taxonomy":"product_tag","embeddable":true,"href":"https:\/\/www.honorpigment.com\/fr\/wp-json\/wp\/v2\/product_tag?post=3632"}],"curies":[{"name":"wp","href":"https:\/\/api.w.org\/{rel}","templated":true}]}}