{"id":3619,"date":"2025-09-18T15:47:31","date_gmt":"2025-09-18T07:47:31","guid":{"rendered":"https:\/\/www.honorpigments.com\/?post_type=product&#038;p=3619"},"modified":"2026-05-02T16:42:12","modified_gmt":"2026-05-02T08:42:12","slug":"solvant-orange-63-solvant-colorants","status":"publish","type":"product","link":"https:\/\/www.honorpigment.com\/fr\/produit\/solvant-orange-63-solvant-colorants\/","title":{"rendered":"Solvent Orange 63 \/ Colorants \u00e0 solvant"},"content":{"rendered":"<h3><strong><b>Description des produits<\/b><\/strong><\/h3>\n<p>Le Solvent Orange 63 est un colorant fluorescent orange.<\/p>\n<p>Il pr\u00e9sente une excellente r\u00e9sistance \u00e0 la chaleur et \u00e0 la lumi\u00e8re, une bonne r\u00e9sistance \u00e0 la migration et un pouvoir colorant \u00e9lev\u00e9, ce qui lui conf\u00e8re un large champ d'application.<\/p>\n<p>Le Solvent Orange 63 est utilis\u00e9 pour la coloration des plastiques, PS, ABS, PMMA, PC, PET, polym\u00e8re, fibre. fibre polyester et fibre PA6, utilisation limit\u00e9e dans la fibre PA66.<\/p>\n<h3><strong><b>\u00a0<\/b><\/strong><strong><b>Informations sur l'identification :<\/b><\/strong><\/h3>\n<p>Indice de couleur : Orange de solvant 63<\/p>\n<p>Formule mol\u00e9culaire : C23H12OS<\/p>\n<p>Num\u00e9ro CAS : 16294-75-0<\/p>\n<h3><strong><b>Produit<\/b><\/strong><strong><b>\u00a0<\/b><\/strong><strong><b>sp\u00e9cification<\/b><\/strong><strong>\u00a0<\/strong><\/h3>\n<p>Aspect Poudre rouge fonc\u00e9<\/p>\n<p>Pouvoir colorant 100\u00b13%<\/p>\n<p>Couleur de l'abat-jour Similaire \u00e0 l'orange fluorescent standard<\/p>\n<p>Fr\u00eane \u2264 1,0%<\/p>\n<p>Humidit\u00e9 \u2264 1,0%<\/p>\n<p>Valeur diff\u00e9rentielle de couleur\u0394E \u2264 0,7<\/p>\n<p>Densit\u00e9 g\/cm3 1,49<\/p>\n<p>Point de fusion \u2103 320<\/p>\n<h3>Propri\u00e9t\u00e9s physiques :<\/h3>\n<table>\n<tbody>\n<tr>\n<td width=\"307\"><strong>Test<\/strong><strong>\u00a0<\/strong><strong>Articles<\/strong><\/td>\n<td width=\"58\"><strong>PS<\/strong><\/td>\n<td width=\"58\"><strong>ABS<\/strong><\/td>\n<td width=\"58\"><strong>SAN<\/strong><\/td>\n<td width=\"58\"><strong>PMMA<\/strong><\/td>\n<td width=\"58\"><strong>PC<\/strong><\/td>\n<td width=\"58\"><strong>R-<\/strong><strong>PVC<\/strong><\/td>\n<td width=\"58\"><strong>PA6<\/strong><\/td>\n<td width=\"58\"><strong>PET<\/strong><\/td>\n<\/tr>\n<tr>\n<td width=\"307\">Temp\u00e9rature de r\u00e9sistance \u00e0 la chaleur, \u2103<\/p>\n<p>(0,05% colorants, transparents)<\/td>\n<td width=\"58\">300<\/td>\n<td width=\"58\">280<\/td>\n<td width=\"58\">300<\/td>\n<td width=\"58\">300<\/td>\n<td width=\"58\">340<\/td>\n<td width=\"58\">-<\/td>\n<td width=\"58\">-<\/td>\n<td width=\"58\">300<\/td>\n<\/tr>\n<tr>\n<td width=\"307\">Temp\u00e9rature de r\u00e9sistance \u00e0 la chaleur, \u2103<\/p>\n<p>(0,05% de colorants + 1,0% de dioxyde de titane)<\/td>\n<td width=\"58\">300<\/td>\n<td width=\"58\">260<\/td>\n<td width=\"58\">280<\/td>\n<td width=\"58\">280<\/td>\n<td width=\"58\">320<\/td>\n<td width=\"58\">-<\/td>\n<td width=\"58\">-<\/td>\n<td width=\"58\">280<\/td>\n<\/tr>\n<tr>\n<td width=\"307\">R\u00e9sistance \u00e0 la migration<\/td>\n<td width=\"58\">-<\/td>\n<td width=\"58\">-<\/td>\n<td width=\"58\">-<\/td>\n<td width=\"58\">-<\/td>\n<td width=\"58\">-<\/td>\n<td width=\"58\">-<\/td>\n<td width=\"58\">-<\/td>\n<td width=\"58\">-<\/td>\n<\/tr>\n<tr>\n<td width=\"307\">Solidit\u00e9 \u00e0 la lumi\u00e8re (colorants 0.05%, transparents)<\/td>\n<td width=\"58\">7-8<\/td>\n<td width=\"58\">7<\/td>\n<td width=\"58\">-<\/td>\n<td width=\"58\">-<\/td>\n<td width=\"58\">-<\/td>\n<td width=\"58\">7<\/td>\n<td width=\"58\"><\/td>\n<td width=\"58\">7<\/td>\n<\/tr>\n<tr>\n<td width=\"307\">R\u00e9sistance aux intemp\u00e9ries<\/td>\n<td width=\"58\">-<\/td>\n<td width=\"58\">-<\/td>\n<td width=\"58\">-<\/td>\n<td width=\"58\">-<\/td>\n<td width=\"58\">-<\/td>\n<td width=\"58\">-<\/td>\n<td width=\"58\">-<\/td>\n<td width=\"58\">-<\/td>\n<\/tr>\n<tr>\n<td width=\"307\">R\u00e9sistance aux acides (dans une solution d'acide chlorhydrique 5%)<\/td>\n<td width=\"58\">-<\/td>\n<td width=\"58\">-<\/td>\n<td width=\"58\">-<\/td>\n<td width=\"58\">-<\/td>\n<td width=\"58\">-<\/td>\n<td width=\"58\">5<\/td>\n<td width=\"58\">-<\/td>\n<td width=\"58\">-<\/td>\n<\/tr>\n<tr>\n<td width=\"307\">R\u00e9sistance aux alcalis (dans une solution de soude caustique 5%)<\/td>\n<td width=\"58\">-<\/td>\n<td width=\"58\">-<\/td>\n<td width=\"58\">-<\/td>\n<td width=\"58\">-<\/td>\n<td width=\"58\">-<\/td>\n<td width=\"58\">5<\/td>\n<td width=\"58\">-<\/td>\n<td width=\"58\">-<\/td>\n<\/tr>\n<\/tbody>\n<\/table>\n<h3><strong><b>Application<\/b><\/strong><strong><b>\u00a0<\/b><\/strong><strong><b>Profil<\/b><\/strong><strong>\u00a0<\/strong><\/h3>\n<table>\n<tbody>\n<tr>\n<td width=\"129\"><strong>PS<\/strong><\/td>\n<td width=\"129\">\u25cf<\/td>\n<td width=\"129\"><strong>HIPS<\/strong><\/td>\n<td width=\"129\">\u25cf<\/td>\n<td width=\"129\"><strong>ABS<\/strong><\/td>\n<td width=\"129\">\u25cf<\/td>\n<\/tr>\n<tr>\n<td width=\"129\"><strong>PC<\/strong><\/td>\n<td width=\"129\">\u25cf<\/td>\n<td width=\"129\"><strong>PVC-<\/strong><strong>R<\/strong><\/td>\n<td width=\"129\">\u25cf<\/td>\n<td width=\"129\"><strong>PMMA<\/strong><\/td>\n<td width=\"129\">\u25cf<\/td>\n<\/tr>\n<tr>\n<td width=\"129\"><strong>SAN<\/strong><\/td>\n<td width=\"129\">\u25cf<\/td>\n<td width=\"129\"><strong>AS<\/strong><\/td>\n<td width=\"129\">\u25cf<\/td>\n<td width=\"129\"><strong>PA<\/strong><\/td>\n<td width=\"129\">-<\/td>\n<\/tr>\n<tr>\n<td width=\"129\"><strong>PET<\/strong><\/td>\n<td width=\"129\">\u25cf<\/td>\n<td width=\"129\"><\/td>\n<td width=\"129\"><\/td>\n<td width=\"129\"><\/td>\n<td width=\"129\"><\/td>\n<\/tr>\n<\/tbody>\n<\/table>\n<p><strong>\u00a0<\/strong><strong><b>Remarque :<\/b><\/strong><strong><b>\u00a0\u00a0\u00a0\u00a0<\/b><\/strong>\u25cf = recommand\u00e9 \u25cb = utilisation potentielle - = non recommand\u00e9<\/p>\n<h3><strong>Recommand\u00e9<\/strong><strong>\u00a0Dosage<\/strong><\/h3>\n<p>Transparent : 0,03<\/p>\n<p>Non-transparent : 0,05<\/p>\n<h3><strong>Emballage :<\/strong><\/h3>\n<p>L'emballage habituel est un f\u00fbt en papier de 25 kg, 450 kg par palette.<\/p>\n<h3>Des performances in\u00e9gal\u00e9es pour une coloration lumineuse et fiable<\/h3>\n<p>Solvent Orange 63 est un colorant fluorescent orange de haute qualit\u00e9 qui garantit des performances de coloration exceptionnelles dans diverses applications. R\u00e9put\u00e9 pour sa teinte vibrante, ce colorant offre une excellente r\u00e9sistance \u00e0 la chaleur et \u00e0 la lumi\u00e8re, garantissant une luminosit\u00e9 stable et durable. Qu'il s'agisse de fabriquer des composants plastiques durables ou d'am\u00e9liorer l'esth\u00e9tique des fibres, ce colorant reste un choix de premier ordre pour les professionnels qui ont besoin de fiabilit\u00e9 et d'une grande force de coloration.<\/p>\n<h3>Nombreuses applications dans le domaine des plastiques et des fibres<\/h3>\n<p>La polyvalence d\u00e9finit le Solvent Orange 63. Il est largement utilis\u00e9 pour colorer les produits en PS (polystyr\u00e8ne), ABS (acrylonitrile butadi\u00e8ne styr\u00e8ne), PMMA (polym\u00e9thacrylate de m\u00e9thyle), PC (polycarbonate), PET (poly\u00e9thyl\u00e8ne t\u00e9r\u00e9phtalate) et les syst\u00e8mes polym\u00e8res. En plus de ses applications plastiques, le colorant convient parfaitement aux fibres de polyester, aux fibres de PA6 et \u00e0 d'autres op\u00e9rations de traitement textile, car il pr\u00e9sente une bonne r\u00e9sistance \u00e0 la migration. Bien que ses applications dans la fibre PA66 soient quelque peu limit\u00e9es, il reste une excellente option pour de nombreux mat\u00e9riaux synth\u00e9tiques.<\/p>\n<h3>Pourquoi choisir Solvent Orange 63 ?<\/h3>\n<p>Les clients recherchent des colorants efficaces et robustes, et Solvent Orange 63 r\u00e9pond \u00e0 ces attentes. Son pouvoir colorant \u00e9lev\u00e9 garantit une pigmentation intense et constante, tandis que sa r\u00e9sistance aux facteurs environnementaux tels que la chaleur et la lumi\u00e8re en fait un colorant id\u00e9al pour les produits expos\u00e9s \u00e0 des conditions difficiles. Gr\u00e2ce \u00e0 sa large compatibilit\u00e9 avec les mati\u00e8res plastiques et les fibres, il constitue une solution fiable pour les fabricants \u00e0 la recherche de r\u00e9sultats \u00e9clatants et durables. Faites-en votre partenaire de confiance en mati\u00e8re d'innovation et de qualit\u00e9.<\/p>\n<blockquote class=\"wp-embedded-content\" data-secret=\"TfqI8sHGFa\"><p><a href=\"https:\/\/www.honorpigment.com\/fr\/produit\/solvant-orange-60-solvant-colorants\/\">Solvent Orange 60 \/ Colorants \u00e0 solvant<\/a><\/p><\/blockquote>\n<p><iframe class=\"wp-embedded-content\" sandbox=\"allow-scripts\" security=\"restricted\" style=\"position: absolute; visibility: hidden;\" title=\"\u300a Solvent Orange 60 \/ Colorants \u00e0 solvant \u300b-Honor Pigments\" src=\"https:\/\/www.honorpigment.com\/product\/solvent-orange-60-solvent-dyes\/embed\/#?secret=NBKUY2XgMC#?secret=TfqI8sHGFa\" data-secret=\"TfqI8sHGFa\" width=\"600\" height=\"338\" frameborder=\"0\" marginwidth=\"0\" marginheight=\"0\" scrolling=\"no\"><\/iframe><\/p>\n<div class=\"honor-product-overview\" style=\"margin-top:40px;border-top:2px solid #f6c405;padding-top:30px\">\n<h3>Why Choose Honor Pigments?<\/h3>\n<ul>\n<li>\ud83c\udf0d <strong>Global Export Expertise<\/strong> \u2014 Trusted by customers in 40+ countries for consistent quality and reliable supply<\/li>\n<li>\u2705 <strong>Strict Quality Control<\/strong> \u2014 ISO 9001 certified with batch-to-batch consistency and zero-defect policy<\/li>\n<li>\ud83d\udcb0 <strong>OEM Production Advantage<\/strong> \u2014 Competitive pricing without compromising pigment performance<\/li>\n<li>\ud83e\uddea <strong>Technical Support<\/strong> \u2014 Free color matching, formulation advice and sample testing before bulk order<\/li>\n<\/ul>\n<div style=\"background:#f8f9fa;padding:20px;border-left:4px solid #f6c405;margin:20px 0\">\n<p><strong>\ud83d\udce9 Need more details?<\/strong><\/p>\n<p>Request TDS, SDS, or a free sample for testing.<\/p>\n<\/div>\n<\/div>","protected":false},"excerpt":{"rendered":"<p>Num\u00e9ro CAS : 16294-75-0<\/p>\n<p>Formule mol\u00e9culaire : C23H12OSFe<\/p>\n<p>Caract\u00e9ristiques : Excellente r\u00e9sistance \u00e0 la chaleur et \u00e0 la lumi\u00e8re, bonne r\u00e9sistance \u00e0 la migration et pouvoir colorant \u00e9lev\u00e9 avec une large application.<\/p>\n<p>Application : Utilis\u00e9 pour la coloration des plastiques, PS, ABS, PMMA, PC, PET, polym\u00e8re, fibre. fibre de polyester et fibre PA6, utilisation limit\u00e9e dans la fibre PA66.<\/p>\n<p>&nbsp;<\/p>","protected":false},"featured_media":3623,"template":"","meta":{"rank_math_focus_keyword":"Solvent Orange 63","rank_math_description":"Solvent Orange 63: Orange fluorescent dye. High tinting strength\u2014used in PS\/ABS\/PMMA, polyester\/PA6 fibers; limited PA66 use.","rank_math_robots":null,"_rank_math_focus_keyword":"solvent orange 63","rank_math_seo_score":"86"},"product_brand":[],"product_cat":[58,68],"product_tag":[397],"class_list":{"0":"post-3619","1":"product","2":"type-product","3":"status-publish","4":"has-post-thumbnail","6":"product_cat-dyestuffs","7":"product_cat-solvent-dyes","8":"product_tag-so63","9":"stm_brands-honor-dyes","11":"first","12":"instock","13":"shipping-taxable","14":"product-type-simple"},"_links":{"self":[{"href":"https:\/\/www.honorpigment.com\/fr\/wp-json\/wp\/v2\/product\/3619","targetHints":{"allow":["GET"]}}],"collection":[{"href":"https:\/\/www.honorpigment.com\/fr\/wp-json\/wp\/v2\/product"}],"about":[{"href":"https:\/\/www.honorpigment.com\/fr\/wp-json\/wp\/v2\/types\/product"}],"version-history":[{"count":1,"href":"https:\/\/www.honorpigment.com\/fr\/wp-json\/wp\/v2\/product\/3619\/revisions"}],"predecessor-version":[{"id":8562,"href":"https:\/\/www.honorpigment.com\/fr\/wp-json\/wp\/v2\/product\/3619\/revisions\/8562"}],"wp:featuredmedia":[{"embeddable":true,"href":"https:\/\/www.honorpigment.com\/fr\/wp-json\/wp\/v2\/media\/3623"}],"wp:attachment":[{"href":"https:\/\/www.honorpigment.com\/fr\/wp-json\/wp\/v2\/media?parent=3619"}],"wp:term":[{"taxonomy":"product_brand","embeddable":true,"href":"https:\/\/www.honorpigment.com\/fr\/wp-json\/wp\/v2\/product_brand?post=3619"},{"taxonomy":"product_cat","embeddable":true,"href":"https:\/\/www.honorpigment.com\/fr\/wp-json\/wp\/v2\/product_cat?post=3619"},{"taxonomy":"product_tag","embeddable":true,"href":"https:\/\/www.honorpigment.com\/fr\/wp-json\/wp\/v2\/product_tag?post=3619"}],"curies":[{"name":"wp","href":"https:\/\/api.w.org\/{rel}","templated":true}]}}