{"id":3602,"date":"2025-09-16T16:10:21","date_gmt":"2025-09-16T08:10:21","guid":{"rendered":"https:\/\/www.honorpigments.com\/?post_type=product&#038;p=3602"},"modified":"2026-03-23T20:39:26","modified_gmt":"2026-03-23T12:39:26","slug":"hp-red-25107j-pigment-red-146","status":"publish","type":"product","link":"https:\/\/www.honorpigment.com\/fr\/produit\/hp-red-25107j-pigment-red-146\/","title":{"rendered":"ROUGE PIGMENTAIRE 146\/ ROUGE HP 25107J"},"content":{"rendered":"<h3><strong>Product description &#8211; PR146<\/strong><\/h3>\n<p align=\"left\">HP RED 25107J (Pigment red 146) is a bluish red pigment with very good solvent resistance, even compared to other group II Naphthol AS pigments. It is primarily used in eco inkjet inks.<\/p>\n<h3><strong>Application recommand\u00e9e<\/strong><strong>\uff1a<\/strong><\/h3>\n<p>Encres d'imprimerie : encres offset, encres \u00e0 base de solvant, encres \u00e0 base d'eau, encres \u00e0 jet d'encre<\/p>\n<h3><strong>Donn\u00e9es techniques :<\/strong><\/h3>\n<table style=\"height: 260px; width: 95%; border-color: #050505;\" width=\"95%\">\n<tbody>\n<tr style=\"height: 28px;\">\n<td style=\"width: 98.4018%; background-color: #ababab; height: 10px;\" colspan=\"5\" width=\"125\"><span style=\"font-size: 14pt;\"><strong>Informations sur le produit<\/strong><\/span><\/td>\n<\/tr>\n<tr style=\"height: 24px;\">\n<td style=\"width: 24.277%; height: 10px;\" width=\"125\"><span style=\"font-size: 12pt;\">Type de produit chimique<\/span><\/td>\n<td style=\"width: 25.114%; height: 10px; text-align: center;\" colspan=\"2\" width=\"125\">Naphtol<\/td>\n<td style=\"width: 25.1904%; height: 10px;\" width=\"125\"><span style=\"font-size: 12pt;\">CAS NO.<\/span><\/td>\n<td class=\"et3\" style=\"height: 19.95pt; width: 23.8204%; text-align: center;\" width=\"148\" height=\"26\">5280-68-2<\/td>\n<\/tr>\n<tr style=\"height: 48px;\">\n<td style=\"width: 24.277%; height: 10px;\" width=\"125\"><span style=\"font-size: 12pt;\">C. I. Nom<\/span><\/td>\n<td style=\"width: 25.114%; height: 10px; text-align: center;\" colspan=\"2\" width=\"125\">Rouge pigmentaire 146<\/td>\n<td style=\"width: 25.1904%; height: 10px;\" width=\"125\"><span style=\"font-size: 12pt;\">EINECS \/ ELINCS NO.<\/span><\/td>\n<td class=\"et3\" style=\"height: 19.95pt; width: 23.8204%; text-align: center;\" width=\"148\" height=\"26\">226-103-2<\/td>\n<\/tr>\n<tr style=\"height: 48px;\">\n<td style=\"width: 24.277%; height: 10px;\" width=\"125\"><span style=\"font-size: 12pt;\">C. I. Constitution n\u00b0.<\/span><\/td>\n<td style=\"width: 25.114%; height: 10px; text-align: center;\" colspan=\"2\" width=\"125\">12485<\/td>\n<td style=\"width: 25.1904%; height: 10px;\" width=\"125\"><span style=\"font-size: 12pt;\">Formule chimique<\/span><\/td>\n<td class=\"et4\" style=\"height: 19.95pt; width: 23.8204%; text-align: center;\" width=\"148\" height=\"26\"><span class=\"mord\"><span class=\"mord mathnormal\">C<\/span><span class=\"msupsub\"><span class=\"vlist-t vlist-t2\"><span class=\"vlist-r\"><span class=\"vlist\"><span class=\"sizing reset-size6 size3 mtight\"><span class=\"mord mtight\">32<\/span><\/span><\/span><span class=\"vlist-s\">\u200b<\/span><\/span><\/span><\/span><\/span><span class=\"mord\"><span class=\"mord mathnormal\">H<\/span><span class=\"msupsub\"><span class=\"vlist-t vlist-t2\"><span class=\"vlist-r\"><span class=\"vlist\"><span class=\"sizing reset-size6 size3 mtight\"><span class=\"mord mtight\">22<\/span><\/span><\/span><span class=\"vlist-s\">\u200b<\/span><\/span><\/span><\/span><\/span><span class=\"mord mathnormal\">C<\/span><span class=\"mord\"><span class=\"mord mathnormal\">l<\/span><span class=\"msupsub\"><span class=\"vlist-t vlist-t2\"><span class=\"vlist-r\"><span class=\"vlist\"><span class=\"sizing reset-size6 size3 mtight\"><span class=\"mord mtight\">2<\/span><\/span><\/span><span class=\"vlist-s\">\u200b<\/span><\/span><\/span><\/span><\/span><span class=\"mord\"><span class=\"mord mathnormal\">N<\/span><span class=\"msupsub\"><span class=\"vlist-t vlist-t2\"><span class=\"vlist-r\"><span class=\"vlist\"><span class=\"sizing reset-size6 size3 mtight\"><span class=\"mord mtight\">6<\/span><\/span><\/span><span class=\"vlist-s\">\u200b<\/span><\/span><\/span><\/span><\/span><span class=\"mord\"><span class=\"mord mathnormal\">O<\/span><span class=\"msupsub\"><span class=\"vlist-t vlist-t2\"><span class=\"vlist-r\"><span class=\"vlist\"><span class=\"sizing reset-size6 size3 mtight\"><span class=\"mord mtight\">4<\/span><\/span><\/span><\/span><\/span><\/span><\/span><\/td>\n<\/tr>\n<tr style=\"height: 24px;\">\n<td style=\"width: 98.4018%; height: 10px;\" colspan=\"5\" width=\"125\"><\/td>\n<\/tr>\n<tr style=\"height: 28px;\">\n<td style=\"width: 98.4018%; background-color: #ababab; height: 10px;\" colspan=\"5\" width=\"125\"><span style=\"font-size: 14pt;\"><strong>Performance technique<\/strong><\/span><\/td>\n<\/tr>\n<tr style=\"height: 24px;\">\n<td style=\"width: 24.277%; height: 10px;\" width=\"125\"><\/td>\n<td style=\"width: 12.4048%; height: 10px; text-align: center;\" width=\"125\"><span style=\"font-size: 12pt;\">Pleine ombre<\/span><\/td>\n<td style=\"width: 12.7092%; height: 10px; text-align: center;\" width=\"125\"><span style=\"font-size: 12pt;\">Teinte<\/span><\/td>\n<td style=\"width: 25.1904%; height: 10px;\" width=\"125\"><\/td>\n<td style=\"width: 23.8204%; height: 10px;\" width=\"125\"><\/td>\n<\/tr>\n<tr style=\"height: 48px;\">\n<td style=\"width: 24.277%; height: 10px;\" width=\"125\"><span style=\"font-size: 12pt;\">R\u00e9sistance aux intemp\u00e9ries<\/span><\/td>\n<td class=\"et3\" style=\"height: 19.95pt; width: 12.4048%; text-align: center;\" width=\"116\" height=\"26\"><span class=\"font1\">4-5<\/span><\/td>\n<td class=\"et4\" style=\"width: 12.7092%; text-align: center;\" width=\"110\">4<\/td>\n<td style=\"width: 25.1904%; height: 10px;\" width=\"125\"><span style=\"font-size: 12pt;\">Stabilit\u00e9 \u00e0 la chaleur \u00b0C<\/span><\/td>\n<td style=\"width: 23.8204%; height: 10px; text-align: center;\" width=\"125\"><span style=\"font-size: 12pt;\">250\u00b0C<\/span><\/td>\n<\/tr>\n<tr style=\"height: 24px;\">\n<td style=\"width: 24.277%; height: 10px;\" width=\"125\"><span style=\"font-size: 12pt;\">Solidit\u00e9 \u00e0 la lumi\u00e8re<\/span><\/td>\n<td class=\"et4\" style=\"height: 19.95pt; width: 12.4048%; text-align: center;\" height=\"26\">7<\/td>\n<td class=\"et4\" style=\"width: 12.7092%; text-align: center;\">6<\/td>\n<td style=\"width: 25.1904%; height: 10px;\" width=\"125\"><\/td>\n<td style=\"width: 23.8204%; height: 10px;\" width=\"125\"><\/td>\n<\/tr>\n<tr style=\"height: 24px;\">\n<td style=\"width: 98.4018%; height: 10px;\" colspan=\"5\" width=\"125\"><\/td>\n<\/tr>\n<tr style=\"height: 24px;\">\n<td style=\"width: 98.4018%; background-color: #ababab; height: 10px;\" colspan=\"5\" width=\"125\"><span style=\"font-size: 14pt;\"><strong>Propri\u00e9t\u00e9s physiques<\/strong><\/span><\/td>\n<\/tr>\n<tr style=\"height: 48px;\">\n<td style=\"width: 24.277%; height: 10px;\" width=\"125\"><span style=\"font-size: 12pt;\">Forme physique<\/span><\/td>\n<td style=\"width: 25.114%; height: 10px; text-align: center;\" colspan=\"2\" width=\"125\"><span style=\"font-size: 12pt;\">Poudre<\/span><\/td>\n<td class=\"et3\" style=\"height: 19.95pt; width: 25.1904%;\" width=\"166\" height=\"26\"><span class=\"font1\">Saignement dans le xyl\u00e8ne<\/span><\/td>\n<td class=\"et4\" style=\"width: 23.8204%; text-align: center;\" width=\"116\">4<\/td>\n<\/tr>\n<tr style=\"height: 48px;\">\n<td style=\"width: 24.277%; height: 10px;\" width=\"125\"><span style=\"font-size: 12pt;\">Densit\u00e9 sp\u00e9cifique (g\/cm3) :<\/span><\/td>\n<td style=\"width: 25.114%; height: 10px; text-align: center;\" colspan=\"2\" width=\"125\">1.50 \u00b1 0.1<\/td>\n<td class=\"et3\" style=\"height: 19.95pt; width: 25.1904%;\" width=\"166\" height=\"26\"><span class=\"font1\">Saignement dans la m\u00e9thyl\u00e9thylc\u00e9tone<\/span><\/td>\n<td class=\"et4\" style=\"width: 23.8204%; text-align: center;\">4<\/td>\n<\/tr>\n<tr style=\"height: 48px;\">\n<td style=\"width: 24.277%; height: 10px;\" width=\"125\"><span style=\"font-size: 12pt;\">Surface sp\u00e9cifique (\u33a1\/g) :<\/span><\/td>\n<td style=\"width: 25.114%; height: 10px; text-align: center;\" colspan=\"2\" width=\"125\">71<\/td>\n<td class=\"et3\" style=\"height: 19.95pt; width: 25.1904%;\" width=\"166\" height=\"26\"><span class=\"font1\">Saignement dans l'ac\u00e9tate d'\u00e9thyle<\/span><\/td>\n<td class=\"et4\" style=\"width: 23.8204%; text-align: center;\">4<\/td>\n<\/tr>\n<tr style=\"height: 24px;\">\n<td style=\"width: 24.277%; height: 10px;\" width=\"125\"><span style=\"font-size: 12pt;\">Absorption de l'huile<\/span><\/td>\n<td style=\"width: 25.114%; height: 10px; text-align: center;\" colspan=\"2\" width=\"125\">78<\/td>\n<td class=\"et3\" style=\"height: 19.95pt; width: 25.1904%;\" width=\"166\" height=\"26\"><span class=\"font1\">Saignement dans Cellosolve<\/span><\/td>\n<td class=\"et4\" style=\"width: 23.8204%; text-align: center;\">4<\/td>\n<\/tr>\n<tr style=\"height: 24px;\">\n<td style=\"width: 24.277%; height: 10px;\" width=\"125\"><span style=\"font-size: 12pt;\">Valeur du pH<\/span><\/td>\n<td style=\"width: 25.114%; height: 10px; text-align: center;\" colspan=\"2\" width=\"125\">7.0 - 8.0<\/td>\n<td class=\"et3\" style=\"height: 19.95pt; width: 25.1904%;\" width=\"166\" height=\"26\"><span class=\"font1\">Saign\u00e9e dans la t\u00e9r\u00e9benthine min\u00e9rale<\/span><\/td>\n<td class=\"et4\" style=\"width: 23.8204%; text-align: center;\">4<\/td>\n<\/tr>\n<tr style=\"height: 24px;\">\n<td style=\"width: 24.277%; height: 10px;\" width=\"125\"><span style=\"font-size: 12pt;\">Mati\u00e8res volatiles<\/span><\/td>\n<td style=\"width: 25.114%; height: 10px; text-align: center;\" colspan=\"2\" width=\"125\"><span style=\"font-size: 12pt;\">1% max<\/span><\/td>\n<td class=\"et3\" style=\"height: 19.95pt; width: 25.1904%;\" width=\"166\" height=\"26\"><span class=\"font1\">R\u00e9sistance \u00e0 l'acide<\/span><\/td>\n<td class=\"et4\" style=\"width: 23.8204%; text-align: center;\">4<\/td>\n<\/tr>\n<tr style=\"height: 24px;\">\n<td style=\"width: 24.277%; height: 10px;\" width=\"125\"><\/td>\n<td style=\"width: 25.114%; height: 10px;\" colspan=\"2\"><\/td>\n<td class=\"et3\" style=\"height: 19.95pt; width: 25.1904%;\" width=\"166\" height=\"26\"><span class=\"font1\">R\u00e9sistance aux alcalis<\/span><\/td>\n<td class=\"et4\" style=\"width: 23.8204%; text-align: center;\">4<\/td>\n<\/tr>\n<tr style=\"height: 48px;\">\n<td style=\"width: 98.4018%; background-color: #ababab; height: 10px;\" colspan=\"5\" width=\"125\"><span style=\"font-size: 14pt;\"><strong>Emballage<\/strong><\/span><\/td>\n<\/tr>\n<tr style=\"height: 48px;\">\n<td style=\"width: 98.4018%; height: 10px;\" colspan=\"5\" width=\"125\">25kgs\/sac 400kgs\/palette<\/td>\n<\/tr>\n<tr style=\"height: 24px;\">\n<td style=\"width: 98.4018%; height: 10px;\" colspan=\"5\" width=\"125\"><\/td>\n<\/tr>\n<tr style=\"height: 24px;\">\n<td style=\"width: 49.391%; background-color: #ababab; height: 10px;\" colspan=\"3\" width=\"125\"><span style=\"font-size: 14pt;\"><strong>Stockage<\/strong><\/span><\/td>\n<td style=\"width: 25.1904%; height: 10px;\" width=\"125\"><span style=\"font-size: 14pt;\"><strong>Dur\u00e9e de conservation<\/strong><\/span><\/td>\n<td style=\"width: 23.8204%; height: 10px;\" width=\"125\"><span style=\"font-size: 12pt;\">5 ans<\/span><\/td>\n<\/tr>\n<tr style=\"height: 24px;\">\n<td style=\"width: 98.4018%; height: 10px;\" colspan=\"5\" width=\"375\"><span style=\"font-size: 12pt;\">A conserver dans un endroit frais, sec et ventil\u00e9.<\/span><\/td>\n<\/tr>\n<tr style=\"height: 24px;\">\n<td style=\"width: 98.4018%; height: 10px;\" colspan=\"5\" width=\"125\"><\/td>\n<\/tr>\n<tr style=\"height: 24px;\">\n<td style=\"width: 98.4018%; background-color: #ababab; height: 10px;\" colspan=\"5\" width=\"125\"><span style=\"font-size: 14pt;\"><strong>TRANSPORTS<\/strong><\/span><\/td>\n<\/tr>\n<tr style=\"height: 48px;\">\n<td style=\"width: 98.4018%; height: 10px;\" colspan=\"5\" width=\"375\"><span style=\"font-size: 12pt;\">\u00c9viter l'inversion, la lumi\u00e8re du soleil, l'humidit\u00e9 et les chocs. \u00c9viter d'endommager l'emballage.<\/span><\/td>\n<\/tr>\n<\/tbody>\n<\/table>\n<ul>\n<li><strong>Solidit\u00e9 \u00e0 la lumi\u00e8re :<\/strong> La solidit\u00e9 \u00e0 la lumi\u00e8re est \u00e9valu\u00e9e sur une \u00e9chelle de 1 \u00e0 8 pour la laine bleue, o\u00f9 1 = \u2018m\u00e9diocre\u2019 et 8 = \u2018excellent\u2019.<\/li>\n<li><strong>Stabilit\u00e9 \u00e0 la chaleur :<\/strong> Les valeurs de stabilit\u00e9 \u00e0 la chaleur indiqu\u00e9es correspondent \u00e0 la temp\u00e9rature maximale \u00e0 laquelle le pigment peut \u00eatre entrepos\u00e9 pendant 10 minutes sur la totalit\u00e9 de la teinte et dans les r\u00e9ductions sans subir de changement significatif de teinte.<\/li>\n<li><strong>Absorption de l'huile :<\/strong> L'absorption d'huile est d\u00e9termin\u00e9e sur la base de la norme EN ISO 787-5 et indiqu\u00e9e en g d'huile de lin pour 100 g de pigment.<\/li>\n<li><strong>Saignement du solvant :<\/strong> Le ressuage dans les solvants est test\u00e9 en utilisant les qualit\u00e9s de poudre et l'\u00e9valuation visuelle est donn\u00e9e sur une \u00e9chelle grise de 1 \u00e0 5.<br \/>\no\u00f9 1 = \u2018Saignement abondant\u2019 et 5 = \u2018Pas de saignement\u201d.\u201d<\/li>\n<\/ul>\n<p>Clause de non-responsabilit\u00e9 - Les informations donn\u00e9es dans cette fiche technique sont bas\u00e9es sur l'\u00e9tat actuel de nos connaissances et sont destin\u00e9es \u00e0 fournir une description g\u00e9n\u00e9rale de nos produits et de leurs applications possibles. En raison de la multitude de formulations, de conditions de production et d'application, toutes les donn\u00e9es susmentionn\u00e9es doivent \u00eatre adapt\u00e9es aux circonstances du transformateur. Aucune responsabilit\u00e9, y compris en ce qui concerne les droits de brevet, ne peut \u00eatre d\u00e9duite de ce fait pour les cas individuels. Il n'est pas exclu que ce produit contienne des particules &lt; 0,1 \u03bcm. Il incombe \u00e0 tout utilisateur de ce produit de d\u00e9terminer si les produits Sudarshan conviennent \u00e0 son application particuli\u00e8re et de s&#039;assurer que les droits de propri\u00e9t\u00e9, les lois et la l\u00e9gislation en vigueur sont respect\u00e9s.<\/p>","protected":false},"excerpt":{"rendered":"<p>C.I.NO. : PR146<\/p>\n<p>Avantage :<\/p>\n<p>Principale application recommand\u00e9e : encres pour jet d'encre<\/p>","protected":false},"featured_media":3394,"template":"","meta":[],"product_brand":[],"product_cat":[15,61,73,75,63,91,76],"product_tag":[],"class_list":{"0":"post-3602","1":"product","2":"type-product","3":"status-publish","4":"has-post-thumbnail","6":"product_cat-organic-pigments","7":"product_cat-pigments-for-coatings-paints","8":"product_cat-pigments-for-industrial-coatings","9":"product_cat-pigments-for-offset-inks","10":"product_cat-pigments-for-printing-inks","11":"product_cat-pigments-for-solvent-based-coatings","12":"product_cat-pigments-for-sovlent-based-inks","14":"first","15":"instock","16":"shipping-taxable","17":"product-type-simple"},"_links":{"self":[{"href":"https:\/\/www.honorpigment.com\/fr\/wp-json\/wp\/v2\/product\/3602","targetHints":{"allow":["GET"]}}],"collection":[{"href":"https:\/\/www.honorpigment.com\/fr\/wp-json\/wp\/v2\/product"}],"about":[{"href":"https:\/\/www.honorpigment.com\/fr\/wp-json\/wp\/v2\/types\/product"}],"version-history":[{"count":0,"href":"https:\/\/www.honorpigment.com\/fr\/wp-json\/wp\/v2\/product\/3602\/revisions"}],"wp:featuredmedia":[{"embeddable":true,"href":"https:\/\/www.honorpigment.com\/fr\/wp-json\/wp\/v2\/media\/3394"}],"wp:attachment":[{"href":"https:\/\/www.honorpigment.com\/fr\/wp-json\/wp\/v2\/media?parent=3602"}],"wp:term":[{"taxonomy":"product_brand","embeddable":true,"href":"https:\/\/www.honorpigment.com\/fr\/wp-json\/wp\/v2\/product_brand?post=3602"},{"taxonomy":"product_cat","embeddable":true,"href":"https:\/\/www.honorpigment.com\/fr\/wp-json\/wp\/v2\/product_cat?post=3602"},{"taxonomy":"product_tag","embeddable":true,"href":"https:\/\/www.honorpigment.com\/fr\/wp-json\/wp\/v2\/product_tag?post=3602"}],"curies":[{"name":"wp","href":"https:\/\/api.w.org\/{rel}","templated":true}]}}