{"id":3560,"date":"2025-09-12T15:30:04","date_gmt":"2025-09-12T07:30:04","guid":{"rendered":"https:\/\/www.honorpigments.com\/?post_type=product&#038;p=3560"},"modified":"2026-04-13T23:17:50","modified_gmt":"2026-04-13T15:17:50","slug":"hp-red-25215-pigment-red-202","status":"publish","type":"product","link":"https:\/\/www.honorpigment.com\/fr\/produit\/hp-red-25215-pigment-red-202\/","title":{"rendered":"ROUGE PIGMENTAIRE 202\/ ROUGE HP 25215"},"content":{"rendered":"<h3><strong>Description du produit - PR202<\/strong><\/h3>\n<p align=\"left\">HP RED 25215 (PIGMENT RED 202) est un pigment tr\u00e8s r\u00e9sistant aux intemp\u00e9ries et \u00e0 la lumi\u00e8re qui pr\u00e9sente des nuances plus bleues et plus fonc\u00e9es que le PR122. Il est principalement utilis\u00e9 dans les rev\u00eatements automobiles et la coloration des plastiques. Gr\u00e2ce \u00e0 sa grande transparence et \u00e0 la finesse de ses particules, il offre d'excellentes propri\u00e9t\u00e9s rh\u00e9ologiques pour les finitions m\u00e9talliques. Il convient \u00e9galement aux encres d'impression d'emballages et aux applications de coloration du bois.<\/p>\n<h3><strong>Application recommand\u00e9e<\/strong><strong>\uff1a<\/strong><\/h3>\n<p>Rev\u00eatements : rev\u00eatements \u00e0 base de solvant, rev\u00eatements \u00e0 base d'eau, peintures automobiles, rev\u00eatements industriels, rev\u00eatements en poudre, rev\u00eatements pour bois, rev\u00eatements pour bobines.<br \/>\nPlastiques : PP, PE, PVC, PS\/SAN, ABS, PET, PBT, PMMA, caoutchouc\/TPV<br \/>\nEncres d'imprimerie : encres \u00e0 base de solvant, encres \u00e0 base d'eau<\/p>\n<h3><strong>Donn\u00e9es techniques :<\/strong><\/h3>\n<table style=\"height: 271px;width: 95%;border-color: #050505\" width=\"95%\">\n<tbody>\n<tr style=\"height: 28px\">\n<td style=\"width: 98.6301%;background-color: #ababab;height: 10px\" colspan=\"5\" width=\"125\"><span style=\"font-size: 14pt\"><strong>Informations sur le produit<\/strong><\/span><\/td>\n<\/tr>\n<tr style=\"height: 24px\">\n<td style=\"width: 24.277%;height: 10px\" width=\"125\"><span style=\"font-size: 12pt\">Type de produit chimique<\/span><\/td>\n<td style=\"width: 25.114%;height: 10px;text-align: center\" colspan=\"2\" width=\"125\">Quinacridone<\/td>\n<td style=\"width: 25.1904%;height: 10px\" width=\"125\"><span style=\"font-size: 12pt\">CAS NO.<\/span><\/td>\n<td class=\"et3\" style=\"height: 19.95pt;width: 24.0487%;text-align: center\" width=\"148\" height=\"26\">3089-17-6<\/td>\n<\/tr>\n<tr style=\"height: 48px\">\n<td style=\"width: 24.277%;height: 10px\" width=\"125\"><span style=\"font-size: 12pt\">C. I. Nom<\/span><\/td>\n<td style=\"width: 25.114%;height: 10px;text-align: center\" colspan=\"2\" width=\"125\">Pigment rouge 202<\/td>\n<td style=\"width: 25.1904%;height: 10px\" width=\"125\"><span style=\"font-size: 12pt\">EINECS \/ ELINCS NO.<\/span><\/td>\n<td class=\"et3\" style=\"height: 19.95pt;width: 24.0487%;text-align: center\" width=\"148\" height=\"26\">221-424-4<\/td>\n<\/tr>\n<tr style=\"height: 48px\">\n<td style=\"width: 24.277%;height: 10px\" width=\"125\"><span style=\"font-size: 12pt\">C. I. Constitution n\u00b0.<\/span><\/td>\n<td style=\"width: 25.114%;height: 10px;text-align: center\" colspan=\"2\" width=\"125\">73907<\/td>\n<td style=\"width: 25.1904%;height: 10px\" width=\"125\"><span style=\"font-size: 12pt\">Formule chimique<\/span><\/td>\n<td class=\"et4\" style=\"height: 10px;width: 24.0487%;text-align: center\" width=\"148\" height=\"26\"><span class=\"container-rkuXQi math-inline\" data-custom-copy-text=\"(C_{20}H_{10}Cl_{2}N_{2}O_{2})\"><span class=\"katex\"><span class=\"katex-html\" aria-hidden=\"true\"><span class=\"base\"><span class=\"mord\"><span class=\"mord mathnormal\">C<\/span><span class=\"msupsub\"><span class=\"vlist-t vlist-t2\"><span class=\"vlist-r\"><span class=\"vlist\"><span class=\"sizing reset-size6 size3 mtight\"><span class=\"mord mtight\">20<\/span><\/span><\/span><span class=\"vlist-s\">\u200b<\/span><\/span><\/span><\/span><\/span><span class=\"mord\"><span class=\"mord mathnormal\">H<\/span><span class=\"msupsub\"><span class=\"vlist-t vlist-t2\"><span class=\"vlist-r\"><span class=\"vlist\"><span class=\"sizing reset-size6 size3 mtight\"><span class=\"mord mtight\">10<\/span><\/span><\/span><span class=\"vlist-s\">\u200b<\/span><\/span><\/span><\/span><\/span><span class=\"mord mathnormal\">C<\/span><span class=\"mord\"><span class=\"mord mathnormal\">l<\/span><span class=\"msupsub\"><span class=\"vlist-t vlist-t2\"><span class=\"vlist-r\"><span class=\"vlist\"><span class=\"sizing reset-size6 size3 mtight\"><span class=\"mord mtight\">2<\/span><\/span><\/span><span class=\"vlist-s\">\u200b<\/span><\/span><\/span><\/span><\/span><span class=\"mord\"><span class=\"mord mathnormal\">N<\/span><span class=\"msupsub\"><span class=\"vlist-t vlist-t2\"><span class=\"vlist-r\"><span class=\"vlist\"><span class=\"sizing reset-size6 size3 mtight\"><span class=\"mord mtight\">2<\/span><\/span><\/span><span class=\"vlist-s\">\u200b<\/span><\/span><\/span><\/span><\/span><span class=\"mord\"><span class=\"mord mathnormal\">O<\/span><span class=\"msupsub\"><span class=\"vlist-t vlist-t2\"><span class=\"vlist-r\"><span class=\"vlist\"><span class=\"sizing reset-size6 size3 mtight\"><span class=\"mord mtight\">2<\/span><\/span><\/span><span class=\"vlist-s\">\u200b<\/span><\/span><\/span><\/span><\/span><\/span><\/span><\/span><\/span><\/td>\n<\/tr>\n<tr style=\"height: 24px\">\n<td style=\"width: 98.6301%;height: 10px\" colspan=\"5\" width=\"125\"><\/td>\n<\/tr>\n<tr style=\"height: 28px\">\n<td style=\"width: 98.6301%;background-color: #ababab;height: 10px\" colspan=\"5\" width=\"125\"><span style=\"font-size: 14pt\"><strong>Performance technique<\/strong><\/span><\/td>\n<\/tr>\n<tr style=\"height: 24px\">\n<td style=\"width: 24.277%;height: 10px\" width=\"125\"><\/td>\n<td style=\"width: 12.4048%;height: 10px;text-align: center\" width=\"125\"><span style=\"font-size: 12pt\">Pleine ombre<\/span><\/td>\n<td style=\"width: 12.7092%;height: 10px;text-align: center\" width=\"125\"><span style=\"font-size: 12pt\">Teinte<\/span><\/td>\n<td style=\"width: 25.1904%;height: 10px\" width=\"125\"><\/td>\n<td style=\"width: 24.0487%;height: 10px\" width=\"125\"><\/td>\n<\/tr>\n<tr style=\"height: 48px\">\n<td style=\"width: 24.277%;height: 10px\" width=\"125\"><span style=\"font-size: 12pt\">R\u00e9sistance aux intemp\u00e9ries<\/span><\/td>\n<td class=\"et3\" style=\"height: 19.95pt;width: 12.4048%;text-align: center\" width=\"155\" height=\"26\">5<\/td>\n<td class=\"et4\" style=\"width: 12.7092%;text-align: center\" width=\"76\">4~5<\/td>\n<td style=\"width: 25.1904%;height: 10px\" width=\"125\"><span style=\"font-size: 12pt\">Stabilit\u00e9 \u00e0 la chaleur \u00b0C<\/span><\/td>\n<td style=\"width: 24.0487%;height: 10px;text-align: center\" width=\"125\"><span style=\"font-size: 12pt\">300\u00b0C<\/span><\/td>\n<\/tr>\n<tr style=\"height: 24px\">\n<td style=\"width: 24.277%;height: 10px\" width=\"125\"><span style=\"font-size: 12pt\">Solidit\u00e9 \u00e0 la lumi\u00e8re<\/span><\/td>\n<td class=\"et4\" style=\"height: 19.95pt;width: 12.4048%;text-align: center\" height=\"26\">8<\/td>\n<td class=\"et4\" style=\"width: 12.7092%;text-align: center\">7~8<\/td>\n<td style=\"width: 25.1904%;height: 10px\" width=\"125\"><\/td>\n<td style=\"width: 24.0487%;height: 10px\" width=\"125\"><\/td>\n<\/tr>\n<tr style=\"height: 24px\">\n<td style=\"width: 98.6301%;height: 10px\" colspan=\"5\" width=\"125\"><\/td>\n<\/tr>\n<tr style=\"height: 24px\">\n<td style=\"width: 98.6301%;background-color: #ababab;height: 10px\" colspan=\"5\" width=\"125\"><span style=\"font-size: 14pt\"><strong>Propri\u00e9t\u00e9s physiques<\/strong><\/span><\/td>\n<\/tr>\n<tr style=\"height: 48px\">\n<td style=\"width: 24.277%;height: 10px\" width=\"125\"><span style=\"font-size: 12pt\">Forme physique<\/span><\/td>\n<td style=\"width: 25.114%;height: 10px;text-align: center\" colspan=\"2\" width=\"125\"><span style=\"font-size: 12pt\">Poudre<\/span><\/td>\n<td class=\"et3\" style=\"height: 19.95pt;width: 25.1904%\" width=\"180\" height=\"26\"><span class=\"font1\">Saignement dans le xyl\u00e8ne<\/span><\/td>\n<td class=\"et4\" style=\"width: 24.0487%;text-align: center\" width=\"148\">5<\/td>\n<\/tr>\n<tr style=\"height: 48px\">\n<td style=\"width: 24.277%;height: 10px\" width=\"125\"><span style=\"font-size: 12pt\">Densit\u00e9 sp\u00e9cifique (g\/cm3) :<\/span><\/td>\n<td style=\"width: 25.114%;height: 10px;text-align: center\" colspan=\"2\" width=\"125\">1.61 \u00b1 0.1<\/td>\n<td class=\"et3\" style=\"height: 19.95pt;width: 25.1904%\" width=\"180\" height=\"26\"><span class=\"font1\">Saignement dans la m\u00e9thyl\u00e9thylc\u00e9tone<\/span><\/td>\n<td class=\"et4\" style=\"width: 24.0487%;text-align: center\">5<\/td>\n<\/tr>\n<tr style=\"height: 48px\">\n<td style=\"width: 24.277%;height: 10px\" width=\"125\"><span style=\"font-size: 12pt\">Surface sp\u00e9cifique (\u33a1\/g) :<\/span><\/td>\n<td style=\"width: 25.114%;height: 10px;text-align: center\" colspan=\"2\" width=\"125\">49<\/td>\n<td class=\"et3\" style=\"height: 19.95pt;width: 25.1904%\" width=\"180\" height=\"26\"><span class=\"font1\">Saignement dans l'ac\u00e9tate d'\u00e9thyle<\/span><\/td>\n<td class=\"et4\" style=\"width: 24.0487%;text-align: center\">5<\/td>\n<\/tr>\n<tr style=\"height: 24px\">\n<td style=\"width: 24.277%;height: 10px\" width=\"125\"><span style=\"font-size: 12pt\">Absorption de l'huile<\/span><\/td>\n<td style=\"width: 25.114%;height: 10px;text-align: center\" colspan=\"2\" width=\"125\">42 \u00b1 10<\/td>\n<td class=\"et3\" style=\"height: 19.95pt;width: 25.1904%\" width=\"180\" height=\"26\"><span class=\"font1\">Saignement dans Cellosolve<\/span><\/td>\n<td class=\"et4\" style=\"width: 24.0487%;text-align: center\">5<\/td>\n<\/tr>\n<tr style=\"height: 24px\">\n<td style=\"width: 24.277%;height: 10px\" width=\"125\"><span style=\"font-size: 12pt\">Valeur du pH<\/span><\/td>\n<td style=\"width: 25.114%;height: 10px;text-align: center\" colspan=\"2\" width=\"125\">3 ~ 7<\/td>\n<td class=\"et3\" style=\"height: 19.95pt;width: 25.1904%\" width=\"180\" height=\"26\"><span class=\"font1\">Saign\u00e9e dans la t\u00e9r\u00e9benthine min\u00e9rale<\/span><\/td>\n<td class=\"et4\" style=\"width: 24.0487%;text-align: center\">5<\/td>\n<\/tr>\n<tr style=\"height: 24px\">\n<td style=\"width: 24.277%;height: 21px\" width=\"125\"><span style=\"font-size: 12pt\">Mati\u00e8res volatiles<\/span><\/td>\n<td style=\"width: 25.114%;height: 21px;text-align: center\" colspan=\"2\" width=\"125\"><span style=\"font-size: 12pt\">1% max<\/span><\/td>\n<td class=\"et3\" style=\"height: 19.95pt;width: 25.1904%\" width=\"180\" height=\"26\"><span class=\"font1\">R\u00e9sistance \u00e0 l'acide<\/span><\/td>\n<td class=\"et4\" style=\"width: 24.0487%;text-align: center\">5<\/td>\n<\/tr>\n<tr style=\"height: 24px\">\n<td style=\"width: 24.277%;height: 10px\" width=\"125\"><\/td>\n<td style=\"width: 25.114%;height: 10px\" colspan=\"2\"><\/td>\n<td class=\"et3\" style=\"height: 19.95pt;width: 25.1904%\" width=\"180\" height=\"26\"><span class=\"font1\">R\u00e9sistance aux alcalis<\/span><\/td>\n<td class=\"et4\" style=\"width: 24.0487%;text-align: center\">5<\/td>\n<\/tr>\n<tr style=\"height: 48px\">\n<td style=\"width: 98.6301%;background-color: #ababab;height: 10px\" colspan=\"5\" width=\"125\"><span style=\"font-size: 14pt\"><strong>Emballage<\/strong><\/span><\/td>\n<\/tr>\n<tr style=\"height: 48px\">\n<td style=\"width: 98.6301%;height: 10px\" colspan=\"5\" width=\"125\">10kgs\/sac 400kgs\/palette<\/td>\n<\/tr>\n<tr style=\"height: 24px\">\n<td style=\"width: 98.6301%;height: 10px\" colspan=\"5\" width=\"125\"><\/td>\n<\/tr>\n<tr style=\"height: 24px\">\n<td style=\"width: 49.391%;background-color: #ababab;height: 10px\" colspan=\"3\" width=\"125\"><span style=\"font-size: 14pt\"><strong>Stockage<\/strong><\/span><\/td>\n<td style=\"width: 25.1904%;height: 10px\" width=\"125\"><span style=\"font-size: 14pt\"><strong>Dur\u00e9e de conservation<\/strong><\/span><\/td>\n<td style=\"width: 24.0487%;height: 10px\" width=\"125\"><span style=\"font-size: 12pt\">5 ans<\/span><\/td>\n<\/tr>\n<tr style=\"height: 24px\">\n<td style=\"width: 98.6301%;height: 10px\" colspan=\"5\" width=\"375\"><span style=\"font-size: 12pt\">A conserver dans un endroit frais, sec et ventil\u00e9.<\/span><\/td>\n<\/tr>\n<tr style=\"height: 24px\">\n<td style=\"width: 98.6301%;height: 10px\" colspan=\"5\" width=\"125\"><\/td>\n<\/tr>\n<tr style=\"height: 24px\">\n<td style=\"width: 98.6301%;background-color: #ababab;height: 10px\" colspan=\"5\" width=\"125\"><span style=\"font-size: 14pt\"><strong>TRANSPORTS<\/strong><\/span><\/td>\n<\/tr>\n<tr style=\"height: 48px\">\n<td style=\"width: 98.6301%;height: 10px\" colspan=\"5\" width=\"375\"><span style=\"font-size: 12pt\">\u00c9viter l'inversion, la lumi\u00e8re du soleil, l'humidit\u00e9 et les chocs. \u00c9viter d'endommager l'emballage.<\/span><\/td>\n<\/tr>\n<\/tbody>\n<\/table>\n<ul>\n<li>Solidit\u00e9 \u00e0 la lumi\u00e8re : La solidit\u00e9 \u00e0 la lumi\u00e8re est \u00e9valu\u00e9e sur une \u00e9chelle de 1 \u00e0 8 pour la laine bleue, o\u00f9 1 = \u2018m\u00e9diocre\u2019 et 8 = \u2018excellent\u2019.<\/li>\n<li>Stabilit\u00e9 \u00e0 la chaleur : Les valeurs de stabilit\u00e9 \u00e0 la chaleur indiqu\u00e9es correspondent \u00e0 la temp\u00e9rature maximale \u00e0 laquelle le pigment peut \u00eatre stock\u00e9 pendant 10 minutes sur la totalit\u00e9 de la teinte et dans les r\u00e9ductions sans subir de changement significatif de teinte.<\/li>\n<li>Absorption d'huile : L'absorption d'huile est d\u00e9termin\u00e9e sur la base de la norme EN ISO 787-5 et indiqu\u00e9e en g d'huile de lin pour 100 g de pigment.<\/li>\n<li>Saignement dans les solvants : Le ressuage dans les solvants est test\u00e9 en utilisant les qualit\u00e9s de poudre et l'\u00e9valuation visuelle est donn\u00e9e sur une \u00e9chelle grise de 1 \u00e0 5.<br \/>\no\u00f9 1 = \u2018Saignement abondant\u2019 et 5 = \u2018Pas de saignement\u201d.\u201d<\/li>\n<\/ul>\n<p>Disclaimer \u2013 The information given in this data sheet is based on the present state of our knowledge &amp; is intended as a general description of our products &amp; their possible applications. Due to the multitude of formulations, production &amp; application conditions, all the above mentioned data have to be adjusted to the circumstances of the processor. No liabilities, including those for patent rights, can be derived from this fact for individual cases. It cannot be ruled out that this product contains particles &lt; 0.1 \u03bcm. Any user of this product is responsible for determining the suitability of Honor Pigments\u2019s products for its particular application &amp; to ensure that any proprietary rights &amp; existing laws &amp; legislation are observed.<\/p>\n<div class=\"honor-product-overview\" style=\"margin-top:40px;border-top:2px solid #f6c405;padding-top:30px\">\n<h3>Why Choose Honor Pigments?<\/h3>\n<ul>\n<li>\ud83c\udf0d <strong>Global Export Expertise<\/strong> \u2014 Trusted by customers in 40+ countries for consistent quality and reliable supply<\/li>\n<li>\u2705 <strong>Strict Quality Control<\/strong> \u2014 ISO 9001 certified with batch-to-batch consistency and zero-defect policy<\/li>\n<li>\ud83d\udcb0 <strong>OEM Production Advantage<\/strong> \u2014 Competitive pricing without compromising pigment performance<\/li>\n<li>\ud83e\uddea <strong>Technical Support<\/strong> \u2014 Free color matching, formulation advice and sample testing before bulk order<\/li>\n<\/ul>\n<div style=\"background:#f8f9fa;padding:20px;border-left:4px solid #f6c405;margin:20px 0\">\n<p><strong>\ud83d\udce9 Need more details?<\/strong><\/p>\n<p>Request TDS, SDS, or a free sample for testing.<\/p>\n<\/div>\n<\/div>","protected":false},"excerpt":{"rendered":"<p>C.I.NO. : PR202<\/p>\n<p>Avantage :<\/p>\n<p>Principale application recommand\u00e9e : Peintures automobiles, plastiques<\/p>","protected":false},"featured_media":3562,"template":"","meta":[],"product_brand":[],"product_cat":[15,74,61,72,73,62,95,63,91,76,92,77,71],"product_tag":[],"class_list":{"0":"post-3560","1":"product","2":"type-product","3":"status-publish","4":"has-post-thumbnail","6":"product_cat-organic-pigments","7":"product_cat-pigments-for-auto-paints","8":"product_cat-pigments-for-coatings-paints","9":"product_cat-pigments-for-coil-coatings","10":"product_cat-pigments-for-industrial-coatings","11":"product_cat-pigments-for-plasticsampmasterbatch","12":"product_cat-pigments-for-powder-coatings","13":"product_cat-pigments-for-printing-inks","14":"product_cat-pigments-for-solvent-based-coatings","15":"product_cat-pigments-for-sovlent-based-inks","16":"product_cat-pigments-for-water-based-coatings","17":"product_cat-pigments-for-water-based-inks","18":"product_cat-pigments-for-wood-coatings","19":"stm_brands-honor-pigments","21":"first","22":"instock","23":"shipping-taxable","24":"product-type-simple"},"_links":{"self":[{"href":"https:\/\/www.honorpigment.com\/fr\/wp-json\/wp\/v2\/product\/3560","targetHints":{"allow":["GET"]}}],"collection":[{"href":"https:\/\/www.honorpigment.com\/fr\/wp-json\/wp\/v2\/product"}],"about":[{"href":"https:\/\/www.honorpigment.com\/fr\/wp-json\/wp\/v2\/types\/product"}],"version-history":[{"count":2,"href":"https:\/\/www.honorpigment.com\/fr\/wp-json\/wp\/v2\/product\/3560\/revisions"}],"predecessor-version":[{"id":8758,"href":"https:\/\/www.honorpigment.com\/fr\/wp-json\/wp\/v2\/product\/3560\/revisions\/8758"}],"wp:featuredmedia":[{"embeddable":true,"href":"https:\/\/www.honorpigment.com\/fr\/wp-json\/wp\/v2\/media\/3562"}],"wp:attachment":[{"href":"https:\/\/www.honorpigment.com\/fr\/wp-json\/wp\/v2\/media?parent=3560"}],"wp:term":[{"taxonomy":"product_brand","embeddable":true,"href":"https:\/\/www.honorpigment.com\/fr\/wp-json\/wp\/v2\/product_brand?post=3560"},{"taxonomy":"product_cat","embeddable":true,"href":"https:\/\/www.honorpigment.com\/fr\/wp-json\/wp\/v2\/product_cat?post=3560"},{"taxonomy":"product_tag","embeddable":true,"href":"https:\/\/www.honorpigment.com\/fr\/wp-json\/wp\/v2\/product_tag?post=3560"}],"curies":[{"name":"wp","href":"https:\/\/api.w.org\/{rel}","templated":true}]}}