{"id":3403,"date":"2025-09-08T16:40:02","date_gmt":"2025-09-08T08:40:02","guid":{"rendered":"https:\/\/www.honorpigments.com\/?post_type=product&#038;p=3403"},"modified":"2026-04-13T23:18:35","modified_gmt":"2026-04-13T15:18:35","slug":"hp-red-2131-pigment-red-170f5rk","status":"publish","type":"product","link":"https:\/\/www.honorpigment.com\/fr\/produit\/hp-red-2131-pigment-red-170f5rk\/","title":{"rendered":"ROUGE PIGMENTAIRE 170F5RK\/ ROUGE HP 2131"},"content":{"rendered":"<h3><strong>Description du produit - PR170F5RK<\/strong><\/h3>\n<p align=\"left\">HP RED 2131 (PIGMENT RED 170F5RK) est un pigment Naphthol AS tr\u00e8s puissant, de teinte bleue et semi transparent. Il pr\u00e9sente une grande r\u00e9sistance aux intemp\u00e9ries, un fort pouvoir colorant et une couleur brillante. Il est recommand\u00e9 dans l'application de peintures industrielles, de plastiques et d'encres d'imprimerie.<\/p>\n<h3><strong>Application recommand\u00e9e<\/strong><strong>\uff1a<\/strong><\/h3>\n<p>Rev\u00eatements : peintures \u00e0 base de solvant, peintures \u00e0 base d'eau, retouches automobiles, rev\u00eatements industriels, rev\u00eatements en poudre, rev\u00eatements pour le bois.<br \/>\nPlastiques : PP, PE, PVC, caoutchouc\/ TPV, TPO<br \/>\nEncres d'imprimerie : encres offset, encres \u00e0 base de solvant, encres \u00e0 base d'eau<\/p>\n<h3><strong>Donn\u00e9es techniques :<\/strong><\/h3>\n<table style=\"height: 260px;width: 95%;border-color: #050505\" width=\"95%\">\n<tbody>\n<tr style=\"height: 28px\">\n<td style=\"width: 98.1735%;background-color: #ababab;height: 10px\" colspan=\"5\" width=\"125\"><span style=\"font-size: 14pt\"><strong>Informations sur le produit<\/strong><\/span><\/td>\n<\/tr>\n<tr style=\"height: 24px\">\n<td style=\"width: 24.277%;height: 10px\" width=\"125\"><span style=\"font-size: 12pt\">Type de produit chimique<\/span><\/td>\n<td style=\"width: 25.114%;height: 10px;text-align: center\" colspan=\"2\" width=\"125\">Naphtol<\/td>\n<td style=\"width: 25.1904%;height: 10px\" width=\"125\"><span style=\"font-size: 12pt\">CAS NO.<\/span><\/td>\n<td class=\"et3\" style=\"height: 19.95pt;width: 23.5921%;text-align: center\" width=\"148\" height=\"26\">2786-76-7<\/td>\n<\/tr>\n<tr style=\"height: 48px\">\n<td style=\"width: 24.277%;height: 10px\" width=\"125\"><span style=\"font-size: 12pt\">C. I. Nom<\/span><\/td>\n<td style=\"width: 25.114%;height: 10px;text-align: center\" colspan=\"2\" width=\"125\">ROUGE PIGMENTAIRE 170F5RK<\/td>\n<td style=\"width: 25.1904%;height: 10px\" width=\"125\"><span style=\"font-size: 12pt\">EINECS \/ ELINCS NO.<\/span><\/td>\n<td class=\"et3\" style=\"height: 19.95pt;width: 23.5921%;text-align: center\" width=\"148\" height=\"26\">220-509-3<\/td>\n<\/tr>\n<tr style=\"height: 48px\">\n<td style=\"width: 24.277%;height: 10px\" width=\"125\"><span style=\"font-size: 12pt\">C. I. Constitution n\u00b0.<\/span><\/td>\n<td style=\"width: 25.114%;height: 10px;text-align: center\" colspan=\"2\" width=\"125\">12475<\/td>\n<td style=\"width: 25.1904%;height: 10px\" width=\"125\"><span style=\"font-size: 12pt\">Formule chimique<\/span><\/td>\n<td class=\"et4\" style=\"height: 19.95pt;width: 23.5921%;text-align: center\" width=\"148\" height=\"26\"><span class=\"mord\"><span class=\"mord mathnormal\">C<\/span><span class=\"msupsub\"><span class=\"vlist-t vlist-t2\"><span class=\"vlist-r\"><span class=\"vlist\"><span class=\"sizing reset-size6 size3 mtight\"><span class=\"mord mtight\">18<\/span><\/span><\/span><span class=\"vlist-s\">\u200b<\/span><\/span><\/span><\/span><\/span><span class=\"mord\"><span class=\"mord mathnormal\">H<\/span><span class=\"msupsub\"><span class=\"vlist-t vlist-t2\"><span class=\"vlist-r\"><span class=\"vlist\"><span class=\"sizing reset-size6 size3 mtight\"><span class=\"mord mtight\">13<\/span><\/span><\/span><span class=\"vlist-s\">\u200b<\/span><\/span><\/span><\/span><\/span><span class=\"mord mathnormal\">Cl<\/span><span class=\"mord\"><span class=\"mord mathnormal\">N<\/span><span class=\"msupsub\"><span class=\"vlist-t vlist-t2\"><span class=\"vlist-r\"><span class=\"vlist\"><span class=\"sizing reset-size6 size3 mtight\"><span class=\"mord mtight\">2<\/span><\/span><\/span><span class=\"vlist-s\">\u200b<\/span><\/span><\/span><\/span><\/span><span class=\"mord\"><span class=\"mord mathnormal\">O<\/span><span class=\"msupsub\"><span class=\"vlist-t vlist-t2\"><span class=\"vlist-r\"><span class=\"vlist\"><span class=\"sizing reset-size6 size3 mtight\"><span class=\"mord mtight\">3<\/span><\/span><\/span><\/span><\/span><\/span><\/span><\/td>\n<\/tr>\n<tr style=\"height: 24px\">\n<td style=\"width: 98.1735%;height: 10px\" colspan=\"5\" width=\"125\"><\/td>\n<\/tr>\n<tr style=\"height: 28px\">\n<td style=\"width: 98.1735%;background-color: #ababab;height: 10px\" colspan=\"5\" width=\"125\"><span style=\"font-size: 14pt\"><strong>Performance technique<\/strong><\/span><\/td>\n<\/tr>\n<tr style=\"height: 24px\">\n<td style=\"width: 24.277%;height: 10px\" width=\"125\"><\/td>\n<td style=\"width: 12.4048%;height: 10px;text-align: center\" width=\"125\"><span style=\"font-size: 12pt\">Pleine ombre<\/span><\/td>\n<td style=\"width: 12.7092%;height: 10px;text-align: center\" width=\"125\"><span style=\"font-size: 12pt\">Teinte<\/span><\/td>\n<td style=\"width: 25.1904%;height: 10px\" width=\"125\"><\/td>\n<td style=\"width: 23.5921%;height: 10px\" width=\"125\"><\/td>\n<\/tr>\n<tr style=\"height: 48px\">\n<td style=\"width: 24.277%;height: 10px\" width=\"125\"><span style=\"font-size: 12pt\">R\u00e9sistance aux intemp\u00e9ries<\/span><\/td>\n<td class=\"et3\" style=\"height: 19.95pt;width: 12.4048%;text-align: center\" width=\"116\" height=\"26\"><span class=\"font1\">4-5<\/span><\/td>\n<td class=\"et4\" style=\"width: 12.7092%;text-align: center\" width=\"110\">3<\/td>\n<td style=\"width: 25.1904%;height: 10px\" width=\"125\"><span style=\"font-size: 12pt\">Stabilit\u00e9 \u00e0 la chaleur \u00b0C<\/span><\/td>\n<td style=\"width: 23.5921%;height: 10px;text-align: center\" width=\"125\"><span style=\"font-size: 12pt\">160\u00b0C<\/span><\/td>\n<\/tr>\n<tr style=\"height: 24px\">\n<td style=\"width: 24.277%;height: 10px\" width=\"125\"><span style=\"font-size: 12pt\">Solidit\u00e9 \u00e0 la lumi\u00e8re<\/span><\/td>\n<td class=\"et4\" style=\"height: 19.95pt;width: 12.4048%;text-align: center\" height=\"26\">8<\/td>\n<td class=\"et4\" style=\"width: 12.7092%;text-align: center\">7<\/td>\n<td style=\"width: 25.1904%;height: 10px\" width=\"125\"><\/td>\n<td style=\"width: 23.5921%;height: 10px\" width=\"125\"><\/td>\n<\/tr>\n<tr style=\"height: 24px\">\n<td style=\"width: 98.1735%;height: 10px\" colspan=\"5\" width=\"125\"><\/td>\n<\/tr>\n<tr style=\"height: 24px\">\n<td style=\"width: 98.1735%;background-color: #ababab;height: 10px\" colspan=\"5\" width=\"125\"><span style=\"font-size: 14pt\"><strong>Propri\u00e9t\u00e9s physiques<\/strong><\/span><\/td>\n<\/tr>\n<tr style=\"height: 48px\">\n<td style=\"width: 24.277%;height: 10px\" width=\"125\"><span style=\"font-size: 12pt\">Forme physique<\/span><\/td>\n<td style=\"width: 25.114%;height: 10px;text-align: center\" colspan=\"2\" width=\"125\"><span style=\"font-size: 12pt\">Poudre<\/span><\/td>\n<td class=\"et3\" style=\"height: 19.95pt;width: 25.1904%\" width=\"166\" height=\"26\"><span class=\"font1\">R\u00e9sistance \u00e0 l'acide<\/span><\/td>\n<td class=\"et4\" style=\"width: 23.5921%;text-align: center\" width=\"148\">5<\/td>\n<\/tr>\n<tr style=\"height: 48px\">\n<td style=\"width: 24.277%;height: 10px\" width=\"125\"><span style=\"font-size: 12pt\">Densit\u00e9 sp\u00e9cifique (g\/cm3) :<\/span><\/td>\n<td style=\"width: 25.114%;height: 10px;text-align: center\" colspan=\"2\" width=\"125\">1.40 \u00b1 0.1<\/td>\n<td class=\"et3\" style=\"height: 19.95pt;width: 25.1904%\" width=\"166\" height=\"26\"><span class=\"font1\">R\u00e9sistance aux alcalis<\/span><\/td>\n<td class=\"et4\" style=\"width: 23.5921%;text-align: center\">5<\/td>\n<\/tr>\n<tr style=\"height: 48px\">\n<td style=\"width: 24.277%;height: 10px\" width=\"125\"><span style=\"font-size: 12pt\">Surface sp\u00e9cifique (\u33a1\/g) :<\/span><\/td>\n<td style=\"width: 25.114%;height: 10px;text-align: center\" colspan=\"2\" width=\"125\">19<\/td>\n<td class=\"et3\" style=\"height: 19.95pt;width: 25.1904%\" width=\"166\" height=\"26\">R\u00e9sistance au butyle glycol<\/td>\n<td class=\"et5\" style=\"width: 23.5921%;text-align: center\">4 ~ 5<\/td>\n<\/tr>\n<tr style=\"height: 24px\">\n<td style=\"width: 24.277%;height: 10px\" width=\"125\"><span style=\"font-size: 12pt\">Absorption de l'huile<\/span><\/td>\n<td style=\"width: 25.114%;height: 10px;text-align: center\" colspan=\"2\" width=\"125\">60<\/td>\n<td class=\"et3\" style=\"height: 19.95pt;width: 25.1904%\" width=\"166\" height=\"26\">R\u00e9sistance \u00e0 l'eau<\/td>\n<td class=\"et5\" style=\"width: 23.5921%;text-align: center\">5<\/td>\n<\/tr>\n<tr style=\"height: 24px\">\n<td style=\"width: 24.277%;height: 10px\" width=\"125\"><span style=\"font-size: 12pt\">Valeur du pH<\/span><\/td>\n<td style=\"width: 25.114%;height: 10px;text-align: center\" colspan=\"2\" width=\"125\"><\/td>\n<td class=\"et3\" style=\"height: 19.95pt;width: 25.1904%\" width=\"166\" height=\"26\">R\u00e9sistance \u00e0 l'Esprit blanc<\/td>\n<td class=\"et4\" style=\"width: 23.5921%;text-align: center\">5<\/td>\n<\/tr>\n<tr style=\"height: 24px\">\n<td style=\"width: 24.277%;height: 10px\" width=\"125\"><span style=\"font-size: 12pt\">Mati\u00e8res volatiles<\/span><\/td>\n<td style=\"width: 25.114%;height: 10px;text-align: center\" colspan=\"2\" width=\"125\"><span style=\"font-size: 12pt\">1% max<\/span><\/td>\n<td class=\"et2\" style=\"height: 19.95pt;width: 25.1904%\" height=\"26\">R\u00e9sistance au butanol<\/td>\n<td class=\"et2\" style=\"width: 23.5921%;text-align: center\">4 ~ 5<\/td>\n<\/tr>\n<tr style=\"height: 24px\">\n<td style=\"width: 24.277%;height: 10px\" width=\"125\"><\/td>\n<td style=\"width: 25.114%;height: 10px\" colspan=\"2\"><\/td>\n<td class=\"et3\" style=\"height: 19.95pt;width: 25.1904%\" width=\"166\" height=\"26\"><\/td>\n<td class=\"et4\" style=\"width: 23.5921%;text-align: center\"><\/td>\n<\/tr>\n<tr style=\"height: 48px\">\n<td style=\"width: 98.1735%;background-color: #ababab;height: 10px\" colspan=\"5\" width=\"125\"><span style=\"font-size: 14pt\"><strong>Emballage<\/strong><\/span><\/td>\n<\/tr>\n<tr style=\"height: 48px\">\n<td style=\"width: 98.1735%;height: 10px\" colspan=\"5\" width=\"125\">25kgs\/sac 350kgs\/palette<\/td>\n<\/tr>\n<tr style=\"height: 24px\">\n<td style=\"width: 98.1735%;height: 10px\" colspan=\"5\" width=\"125\"><\/td>\n<\/tr>\n<tr style=\"height: 24px\">\n<td style=\"width: 49.391%;background-color: #ababab;height: 10px\" colspan=\"3\" width=\"125\"><span style=\"font-size: 14pt\"><strong>Stockage<\/strong><\/span><\/td>\n<td style=\"width: 25.1904%;height: 10px\" width=\"125\"><span style=\"font-size: 14pt\"><strong>Dur\u00e9e de conservation<\/strong><\/span><\/td>\n<td style=\"width: 23.5921%;height: 10px\" width=\"125\"><span style=\"font-size: 12pt\">5 ans<\/span><\/td>\n<\/tr>\n<tr style=\"height: 24px\">\n<td style=\"width: 98.1735%;height: 10px\" colspan=\"5\" width=\"375\"><span style=\"font-size: 12pt\">A conserver dans un endroit frais, sec et ventil\u00e9.<\/span><\/td>\n<\/tr>\n<tr style=\"height: 24px\">\n<td style=\"width: 98.1735%;height: 10px\" colspan=\"5\" width=\"125\"><\/td>\n<\/tr>\n<tr style=\"height: 24px\">\n<td style=\"width: 98.1735%;background-color: #ababab;height: 10px\" colspan=\"5\" width=\"125\"><span style=\"font-size: 14pt\"><strong>TRANSPORTS<\/strong><\/span><\/td>\n<\/tr>\n<tr style=\"height: 48px\">\n<td style=\"width: 98.1735%;height: 10px\" colspan=\"5\" width=\"375\"><span style=\"font-size: 12pt\">\u00c9viter l'inversion, la lumi\u00e8re du soleil, l'humidit\u00e9 et les chocs. \u00c9viter d'endommager l'emballage.<\/span><\/td>\n<\/tr>\n<\/tbody>\n<\/table>\n<ul>\n<li>Solidit\u00e9 \u00e0 la lumi\u00e8re : La solidit\u00e9 \u00e0 la lumi\u00e8re est \u00e9valu\u00e9e sur une \u00e9chelle de 1 \u00e0 8 pour la laine bleue, o\u00f9 1 = \u2018m\u00e9diocre\u2019 et 8 = \u2018excellent\u2019.<\/li>\n<li>Stabilit\u00e9 \u00e0 la chaleur : Les valeurs de stabilit\u00e9 \u00e0 la chaleur indiqu\u00e9es correspondent \u00e0 la temp\u00e9rature maximale \u00e0 laquelle le pigment peut \u00eatre stock\u00e9 pendant 10 minutes sur la totalit\u00e9 de la teinte et dans les r\u00e9ductions sans subir de changement significatif de teinte.<\/li>\n<li>Absorption d'huile : L'absorption d'huile est d\u00e9termin\u00e9e sur la base de la norme EN ISO 787-5 et indiqu\u00e9e en g d'huile de lin pour 100 g de pigment.<\/li>\n<li>Saignement dans les solvants : Le ressuage dans les solvants est test\u00e9 en utilisant les qualit\u00e9s de poudre et l'\u00e9valuation visuelle est donn\u00e9e sur une \u00e9chelle grise de 1 \u00e0 5.<br \/>\no\u00f9 1 = \u2018Saignement abondant\u2019 et 5 = \u2018Pas de saignement\u201d.\u201d<\/li>\n<\/ul>\n<p>Disclaimer \u2013 The information given in this data sheet is based on the present state of our knowledge &amp; is intended as a general description of our products &amp; their possible applications. Due to the multitude of formulations, production &amp; application conditions, all the above mentioned data have to be adjusted to the circumstances of the processor. No liabilities, including those for patent rights, can be derived from this fact for individual cases. It cannot be ruled out that this product contains particles &lt; 0.1 \u03bcm. Any user of this product is responsible for determining the suitability of Honor Pigments\u2019s products for its particular application &amp; to ensure that any proprietary rights &amp; existing laws &amp; legislation are observed.<\/p>\n<div class=\"honor-product-overview\" style=\"margin-top:40px;border-top:2px solid #f6c405;padding-top:30px\">\n<h3>Why Choose Honor Pigments?<\/h3>\n<ul>\n<li>\ud83c\udf0d <strong>Global Export Expertise<\/strong> \u2014 Trusted by customers in 40+ countries for consistent quality and reliable supply<\/li>\n<li>\u2705 <strong>Strict Quality Control<\/strong> \u2014 ISO 9001 certified with batch-to-batch consistency and zero-defect policy<\/li>\n<li>\ud83d\udcb0 <strong>OEM Production Advantage<\/strong> \u2014 Competitive pricing without compromising pigment performance<\/li>\n<li>\ud83e\uddea <strong>Technical Support<\/strong> \u2014 Free color matching, formulation advice and sample testing before bulk order<\/li>\n<\/ul>\n<div style=\"background:#f8f9fa;padding:20px;border-left:4px solid #f6c405;margin:20px 0\">\n<p><strong>\ud83d\udce9 Need more details?<\/strong><\/p>\n<p>Request TDS, SDS, or a free sample for testing.<\/p>\n<\/div>\n<\/div>","protected":false},"excerpt":{"rendered":"<p>C.I.NO. : PR170F5RK<\/p>\n<p>Avantage : Couleur vive<\/p>\n<p>Application principale Recommand\u00e9 : Peintures industrielles<\/p>","protected":false},"featured_media":3401,"template":"","meta":[],"product_brand":[],"product_cat":[15,74,61,72,73,75,62,95,63,91,76,92,77,71],"product_tag":[],"class_list":{"0":"post-3403","1":"product","2":"type-product","3":"status-publish","4":"has-post-thumbnail","6":"product_cat-organic-pigments","7":"product_cat-pigments-for-auto-paints","8":"product_cat-pigments-for-coatings-paints","9":"product_cat-pigments-for-coil-coatings","10":"product_cat-pigments-for-industrial-coatings","11":"product_cat-pigments-for-offset-inks","12":"product_cat-pigments-for-plasticsampmasterbatch","13":"product_cat-pigments-for-powder-coatings","14":"product_cat-pigments-for-printing-inks","15":"product_cat-pigments-for-solvent-based-coatings","16":"product_cat-pigments-for-sovlent-based-inks","17":"product_cat-pigments-for-water-based-coatings","18":"product_cat-pigments-for-water-based-inks","19":"product_cat-pigments-for-wood-coatings","20":"stm_brands-honor-pigments","21":"stm_brands-hot-products","23":"first","24":"instock","25":"shipping-taxable","26":"product-type-simple"},"_links":{"self":[{"href":"https:\/\/www.honorpigment.com\/fr\/wp-json\/wp\/v2\/product\/3403","targetHints":{"allow":["GET"]}}],"collection":[{"href":"https:\/\/www.honorpigment.com\/fr\/wp-json\/wp\/v2\/product"}],"about":[{"href":"https:\/\/www.honorpigment.com\/fr\/wp-json\/wp\/v2\/types\/product"}],"version-history":[{"count":2,"href":"https:\/\/www.honorpigment.com\/fr\/wp-json\/wp\/v2\/product\/3403\/revisions"}],"predecessor-version":[{"id":8797,"href":"https:\/\/www.honorpigment.com\/fr\/wp-json\/wp\/v2\/product\/3403\/revisions\/8797"}],"wp:featuredmedia":[{"embeddable":true,"href":"https:\/\/www.honorpigment.com\/fr\/wp-json\/wp\/v2\/media\/3401"}],"wp:attachment":[{"href":"https:\/\/www.honorpigment.com\/fr\/wp-json\/wp\/v2\/media?parent=3403"}],"wp:term":[{"taxonomy":"product_brand","embeddable":true,"href":"https:\/\/www.honorpigment.com\/fr\/wp-json\/wp\/v2\/product_brand?post=3403"},{"taxonomy":"product_cat","embeddable":true,"href":"https:\/\/www.honorpigment.com\/fr\/wp-json\/wp\/v2\/product_cat?post=3403"},{"taxonomy":"product_tag","embeddable":true,"href":"https:\/\/www.honorpigment.com\/fr\/wp-json\/wp\/v2\/product_tag?post=3403"}],"curies":[{"name":"wp","href":"https:\/\/api.w.org\/{rel}","templated":true}]}}