{"id":3287,"date":"2025-08-31T17:31:17","date_gmt":"2025-08-31T09:31:17","guid":{"rendered":"https:\/\/www.honorpigments.com\/?post_type=product&#038;p=3287"},"modified":"2026-05-02T16:47:41","modified_gmt":"2026-05-02T08:47:41","slug":"rouge-a-solvant-179-colorants-a-solvant","status":"publish","type":"product","link":"https:\/\/www.honorpigment.com\/fr\/produit\/rouge-a-solvant-179-colorants-a-solvant\/","title":{"rendered":"Solvent Red 179 \/ Colorants \u00e0 solvant"},"content":{"rendered":"<h3><strong><b>Description <\/b><\/strong><\/h3>\n<p>Solvent Red 179 est un colorant \u00e0 base de solvant huileux rouge transparent jaun\u00e2tre.<\/p>\n<p>It has good heat resistance and light fastness, good migration resistance and high tin Solvent Red 179 is widely recognized for its exceptional performance in various industrial applications. Its robust properties make it suitable for use in solvent-based systems where durability and color integrity are paramount. Additionally, the dye&#8217;s compatibility with different substrates enhances its versatility, allowing for effective formulation in coatings, inks, and plastics. Overall, Solvent Red 179 stands out as a reliable choice for achieving vibrant coloration in demanding environments. ting strength. Solvent Red 179&#8217;s equivalence is Red E2G.<\/p>\n<p>Il est recommand\u00e9 pour les plastiques, PS PET PA PC ABS (polyol\u00e9fine, polyester, polycabonate, polyamide), etc. Il peut \u00e9galement \u00eatre utilis\u00e9 dans les fibres de polyester (PET).<\/p>\n<h3><strong><b>Informations sur l'identification :<\/b><\/strong><\/h3>\n<p>Indice de couleur : Rouge solvant 179<\/p>\n<p>Formule mol\u00e9culaire : C<sub>22<\/sub>H<sub>12<\/sub>N<sub>2<\/sub>O<\/p>\n<p>Num\u00e9ro CAS : 89106-94-5<\/p>\n<h3><strong><b>Produit<\/b><\/strong><strong><b>\u00a0<\/b><\/strong><strong><b>sp\u00e9cification<\/b><\/strong><\/h3>\n<p>Aspect poudre rouge<\/p>\n<p>Pouvoir colorant 100\u00b13%<\/p>\n<p>Couleur de l'abat-jour Similaire \u00e0 la norme,<\/p>\n<p>Fr\u00eane \u2264 1,0%<\/p>\n<p>Humidit\u00e9 \u2264 1,0%<\/p>\n<p>Valeur diff\u00e9rentielle de couleur\u0394E \u2264 0,8<\/p>\n<p>Densit\u00e9 g\/cm3 1,40<\/p>\n<p>Point de fusion \u2103 255<\/p>\n<h3><strong><b>Donn\u00e9es techniques<\/b><\/strong><\/h3>\n<table>\n<tbody>\n<tr>\n<td width=\"307\"><strong>Test<\/strong><strong>\u00a0<\/strong><strong>Articles<\/strong><\/td>\n<td width=\"58\"><strong>PS<\/strong><\/td>\n<td width=\"58\"><strong>ABS<\/strong><\/td>\n<td width=\"58\"><strong>SAN<\/strong><\/td>\n<td width=\"58\"><strong>PMMA<\/strong><\/td>\n<td width=\"58\"><strong>PC<\/strong><\/td>\n<td width=\"58\"><strong>R-<\/strong><strong>PVC<\/strong><\/td>\n<td width=\"58\"><strong>PA6<\/strong><\/td>\n<td width=\"58\"><strong>PET<\/strong><\/td>\n<\/tr>\n<tr>\n<td width=\"307\">Temp\u00e9rature de r\u00e9sistance \u00e0 la chaleur, \u2103<\/p>\n<p>(0,05% colorants, transparents)<\/td>\n<td width=\"58\">300<\/td>\n<td width=\"58\">300<\/td>\n<td width=\"58\">-<\/td>\n<td width=\"58\">-<\/td>\n<td width=\"58\">340<\/td>\n<td width=\"58\">-<\/td>\n<td width=\"58\">-<\/td>\n<td width=\"58\">320<\/td>\n<\/tr>\n<tr>\n<td width=\"307\">Temp\u00e9rature de r\u00e9sistance \u00e0 la chaleur, \u2103<\/p>\n<p>(0,05% de colorants + 1,0% de dioxyde de titane)<\/td>\n<td width=\"58\">300<\/td>\n<td width=\"58\">300<\/td>\n<td width=\"58\">-<\/td>\n<td width=\"58\">-<\/td>\n<td width=\"58\">340<\/td>\n<td width=\"58\">-<\/td>\n<td width=\"58\">-<\/td>\n<td width=\"58\">320<\/td>\n<\/tr>\n<tr>\n<td width=\"307\">R\u00e9sistance \u00e0 la migration<\/td>\n<td width=\"58\">5<\/td>\n<td width=\"58\">5<\/td>\n<td width=\"58\">-<\/td>\n<td width=\"58\">-<\/td>\n<td width=\"58\">5<\/td>\n<td width=\"58\">5<\/td>\n<td width=\"58\">5<\/td>\n<td width=\"58\">5<\/td>\n<\/tr>\n<tr>\n<td width=\"307\">Solidit\u00e9 \u00e0 la lumi\u00e8re (colorants 0.05%, transparents)<\/td>\n<td width=\"58\">7-8<\/td>\n<td width=\"58\">7-8<\/td>\n<td width=\"58\">-<\/td>\n<td width=\"58\">-<\/td>\n<td width=\"58\">-<\/td>\n<td width=\"58\">7-8<\/td>\n<td width=\"58\"><\/td>\n<td width=\"58\">-<\/td>\n<\/tr>\n<tr>\n<td width=\"307\">R\u00e9sistance aux intemp\u00e9ries<\/td>\n<td width=\"58\">-<\/td>\n<td width=\"58\">-<\/td>\n<td width=\"58\">-<\/td>\n<td width=\"58\">-<\/td>\n<td width=\"58\">-<\/td>\n<td width=\"58\">-<\/td>\n<td width=\"58\">-<\/td>\n<td width=\"58\">-<\/td>\n<\/tr>\n<tr>\n<td width=\"307\">R\u00e9sistance aux acides (dans une solution d'acide chlorhydrique 5%)<\/td>\n<td width=\"58\">-<\/td>\n<td width=\"58\">-<\/td>\n<td width=\"58\">-<\/td>\n<td width=\"58\">-<\/td>\n<td width=\"58\">-<\/td>\n<td width=\"58\">5<\/td>\n<td width=\"58\">-<\/td>\n<td width=\"58\">-<\/td>\n<\/tr>\n<tr>\n<td width=\"307\">R\u00e9sistance aux alcalis (dans une solution de soude caustique 5%)<\/td>\n<td width=\"58\">-<\/td>\n<td width=\"58\">-<\/td>\n<td width=\"58\">-<\/td>\n<td width=\"58\">-<\/td>\n<td width=\"58\">-<\/td>\n<td width=\"58\">5<\/td>\n<td width=\"58\">-<\/td>\n<td width=\"58\">-<\/td>\n<\/tr>\n<\/tbody>\n<\/table>\n<h3><strong><b>Application<\/b><\/strong><strong><b>\u00a0<\/b><\/strong><strong><b>Profil<\/b><\/strong><strong>\u00a0<\/strong><\/h3>\n<table>\n<tbody>\n<tr>\n<td width=\"129\"><strong>PS<\/strong><\/td>\n<td width=\"129\">\u25cf<\/td>\n<td width=\"129\"><strong>PET<\/strong><\/td>\n<td width=\"129\">\u25cf<\/td>\n<td width=\"129\"><strong>PC<\/strong><\/td>\n<td width=\"129\">\u25cf<\/td>\n<\/tr>\n<tr>\n<td width=\"129\"><strong>AS<\/strong><\/td>\n<td width=\"129\">\u25cf<\/td>\n<td width=\"129\"><strong>PVC-<\/strong><strong>\u00a0<\/strong><strong>R<\/strong><\/td>\n<td width=\"129\">\u25cf<\/td>\n<td width=\"129\"><strong>SAN<\/strong><\/td>\n<td width=\"129\">\u25cf<\/td>\n<\/tr>\n<tr>\n<td width=\"129\"><strong>ABS<\/strong><\/td>\n<td width=\"129\">\u25cf<\/td>\n<td width=\"129\"><strong>PVC-U<\/strong><\/td>\n<td width=\"129\">\u25cf<\/td>\n<td width=\"129\"><strong>\u00a0<\/strong><\/td>\n<td width=\"129\"><\/td>\n<\/tr>\n<tr>\n<td width=\"129\"><strong>PMMA<\/strong><\/td>\n<td width=\"129\">\u25cf<\/td>\n<td width=\"129\"><\/td>\n<td width=\"129\"><\/td>\n<td width=\"129\"><\/td>\n<td width=\"129\"><\/td>\n<\/tr>\n<\/tbody>\n<\/table>\n<p><strong><b>Remarque :<\/b><\/strong><strong><b>\u00a0\u00a0\u00a0\u00a0<\/b><\/strong>\u25cf = recommand\u00e9 \u25cb = utilisation potentielle - = non recommand\u00e9<\/p>\n<h3>Solvent red 179 solubilit\u00e9 dans un solvant organique \u00e0 20\u2103(g\/l)<strong>\u00a0<\/strong><\/h3>\n<table>\n<tbody>\n<tr>\n<td width=\"154\"><strong>Ac\u00e9tone<\/strong><\/td>\n<td width=\"154\"><strong>Ac\u00e9tate de butyle<\/strong><\/td>\n<td width=\"154\"><strong>M\u00e9thylbenz\u00e8ne<\/strong><\/td>\n<td width=\"163\"><strong>Dichlorom\u00e9thane<\/strong><\/td>\n<td width=\"145\"><strong>Alcool \u00e9thylique<\/strong><\/td>\n<\/tr>\n<tr>\n<td width=\"154\"><strong>1.6<\/strong><\/td>\n<td width=\"154\"><strong>1.6<\/strong><\/td>\n<td width=\"154\"><strong>4.1<\/strong><\/td>\n<td width=\"163\"><strong>8<\/strong><\/td>\n<td width=\"145\"><strong>0.9<\/strong><\/td>\n<\/tr>\n<\/tbody>\n<\/table>\n<p><strong>\u00a0<\/strong><\/p>\n<p><strong>Recommand\u00e9<\/strong><strong>\u00a0Dosage<\/strong><\/p>\n<p>Transparent : 0,05<\/p>\n<p>Non-transparent : 0,08<\/p>\n<h3><strong>Emballage :<\/strong><\/h3>\n<p>L'emballage habituel est un f\u00fbt en papier de 25 kg, 450 kg par palette.<\/p>\n<div class=\"honor-product-overview\" style=\"margin-top:40px;border-top:2px solid #f6c405;padding-top:30px\">\n<h3>Why Choose Honor Pigments?<\/h3>\n<ul>\n<li>\ud83c\udf0d <strong>Global Export Expertise<\/strong> \u2014 Trusted by customers in 40+ countries for consistent quality and reliable supply<\/li>\n<li>\u2705 <strong>Strict Quality Control<\/strong> \u2014 ISO 9001 certified with batch-to-batch consistency and zero-defect policy<\/li>\n<li>\ud83d\udcb0 <strong>OEM Production Advantage<\/strong> \u2014 Competitive pricing without compromising pigment performance<\/li>\n<li>\ud83e\uddea <strong>Technical Support<\/strong> \u2014 Free color matching, formulation advice and sample testing before bulk order<\/li>\n<\/ul>\n<div style=\"background:#f8f9fa;padding:20px;border-left:4px solid #f6c405;margin:20px 0\">\n<p><strong>\ud83d\udce9 Need more details?<\/strong><\/p>\n<p>Request TDS, SDS, or a free sample for testing.<\/p>\n<\/div>\n<\/div>","protected":false},"excerpt":{"rendered":"<p>Indice de couleur : Rouge solvant 179<\/p>\n<p>Formule mol\u00e9culaire :    C<sub>22<\/sub>H<sub>12<\/sub>N<sub>2<\/sub>O<\/p>\n<p>Num\u00e9ro CAS : 89106-94-5<\/p>\n<p><strong>\u00a0<\/strong>Un rouge \u00e0 nuance jaune avec une tr\u00e8s bonne r\u00e9sistance \u00e0 la lumi\u00e8re et une excellente r\u00e9sistance \u00e0 la chaleur.<\/p>","protected":false},"featured_media":3422,"template":"","meta":{"rank_math_focus_keyword":"Solvent red 179,SR179","rank_math_description":"Solvent Red 179: Yellowish transparent red oil dye, good heat\/light\/migration resistance, high tinting. Equiv. Red E2G; for plastics, polyester fiber (PET).","rank_math_robots":null,"_rank_math_focus_keyword":"solvent red 179","rank_math_seo_score":"86"},"product_brand":[],"product_cat":[68,58],"product_tag":[360,359],"class_list":{"0":"post-3287","1":"product","2":"type-product","3":"status-publish","4":"has-post-thumbnail","6":"product_cat-solvent-dyes","7":"product_cat-dyestuffs","8":"product_tag-solvent-dyes-red-179","9":"product_tag-sr179","10":"stm_brands-honor-dyes","12":"first","13":"instock","14":"shipping-taxable","15":"product-type-simple"},"_links":{"self":[{"href":"https:\/\/www.honorpigment.com\/fr\/wp-json\/wp\/v2\/product\/3287","targetHints":{"allow":["GET"]}}],"collection":[{"href":"https:\/\/www.honorpigment.com\/fr\/wp-json\/wp\/v2\/product"}],"about":[{"href":"https:\/\/www.honorpigment.com\/fr\/wp-json\/wp\/v2\/types\/product"}],"version-history":[{"count":1,"href":"https:\/\/www.honorpigment.com\/fr\/wp-json\/wp\/v2\/product\/3287\/revisions"}],"predecessor-version":[{"id":8675,"href":"https:\/\/www.honorpigment.com\/fr\/wp-json\/wp\/v2\/product\/3287\/revisions\/8675"}],"wp:featuredmedia":[{"embeddable":true,"href":"https:\/\/www.honorpigment.com\/fr\/wp-json\/wp\/v2\/media\/3422"}],"wp:attachment":[{"href":"https:\/\/www.honorpigment.com\/fr\/wp-json\/wp\/v2\/media?parent=3287"}],"wp:term":[{"taxonomy":"product_brand","embeddable":true,"href":"https:\/\/www.honorpigment.com\/fr\/wp-json\/wp\/v2\/product_brand?post=3287"},{"taxonomy":"product_cat","embeddable":true,"href":"https:\/\/www.honorpigment.com\/fr\/wp-json\/wp\/v2\/product_cat?post=3287"},{"taxonomy":"product_tag","embeddable":true,"href":"https:\/\/www.honorpigment.com\/fr\/wp-json\/wp\/v2\/product_tag?post=3287"}],"curies":[{"name":"wp","href":"https:\/\/api.w.org\/{rel}","templated":true}]}}