{"id":3212,"date":"2025-08-28T16:29:59","date_gmt":"2025-08-28T08:29:59","guid":{"rendered":"https:\/\/www.honorpigments.com\/?post_type=product&#038;p=3212"},"modified":"2026-04-13T22:51:38","modified_gmt":"2026-04-13T14:51:38","slug":"3-buten-1-ol","status":"publish","type":"product","link":"https:\/\/www.honorpigment.com\/fr\/produit\/3-buten-1-ol\/","title":{"rendered":"3-Buten-1-ol (CAS NO. : 627-27-0)"},"content":{"rendered":"<h3 dir=\"auto\">Aper\u00e7u du produit<\/h3>\n<p dir=\"auto\">\u00a0<strong>3-Buten-1-ol<\/strong> (\u00e9galement connu sous le nom d'Allylcarbinol, alcool 3-but\u00e9nyle, alcool homoallylique) N\u00b0 CAS : 627-27-0, formule chimique C\u2084H\u2088O et poids mol\u00e9culaire de 72,11 g\/mol. Il s'agit d'un liquide clair, incolore ou l\u00e9g\u00e8rement jaune. Ce compos\u00e9 appartient \u00e0 la classe des alcools insatur\u00e9s (alcools homoallyliques) et est principalement utilis\u00e9 en synth\u00e8se organique et comme r\u00e9actif, bien qu'il soit soumis \u00e0 des r\u00e8gles de s\u00e9curit\u00e9 en raison de ses propri\u00e9t\u00e9s inflammables et irritantes.<\/p>\n<h3 dir=\"auto\">Propri\u00e9t\u00e9s<\/h3>\n<p dir=\"auto\">Le 3-but\u00e8ne-1-ol pr\u00e9sente les principales propri\u00e9t\u00e9s physiques et chimiques suivantes :<\/p>\n<ul dir=\"auto\">\n<li><strong>\u00c9tat physique<\/strong>: Liquide (\u00e0 temp\u00e9rature ambiante).<\/li>\n<li><strong>Apparence<\/strong>: Liquide clair, incolore \u00e0 l\u00e9g\u00e8rement jaune.<\/li>\n<li><strong>Odeur<\/strong>: Non sp\u00e9cifi\u00e9.<\/li>\n<li><strong>Point de fusion<\/strong>: -31,44 \u00b0C (estimation).<\/li>\n<li><strong>Point d'\u00e9bullition<\/strong>: 112-114 \u00b0C (lit.).<\/li>\n<li><strong>Densit\u00e9<\/strong>: 0,838 g\/mL \u00e0 25 \u00b0C (lit.).<\/li>\n<li><strong>Solubilit\u00e9<\/strong>: Soluble dans le chloroforme, le m\u00e9thanol ; soluble dans l'eau.<\/li>\n<li><strong>Stabilit\u00e9<\/strong>: Stable ; incompatible avec les acides, les chlorures d'acide, les anhydrides d'acide, les agents oxydants ; inflammable avec des limites d'explosivit\u00e9 2-28% (V).<\/li>\n<li><strong>Toxicit\u00e9<\/strong>: Mod\u00e9r\u00e9ment toxique ; fortement irritant pour la peau et les yeux ; peut provoquer une irritation des voies respiratoires ; toxique pour les organismes aquatiques avec des effets de longue dur\u00e9e.<\/li>\n<\/ul>\n<h3 dir=\"auto\">Applications<\/h3>\n<p dir=\"auto\">Les principales applications du 3-but\u00e8ne-1-ol sont les suivantes :<\/p>\n<ul dir=\"auto\">\n<li><strong>Interm\u00e9diaire de synth\u00e8se organique<\/strong>: Utilis\u00e9 comme r\u00e9actif de d\u00e9part dans la synth\u00e8se totale asym\u00e9trique du s\u00e9imatopolide B naturel et dans la synth\u00e8se de nanoparticules bim\u00e9talliques catalytiques.<\/li>\n<li><strong>R\u00e9actif<\/strong>: Utilis\u00e9 dans des \u00e9tudes sur l'hydrohydrazination d'ol\u00e9fines catalys\u00e9e par le Mn et la conversion d'ac\u00e9tates propargyliques en \u00e9thers catalys\u00e9e par le chlorure ferrique.<\/li>\n<li><strong>Autres<\/strong>: Sert de r\u00e9actif \u00e0 l'alcool primaire aliphatique dans divers processus de synth\u00e8se organique.<\/li>\n<\/ul>\n<h3 dir=\"auto\">Classification<\/h3>\n<p dir=\"auto\">Le tableau suivant pr\u00e9sente la classification du 3-but\u00e8ne-1-ol en fonction de ses propri\u00e9t\u00e9s chimiques, de ses utilisations et de sa r\u00e9glementation :<\/p>\n<div dir=\"auto\">\n<div>\n<div><\/div>\n<\/div>\n<table dir=\"auto\" data-wide=\"false\">\n<thead>\n<tr>\n<th data-col-size=\"sm\">Type de classification<\/th>\n<th data-col-size=\"lg\">Cat\u00e9gorie sp\u00e9cifique<\/th>\n<th data-col-size=\"xl\">Description<\/th>\n<\/tr>\n<\/thead>\n<tbody>\n<tr>\n<td data-col-size=\"sm\"><strong>Classe chimique<\/strong><\/td>\n<td data-col-size=\"lg\">Alcool insatur\u00e9 (alcool homoallylique)<\/td>\n<td data-col-size=\"xl\">Alcool primaire avec un groupe alc\u00e8ne, r\u00e9actif dans les r\u00e9actions nucl\u00e9ophiles et autres r\u00e9actions organiques.<\/td>\n<\/tr>\n<tr>\n<td data-col-size=\"sm\"><strong>Classe d'utilisation<\/strong><\/td>\n<td data-col-size=\"lg\">R\u00e9actif de synth\u00e8se organique\/Interm\u00e9diaire<\/td>\n<td data-col-size=\"xl\">Principalement utilis\u00e9 comme r\u00e9actif et interm\u00e9diaire dans la synth\u00e8se chimique.<\/td>\n<\/tr>\n<tr>\n<td data-col-size=\"sm\"><strong>Classe de danger<\/strong><\/td>\n<td data-col-size=\"lg\">Liquide inflammable (UN 1987) ; Irritant<\/td>\n<td data-col-size=\"xl\">Inflammable (H226, Flam. Liq. 3) ; irritant pour la peau (H315), irritant pour les yeux (H319), irritant pour les voies respiratoires (H335) ; SGH02, SGH07 ; Groupe d'emballage II.<\/td>\n<\/tr>\n<tr>\n<td data-col-size=\"sm\"><strong>Classe r\u00e9glementaire<\/strong><\/td>\n<td data-col-size=\"lg\">Produit chimique contr\u00f4l\u00e9 (REACH, TSCA)<\/td>\n<td data-col-size=\"xl\">List\u00e9 dans le registre des substances de l'US TSCA et de l'EPA ; code HS 29052990 ; soumis \u00e0 des contr\u00f4les de s\u00e9curit\u00e9 et de protection de l'environnement.<\/td>\n<\/tr>\n<\/tbody>\n<\/table>\n<\/div>\n<div class=\"honor-product-overview\" style=\"margin-top:40px;border-top:2px solid #f6c405;padding-top:30px\">\n<h3>Why Choose Honor Pigments?<\/h3>\n<ul>\n<li>\ud83c\udf0d <strong>Global Export Expertise<\/strong> \u2014 Trusted by customers in 40+ countries for consistent quality and reliable supply<\/li>\n<li>\u2705 <strong>Strict Quality Control<\/strong> \u2014 ISO 9001 certified with batch-to-batch consistency and zero-defect policy<\/li>\n<li>\ud83d\udcb0 <strong>OEM Production Advantage<\/strong> \u2014 Competitive pricing without compromising pigment performance<\/li>\n<li>\ud83e\uddea <strong>Technical Support<\/strong> \u2014 Free color matching, formulation advice and sample testing before bulk order<\/li>\n<\/ul>\n<div style=\"background:#f8f9fa;padding:20px;border-left:4px solid #f6c405;margin:20px 0\">\n<p><strong>\ud83d\udce9 Need more details?<\/strong><\/p>\n<p>Request TDS, SDS, or a free sample for testing.<\/p>\n<\/div>\n<\/div>","protected":false},"excerpt":{"rendered":"<p>NUM\u00c9RO DE CAS : 627-27-0<\/p>\n<p>Contenu:98.00%<\/p>\n<p>Application : Utilis\u00e9 comme r\u00e9actif de d\u00e9part dans la synth\u00e8se totale asym\u00e9trique du s\u00e9imatopolide B naturel et dans la synth\u00e8se de nanoparticules bim\u00e9talliques catalytiques.<\/p>","protected":false},"featured_media":3213,"template":"","meta":[],"product_brand":[],"product_cat":[86],"product_tag":[],"class_list":{"0":"post-3212","1":"product","2":"type-product","3":"status-publish","4":"has-post-thumbnail","6":"product_cat-brominated-compounds-and-derivatives","7":"stm_brands-honor-intermediates","9":"first","10":"instock","11":"shipping-taxable","12":"product-type-simple"},"_links":{"self":[{"href":"https:\/\/www.honorpigment.com\/fr\/wp-json\/wp\/v2\/product\/3212","targetHints":{"allow":["GET"]}}],"collection":[{"href":"https:\/\/www.honorpigment.com\/fr\/wp-json\/wp\/v2\/product"}],"about":[{"href":"https:\/\/www.honorpigment.com\/fr\/wp-json\/wp\/v2\/types\/product"}],"version-history":[{"count":1,"href":"https:\/\/www.honorpigment.com\/fr\/wp-json\/wp\/v2\/product\/3212\/revisions"}],"predecessor-version":[{"id":8689,"href":"https:\/\/www.honorpigment.com\/fr\/wp-json\/wp\/v2\/product\/3212\/revisions\/8689"}],"wp:featuredmedia":[{"embeddable":true,"href":"https:\/\/www.honorpigment.com\/fr\/wp-json\/wp\/v2\/media\/3213"}],"wp:attachment":[{"href":"https:\/\/www.honorpigment.com\/fr\/wp-json\/wp\/v2\/media?parent=3212"}],"wp:term":[{"taxonomy":"product_brand","embeddable":true,"href":"https:\/\/www.honorpigment.com\/fr\/wp-json\/wp\/v2\/product_brand?post=3212"},{"taxonomy":"product_cat","embeddable":true,"href":"https:\/\/www.honorpigment.com\/fr\/wp-json\/wp\/v2\/product_cat?post=3212"},{"taxonomy":"product_tag","embeddable":true,"href":"https:\/\/www.honorpigment.com\/fr\/wp-json\/wp\/v2\/product_tag?post=3212"}],"curies":[{"name":"wp","href":"https:\/\/api.w.org\/{rel}","templated":true}]}}