{"id":3197,"date":"2025-08-28T15:28:02","date_gmt":"2025-08-28T07:28:02","guid":{"rendered":"https:\/\/www.honorpigments.com\/?post_type=product&#038;p=3197"},"modified":"2026-03-23T21:22:17","modified_gmt":"2026-03-23T13:22:17","slug":"1-bromododecane","status":"publish","type":"product","link":"https:\/\/www.honorpigment.com\/fr\/produit\/1-bromododecane\/","title":{"rendered":"1-Bromodod\u00e9cane \uff08CAS NO. : 143-15-7\uff09"},"content":{"rendered":"<h3 dir=\"auto\">Aper\u00e7u du produit<\/h3>\n<p dir=\"auto\"><strong>1-Bromodod\u00e9cane<\/strong> (\u00e9galement connu sous le nom de bromure de n-dod\u00e9cyle ou bromure de dod\u00e9cyle) avec le num\u00e9ro CAS : 143-15-7 , avec la formule chimique C\u2081\u2082H\u2082\u2085Br et un poids mol\u00e9culaire de 249,23 g\/mol. Il s'agit d'un liquide clair, incolore \u00e0 jaune clair, \u00e0 l'odeur caract\u00e9ristique. Ce compos\u00e9 appartient \u00e0 la classe des halog\u00e9nures d'alkyle et est principalement utilis\u00e9 dans la synth\u00e8se organique et les applications industrielles, bien qu'il soit soumis \u00e0 des r\u00e9glementations en mati\u00e8re d'environnement et de s\u00e9curit\u00e9 en raison de ses propri\u00e9t\u00e9s irritantes et de ses dangers potentiels.<\/p>\n<h3 dir=\"auto\">Propri\u00e9t\u00e9s<\/h3>\n<p dir=\"auto\">Le 1-bromodod\u00e9cane pr\u00e9sente les principales propri\u00e9t\u00e9s physiques et chimiques suivantes :<\/p>\n<ul dir=\"auto\">\n<li><strong>\u00c9tat physique<\/strong>: Liquide (\u00e0 temp\u00e9rature ambiante).<\/li>\n<li><strong>Apparence<\/strong>: Liquide clair, incolore \u00e0 jaune clair.<\/li>\n<li><strong>Odeur<\/strong>: Odeur caract\u00e9ristique.<\/li>\n<li><strong>Point de fusion<\/strong>: -9.5 \u00b0C.<\/li>\n<li><strong>Point d'\u00e9bullition<\/strong>276 \u00b0C (ou 134-135 \u00b0C \u00e0 6 mmHg).<\/li>\n<li><strong>Densit\u00e9<\/strong>: 1,038 g\/mL \u00e0 25 \u00b0C.<\/li>\n<li><strong>Solubilit\u00e9<\/strong>: Insoluble dans l'eau ; miscible avec les solvants organiques tels que l'\u00e9thanol et l'\u00e9ther.<\/li>\n<li><strong>Stabilit\u00e9<\/strong>: Stable dans des conditions normales mais sensible \u00e0 l'air ; inflammable avec un point d'\u00e9clair de 110-146 \u00b0C ; incompatible avec les oxydants forts, les bases et les m\u00e9taux ; stocker sous gaz inerte dans un endroit frais et sombre.<\/li>\n<li><strong>Toxicit\u00e9<\/strong>: Mod\u00e9r\u00e9ment toxique ; provoque une irritation de la peau, des yeux et des voies respiratoires ; peut provoquer des troubles neurologiques ; mot indicateur \u201cAvertissement\u201d.<\/li>\n<\/ul>\n<h3 dir=\"auto\">Applications<\/h3>\n<p dir=\"auto\">Les principales applications du 1-bromodod\u00e9cane sont les suivantes :<\/p>\n<ul dir=\"auto\">\n<li><strong>Interm\u00e9diaire de synth\u00e8se organique<\/strong>: Utilis\u00e9 comme agent alkylant \u00e0 longue cha\u00eene pour introduire le groupe dod\u00e9cyle dans la production de produits pharmaceutiques, agrochimiques, surfactants et autres compos\u00e9s organiques ; am\u00e9liore la lipophilie et l'hydrophobicit\u00e9 des mol\u00e9cules pour les applications biologiques ; utilis\u00e9 dans la synth\u00e8se de m\u00e9dicaments d\u00e9sinfectants et de nanocomposites antimicrobiens.<\/li>\n<li><strong>Solvant<\/strong>: Utilis\u00e9 dans divers processus industriels et en laboratoire pour modifier la solubilit\u00e9 et l'aptitude au traitement.<\/li>\n<li><strong>Autres<\/strong>: Synth\u00e8se de produits chimiques sp\u00e9cialis\u00e9s tels que les ur\u00e9thanes \u00e9thoxyl\u00e9s, les polyur\u00e9thanes et les mat\u00e9riaux pour l'\u00e9lectronique organique.<\/li>\n<\/ul>\n<h3 dir=\"auto\">Classification<\/h3>\n<p dir=\"auto\">Le tableau suivant pr\u00e9sente la classification du 1-bromodod\u00e9cane en fonction de ses propri\u00e9t\u00e9s chimiques, de ses utilisations et de sa r\u00e9glementation :<\/p>\n<div dir=\"auto\">\n<div>\n<div><\/div>\n<\/div>\n<table dir=\"auto\" data-wide=\"false\">\n<thead>\n<tr>\n<th data-col-size=\"sm\">Type de classification<\/th>\n<th data-col-size=\"md\">Cat\u00e9gorie sp\u00e9cifique<\/th>\n<th data-col-size=\"xl\">Description<\/th>\n<\/tr>\n<\/thead>\n<tbody>\n<tr>\n<td data-col-size=\"sm\"><strong>Classe chimique<\/strong><\/td>\n<td data-col-size=\"md\">Halog\u00e9nure d'alkyle (bromoalcane)<\/td>\n<td data-col-size=\"xl\">Alcanes brom\u00e9s primaires, r\u00e9actifs dans les r\u00e9actions de substitution nucl\u00e9ophile (par exemple, SN2).<\/td>\n<\/tr>\n<tr>\n<td data-col-size=\"sm\"><strong>Classe d'utilisation<\/strong><\/td>\n<td data-col-size=\"md\">R\u00e9actif de synth\u00e8se organique\/solvant<\/td>\n<td data-col-size=\"xl\">Principalement un interm\u00e9diaire pour la synth\u00e8se chimique dans les laboratoires et l'industrie.<\/td>\n<\/tr>\n<tr>\n<td data-col-size=\"sm\"><strong>Classe de danger<\/strong><\/td>\n<td data-col-size=\"md\">Liquide inflammable ; Irritant<\/td>\n<td data-col-size=\"xl\">Provoque une irritation de la peau (H315), une irritation des yeux (H319) et une irritation des voies respiratoires (H335) ; combustible (classe de stockage 10) ; WGK 3 en Allemagne.<\/td>\n<\/tr>\n<tr>\n<td data-col-size=\"sm\"><strong>Classe r\u00e9glementaire<\/strong><\/td>\n<td data-col-size=\"md\">Produit chimique contr\u00f4l\u00e9 (REACH, TSCA)<\/td>\n<td data-col-size=\"xl\">List\u00e9 sous REACH (EC 205-587-9) et TSCA ; soumis \u00e0 des fiches de donn\u00e9es de s\u00e9curit\u00e9, \u00e0 des contr\u00f4les environnementaux et \u00e0 des restrictions d'utilisation professionnelle.<\/td>\n<\/tr>\n<\/tbody>\n<\/table>\n<\/div>","protected":false},"excerpt":{"rendered":"<p>NUM\u00c9RO DE CAS : 143-15-7<\/p>\n<p>Contenu:99.00%<\/p>\n<p>Application : Utilis\u00e9 comme agent d'alkylation \u00e0 longue cha\u00eene pour introduire le groupe dod\u00e9cyle dans la production de produits pharmaceutiques, agrochimiques, surfactants et autres compos\u00e9s organiques ; am\u00e9liore la lipophilie et l'hydrophobicit\u00e9 des mol\u00e9cules pour les applications biologiques ; utilis\u00e9 dans la synth\u00e8se de m\u00e9dicaments d\u00e9sinfectants et de nanocomposites antimicrobiens.<\/p>","protected":false},"featured_media":3198,"template":"","meta":[],"product_brand":[],"product_cat":[86],"product_tag":[],"class_list":{"0":"post-3197","1":"product","2":"type-product","3":"status-publish","4":"has-post-thumbnail","6":"product_cat-brominated-compounds-and-derivatives","8":"first","9":"instock","10":"shipping-taxable","11":"product-type-simple"},"_links":{"self":[{"href":"https:\/\/www.honorpigment.com\/fr\/wp-json\/wp\/v2\/product\/3197","targetHints":{"allow":["GET"]}}],"collection":[{"href":"https:\/\/www.honorpigment.com\/fr\/wp-json\/wp\/v2\/product"}],"about":[{"href":"https:\/\/www.honorpigment.com\/fr\/wp-json\/wp\/v2\/types\/product"}],"version-history":[{"count":0,"href":"https:\/\/www.honorpigment.com\/fr\/wp-json\/wp\/v2\/product\/3197\/revisions"}],"wp:featuredmedia":[{"embeddable":true,"href":"https:\/\/www.honorpigment.com\/fr\/wp-json\/wp\/v2\/media\/3198"}],"wp:attachment":[{"href":"https:\/\/www.honorpigment.com\/fr\/wp-json\/wp\/v2\/media?parent=3197"}],"wp:term":[{"taxonomy":"product_brand","embeddable":true,"href":"https:\/\/www.honorpigment.com\/fr\/wp-json\/wp\/v2\/product_brand?post=3197"},{"taxonomy":"product_cat","embeddable":true,"href":"https:\/\/www.honorpigment.com\/fr\/wp-json\/wp\/v2\/product_cat?post=3197"},{"taxonomy":"product_tag","embeddable":true,"href":"https:\/\/www.honorpigment.com\/fr\/wp-json\/wp\/v2\/product_tag?post=3197"}],"curies":[{"name":"wp","href":"https:\/\/api.w.org\/{rel}","templated":true}]}}