{"id":346,"date":"2018-07-28T16:07:17","date_gmt":"2018-07-28T16:07:17","guid":{"rendered":"http:\/\/manufacturer.stylemixthemes.com\/?page_id=346"},"modified":"2026-04-11T20:56:36","modified_gmt":"2026-04-11T12:56:36","slug":"leading-pigments-suppliers-pigments-suppliers","status":"publish","type":"page","link":"https:\/\/www.honorpigment.com\/fr\/leading-pigments-suppliers-pigments-suppliers\/","title":{"rendered":"\u00c0 propos de nous"},"content":{"rendered":"<div data-elementor-type=\"wp-post\" data-elementor-id=\"346\" class=\"elementor elementor-346\" data-elementor-post-type=\"page\">\n\t\t\t\t\t\t<section class=\"elementor-section elementor-top-section elementor-element elementor-element-30e1922 elementor-section-boxed elementor-section-height-default elementor-section-height-default\" data-id=\"30e1922\" data-element_type=\"section\" data-e-type=\"section\" data-settings=\"{&quot;background_background&quot;:&quot;classic&quot;}\">\n\t\t\t\t\t\t<div class=\"elementor-container elementor-column-gap-default\">\n\t\t\t\t\t<div class=\"elementor-column elementor-col-100 elementor-top-column elementor-element elementor-element-8a23eb7\" data-id=\"8a23eb7\" data-element_type=\"column\" data-e-type=\"column\">\n\t\t\t<div class=\"elementor-widget-wrap elementor-element-populated\">\n\t\t\t\t\t\t<div class=\"elementor-element elementor-element-684555a elementor-widget elementor-widget-heading\" data-id=\"684555a\" data-element_type=\"widget\" data-e-type=\"widget\" data-widget_type=\"heading.default\">\n\t\t\t\t<div class=\"elementor-widget-container\">\n\t\t\t\t\t<h2 class=\"elementor-heading-title elementor-size-default\">\u00c0 PROPOS DE NOUS<\/h2>\t\t\t\t<\/div>\n\t\t\t\t<\/div>\n\t\t\t\t\t<\/div>\n\t\t<\/div>\n\t\t\t\t\t<\/div>\n\t\t<\/section>\n\t\t\t\t<section class=\"elementor-section elementor-top-section elementor-element elementor-element-6c3c861 elementor-section-boxed elementor-section-height-default elementor-section-height-default\" data-id=\"6c3c861\" data-element_type=\"section\" data-e-type=\"section\" data-settings=\"{&quot;background_background&quot;:&quot;classic&quot;}\">\n\t\t\t\t\t\t<div class=\"elementor-container elementor-column-gap-default\">\n\t\t\t\t\t<div class=\"elementor-column elementor-col-100 elementor-top-column elementor-element elementor-element-4a638c5\" data-id=\"4a638c5\" data-element_type=\"column\" data-e-type=\"column\">\n\t\t\t<div class=\"elementor-widget-wrap elementor-element-populated\">\n\t\t\t\t\t\t<div class=\"elementor-element elementor-element-9f35ed7 elementor-widget elementor-widget-woocommerce-breadcrumb\" data-id=\"9f35ed7\" data-element_type=\"widget\" data-e-type=\"widget\" data-widget_type=\"woocommerce-breadcrumb.default\">\n\t\t\t\t<div class=\"elementor-widget-container\">\n\t\t\t\t\t<nav class=\"woocommerce-breadcrumb\" aria-label=\"Breadcrumb\" data-no-translation=\"\" data-trp-gettext=\"\">Accueil<\/nav>\t\t\t\t<\/div>\n\t\t\t\t<\/div>\n\t\t\t\t\t<\/div>\n\t\t<\/div>\n\t\t\t\t\t<\/div>\n\t\t<\/section>\n\t\t\t\t<section class=\"elementor-section elementor-top-section elementor-element elementor-element-885ab4f elementor-section-boxed elementor-section-height-default elementor-section-height-default\" data-id=\"885ab4f\" data-element_type=\"section\" data-e-type=\"section\">\n\t\t\t\t\t\t<div class=\"elementor-container elementor-column-gap-default\">\n\t\t\t\t\t<div class=\"elementor-column elementor-col-100 elementor-top-column elementor-element elementor-element-ce5d11a\" data-id=\"ce5d11a\" data-element_type=\"column\" data-e-type=\"column\">\n\t\t\t<div class=\"elementor-widget-wrap elementor-element-populated\">\n\t\t\t\t\t\t<section class=\"elementor-section elementor-inner-section elementor-element elementor-element-8df0ace elementor-section-boxed elementor-section-height-default elementor-section-height-default\" data-id=\"8df0ace\" data-element_type=\"section\" data-e-type=\"section\">\n\t\t\t\t\t\t<div class=\"elementor-container elementor-column-gap-default\">\n\t\t\t\t\t<div class=\"elementor-column elementor-col-50 elementor-inner-column elementor-element elementor-element-cef855b\" data-id=\"cef855b\" data-element_type=\"column\" data-e-type=\"column\">\n\t\t\t<div class=\"elementor-widget-wrap elementor-element-populated\">\n\t\t\t\t\t\t<div class=\"elementor-element elementor-element-99d49f9 elementor-widget elementor-widget-image\" data-id=\"99d49f9\" data-element_type=\"widget\" data-e-type=\"widget\" data-widget_type=\"image.default\">\n\t\t\t\t<div class=\"elementor-widget-container\">\n\t\t\t\t\t\t\t\t\t\t\t\t\t\t\t<img fetchpriority=\"high\" decoding=\"async\" width=\"470\" height=\"482\" src=\"https:\/\/www.honorpigment.com\/wp-content\/uploads\/2025\/08\/about.webp\" class=\"attachment-large size-large wp-image-2926\" alt=\"\" \/>\t\t\t\t\t\t\t\t\t\t\t\t\t\t\t<\/div>\n\t\t\t\t<\/div>\n\t\t\t\t\t<\/div>\n\t\t<\/div>\n\t\t\t\t<div class=\"elementor-column elementor-col-50 elementor-inner-column elementor-element elementor-element-cb7898f\" data-id=\"cb7898f\" data-element_type=\"column\" data-e-type=\"column\">\n\t\t\t<div class=\"elementor-widget-wrap elementor-element-populated\">\n\t\t\t\t\t\t<div class=\"elementor-element elementor-element-01186f1 elementor-widget elementor-widget-heading\" data-id=\"01186f1\" data-element_type=\"widget\" data-e-type=\"widget\" data-widget_type=\"heading.default\">\n\t\t\t\t<div class=\"elementor-widget-container\">\n\t\t\t\t\t<h2 class=\"elementor-heading-title elementor-size-default\">SHANGHAI HONOR INDUSTRIAL CO. LTD.<\/h2>\t\t\t\t<\/div>\n\t\t\t\t<\/div>\n\t\t\t\t<div class=\"elementor-element elementor-element-4b56b5e elementor-widget elementor-widget-text-editor\" data-id=\"4b56b5e\" data-element_type=\"widget\" data-e-type=\"widget\" data-widget_type=\"text-editor.default\">\n\t\t\t\t<div class=\"elementor-widget-container\">\n\t\t\t\t\t\t\t\t\t<p>Fond\u00e9 en 2009, est un fournisseur de colorants \/ pigments de haute performance, nous fournissons au march\u00e9 des pigments organiques \/ produits chimiques relatifs de haute qualit\u00e9 pour les applications de peintures \/ rev\u00eatements, plastiques et encres. En particulier pour les encres \u00e0 jet d'encre (imprimantes \u00e0 jet d'encre) et les toners couleur des imprimantes laser.<\/p><p><br \/>Gr\u00e2ce aux nombreuses demandes des clients, notre \u00e9quipe de contr\u00f4le qualit\u00e9 peut choisir la meilleure solution de couleur pour nos clients afin de r\u00e9pondre aux exigences de qualit\u00e9 de nos clients estim\u00e9s. Et les diff\u00e9rentes m\u00e9thodes de test pour r\u00e9pondre aux diff\u00e9rents clients et aux diff\u00e9rentes applications. Notre \u00e9quipement de laboratoire permet d'am\u00e9liorer la qualit\u00e9 de nos produits avant leur exp\u00e9dition.<\/p><p><br \/>Notre \u00e9quipe de logisticiens professionnels garantit \u00e0 nos clients la livraison dans les d\u00e9lais demand\u00e9s. Nous pouvons ainsi \u00eatre assur\u00e9s que nos marchandises sont livr\u00e9es \u00e0 nos clients en temps voulu.<\/p><p><br \/>Notre objectif est d'\u00eatre la ligne d'approvisionnement la plus courte pour nos clients gr\u00e2ce \u00e0 nos produits li\u00e9s aux pigments et autres produits chimiques utilis\u00e9s dans les industries de la peinture, de l'impression et de l'emballage. Nous souhaitons nous d\u00e9velopper avec nos clients et nos amis dans le monde entier.<\/p>\t\t\t\t\t\t\t\t<\/div>\n\t\t\t\t<\/div>\n\t\t\t\t\t<\/div>\n\t\t<\/div>\n\t\t\t\t\t<\/div>\n\t\t<\/section>\n\t\t\t\t<section class=\"elementor-section elementor-inner-section elementor-element elementor-element-71674a0 elementor-section-boxed elementor-section-height-default elementor-section-height-default\" data-id=\"71674a0\" data-element_type=\"section\" data-e-type=\"section\">\n\t\t\t\t\t\t<div class=\"elementor-container elementor-column-gap-default\">\n\t\t\t\t\t<div class=\"elementor-column elementor-col-33 elementor-inner-column elementor-element elementor-element-4f74e7a\" data-id=\"4f74e7a\" data-element_type=\"column\" data-e-type=\"column\">\n\t\t\t<div class=\"elementor-widget-wrap elementor-element-populated\">\n\t\t\t\t\t\t<div class=\"elementor-element elementor-element-cdfeb29 elementor-widget elementor-widget-image-box\" data-id=\"cdfeb29\" data-element_type=\"widget\" data-e-type=\"widget\" data-widget_type=\"image-box.default\">\n\t\t\t\t<div class=\"elementor-widget-container\">\n\t\t\t\t\t<div class=\"elementor-image-box-wrapper\"><div class=\"elementor-image-box-content\"><h3 class=\"elementor-image-box-title\">TECHNICIENS PROFESSIONNELS<\/h3><p class=\"elementor-image-box-description\">Nous disposons d'un personnel technique exp\u00e9riment\u00e9 pour effectuer les tests avec la formule du client avant l'exp\u00e9dition. Nous investissons dans l'\u00e9quipement pour permettre \u00e0 nos clients d'obtenir la bonne qualit\u00e9 avec la bonne norme.<\/p><\/div><\/div>\t\t\t\t<\/div>\n\t\t\t\t<\/div>\n\t\t\t\t\t<\/div>\n\t\t<\/div>\n\t\t\t\t<div class=\"elementor-column elementor-col-33 elementor-inner-column elementor-element elementor-element-9aed64d\" data-id=\"9aed64d\" data-element_type=\"column\" data-e-type=\"column\">\n\t\t\t<div class=\"elementor-widget-wrap elementor-element-populated\">\n\t\t\t\t\t\t<div class=\"elementor-element elementor-element-f0c3311 elementor-widget elementor-widget-image-box\" data-id=\"f0c3311\" data-element_type=\"widget\" data-e-type=\"widget\" data-widget_type=\"image-box.default\">\n\t\t\t\t<div class=\"elementor-widget-container\">\n\t\t\t\t\t<div class=\"elementor-image-box-wrapper\"><div class=\"elementor-image-box-content\"><h3 class=\"elementor-image-box-title\">EXCELLENTE QUALIT\u00c9 DU PRODUIT<\/h3><p class=\"elementor-image-box-description\">En tant qu'exportateur professionnel de pigments, nous promouvons des pigments de qualit\u00e9 pour r\u00e9pondre aux exigences de qualit\u00e9 des diff\u00e9rents clients.<\/p><\/div><\/div>\t\t\t\t<\/div>\n\t\t\t\t<\/div>\n\t\t\t\t\t<\/div>\n\t\t<\/div>\n\t\t\t\t<div class=\"elementor-column elementor-col-33 elementor-inner-column elementor-element elementor-element-de74e8d\" data-id=\"de74e8d\" data-element_type=\"column\" data-e-type=\"column\">\n\t\t\t<div class=\"elementor-widget-wrap elementor-element-populated\">\n\t\t\t\t\t\t<div class=\"elementor-element elementor-element-1ab8acf elementor-widget elementor-widget-image-box\" data-id=\"1ab8acf\" data-element_type=\"widget\" data-e-type=\"widget\" data-widget_type=\"image-box.default\">\n\t\t\t\t<div class=\"elementor-widget-container\">\n\t\t\t\t\t<div class=\"elementor-image-box-wrapper\"><div class=\"elementor-image-box-content\"><h3 class=\"elementor-image-box-title\">VENTES DANS LE MONDE ENTIER<\/h3><p class=\"elementor-image-box-description\">Notre objectif est d'\u00eatre la ligne d'approvisionnement la plus courte pour nos clients gr\u00e2ce \u00e0 nos produits li\u00e9s aux pigments et autres produits chimiques utilis\u00e9s dans les industries de la peinture, de l'impression et de l'emballage. <\/p><\/div><\/div>\t\t\t\t<\/div>\n\t\t\t\t<\/div>\n\t\t\t\t\t<\/div>\n\t\t<\/div>\n\t\t\t\t\t<\/div>\n\t\t<\/section>\n\t\t\t\t\t<\/div>\n\t\t<\/div>\n\t\t\t\t\t<\/div>\n\t\t<\/section>\n\t\t\t\t<section class=\"elementor-section elementor-top-section elementor-element elementor-element-49d9a45 elementor-section-full_width elementor-section-height-default elementor-section-height-default\" data-id=\"49d9a45\" data-element_type=\"section\" data-e-type=\"section\" data-settings=\"{&quot;background_background&quot;:&quot;classic&quot;}\">\n\t\t\t\t\t\t<div class=\"elementor-container elementor-column-gap-default\">\n\t\t\t\t\t<div class=\"elementor-column elementor-col-50 elementor-top-column elementor-element elementor-element-767b10d\" data-id=\"767b10d\" data-element_type=\"column\" data-e-type=\"column\">\n\t\t\t<div class=\"elementor-widget-wrap elementor-element-populated\">\n\t\t\t\t\t\t<div class=\"elementor-element elementor-element-1e07452 elementor-widget elementor-widget-image\" data-id=\"1e07452\" data-element_type=\"widget\" data-e-type=\"widget\" data-widget_type=\"image.default\">\n\t\t\t\t<div class=\"elementor-widget-container\">\n\t\t\t\t\t\t\t\t\t\t\t\t\t\t\t<img decoding=\"async\" width=\"1197\" height=\"549\" src=\"https:\/\/www.honorpigment.com\/wp-content\/uploads\/2025\/08\/about-1.webp\" class=\"attachment-full size-full wp-image-2930\" alt=\"\" \/>\t\t\t\t\t\t\t\t\t\t\t\t\t\t\t<\/div>\n\t\t\t\t<\/div>\n\t\t\t\t\t<\/div>\n\t\t<\/div>\n\t\t\t\t<div class=\"elementor-column elementor-col-50 elementor-top-column elementor-element elementor-element-31e1a50\" data-id=\"31e1a50\" data-element_type=\"column\" data-e-type=\"column\">\n\t\t\t<div class=\"elementor-widget-wrap elementor-element-populated\">\n\t\t\t\t\t\t<div class=\"elementor-element elementor-element-8ae0602 elementor-widget elementor-widget-heading\" data-id=\"8ae0602\" data-element_type=\"widget\" data-e-type=\"widget\" data-widget_type=\"heading.default\">\n\t\t\t\t<div class=\"elementor-widget-container\">\n\t\t\t\t\t<h2 class=\"elementor-heading-title elementor-size-default\">Choisissez chez nous des pigments de classe mondiale<\/h2>\t\t\t\t<\/div>\n\t\t\t\t<\/div>\n\t\t\t\t<div class=\"elementor-element elementor-element-bc9fd84 elementor-widget elementor-widget-text-editor\" data-id=\"bc9fd84\" data-element_type=\"widget\" data-e-type=\"widget\" data-widget_type=\"text-editor.default\">\n\t\t\t\t<div class=\"elementor-widget-container\">\n\t\t\t\t\t\t\t\t\t<p><strong>-<\/strong>\u00a0Tous nos clients s'attendent \u00e0 un r\u00e9sultat optimal et \u00e0 ce que nous puissions r\u00e9pondre \u00e0 leurs besoins en mati\u00e8re de pigments avec un aspect luxueux. L'\u00e9quipe d'Honor Pigment s'est forg\u00e9e une solide r\u00e9putation en offrant les meilleurs services de peinture, peintures textiles, encres pour jet d'encre et ainsi de suite. En outre, nous utilisons des pigments bas\u00e9s sur la technologie moderne et cr\u00e9ons une place embl\u00e9matique dans l'industrie.\u00a0<\/p><p><strong>-<\/strong>\u00a0Nos clients sont tr\u00e8s satisfaits de la qualit\u00e9 et de l'originalit\u00e9 de nos services. Il est donc n\u00e9cessaire que notre \u00e9quipe obtienne les meilleurs r\u00e9sultats en choisissant des pigments de classe mondiale pour des r\u00e9sultats vari\u00e9s. En voyant notre travail de la plus haute satisfaction, nous atteignons la plus grande place dans le service et nous devons \u00e9tablir une relation amicale avec chaque client. Notre travail de qualit\u00e9 sup\u00e9rieure est toujours accept\u00e9 par tout le monde et nous gagnons de plus en plus de clients jour apr\u00e8s jour.<\/p>\t\t\t\t\t\t\t\t<\/div>\n\t\t\t\t<\/div>\n\t\t\t\t\t<\/div>\n\t\t<\/div>\n\t\t\t\t\t<\/div>\n\t\t<\/section>\n\t\t\t\t<section class=\"elementor-section elementor-top-section elementor-element elementor-element-86546c6 elementor-section-full_width elementor-section-height-default elementor-section-height-default\" data-id=\"86546c6\" data-element_type=\"section\" data-e-type=\"section\" data-settings=\"{&quot;background_background&quot;:&quot;classic&quot;}\">\n\t\t\t\t\t\t<div class=\"elementor-container elementor-column-gap-default\">\n\t\t\t\t\t<div class=\"elementor-column elementor-col-50 elementor-top-column elementor-element elementor-element-e2e4ea1\" data-id=\"e2e4ea1\" data-element_type=\"column\" data-e-type=\"column\">\n\t\t\t<div class=\"elementor-widget-wrap elementor-element-populated\">\n\t\t\t\t\t\t<div class=\"elementor-element elementor-element-d43dc54 elementor-widget elementor-widget-heading\" data-id=\"d43dc54\" data-element_type=\"widget\" data-e-type=\"widget\" data-widget_type=\"heading.default\">\n\t\t\t\t<div class=\"elementor-widget-container\">\n\t\t\t\t\t<h2 class=\"elementor-heading-title elementor-size-default\">Choisissez chez nous des pigments de classe mondiale<\/h2>\t\t\t\t<\/div>\n\t\t\t\t<\/div>\n\t\t\t\t<div class=\"elementor-element elementor-element-3aecd61 elementor-widget elementor-widget-text-editor\" data-id=\"3aecd61\" data-element_type=\"widget\" data-e-type=\"widget\" data-widget_type=\"text-editor.default\">\n\t\t\t\t<div class=\"elementor-widget-container\">\n\t\t\t\t\t\t\t\t\t<p><strong>-<\/strong>\u00a0Tous nos clients s'attendent \u00e0 un r\u00e9sultat optimal et \u00e0 ce que nous puissions r\u00e9pondre \u00e0 leurs besoins en mati\u00e8re de pigments avec un aspect luxueux. L'\u00e9quipe d'Honor Pigment s'est forg\u00e9e une solide r\u00e9putation en offrant les meilleurs services de peinture, peintures textiles, encres pour jet d'encre et ainsi de suite. En outre, nous utilisons des pigments bas\u00e9s sur la technologie moderne et cr\u00e9ons une place embl\u00e9matique dans l'industrie.\u00a0<\/p><p><strong>-<\/strong>\u00a0Nos clients sont tr\u00e8s satisfaits de la qualit\u00e9 et de l'originalit\u00e9 de nos services. Il est donc n\u00e9cessaire que notre \u00e9quipe obtienne les meilleurs r\u00e9sultats en choisissant des pigments de classe mondiale pour des r\u00e9sultats vari\u00e9s. En voyant notre travail de la plus haute satisfaction, nous atteignons la plus grande place dans le service et nous devons \u00e9tablir une relation amicale avec chaque client. Notre travail de qualit\u00e9 sup\u00e9rieure est toujours accept\u00e9 par tout le monde et nous gagnons de plus en plus de clients jour apr\u00e8s jour.<\/p>\t\t\t\t\t\t\t\t<\/div>\n\t\t\t\t<\/div>\n\t\t\t\t\t<\/div>\n\t\t<\/div>\n\t\t\t\t<div class=\"elementor-column elementor-col-50 elementor-top-column elementor-element elementor-element-7c6892e\" data-id=\"7c6892e\" data-element_type=\"column\" data-e-type=\"column\">\n\t\t\t<div class=\"elementor-widget-wrap elementor-element-populated\">\n\t\t\t\t\t\t<div class=\"elementor-element elementor-element-922022d elementor-widget elementor-widget-image\" data-id=\"922022d\" data-element_type=\"widget\" data-e-type=\"widget\" data-widget_type=\"image.default\">\n\t\t\t\t<div class=\"elementor-widget-container\">\n\t\t\t\t\t\t\t\t\t\t\t\t\t\t\t<img decoding=\"async\" width=\"1197\" height=\"549\" src=\"https:\/\/www.honorpigment.com\/wp-content\/uploads\/2025\/08\/news.webp\" class=\"attachment-full size-full wp-image-2931\" alt=\"\" \/>\t\t\t\t\t\t\t\t\t\t\t\t\t\t\t<\/div>\n\t\t\t\t<\/div>\n\t\t\t\t\t<\/div>\n\t\t<\/div>\n\t\t\t\t\t<\/div>\n\t\t<\/section>\n\t\t\t\t<section class=\"elementor-section elementor-top-section elementor-element elementor-element-6c7a4e2 elementor-section-boxed elementor-section-height-default elementor-section-height-default\" data-id=\"6c7a4e2\" data-element_type=\"section\" data-e-type=\"section\">\n\t\t\t\t\t\t<div class=\"elementor-container elementor-column-gap-default\">\n\t\t\t\t\t<div class=\"elementor-column elementor-col-100 elementor-top-column elementor-element elementor-element-07d2cbd\" data-id=\"07d2cbd\" data-element_type=\"column\" data-e-type=\"column\">\n\t\t\t<div class=\"elementor-widget-wrap elementor-element-populated\">\n\t\t\t\t\t\t<div class=\"elementor-element elementor-element-40e0585 elementor-widget elementor-widget-heading\" data-id=\"40e0585\" data-element_type=\"widget\" data-e-type=\"widget\" data-widget_type=\"heading.default\">\n\t\t\t\t<div class=\"elementor-widget-container\">\n\t\t\t\t\t<h2 class=\"elementor-heading-title elementor-size-default\">USINE<\/h2>\t\t\t\t<\/div>\n\t\t\t\t<\/div>\n\t\t\t\t<div class=\"elementor-element elementor-element-11f6155 elementor-grid-3 elementor-grid-tablet-2 elementor-grid-mobile-1 pp-ins-normal elementor-widget elementor-widget-pp-image-gallery\" data-id=\"11f6155\" data-element_type=\"widget\" data-e-type=\"widget\" data-widget_type=\"pp-image-gallery.default\">\n\t\t\t\t<div class=\"elementor-widget-container\">\n\t\t\t\t\t\t\t<div class=\"pp-image-gallery-container\" data-settings=\"{&quot;tilt_enable&quot;:&quot;no&quot;,&quot;layout&quot;:&quot;grid&quot;,&quot;post_id&quot;:346,&quot;template_id&quot;:346,&quot;widget_id&quot;:&quot;11f6155&quot;}\">\n\t\t\t\t\t\t\t\t\t\t\t<div class=\"pp-image-gallery pp-elementor-grid\" id=\"pp-image-gallery-11f6155\">\n\t\t\t\t\t\t\t\t<div class=\"pp-grid-item-wrap\" data-item-id=\"2935\">\n\t\t\t\t<div class=\"pp-grid-item pp-image\">\n\t\t\t\t\t<div class=\"pp-image-gallery-thumbnail-wrap pp-ins-filter-hover\">\n\t\t\t\t\t\t<div class=\"pp-ins-filter-target pp-image-gallery-thumbnail\"><img decoding=\"async\" class=\"pp-gallery-slide-image\" src=\"https:\/\/www.honorpigment.com\/wp-content\/uploads\/2025\/08\/factory2-1920-1920.webp\" alt=\"\" data-no-lazy=\"1\"\/><\/div><div class=\"pp-image-overlay pp-media-overlay\"><\/div><div class=\"pp-gallery-image-content pp-media-content\"><\/div>\t\t\t\t\t<\/div>\n\t\t\t\t<\/div>\n\t\t\t<\/div>\n\t\t\t\t\t\t<div class=\"pp-grid-item-wrap\" data-item-id=\"2936\">\n\t\t\t\t<div class=\"pp-grid-item pp-image\">\n\t\t\t\t\t<div class=\"pp-image-gallery-thumbnail-wrap pp-ins-filter-hover\">\n\t\t\t\t\t\t<div class=\"pp-ins-filter-target pp-image-gallery-thumbnail\"><img decoding=\"async\" class=\"pp-gallery-slide-image\" src=\"https:\/\/www.honorpigment.com\/wp-content\/uploads\/2025\/08\/factory1-1920-1920.webp\" alt=\"\" data-no-lazy=\"1\"\/><\/div><div class=\"pp-image-overlay pp-media-overlay\"><\/div><div class=\"pp-gallery-image-content pp-media-content\"><\/div>\t\t\t\t\t<\/div>\n\t\t\t\t<\/div>\n\t\t\t<\/div>\n\t\t\t\t\t\t<div class=\"pp-grid-item-wrap\" data-item-id=\"2937\">\n\t\t\t\t<div class=\"pp-grid-item pp-image\">\n\t\t\t\t\t<div class=\"pp-image-gallery-thumbnail-wrap pp-ins-filter-hover\">\n\t\t\t\t\t\t<div class=\"pp-ins-filter-target pp-image-gallery-thumbnail\"><img decoding=\"async\" class=\"pp-gallery-slide-image\" src=\"https:\/\/www.honorpigment.com\/wp-content\/uploads\/2025\/08\/factory-1920-1920.webp\" alt=\"\" data-no-lazy=\"1\"\/><\/div><div class=\"pp-image-overlay pp-media-overlay\"><\/div><div class=\"pp-gallery-image-content pp-media-content\"><\/div>\t\t\t\t\t<\/div>\n\t\t\t\t<\/div>\n\t\t\t<\/div>\n\t\t\t\t\t\t<div class=\"pp-grid-item-wrap\" data-item-id=\"2938\">\n\t\t\t\t<div class=\"pp-grid-item pp-image\">\n\t\t\t\t\t<div class=\"pp-image-gallery-thumbnail-wrap pp-ins-filter-hover\">\n\t\t\t\t\t\t<div class=\"pp-ins-filter-target pp-image-gallery-thumbnail\"><img decoding=\"async\" class=\"pp-gallery-slide-image\" src=\"https:\/\/www.honorpigment.com\/wp-content\/uploads\/2025\/08\/box3-1920-1920.webp\" alt=\"\" data-no-lazy=\"1\"\/><\/div><div class=\"pp-image-overlay pp-media-overlay\"><\/div><div class=\"pp-gallery-image-content pp-media-content\"><\/div>\t\t\t\t\t<\/div>\n\t\t\t\t<\/div>\n\t\t\t<\/div>\n\t\t\t\t\t\t<div class=\"pp-grid-item-wrap\" data-item-id=\"2939\">\n\t\t\t\t<div class=\"pp-grid-item pp-image\">\n\t\t\t\t\t<div class=\"pp-image-gallery-thumbnail-wrap pp-ins-filter-hover\">\n\t\t\t\t\t\t<div class=\"pp-ins-filter-target pp-image-gallery-thumbnail\"><img decoding=\"async\" class=\"pp-gallery-slide-image\" src=\"https:\/\/www.honorpigment.com\/wp-content\/uploads\/2025\/08\/box2-1920-1920.webp\" alt=\"\" data-no-lazy=\"1\"\/><\/div><div class=\"pp-image-overlay pp-media-overlay\"><\/div><div class=\"pp-gallery-image-content pp-media-content\"><\/div>\t\t\t\t\t<\/div>\n\t\t\t\t<\/div>\n\t\t\t<\/div>\n\t\t\t\t\t\t<div class=\"pp-grid-item-wrap\" data-item-id=\"2940\">\n\t\t\t\t<div class=\"pp-grid-item pp-image\">\n\t\t\t\t\t<div class=\"pp-image-gallery-thumbnail-wrap pp-ins-filter-hover\">\n\t\t\t\t\t\t<div class=\"pp-ins-filter-target pp-image-gallery-thumbnail\"><img decoding=\"async\" class=\"pp-gallery-slide-image\" src=\"https:\/\/www.honorpigment.com\/wp-content\/uploads\/2025\/08\/box-1920-1920.webp\" alt=\"\" data-no-lazy=\"1\"\/><\/div><div class=\"pp-image-overlay pp-media-overlay\"><\/div><div class=\"pp-gallery-image-content pp-media-content\"><\/div>\t\t\t\t\t<\/div>\n\t\t\t\t<\/div>\n\t\t\t<\/div>\n\t\t\t\t\t\t\t<\/div>\n\t\t\t\t\t\t<\/div>\n\t\t\t\t\t\t<\/div>\n\t\t\t\t<\/div>\n\t\t\t\t\t<\/div>\n\t\t<\/div>\n\t\t\t\t\t<\/div>\n\t\t<\/section>\n\t\t\t\t<\/div>","protected":false},"excerpt":{"rendered":"<p>ABOUT US We pride ourselves on being recognized among the top Pigments suppliers in the industry. Our commitment to quality and innovation has positioned us as a leader, catering to a diverse range of applications including paints, coatings, plastics, and inks. As one of the premier Pigments suppliers, we continuously strive to enhance our offerings [&hellip;]<\/p>\n","protected":false},"author":1,"featured_media":0,"parent":0,"menu_order":0,"comment_status":"closed","ping_status":"closed","template":"elementor_header_footer","meta":{"footnotes":""},"class_list":["post-346","page","type-page","status-publish","hentry"],"_links":{"self":[{"href":"https:\/\/www.honorpigment.com\/fr\/wp-json\/wp\/v2\/pages\/346","targetHints":{"allow":["GET"]}}],"collection":[{"href":"https:\/\/www.honorpigment.com\/fr\/wp-json\/wp\/v2\/pages"}],"about":[{"href":"https:\/\/www.honorpigment.com\/fr\/wp-json\/wp\/v2\/types\/page"}],"author":[{"embeddable":true,"href":"https:\/\/www.honorpigment.com\/fr\/wp-json\/wp\/v2\/users\/1"}],"replies":[{"embeddable":true,"href":"https:\/\/www.honorpigment.com\/fr\/wp-json\/wp\/v2\/comments?post=346"}],"version-history":[{"count":1,"href":"https:\/\/www.honorpigment.com\/fr\/wp-json\/wp\/v2\/pages\/346\/revisions"}],"predecessor-version":[{"id":8522,"href":"https:\/\/www.honorpigment.com\/fr\/wp-json\/wp\/v2\/pages\/346\/revisions\/8522"}],"wp:attachment":[{"href":"https:\/\/www.honorpigment.com\/fr\/wp-json\/wp\/v2\/media?parent=346"}],"curies":[{"name":"wp","href":"https:\/\/api.w.org\/{rel}","templated":true}]}}