{"id":3664,"date":"2025-09-19T15:36:39","date_gmt":"2025-09-19T07:36:39","guid":{"rendered":"https:\/\/www.honorpigments.com\/?post_type=product&#038;p=3664"},"modified":"2026-03-23T20:28:59","modified_gmt":"2026-03-23T12:28:59","slug":"rojo-cadmio-pigmento-rojo-108","status":"publish","type":"product","link":"https:\/\/www.honorpigment.com\/es_co\/product\/rojo-cadmio-pigmento-rojo-108\/","title":{"rendered":"PIGMENT ROJO 108\/ Rojo cadmio"},"content":{"rendered":"<h3><strong>Descripci\u00f3n del producto - PR108<\/strong><\/h3>\n<p align=\"left\">El rojo de cadmio (PIGMENT RED 108) se caracteriza por su gran poder tint\u00f3reo, color vivo, excelente solidez a la luz, resistencia a la intemperie, opacidad superior y ausencia de migraci\u00f3n, con tonalidades que van del rojo amarillento al rojo p\u00farpura intenso; un mayor contenido de CdSe da lugar a rojos m\u00e1s intensos. Los rojos de cadmio rellenos ofrecen adem\u00e1s ventajas como reducci\u00f3n de costes, menor densidad, menor absorci\u00f3n de aceite y mejor dispersabilidad en medios org\u00e1nicos. Como pigmento rojo preferido en las industrias del esmalte y el vidrio, el rojo cadmio tambi\u00e9n se aplica ampliamente en pl\u00e1sticos, masterbatches, cer\u00e1mica, revestimientos, papel, caucho, cuero, pigmentos para bellas artes, tintas de huecograbado, arena coloreada y materiales de construcci\u00f3n de piedra, materiales electr\u00f3nicos y mucho m\u00e1s.<\/p>\n<h3><strong>Aplicaci\u00f3n recomendada<\/strong><\/h3>\n<p>Recubrimientos: pinturas para autom\u00f3viles, acabados horneables de alta calidad<br \/>\nTintas de impresi\u00f3n: Tintas de huecograbado, tintas de serigraf\u00eda de PVC<br \/>\nPl\u00e1sticos: PE, PP, PC, PBT, PVC, PU, POM, PS, PET, EVA, ABS<\/p>\n<h3><strong>Datos t\u00e9cnicos<\/strong><\/h3>\n<table style=\"height: 260px; width: 95%; border-color: #050505;\" width=\"95%\">\n<tbody>\n<tr style=\"height: 28px;\">\n<td style=\"width: 98.7823%; background-color: #ababab; height: 10px;\" colspan=\"5\" width=\"125\"><span style=\"font-size: 14pt;\"><strong>Informaci\u00f3n sobre el producto<\/strong><\/span><\/td>\n<\/tr>\n<tr style=\"height: 24px;\">\n<td style=\"width: 24.277%; height: 10px;\" width=\"125\"><span style=\"font-size: 12pt;\">Tipo qu\u00edmico<\/span><\/td>\n<td style=\"width: 25.114%; height: 10px; text-align: center;\" colspan=\"2\" width=\"125\">Sulfoseleniuro de cadmio<\/td>\n<td style=\"width: 25.1904%; height: 10px;\" width=\"125\"><span style=\"font-size: 12pt;\">N\u00ba CAS.<\/span><\/td>\n<td class=\"et3\" style=\"height: 19.95pt; width: 24.2009%; text-align: center;\" width=\"148\" height=\"26\">12214-12-9<\/td>\n<\/tr>\n<tr style=\"height: 48px;\">\n<td style=\"width: 24.277%; height: 10px;\" width=\"125\"><span style=\"font-size: 12pt;\">C. I. Nombre<\/span><\/td>\n<td style=\"width: 25.114%; height: 10px; text-align: center;\" colspan=\"2\" width=\"125\">Pigmento ROJO 108<\/td>\n<td style=\"width: 25.1904%; height: 10px;\" width=\"125\"><span style=\"font-size: 12pt;\">EINECS \/ ELINCS NO.<\/span><\/td>\n<td class=\"et2\" style=\"height: 19.95pt; width: 24.2009%; text-align: center;\" height=\"26\">261-218-1<\/td>\n<\/tr>\n<tr style=\"height: 48px;\">\n<td style=\"width: 24.277%; height: 10px;\" width=\"125\"><span style=\"font-size: 12pt;\">C. I. Constituci\u00f3n n.<\/span><\/td>\n<td style=\"width: 25.114%; height: 10px; text-align: center;\" colspan=\"2\" width=\"125\">77202<\/td>\n<td style=\"width: 25.1904%; height: 10px;\" width=\"125\"><span style=\"font-size: 12pt;\">F\u00f3rmula qu\u00edmica<\/span><\/td>\n<td class=\"et5\" style=\"height: 39.9pt; width: 24.2009%; text-align: center;\" width=\"148\" height=\"53\">CdS-CdSe o CdS-HgS o CdS-CdSe-BaSO\u2084 o CdS-HgS-BaSO\u2084<\/td>\n<\/tr>\n<tr style=\"height: 24px;\">\n<td style=\"width: 98.7823%; height: 10px;\" colspan=\"5\" width=\"125\"><\/td>\n<\/tr>\n<tr style=\"height: 28px;\">\n<td style=\"width: 98.7823%; background-color: #ababab; height: 10px;\" colspan=\"5\" width=\"125\"><span style=\"font-size: 14pt;\"><strong>Rendimiento t\u00e9cnico<\/strong><\/span><\/td>\n<\/tr>\n<tr style=\"height: 24px;\">\n<td style=\"width: 24.277%; height: 10px;\" width=\"125\"><\/td>\n<td style=\"width: 12.4048%; height: 10px; text-align: center;\" width=\"125\"><span style=\"font-size: 12pt;\">Sombra completa<\/span><\/td>\n<td style=\"width: 12.7092%; height: 10px; text-align: center;\" width=\"125\"><span style=\"font-size: 12pt;\">Tinte<\/span><\/td>\n<td style=\"width: 25.1904%; height: 10px;\" width=\"125\"><\/td>\n<td style=\"width: 24.2009%; height: 10px;\" width=\"125\"><\/td>\n<\/tr>\n<tr style=\"height: 48px;\">\n<td style=\"width: 24.277%; height: 10px;\" width=\"125\"><span style=\"font-size: 12pt;\">Resistencia a la intemperie<\/span><\/td>\n<td class=\"et3\" style=\"height: 10px; width: 12.4048%; text-align: center;\" width=\"148\" height=\"26\">5<\/td>\n<td class=\"et4\" style=\"width: 12.7092%; height: 10px; text-align: center;\" width=\"113\">5<\/td>\n<td style=\"width: 25.1904%; height: 10px;\" width=\"125\"><\/td>\n<td style=\"width: 24.2009%; height: 10px; text-align: center;\" width=\"125\"><\/td>\n<\/tr>\n<tr style=\"height: 24px;\">\n<td style=\"width: 24.277%; height: 10px;\" width=\"125\"><span style=\"font-size: 12pt;\">Solidez a la luz<\/span><\/td>\n<td class=\"et5\" style=\"height: 10px; width: 12.4048%; text-align: center;\" height=\"26\">7<\/td>\n<td class=\"et4\" style=\"width: 12.7092%; height: 10px; text-align: center;\">7<\/td>\n<td style=\"width: 25.1904%; height: 10px;\" width=\"125\"><\/td>\n<td style=\"width: 24.2009%; height: 10px;\" width=\"125\"><\/td>\n<\/tr>\n<tr style=\"height: 24px;\">\n<td style=\"width: 98.7823%; height: 10px;\" colspan=\"5\" width=\"125\"><\/td>\n<\/tr>\n<tr style=\"height: 24px;\">\n<td style=\"width: 98.7823%; background-color: #ababab; height: 10px;\" colspan=\"5\" width=\"125\"><span style=\"font-size: 14pt;\"><strong>Propiedades f\u00edsicas<\/strong><\/span><\/td>\n<\/tr>\n<tr style=\"height: 48px;\">\n<td style=\"width: 24.277%; height: 10px;\" width=\"125\"><span style=\"font-size: 12pt;\">Forma f\u00edsica<\/span><\/td>\n<td style=\"width: 25.114%; height: 10px; text-align: center;\" colspan=\"2\" width=\"125\"><span style=\"font-size: 12pt;\">Polvo<\/span><\/td>\n<td style=\"width: 25.1904%;\" width=\"230\"><\/td>\n<td style=\"width: 24.2009%; text-align: center;\" width=\"219\"><\/td>\n<\/tr>\n<tr>\n<td style=\"width: 24.277%;\" width=\"188\">Densidad espec\u00edfica (g\/m3):<\/td>\n<td style=\"width: 25.114%; text-align: center;\" colspan=\"2\" width=\"148\">4.7-5.1<\/td>\n<td style=\"width: 25.1904%;\" width=\"230\"><\/td>\n<td style=\"width: 24.2009%; text-align: center;\" width=\"219\"><\/td>\n<\/tr>\n<tr>\n<td style=\"width: 24.277%;\">Residuos en malla 400 (%)<\/td>\n<td style=\"width: 25.114%; text-align: center;\" colspan=\"2\" width=\"148\">\u22640.1<\/td>\n<td style=\"width: 25.1904%;\" width=\"230\"><\/td>\n<td style=\"width: 24.2009%; text-align: center;\" width=\"219\"><\/td>\n<\/tr>\n<tr>\n<td style=\"width: 24.277%;\" width=\"188\">Absorci\u00f3n de aceite<\/td>\n<td style=\"width: 25.114%; text-align: center;\" colspan=\"2\" width=\"148\">16-23<\/td>\n<td style=\"width: 25.1904%;\" width=\"230\"><\/td>\n<td style=\"width: 24.2009%; text-align: center;\" width=\"219\"><\/td>\n<\/tr>\n<tr>\n<td style=\"width: 24.277%;\">Sales hidrosolubles (%)<\/td>\n<td style=\"width: 25.114%; text-align: center;\" colspan=\"2\" width=\"148\">\u22640.2<\/td>\n<td style=\"width: 25.1904%;\" width=\"230\"><\/td>\n<td style=\"width: 24.2009%; text-align: center;\" width=\"219\"><\/td>\n<\/tr>\n<tr>\n<td style=\"width: 24.277%;\">Contenido de humedad (%)<\/td>\n<td style=\"width: 25.114%; text-align: center;\" colspan=\"2\" width=\"148\">\u22640.2<\/td>\n<td style=\"width: 25.1904%;\" width=\"184\"><\/td>\n<td style=\"width: 24.2009%;\" width=\"148\"><\/td>\n<\/tr>\n<tr>\n<td style=\"width: 24.277%;\"><\/td>\n<td style=\"width: 25.114%; text-align: center;\" colspan=\"2\" width=\"148\"><\/td>\n<td class=\"et2\" style=\"height: 10px; width: 25.1904%;\" height=\"26\"><\/td>\n<td class=\"et4\" style=\"width: 24.2009%; text-align: center; height: 10px;\"><\/td>\n<\/tr>\n<tr style=\"height: 48px;\">\n<td style=\"width: 98.7823%; background-color: #ababab; height: 10px;\" colspan=\"5\" width=\"125\"><span style=\"font-size: 14pt;\"><strong>Embalaje<\/strong><\/span><\/td>\n<\/tr>\n<tr style=\"height: 48px;\">\n<td style=\"width: 98.7823%; height: 10px;\" colspan=\"5\" width=\"125\">25kgs\/Bolsa 1000kgs\/Palet<\/td>\n<\/tr>\n<tr style=\"height: 24px;\">\n<td style=\"width: 98.7823%; height: 10px;\" colspan=\"5\" width=\"125\"><\/td>\n<\/tr>\n<tr style=\"height: 24px;\">\n<td style=\"width: 49.391%; background-color: #ababab; height: 10px;\" colspan=\"3\" width=\"125\"><span style=\"font-size: 14pt;\"><strong>Almacenamiento<\/strong><\/span><\/td>\n<td style=\"width: 25.1904%; height: 10px;\" width=\"125\"><span style=\"font-size: 14pt;\"><strong>Vida \u00fatil<\/strong><\/span><\/td>\n<td style=\"width: 24.2009%; height: 10px;\" width=\"125\"><span style=\"font-size: 12pt;\">5 a\u00f1os<\/span><\/td>\n<\/tr>\n<tr style=\"height: 24px;\">\n<td style=\"width: 98.7823%; height: 10px;\" colspan=\"5\" width=\"375\"><span style=\"font-size: 12pt;\">Debe almacenarse en lugar fresco, seco y ventilado.<\/span><\/td>\n<\/tr>\n<tr style=\"height: 24px;\">\n<td style=\"width: 98.7823%; height: 10px;\" colspan=\"5\" width=\"125\"><\/td>\n<\/tr>\n<tr style=\"height: 24px;\">\n<td style=\"width: 98.7823%; background-color: #ababab; height: 10px;\" colspan=\"5\" width=\"125\"><span style=\"font-size: 14pt;\"><strong>TRANSPORTE<\/strong><\/span><\/td>\n<\/tr>\n<tr style=\"height: 48px;\">\n<td style=\"width: 98.7823%; height: 10px;\" colspan=\"5\" width=\"375\"><span style=\"font-size: 12pt;\">Evite la inversi\u00f3n, la luz solar, la humedad y los golpes. Evite da\u00f1ar el embalaje.<\/span><\/td>\n<\/tr>\n<\/tbody>\n<\/table>\n<ul>\n<li>Solidez a la luz: La solidez a la luz se eval\u00faa en la escala de 1 a 8 de Blue Wool, donde 1 = \u2018Mala\u2019 y 8 = \u2018Excelente\u2019.<\/li>\n<li>Estabilidad al calor : Los valores de estabilidad al calor dados indican la temperatura m\u00e1xima a la que el pigmento puede ser estufado durante 10 min. a plena sombra y en reducciones sin sufrir ning\u00fan cambio significativo de tonalidad.<\/li>\n<li>Absorci\u00f3n de aceite: La absorci\u00f3n de aceite se determina sobre la base de la norma EN ISO 787-5 y se indica en g de aceite de linaza por 100 g de pigmento.<\/li>\n<li>Sangrado en disolvente: El sangrado en disolventes se prueba utilizando los grados de polvo y la calificaci\u00f3n visual dada en 1 a 5 Escala de grises.<br \/>\ndonde 1 = \u2018Hemorragia intensa\u2019 y 5 = \u2018Sin hemorragia\u201d<\/li>\n<\/ul>\n<p>Descargo de responsabilidad - La informaci\u00f3n facilitada en esta ficha t\u00e9cnica se basa en el estado actual de nuestros conocimientos y pretende ser una descripci\u00f3n general de nuestros productos y sus posibles aplicaciones. Debido a la multitud de formulaciones, condiciones de producci\u00f3n y aplicaci\u00f3n, todos los datos mencionados deben ajustarse a las circunstancias del procesador. De este hecho no se pueden derivar responsabilidades, incluidas las relativas a derechos de patente, para casos individuales. No se puede descartar que este producto contenga part\u00edculas &lt; 0,1 \u03bcm. Cualquier usuario de este producto es responsable de determinar la idoneidad de los productos de Sudarshan para su aplicaci\u00f3n particular y de asegurarse de que se respetan los derechos de propiedad y la legislaci\u00f3n vigente.<\/p>","protected":false},"excerpt":{"rendered":"<p>C.I.NO.: PY53<\/p>\n<p>Ventaja:<\/p>\n<p>Aplicaci\u00f3n principal recomendada: Pl\u00e1sticos<\/p>","protected":false},"featured_media":3706,"template":"","meta":[],"product_brand":[],"product_cat":[65,57],"product_tag":[392],"class_list":{"0":"post-3664","1":"product","2":"type-product","3":"status-publish","4":"has-post-thumbnail","6":"product_cat-chrome-pigments","7":"product_cat-inorganic-pigments","8":"product_tag-pr108","9":"stm_brands-honor-pigments","11":"first","12":"instock","13":"shipping-taxable","14":"product-type-simple"},"_links":{"self":[{"href":"https:\/\/www.honorpigment.com\/es_co\/wp-json\/wp\/v2\/product\/3664","targetHints":{"allow":["GET"]}}],"collection":[{"href":"https:\/\/www.honorpigment.com\/es_co\/wp-json\/wp\/v2\/product"}],"about":[{"href":"https:\/\/www.honorpigment.com\/es_co\/wp-json\/wp\/v2\/types\/product"}],"version-history":[{"count":0,"href":"https:\/\/www.honorpigment.com\/es_co\/wp-json\/wp\/v2\/product\/3664\/revisions"}],"wp:featuredmedia":[{"embeddable":true,"href":"https:\/\/www.honorpigment.com\/es_co\/wp-json\/wp\/v2\/media\/3706"}],"wp:attachment":[{"href":"https:\/\/www.honorpigment.com\/es_co\/wp-json\/wp\/v2\/media?parent=3664"}],"wp:term":[{"taxonomy":"product_brand","embeddable":true,"href":"https:\/\/www.honorpigment.com\/es_co\/wp-json\/wp\/v2\/product_brand?post=3664"},{"taxonomy":"product_cat","embeddable":true,"href":"https:\/\/www.honorpigment.com\/es_co\/wp-json\/wp\/v2\/product_cat?post=3664"},{"taxonomy":"product_tag","embeddable":true,"href":"https:\/\/www.honorpigment.com\/es_co\/wp-json\/wp\/v2\/product_tag?post=3664"}],"curies":[{"name":"wp","href":"https:\/\/api.w.org\/{rel}","templated":true}]}}