{"id":346,"date":"2018-07-28T16:07:17","date_gmt":"2018-07-28T16:07:17","guid":{"rendered":"http:\/\/manufacturer.stylemixthemes.com\/?page_id=346"},"modified":"2026-04-11T20:56:36","modified_gmt":"2026-04-11T12:56:36","slug":"leading-pigments-suppliers-pigments-suppliers","status":"publish","type":"page","link":"https:\/\/www.honorpigment.com\/es_co\/leading-pigments-suppliers-pigments-suppliers\/","title":{"rendered":"Qui\u00e9nes somos"},"content":{"rendered":"<div data-elementor-type=\"wp-post\" data-elementor-id=\"346\" class=\"elementor elementor-346\" data-elementor-post-type=\"page\">\n\t\t\t\t\t\t<section class=\"elementor-section elementor-top-section elementor-element elementor-element-30e1922 elementor-section-boxed elementor-section-height-default elementor-section-height-default\" data-id=\"30e1922\" data-element_type=\"section\" data-e-type=\"section\" data-settings=\"{&quot;background_background&quot;:&quot;classic&quot;}\">\n\t\t\t\t\t\t<div class=\"elementor-container elementor-column-gap-default\">\n\t\t\t\t\t<div class=\"elementor-column elementor-col-100 elementor-top-column elementor-element elementor-element-8a23eb7\" data-id=\"8a23eb7\" data-element_type=\"column\" data-e-type=\"column\">\n\t\t\t<div class=\"elementor-widget-wrap elementor-element-populated\">\n\t\t\t\t\t\t<div class=\"elementor-element elementor-element-684555a elementor-widget elementor-widget-heading\" data-id=\"684555a\" data-element_type=\"widget\" data-e-type=\"widget\" data-widget_type=\"heading.default\">\n\t\t\t\t<div class=\"elementor-widget-container\">\n\t\t\t\t\t<h2 class=\"elementor-heading-title elementor-size-default\">SOBRE NOSOTROS<\/h2>\t\t\t\t<\/div>\n\t\t\t\t<\/div>\n\t\t\t\t\t<\/div>\n\t\t<\/div>\n\t\t\t\t\t<\/div>\n\t\t<\/section>\n\t\t\t\t<section class=\"elementor-section elementor-top-section elementor-element elementor-element-6c3c861 elementor-section-boxed elementor-section-height-default elementor-section-height-default\" data-id=\"6c3c861\" data-element_type=\"section\" data-e-type=\"section\" data-settings=\"{&quot;background_background&quot;:&quot;classic&quot;}\">\n\t\t\t\t\t\t<div class=\"elementor-container elementor-column-gap-default\">\n\t\t\t\t\t<div class=\"elementor-column elementor-col-100 elementor-top-column elementor-element elementor-element-4a638c5\" data-id=\"4a638c5\" data-element_type=\"column\" data-e-type=\"column\">\n\t\t\t<div class=\"elementor-widget-wrap elementor-element-populated\">\n\t\t\t\t\t\t<div class=\"elementor-element elementor-element-9f35ed7 elementor-widget elementor-widget-woocommerce-breadcrumb\" data-id=\"9f35ed7\" data-element_type=\"widget\" data-e-type=\"widget\" data-widget_type=\"woocommerce-breadcrumb.default\">\n\t\t\t\t<div class=\"elementor-widget-container\">\n\t\t\t\t\t<nav class=\"woocommerce-breadcrumb\" aria-label=\"Breadcrumb\" data-no-translation=\"\" data-trp-gettext=\"\">Inicio<\/nav>\t\t\t\t<\/div>\n\t\t\t\t<\/div>\n\t\t\t\t\t<\/div>\n\t\t<\/div>\n\t\t\t\t\t<\/div>\n\t\t<\/section>\n\t\t\t\t<section class=\"elementor-section elementor-top-section elementor-element elementor-element-885ab4f elementor-section-boxed elementor-section-height-default elementor-section-height-default\" data-id=\"885ab4f\" data-element_type=\"section\" data-e-type=\"section\">\n\t\t\t\t\t\t<div class=\"elementor-container elementor-column-gap-default\">\n\t\t\t\t\t<div class=\"elementor-column elementor-col-100 elementor-top-column elementor-element elementor-element-ce5d11a\" data-id=\"ce5d11a\" data-element_type=\"column\" data-e-type=\"column\">\n\t\t\t<div class=\"elementor-widget-wrap elementor-element-populated\">\n\t\t\t\t\t\t<section class=\"elementor-section elementor-inner-section elementor-element elementor-element-8df0ace elementor-section-boxed elementor-section-height-default elementor-section-height-default\" data-id=\"8df0ace\" data-element_type=\"section\" data-e-type=\"section\">\n\t\t\t\t\t\t<div class=\"elementor-container elementor-column-gap-default\">\n\t\t\t\t\t<div class=\"elementor-column elementor-col-50 elementor-inner-column elementor-element elementor-element-cef855b\" data-id=\"cef855b\" data-element_type=\"column\" data-e-type=\"column\">\n\t\t\t<div class=\"elementor-widget-wrap elementor-element-populated\">\n\t\t\t\t\t\t<div class=\"elementor-element elementor-element-99d49f9 elementor-widget elementor-widget-image\" data-id=\"99d49f9\" data-element_type=\"widget\" data-e-type=\"widget\" data-widget_type=\"image.default\">\n\t\t\t\t<div class=\"elementor-widget-container\">\n\t\t\t\t\t\t\t\t\t\t\t\t\t\t\t<img fetchpriority=\"high\" decoding=\"async\" width=\"470\" height=\"482\" src=\"https:\/\/www.honorpigment.com\/wp-content\/uploads\/2025\/08\/about.webp\" class=\"attachment-large size-large wp-image-2926\" alt=\"\" \/>\t\t\t\t\t\t\t\t\t\t\t\t\t\t\t<\/div>\n\t\t\t\t<\/div>\n\t\t\t\t\t<\/div>\n\t\t<\/div>\n\t\t\t\t<div class=\"elementor-column elementor-col-50 elementor-inner-column elementor-element elementor-element-cb7898f\" data-id=\"cb7898f\" data-element_type=\"column\" data-e-type=\"column\">\n\t\t\t<div class=\"elementor-widget-wrap elementor-element-populated\">\n\t\t\t\t\t\t<div class=\"elementor-element elementor-element-01186f1 elementor-widget elementor-widget-heading\" data-id=\"01186f1\" data-element_type=\"widget\" data-e-type=\"widget\" data-widget_type=\"heading.default\">\n\t\t\t\t<div class=\"elementor-widget-container\">\n\t\t\t\t\t<h2 class=\"elementor-heading-title elementor-size-default\">SHANGHAI HONOR INDUSTRIAL CO.,LTD.<\/h2>\t\t\t\t<\/div>\n\t\t\t\t<\/div>\n\t\t\t\t<div class=\"elementor-element elementor-element-4b56b5e elementor-widget elementor-widget-text-editor\" data-id=\"4b56b5e\" data-element_type=\"widget\" data-e-type=\"widget\" data-widget_type=\"text-editor.default\">\n\t\t\t\t<div class=\"elementor-widget-container\">\n\t\t\t\t\t\t\t\t\t<p>Fundada en 2009, es un proveedor de colorantes \/ pigmentos de alto rendimiento, suministramos al mercado pigmentos org\u00e1nicos \/ productos qu\u00edmicos relacionados de alta calidad para aplicaciones de pinturas \/ recubrimientos, pl\u00e1sticos y tintas. Especialmente para tintas de inyecci\u00f3n de tinta (impresoras de inyecci\u00f3n de tinta) y t\u00f3ner de color de impresoras l\u00e1ser.<\/p><p><br \/>Con un mont\u00f3n de aplicaci\u00f3n del cliente, nuestro equipo de control de calidad puede elegir nuestra mejor soluci\u00f3n adecuada de color para nuestro cliente para que coincida con el requisito de calidad de nuestros estimados clientes. Y el m\u00e9todo de prueba diferentes para satisfacer diferentes clientes y aplicaciones diferentes. Nuestro equipo del laboratorio realz\u00f3 nuestras mercanc\u00edas tiene calidad constante antes del env\u00edo.<\/p><p><br \/>Nuestro equipo profesional de log\u00edstica garantiza la entrega a tiempo a nuestros clientes seg\u00fan lo solicitado. Por lo tanto, puede estar seguro de que nuestros productos se entregan a nuestros clientes a tiempo.<\/p><p><br \/>Nuestro objetivo es ser la l\u00ednea de suministro m\u00e1s corta para nuestros clientes en base a nuestros productos relacionados con pigmentos y otros productos qu\u00edmicos en las industrias de pinturas, impresi\u00f3n y envasado. Nos gustar\u00eda el desarrollo com\u00fan junto con nuestros clientes y amigos en todo el mundo.<\/p>\t\t\t\t\t\t\t\t<\/div>\n\t\t\t\t<\/div>\n\t\t\t\t\t<\/div>\n\t\t<\/div>\n\t\t\t\t\t<\/div>\n\t\t<\/section>\n\t\t\t\t<section class=\"elementor-section elementor-inner-section elementor-element elementor-element-71674a0 elementor-section-boxed elementor-section-height-default elementor-section-height-default\" data-id=\"71674a0\" data-element_type=\"section\" data-e-type=\"section\">\n\t\t\t\t\t\t<div class=\"elementor-container elementor-column-gap-default\">\n\t\t\t\t\t<div class=\"elementor-column elementor-col-33 elementor-inner-column elementor-element elementor-element-4f74e7a\" data-id=\"4f74e7a\" data-element_type=\"column\" data-e-type=\"column\">\n\t\t\t<div class=\"elementor-widget-wrap elementor-element-populated\">\n\t\t\t\t\t\t<div class=\"elementor-element elementor-element-cdfeb29 elementor-widget elementor-widget-image-box\" data-id=\"cdfeb29\" data-element_type=\"widget\" data-e-type=\"widget\" data-widget_type=\"image-box.default\">\n\t\t\t\t<div class=\"elementor-widget-container\">\n\t\t\t\t\t<div class=\"elementor-image-box-wrapper\"><div class=\"elementor-image-box-content\"><h3 class=\"elementor-image-box-title\">T\u00c9CNICOS PROFESIONALES<\/h3><p class=\"elementor-image-box-description\">Contamos con personal t\u00e9cnico experimentado para realizar las pruebas con la f\u00f3rmula del cliente antes del env\u00edo. Invertimos el equipo para dar a nuestros clientes para obtener la calidad adecuada con el est\u00e1ndar correcto.<\/p><\/div><\/div>\t\t\t\t<\/div>\n\t\t\t\t<\/div>\n\t\t\t\t\t<\/div>\n\t\t<\/div>\n\t\t\t\t<div class=\"elementor-column elementor-col-33 elementor-inner-column elementor-element elementor-element-9aed64d\" data-id=\"9aed64d\" data-element_type=\"column\" data-e-type=\"column\">\n\t\t\t<div class=\"elementor-widget-wrap elementor-element-populated\">\n\t\t\t\t\t\t<div class=\"elementor-element elementor-element-f0c3311 elementor-widget elementor-widget-image-box\" data-id=\"f0c3311\" data-element_type=\"widget\" data-e-type=\"widget\" data-widget_type=\"image-box.default\">\n\t\t\t\t<div class=\"elementor-widget-container\">\n\t\t\t\t\t<div class=\"elementor-image-box-wrapper\"><div class=\"elementor-image-box-content\"><h3 class=\"elementor-image-box-title\">EXCELENTE CALIDAD DEL PRODUCTO<\/h3><p class=\"elementor-image-box-description\">Como exportador profesional de pigmentos, promovemos con pigmentos de calidad para satisfacer los requisitos de calidad de diferentes clientes.<\/p><\/div><\/div>\t\t\t\t<\/div>\n\t\t\t\t<\/div>\n\t\t\t\t\t<\/div>\n\t\t<\/div>\n\t\t\t\t<div class=\"elementor-column elementor-col-33 elementor-inner-column elementor-element elementor-element-de74e8d\" data-id=\"de74e8d\" data-element_type=\"column\" data-e-type=\"column\">\n\t\t\t<div class=\"elementor-widget-wrap elementor-element-populated\">\n\t\t\t\t\t\t<div class=\"elementor-element elementor-element-1ab8acf elementor-widget elementor-widget-image-box\" data-id=\"1ab8acf\" data-element_type=\"widget\" data-e-type=\"widget\" data-widget_type=\"image-box.default\">\n\t\t\t\t<div class=\"elementor-widget-container\">\n\t\t\t\t\t<div class=\"elementor-image-box-wrapper\"><div class=\"elementor-image-box-content\"><h3 class=\"elementor-image-box-title\">VENTAS A TODO EL MUNDO<\/h3><p class=\"elementor-image-box-description\">Nuestro objetivo es ser la l\u00ednea de suministro m\u00e1s corta para nuestros clientes en base a nuestros productos relacionados en pigmentos y otros productos qu\u00edmicos en las industrias de pinturas, impresi\u00f3n y envasado. <\/p><\/div><\/div>\t\t\t\t<\/div>\n\t\t\t\t<\/div>\n\t\t\t\t\t<\/div>\n\t\t<\/div>\n\t\t\t\t\t<\/div>\n\t\t<\/section>\n\t\t\t\t\t<\/div>\n\t\t<\/div>\n\t\t\t\t\t<\/div>\n\t\t<\/section>\n\t\t\t\t<section class=\"elementor-section elementor-top-section elementor-element elementor-element-49d9a45 elementor-section-full_width elementor-section-height-default elementor-section-height-default\" data-id=\"49d9a45\" data-element_type=\"section\" data-e-type=\"section\" data-settings=\"{&quot;background_background&quot;:&quot;classic&quot;}\">\n\t\t\t\t\t\t<div class=\"elementor-container elementor-column-gap-default\">\n\t\t\t\t\t<div class=\"elementor-column elementor-col-50 elementor-top-column elementor-element elementor-element-767b10d\" data-id=\"767b10d\" data-element_type=\"column\" data-e-type=\"column\">\n\t\t\t<div class=\"elementor-widget-wrap elementor-element-populated\">\n\t\t\t\t\t\t<div class=\"elementor-element elementor-element-1e07452 elementor-widget elementor-widget-image\" data-id=\"1e07452\" data-element_type=\"widget\" data-e-type=\"widget\" data-widget_type=\"image.default\">\n\t\t\t\t<div class=\"elementor-widget-container\">\n\t\t\t\t\t\t\t\t\t\t\t\t\t\t\t<img decoding=\"async\" width=\"1197\" height=\"549\" src=\"https:\/\/www.honorpigment.com\/wp-content\/uploads\/2025\/08\/about-1.webp\" class=\"attachment-full size-full wp-image-2930\" alt=\"\" \/>\t\t\t\t\t\t\t\t\t\t\t\t\t\t\t<\/div>\n\t\t\t\t<\/div>\n\t\t\t\t\t<\/div>\n\t\t<\/div>\n\t\t\t\t<div class=\"elementor-column elementor-col-50 elementor-top-column elementor-element elementor-element-31e1a50\" data-id=\"31e1a50\" data-element_type=\"column\" data-e-type=\"column\">\n\t\t\t<div class=\"elementor-widget-wrap elementor-element-populated\">\n\t\t\t\t\t\t<div class=\"elementor-element elementor-element-8ae0602 elementor-widget elementor-widget-heading\" data-id=\"8ae0602\" data-element_type=\"widget\" data-e-type=\"widget\" data-widget_type=\"heading.default\">\n\t\t\t\t<div class=\"elementor-widget-container\">\n\t\t\t\t\t<h2 class=\"elementor-heading-title elementor-size-default\">Elija nuestros pigmentos de calidad mundial<\/h2>\t\t\t\t<\/div>\n\t\t\t\t<\/div>\n\t\t\t\t<div class=\"elementor-element elementor-element-bc9fd84 elementor-widget elementor-widget-text-editor\" data-id=\"bc9fd84\" data-element_type=\"widget\" data-e-type=\"widget\" data-widget_type=\"text-editor.default\">\n\t\t\t\t<div class=\"elementor-widget-container\">\n\t\t\t\t\t\t\t\t\t<p><strong>-<\/strong>\u00a0Cada uno de nuestros clientes espera el mejor resultado y puede ofrecer un aspecto lujoso a sus necesidades de pigmentos. El equipo de Honor Pigmento ha construido una s\u00f3lida reputaci\u00f3n por ofrecer el mejor mundo de servicios de pintura, pinturas textiles, tintas de inyecci\u00f3n de tinta y as\u00ed sucesivamente para siempre. Adem\u00e1s, utilizamos pigmentos basados en la tecnolog\u00eda moderna y creamos un lugar ic\u00f3nico en la industria.\u00a0<\/p><p><strong>-<\/strong>\u00a0Nuestros clientes est\u00e1n tan contentos al ver tan alta calidad, as\u00ed como servicios \u00fanicos de nosotros. Por lo que es necesario para nuestro equipo agarra los mejores resultados mediante la selecci\u00f3n de pigmentos de clase mundial para obtener resultados variados. Al ver nuestro trabajo m\u00e1s alta satisfacci\u00f3n, logramos el mayor lugar en el servicio y la necesidad de establecer nuestra relaci\u00f3n amistosa con cada cliente. Nuestro trabajo de calidad superior siempre aceptado por todos y logramos m\u00e1s y m\u00e1s clientes d\u00eda a d\u00eda.<\/p>\t\t\t\t\t\t\t\t<\/div>\n\t\t\t\t<\/div>\n\t\t\t\t\t<\/div>\n\t\t<\/div>\n\t\t\t\t\t<\/div>\n\t\t<\/section>\n\t\t\t\t<section class=\"elementor-section elementor-top-section elementor-element elementor-element-86546c6 elementor-section-full_width elementor-section-height-default elementor-section-height-default\" data-id=\"86546c6\" data-element_type=\"section\" data-e-type=\"section\" data-settings=\"{&quot;background_background&quot;:&quot;classic&quot;}\">\n\t\t\t\t\t\t<div class=\"elementor-container elementor-column-gap-default\">\n\t\t\t\t\t<div class=\"elementor-column elementor-col-50 elementor-top-column elementor-element elementor-element-e2e4ea1\" data-id=\"e2e4ea1\" data-element_type=\"column\" data-e-type=\"column\">\n\t\t\t<div class=\"elementor-widget-wrap elementor-element-populated\">\n\t\t\t\t\t\t<div class=\"elementor-element elementor-element-d43dc54 elementor-widget elementor-widget-heading\" data-id=\"d43dc54\" data-element_type=\"widget\" data-e-type=\"widget\" data-widget_type=\"heading.default\">\n\t\t\t\t<div class=\"elementor-widget-container\">\n\t\t\t\t\t<h2 class=\"elementor-heading-title elementor-size-default\">Elija nuestros pigmentos de calidad mundial<\/h2>\t\t\t\t<\/div>\n\t\t\t\t<\/div>\n\t\t\t\t<div class=\"elementor-element elementor-element-3aecd61 elementor-widget elementor-widget-text-editor\" data-id=\"3aecd61\" data-element_type=\"widget\" data-e-type=\"widget\" data-widget_type=\"text-editor.default\">\n\t\t\t\t<div class=\"elementor-widget-container\">\n\t\t\t\t\t\t\t\t\t<p><strong>-<\/strong>\u00a0Cada uno de nuestros clientes espera el mejor resultado y puede ofrecer un aspecto lujoso a sus necesidades de pigmentos. El equipo de Honor Pigmento ha construido una s\u00f3lida reputaci\u00f3n por ofrecer el mejor mundo de servicios de pintura, pinturas textiles, tintas de inyecci\u00f3n de tinta y as\u00ed sucesivamente para siempre. Adem\u00e1s, utilizamos pigmentos basados en la tecnolog\u00eda moderna y creamos un lugar ic\u00f3nico en la industria.\u00a0<\/p><p><strong>-<\/strong>\u00a0Nuestros clientes est\u00e1n tan contentos al ver tan alta calidad, as\u00ed como servicios \u00fanicos de nosotros. Por lo que es necesario para nuestro equipo agarra los mejores resultados mediante la selecci\u00f3n de pigmentos de clase mundial para obtener resultados variados. Al ver nuestro trabajo m\u00e1s alta satisfacci\u00f3n, logramos el mayor lugar en el servicio y la necesidad de establecer nuestra relaci\u00f3n amistosa con cada cliente. Nuestro trabajo de calidad superior siempre aceptado por todos y logramos m\u00e1s y m\u00e1s clientes d\u00eda a d\u00eda.<\/p>\t\t\t\t\t\t\t\t<\/div>\n\t\t\t\t<\/div>\n\t\t\t\t\t<\/div>\n\t\t<\/div>\n\t\t\t\t<div class=\"elementor-column elementor-col-50 elementor-top-column elementor-element elementor-element-7c6892e\" data-id=\"7c6892e\" data-element_type=\"column\" data-e-type=\"column\">\n\t\t\t<div class=\"elementor-widget-wrap elementor-element-populated\">\n\t\t\t\t\t\t<div class=\"elementor-element elementor-element-922022d elementor-widget elementor-widget-image\" data-id=\"922022d\" data-element_type=\"widget\" data-e-type=\"widget\" data-widget_type=\"image.default\">\n\t\t\t\t<div class=\"elementor-widget-container\">\n\t\t\t\t\t\t\t\t\t\t\t\t\t\t\t<img decoding=\"async\" width=\"1197\" height=\"549\" src=\"https:\/\/www.honorpigment.com\/wp-content\/uploads\/2025\/08\/news.webp\" class=\"attachment-full size-full wp-image-2931\" alt=\"\" \/>\t\t\t\t\t\t\t\t\t\t\t\t\t\t\t<\/div>\n\t\t\t\t<\/div>\n\t\t\t\t\t<\/div>\n\t\t<\/div>\n\t\t\t\t\t<\/div>\n\t\t<\/section>\n\t\t\t\t<section class=\"elementor-section elementor-top-section elementor-element elementor-element-6c7a4e2 elementor-section-boxed elementor-section-height-default elementor-section-height-default\" data-id=\"6c7a4e2\" data-element_type=\"section\" data-e-type=\"section\">\n\t\t\t\t\t\t<div class=\"elementor-container elementor-column-gap-default\">\n\t\t\t\t\t<div class=\"elementor-column elementor-col-100 elementor-top-column elementor-element elementor-element-07d2cbd\" data-id=\"07d2cbd\" data-element_type=\"column\" data-e-type=\"column\">\n\t\t\t<div class=\"elementor-widget-wrap elementor-element-populated\">\n\t\t\t\t\t\t<div class=\"elementor-element elementor-element-40e0585 elementor-widget elementor-widget-heading\" data-id=\"40e0585\" data-element_type=\"widget\" data-e-type=\"widget\" data-widget_type=\"heading.default\">\n\t\t\t\t<div class=\"elementor-widget-container\">\n\t\t\t\t\t<h2 class=\"elementor-heading-title elementor-size-default\">F\u00c1BRICA<\/h2>\t\t\t\t<\/div>\n\t\t\t\t<\/div>\n\t\t\t\t<div class=\"elementor-element elementor-element-11f6155 elementor-grid-3 elementor-grid-tablet-2 elementor-grid-mobile-1 pp-ins-normal elementor-widget elementor-widget-pp-image-gallery\" data-id=\"11f6155\" data-element_type=\"widget\" data-e-type=\"widget\" data-widget_type=\"pp-image-gallery.default\">\n\t\t\t\t<div class=\"elementor-widget-container\">\n\t\t\t\t\t\t\t<div class=\"pp-image-gallery-container\" data-settings=\"{&quot;tilt_enable&quot;:&quot;no&quot;,&quot;layout&quot;:&quot;grid&quot;,&quot;post_id&quot;:346,&quot;template_id&quot;:346,&quot;widget_id&quot;:&quot;11f6155&quot;}\">\n\t\t\t\t\t\t\t\t\t\t\t<div class=\"pp-image-gallery pp-elementor-grid\" id=\"pp-image-gallery-11f6155\">\n\t\t\t\t\t\t\t\t<div class=\"pp-grid-item-wrap\" data-item-id=\"2935\">\n\t\t\t\t<div class=\"pp-grid-item pp-image\">\n\t\t\t\t\t<div class=\"pp-image-gallery-thumbnail-wrap pp-ins-filter-hover\">\n\t\t\t\t\t\t<div class=\"pp-ins-filter-target pp-image-gallery-thumbnail\"><img decoding=\"async\" class=\"pp-gallery-slide-image\" src=\"https:\/\/www.honorpigment.com\/wp-content\/uploads\/2025\/08\/factory2-1920-1920.webp\" alt=\"\" data-no-lazy=\"1\"\/><\/div><div class=\"pp-image-overlay pp-media-overlay\"><\/div><div class=\"pp-gallery-image-content pp-media-content\"><\/div>\t\t\t\t\t<\/div>\n\t\t\t\t<\/div>\n\t\t\t<\/div>\n\t\t\t\t\t\t<div class=\"pp-grid-item-wrap\" data-item-id=\"2936\">\n\t\t\t\t<div class=\"pp-grid-item pp-image\">\n\t\t\t\t\t<div class=\"pp-image-gallery-thumbnail-wrap pp-ins-filter-hover\">\n\t\t\t\t\t\t<div class=\"pp-ins-filter-target pp-image-gallery-thumbnail\"><img decoding=\"async\" class=\"pp-gallery-slide-image\" src=\"https:\/\/www.honorpigment.com\/wp-content\/uploads\/2025\/08\/factory1-1920-1920.webp\" alt=\"\" data-no-lazy=\"1\"\/><\/div><div class=\"pp-image-overlay pp-media-overlay\"><\/div><div class=\"pp-gallery-image-content pp-media-content\"><\/div>\t\t\t\t\t<\/div>\n\t\t\t\t<\/div>\n\t\t\t<\/div>\n\t\t\t\t\t\t<div class=\"pp-grid-item-wrap\" data-item-id=\"2937\">\n\t\t\t\t<div class=\"pp-grid-item pp-image\">\n\t\t\t\t\t<div class=\"pp-image-gallery-thumbnail-wrap pp-ins-filter-hover\">\n\t\t\t\t\t\t<div class=\"pp-ins-filter-target pp-image-gallery-thumbnail\"><img decoding=\"async\" class=\"pp-gallery-slide-image\" src=\"https:\/\/www.honorpigment.com\/wp-content\/uploads\/2025\/08\/factory-1920-1920.webp\" alt=\"\" data-no-lazy=\"1\"\/><\/div><div class=\"pp-image-overlay pp-media-overlay\"><\/div><div class=\"pp-gallery-image-content pp-media-content\"><\/div>\t\t\t\t\t<\/div>\n\t\t\t\t<\/div>\n\t\t\t<\/div>\n\t\t\t\t\t\t<div class=\"pp-grid-item-wrap\" data-item-id=\"2938\">\n\t\t\t\t<div class=\"pp-grid-item pp-image\">\n\t\t\t\t\t<div class=\"pp-image-gallery-thumbnail-wrap pp-ins-filter-hover\">\n\t\t\t\t\t\t<div class=\"pp-ins-filter-target pp-image-gallery-thumbnail\"><img decoding=\"async\" class=\"pp-gallery-slide-image\" src=\"https:\/\/www.honorpigment.com\/wp-content\/uploads\/2025\/08\/box3-1920-1920.webp\" alt=\"\" data-no-lazy=\"1\"\/><\/div><div class=\"pp-image-overlay pp-media-overlay\"><\/div><div class=\"pp-gallery-image-content pp-media-content\"><\/div>\t\t\t\t\t<\/div>\n\t\t\t\t<\/div>\n\t\t\t<\/div>\n\t\t\t\t\t\t<div class=\"pp-grid-item-wrap\" data-item-id=\"2939\">\n\t\t\t\t<div class=\"pp-grid-item pp-image\">\n\t\t\t\t\t<div class=\"pp-image-gallery-thumbnail-wrap pp-ins-filter-hover\">\n\t\t\t\t\t\t<div class=\"pp-ins-filter-target pp-image-gallery-thumbnail\"><img decoding=\"async\" class=\"pp-gallery-slide-image\" src=\"https:\/\/www.honorpigment.com\/wp-content\/uploads\/2025\/08\/box2-1920-1920.webp\" alt=\"\" data-no-lazy=\"1\"\/><\/div><div class=\"pp-image-overlay pp-media-overlay\"><\/div><div class=\"pp-gallery-image-content pp-media-content\"><\/div>\t\t\t\t\t<\/div>\n\t\t\t\t<\/div>\n\t\t\t<\/div>\n\t\t\t\t\t\t<div class=\"pp-grid-item-wrap\" data-item-id=\"2940\">\n\t\t\t\t<div class=\"pp-grid-item pp-image\">\n\t\t\t\t\t<div class=\"pp-image-gallery-thumbnail-wrap pp-ins-filter-hover\">\n\t\t\t\t\t\t<div class=\"pp-ins-filter-target pp-image-gallery-thumbnail\"><img decoding=\"async\" class=\"pp-gallery-slide-image\" src=\"https:\/\/www.honorpigment.com\/wp-content\/uploads\/2025\/08\/box-1920-1920.webp\" alt=\"\" data-no-lazy=\"1\"\/><\/div><div class=\"pp-image-overlay pp-media-overlay\"><\/div><div class=\"pp-gallery-image-content pp-media-content\"><\/div>\t\t\t\t\t<\/div>\n\t\t\t\t<\/div>\n\t\t\t<\/div>\n\t\t\t\t\t\t\t<\/div>\n\t\t\t\t\t\t<\/div>\n\t\t\t\t\t\t<\/div>\n\t\t\t\t<\/div>\n\t\t\t\t\t<\/div>\n\t\t<\/div>\n\t\t\t\t\t<\/div>\n\t\t<\/section>\n\t\t\t\t<\/div>","protected":false},"excerpt":{"rendered":"<p>ABOUT US We pride ourselves on being recognized among the top Pigments suppliers in the industry. Our commitment to quality and innovation has positioned us as a leader, catering to a diverse range of applications including paints, coatings, plastics, and inks. As one of the premier Pigments suppliers, we continuously strive to enhance our offerings [&hellip;]<\/p>\n","protected":false},"author":1,"featured_media":0,"parent":0,"menu_order":0,"comment_status":"closed","ping_status":"closed","template":"elementor_header_footer","meta":{"footnotes":""},"class_list":["post-346","page","type-page","status-publish","hentry"],"_links":{"self":[{"href":"https:\/\/www.honorpigment.com\/es_co\/wp-json\/wp\/v2\/pages\/346","targetHints":{"allow":["GET"]}}],"collection":[{"href":"https:\/\/www.honorpigment.com\/es_co\/wp-json\/wp\/v2\/pages"}],"about":[{"href":"https:\/\/www.honorpigment.com\/es_co\/wp-json\/wp\/v2\/types\/page"}],"author":[{"embeddable":true,"href":"https:\/\/www.honorpigment.com\/es_co\/wp-json\/wp\/v2\/users\/1"}],"replies":[{"embeddable":true,"href":"https:\/\/www.honorpigment.com\/es_co\/wp-json\/wp\/v2\/comments?post=346"}],"version-history":[{"count":1,"href":"https:\/\/www.honorpigment.com\/es_co\/wp-json\/wp\/v2\/pages\/346\/revisions"}],"predecessor-version":[{"id":8522,"href":"https:\/\/www.honorpigment.com\/es_co\/wp-json\/wp\/v2\/pages\/346\/revisions\/8522"}],"wp:attachment":[{"href":"https:\/\/www.honorpigment.com\/es_co\/wp-json\/wp\/v2\/media?parent=346"}],"curies":[{"name":"wp","href":"https:\/\/api.w.org\/{rel}","templated":true}]}}