{"id":3666,"date":"2025-09-19T16:15:30","date_gmt":"2025-09-19T08:15:30","guid":{"rendered":"https:\/\/www.honorpigments.com\/?post_type=product&#038;p=3666"},"modified":"2026-03-23T20:12:19","modified_gmt":"2026-03-23T12:12:19","slug":"solvent-yellow-1601-solvent-dyes","status":"publish","type":"product","link":"https:\/\/www.honorpigment.com\/es_ar\/product\/solvent-yellow-1601-solvent-dyes\/","title":{"rendered":"Amarillo disolvente 160:1 \/ Colorantes disolventes"},"content":{"rendered":"<h3><strong><b>D<\/b><\/strong><strong><b>escripci\u00f3n <\/b><\/strong><\/h3>\n<p>Solvent Yellow 160:1 is a greenish yellow fluorescent dye.<\/p>\n<p>It has good heat resistance and light resistance, good migration resistance and high tinting strength with wide application.<\/p>\n<p>Solvent Yellow 160:1 is allowed to be used in PS , HIPS, ABS, ,PC, PMMA, SAN, AS, PET, polyester fiber, and limited used in PA6 fiber.<\/p>\n<h3><strong><b>Informaci\u00f3n de identificaci\u00f3n:<\/b><\/strong><\/h3>\n<p>Color Index: Solvent yellow 160:1<\/p>\n<p>CAS No.: \u00a094945-27-4 \/35773-43-4<\/p>\n<p>F\u00f3rmula molecular:  C<sub>20<\/sub>H<sub>17<\/sub>ClN<sub>2<\/sub>O<sub>3<\/sub><\/p>\n<h3><strong><b>Producto<\/b><\/strong><strong><b>\u00a0<\/b><\/strong><strong><b>especificaci\u00f3n<\/b><\/strong><\/h3>\n<p>Appearance Green Yellow\u00a0powder<\/p>\n<p>Intensidad de tintado 100\u00b13%<\/p>\n<p>Color de la sombra Similar al est\u00e1ndar,<\/p>\n<p>Ceniza \u2264 0,5%<\/p>\n<p>Humedad \u2264 0,5%<\/p>\n<p>Valor diferencial de color\u0394E \u2264 0,8<\/p>\n<p>Density g\/cm3 \u00a0\u00a0\u00a0\u00a0\u00a0\u00a0\u00a0\u00a0\u00a0\u00a0\u00a0\u00a0\u00a0\u00a0\u00a0\u00a0\u00a0\u00a0\u00a0\u00a0\u00a0\u00a0\u00a0\u00a0\u00a0\u00a0\u00a0\u00a0\u00a0\u00a0\u00a0\u00a0\u00a0\u00a0\u00a0\u00a0\u00a0\u00a0\u00a0\u00a0\u00a0\u00a0\u00a0\u00a0\u00a0\u00a0\u00a0\u00a0\u00a0\u00a0\u00a0\u00a0\u00a0\u00a0\u00a0\u00a0\u00a0\u00a0\u00a0\u00a0\u00a0\u00a0\u00a0\u00a0\u00a0\u00a0\u00a0\u00a0\u00a0\u00a0\u00a0\u00a0\u00a0\u00a0\u00a0\u00a0\u00a0\u00a01.36<\/p>\n<p>Melting Point \u2103 \u00a0\u00a0\u00a0\u00a0\u00a0\u00a0\u00a0\u00a0\u00a0\u00a0\u00a0\u00a0\u00a0\u00a0\u00a0\u00a0\u00a0\u00a0\u00a0\u00a0\u00a0\u00a0\u00a0\u00a0\u00a0\u00a0\u00a0\u00a0\u00a0\u00a0\u00a0\u00a0\u00a0\u00a0\u00a0\u00a0\u00a0\u00a0\u00a0\u00a0\u00a0\u00a0\u00a0\u00a0\u00a0\u00a0\u00a0\u00a0\u00a0\u00a0\u00a0\u00a0\u00a0\u00a0\u00a0\u00a0\u00a0\u00a0\u00a0\u00a0\u00a0\u00a0\u00a0\u00a0\u00a0\u00a0\u00a0\u00a0\u00a0\u00a0\u00a0\u00a0\u00a0\u00a0\u00a0209<\/p>\n<h3><strong><b>Datos t\u00e9cnicos<\/b><\/strong><\/h3>\n<table>\n<tbody>\n<tr>\n<td width=\"307\"><strong>Prueba<\/strong><strong>\u00a0<\/strong><strong>Art\u00edculos<\/strong><\/td>\n<td width=\"58\"><strong>PS<\/strong><\/td>\n<td width=\"58\"><strong>ABS<\/strong><\/td>\n<td width=\"58\"><strong>SAN<\/strong><\/td>\n<td width=\"58\"><strong>PMMA<\/strong><\/td>\n<td width=\"58\"><strong>PC<\/strong><\/td>\n<td width=\"58\"><strong>R-<\/strong><strong>PVC<\/strong><\/td>\n<td width=\"58\"><strong>PA6<\/strong><\/td>\n<td width=\"58\"><strong>PET<\/strong><\/td>\n<\/tr>\n<tr>\n<td width=\"307\">Temperatura de resistencia al calor, \u2103<\/p>\n<p>(0,05% tintes, transparente)<\/td>\n<td width=\"58\">300<\/td>\n<td width=\"58\">280<\/td>\n<td width=\"58\">-<\/td>\n<td width=\"58\">-<\/td>\n<td width=\"58\">300<\/td>\n<td width=\"58\">-<\/td>\n<td width=\"58\">-<\/td>\n<td width=\"58\">280<\/td>\n<\/tr>\n<tr>\n<td width=\"307\">Temperatura de resistencia al calor, \u2103<\/p>\n<p>(0,05% colorantes + 1,0% di\u00f3xido de titanio)<\/td>\n<td width=\"58\">300<\/td>\n<td width=\"58\">280<\/td>\n<td width=\"58\">-<\/td>\n<td width=\"58\">-<\/td>\n<td width=\"58\">300<\/td>\n<td width=\"58\">-<\/td>\n<td width=\"58\">-<\/td>\n<td width=\"58\">280<\/td>\n<\/tr>\n<tr>\n<td width=\"307\">Resistencia a la migraci\u00f3n<\/td>\n<td width=\"58\">-<\/td>\n<td width=\"58\">-<\/td>\n<td width=\"58\">-<\/td>\n<td width=\"58\">-<\/td>\n<td width=\"58\">-<\/td>\n<td width=\"58\">-<\/td>\n<td width=\"58\">-<\/td>\n<td width=\"58\">-<\/td>\n<\/tr>\n<tr>\n<td width=\"307\">Solidez a la luz (colorantes 0,05%, transparentes)<\/td>\n<td width=\"58\">6<\/td>\n<td width=\"58\">6-7<\/td>\n<td width=\"58\">6<\/td>\n<td width=\"58\">6-7<\/td>\n<td width=\"58\">6<\/td>\n<td width=\"58\">6<\/td>\n<td width=\"58\">-<\/td>\n<td width=\"58\">6-7<\/td>\n<\/tr>\n<tr>\n<td width=\"307\">Resistencia a la intemperie<\/td>\n<td width=\"58\">-<\/td>\n<td width=\"58\">-<\/td>\n<td width=\"58\">-<\/td>\n<td width=\"58\">-<\/td>\n<td width=\"58\">-<\/td>\n<td width=\"58\">-<\/td>\n<td width=\"58\">-<\/td>\n<td width=\"58\">-<\/td>\n<\/tr>\n<tr>\n<td width=\"307\">Resistencia a los \u00e1cidos (en soluci\u00f3n de \u00e1cido clorh\u00eddrico 5%)<\/td>\n<td width=\"58\">4-5<\/td>\n<td width=\"58\">4-5<\/td>\n<td width=\"58\">4-5<\/td>\n<td width=\"58\">4-5<\/td>\n<td width=\"58\">4-5<\/td>\n<td width=\"58\">4-5<\/td>\n<td width=\"58\">4-5<\/td>\n<td width=\"58\">4-5<\/td>\n<\/tr>\n<tr>\n<td width=\"307\">Resistencia alcalina (en soluci\u00f3n de sosa c\u00e1ustica 5%)<\/td>\n<td width=\"58\">4-5<\/td>\n<td width=\"58\">4-5<\/td>\n<td width=\"58\">4-5<\/td>\n<td width=\"58\">4-5<\/td>\n<td width=\"58\">4-5<\/td>\n<td width=\"58\">4-5<\/td>\n<td width=\"58\">4-5<\/td>\n<td width=\"58\">4-5<\/td>\n<\/tr>\n<\/tbody>\n<\/table>\n<h3><strong><b>Disolvente <\/b><\/strong><strong><b>y<\/b><\/strong><strong><b>ellow 160 <\/b><\/strong><strong><b>solubilidad en disolvente org\u00e1nico a 20\u2103(g\/l)<\/b><\/strong><\/h3>\n<table>\n<tbody>\n<tr>\n<td width=\"140\"><strong><b>Acetona<\/b><\/strong><\/td>\n<td width=\"140\"><strong><b>Acetato de butilo<\/b><\/strong><\/td>\n<td width=\"140\"><strong><b>Metilbenceno<\/b><\/strong><\/td>\n<td width=\"140\"><strong><b>Diclorometano<\/b><\/strong><\/td>\n<td width=\"140\"><strong><b>Alcohol et\u00edlico<\/b><\/strong><\/td>\n<\/tr>\n<tr>\n<td width=\"140\">5.2<\/td>\n<td width=\"140\">4.2<\/td>\n<td width=\"140\">10.6<\/td>\n<td width=\"140\">2.3<\/td>\n<td width=\"140\">5.1<\/td>\n<\/tr>\n<\/tbody>\n<\/table>\n<h3><strong><b>\u00a0<\/b><\/strong><strong><b>Aplicaci\u00f3n<\/b><\/strong><strong>\u00a0<\/strong><\/h3>\n<table>\n<tbody>\n<tr>\n<td width=\"129\"><strong>PS<\/strong><\/td>\n<td width=\"129\">\u25cf<\/td>\n<td width=\"129\"><strong>PET<\/strong><\/td>\n<td width=\"129\">\u25cf<\/td>\n<td width=\"129\"><strong>PC<\/strong><\/td>\n<td width=\"129\">\u25cf<\/td>\n<\/tr>\n<tr>\n<td width=\"129\"><strong>AS<\/strong><\/td>\n<td width=\"129\">\u25cf<\/td>\n<td width=\"129\"><strong>PVC-<\/strong><strong>\u00a0<\/strong><strong>R<\/strong><\/td>\n<td width=\"129\">\u25cb<\/td>\n<td width=\"129\"><strong>SAN<\/strong><\/td>\n<td width=\"129\">\u25cf<\/td>\n<\/tr>\n<tr>\n<td width=\"129\"><strong>ABS<\/strong><\/td>\n<td width=\"129\">\u25cf<\/td>\n<td width=\"129\"><strong>PVC-U<\/strong><\/td>\n<td width=\"129\">\u25cf<\/td>\n<td width=\"129\"><strong>HIPS<\/strong><\/td>\n<td width=\"129\">\u25cf<\/td>\n<\/tr>\n<tr>\n<td width=\"129\"><strong>PMMA<\/strong><\/td>\n<td width=\"129\">\u25cf<\/td>\n<td width=\"129\"><strong>PA6<\/strong><\/td>\n<td width=\"129\">\u25cb<\/td>\n<td width=\"129\"><\/td>\n<td width=\"129\"><\/td>\n<\/tr>\n<\/tbody>\n<\/table>\n<p><strong><b>Nota:<\/b><\/strong><strong><b>\u00a0\u00a0\u00a0\u00a0<\/b><\/strong>\u25cf = recomendado \u25cb = uso potencial - = no recomendado<\/p>\n<h3><strong>Recomendado<\/strong><strong>\u00a0Dosificaci\u00f3n<\/strong><\/h3>\n<p>Transparente: 0,03%<\/p>\n<p>No transparente: 0,05%<\/p>\n<h3><strong>Embalaje:<\/strong><\/h3>\n<p>El embalaje normal es en bid\u00f3n de papel de 25kgs, 450kgs\/Palet.<\/p>\n<h3>Unparalleled Color Performance and Versatility<\/h3>\n<p>Solvent Yellow 160:1 is a high-performance greenish-yellow fluorescent dye known for its superior tinting strength and adaptability across a wide range of materials. Its vibrant fluorescence makes it perfect for applications where visual appeal and functionality converge. With its advanced formulation, this dye ensures high-quality results even in demanding conditions.<\/p>\n<h3>Outstanding Heat and Light Resistance<\/h3>\n<p>Engineered to withstand challenging environments, Solvent Yellow 160:1 boasts excellent heat and light resistance, ensuring long-lasting results for various industrial and commercial purposes. This ensures the dye remains stable and effective, even under prolonged exposure to high temperatures or intense light, making it an ideal solution for products requiring durability and reliability.<\/p>\n<h3>Ideal Compatibility and Wide Application<\/h3>\n<p>Solvent Yellow 160:1 is highly versatile and suitable for use across a broad spectrum of materials, including PS (Polystyrene), HIPS (High Impact PolyStyrene), ABS (Acrylonitrile Butadiene Styrene), PC (Polycarbonate), PMMA (Polymethyl Methacrylate), SAN (Styrene-Acrylonitrile Resin), AS (Acrylate Styrene), PET (Polyethylene Terephthalate), and polyester fibers. Its compatibility extends even to limited usage in PA6 fibers, ensuring flexibility in design and production.<\/p>\n<h3>Enhanced Migration Resistance<\/h3>\n<p>Featuring advanced migration resistance properties, Solvent Yellow 160:1 minimizes the risk of material discoloration or shifting, enabling seamless application in high-demand projects. Its stable formula ensures consistency and precision in finished products, enhancing overall quality and customer satisfaction.<\/p>","protected":false},"excerpt":{"rendered":"<p>CAS No.: \u00a094945-27-4 \/35773-43-4<\/p>\n<p>F\u00f3rmula molecular:  C<sub>20<\/sub>H<sub>17<\/sub>ClN<sub>2<\/sub>O<sub>3<\/sub><\/p>\n<p>Featuers: Good heat resistance and light resistance, good migration resistance and high tinting strength with wide application.<\/p>\n<p>Application: Used in PS , HIPS, ABS, ,PC, PMMA, SAN, AS, PET, polyester fiber, and limited used in PA6 fiber.<\/p>","protected":false},"featured_media":3670,"template":"","meta":[],"product_brand":[],"product_cat":[58,68],"product_tag":[385],"class_list":{"0":"post-3666","1":"product","2":"type-product","3":"status-publish","4":"has-post-thumbnail","6":"product_cat-dyestuffs","7":"product_cat-solvent-dyes","8":"product_tag-sy1601","10":"first","11":"instock","12":"shipping-taxable","13":"product-type-simple"},"_links":{"self":[{"href":"https:\/\/www.honorpigment.com\/es_ar\/wp-json\/wp\/v2\/product\/3666","targetHints":{"allow":["GET"]}}],"collection":[{"href":"https:\/\/www.honorpigment.com\/es_ar\/wp-json\/wp\/v2\/product"}],"about":[{"href":"https:\/\/www.honorpigment.com\/es_ar\/wp-json\/wp\/v2\/types\/product"}],"version-history":[{"count":0,"href":"https:\/\/www.honorpigment.com\/es_ar\/wp-json\/wp\/v2\/product\/3666\/revisions"}],"wp:featuredmedia":[{"embeddable":true,"href":"https:\/\/www.honorpigment.com\/es_ar\/wp-json\/wp\/v2\/media\/3670"}],"wp:attachment":[{"href":"https:\/\/www.honorpigment.com\/es_ar\/wp-json\/wp\/v2\/media?parent=3666"}],"wp:term":[{"taxonomy":"product_brand","embeddable":true,"href":"https:\/\/www.honorpigment.com\/es_ar\/wp-json\/wp\/v2\/product_brand?post=3666"},{"taxonomy":"product_cat","embeddable":true,"href":"https:\/\/www.honorpigment.com\/es_ar\/wp-json\/wp\/v2\/product_cat?post=3666"},{"taxonomy":"product_tag","embeddable":true,"href":"https:\/\/www.honorpigment.com\/es_ar\/wp-json\/wp\/v2\/product_tag?post=3666"}],"curies":[{"name":"wp","href":"https:\/\/api.w.org\/{rel}","templated":true}]}}