{"id":3641,"date":"2025-09-19T10:04:53","date_gmt":"2025-09-19T02:04:53","guid":{"rendered":"https:\/\/www.honorpigments.com\/?post_type=product&#038;p=3641"},"modified":"2026-03-23T20:21:18","modified_gmt":"2026-03-23T12:21:18","slug":"solvent-violet-31-solvent-dyes","status":"publish","type":"product","link":"https:\/\/www.honorpigment.com\/es_ar\/product\/solvent-violet-31-solvent-dyes\/","title":{"rendered":"Solvent Violet 31 \/ Solvent Dyes"},"content":{"rendered":"<h3><strong><b>D<\/b><\/strong><strong><b>escripci\u00f3n <\/b><\/strong><\/h3>\n<p>Solvent Violet 31 is a reddish violet transparent oil solvent dye.<\/p>\n<p>Posee una excelente resistencia al calor y a la luz, buena resistencia a la migraci\u00f3n y gran poder tint\u00f3reo con una amplia aplicaci\u00f3n.<\/p>\n<p>Solvent Violet 31 is used for coloring for plastics, PS, ABS, PMMA, PC, PET, polymer, fiber. polyester fiber, inks including inkjet ink.<\/p>\n<h3><strong><b>Informaci\u00f3n de identificaci\u00f3n:<\/b><\/strong><\/h3>\n<p>Color Index: Solvent Violet 31<\/p>\n<p>CAS No.: 70956-27-3<\/p>\n<p>F\u00f3rmula molecular: C<sub>14<\/sub>H<sub>8<\/sub>Cl<sub>2<\/sub>N<sub>2<\/sub>O<sub>2<\/sub><\/p>\n<p>Chemical\u00a0Family Anthraquinone Series<\/p>\n<h3><strong><b>Producto<\/b><\/strong><strong><b>\u00a0<\/b><\/strong><strong><b>especificaci\u00f3n<\/b><\/strong><\/h3>\n<p>Aspecto Polvo violeta<\/p>\n<p>Intensidad de tintado 100\u00b13%<\/p>\n<p>Color de la sombra Similar al est\u00e1ndar,<\/p>\n<p>Ceniza \u2264 1.0%<\/p>\n<p>Humedad \u2264 1.0%<\/p>\n<p>Valor diferencial de color\u0394E \u2264 0,8<\/p>\n<p>Density g\/cm3 \u00a0\u00a0\u00a0\u00a0\u00a0\u00a0\u00a0\u00a0\u00a0\u00a0\u00a0\u00a0\u00a0\u00a0\u00a0\u00a0\u00a0\u00a0\u00a0\u00a0\u00a0\u00a0\u00a0\u00a0\u00a0\u00a0\u00a0\u00a0\u00a0\u00a0\u00a0\u00a0\u00a0\u00a0\u00a0\u00a0\u00a0\u00a0\u00a0\u00a0\u00a0\u00a0\u00a0\u00a0\u00a0\u00a0\u00a0\u00a0\u00a0\u00a0\u00a0\u00a0\u00a0\u00a0\u00a0\u00a0\u00a0\u00a0\u00a0\u00a0\u00a0\u00a0\u00a0\u00a0\u00a0\u00a0\u00a0\u00a0\u00a0\u00a0\u00a0\u00a0\u00a0\u00a0\u00a0\u00a0\u00a0\u00a01.30<\/p>\n<p>Melting Point \u2103 \u00a0\u00a0\u00a0\u00a0\u00a0\u00a0\u00a0\u00a0\u00a0\u00a0\u00a0\u00a0\u00a0\u00a0\u00a0\u00a0\u00a0\u00a0\u00a0\u00a0\u00a0\u00a0\u00a0\u00a0\u00a0\u00a0\u00a0\u00a0\u00a0\u00a0\u00a0\u00a0\u00a0\u00a0\u00a0\u00a0\u00a0\u00a0\u00a0\u00a0\u00a0\u00a0\u00a0\u00a0\u00a0\u00a0\u00a0\u00a0\u00a0\u00a0\u00a0\u00a0\u00a0\u00a0\u00a0\u00a0\u00a0\u00a0\u00a0\u00a0\u00a0\u00a0\u00a0\u00a0\u00a0\u00a0\u00a0\u00a0\u00a0\u00a0\u00a0\u00a0\u00a0\u00a0\u00a0\u00a0282<\/p>\n<h3><strong><b>Datos t\u00e9cnicos<\/b><\/strong><\/h3>\n<table>\n<tbody>\n<tr>\n<td width=\"307\"><strong>Prueba<\/strong><strong>\u00a0<\/strong><strong>Art\u00edculos<\/strong><\/td>\n<td width=\"58\"><strong>PS<\/strong><\/td>\n<td width=\"58\"><strong>ABS<\/strong><\/td>\n<td width=\"58\"><strong>SAN<\/strong><\/td>\n<td width=\"58\"><strong>PMMA<\/strong><\/td>\n<td width=\"58\"><strong>PC<\/strong><\/td>\n<td width=\"58\"><strong>R-<\/strong><strong>PVC<\/strong><\/td>\n<td width=\"58\"><strong>PA6<\/strong><\/td>\n<td width=\"58\"><strong>PET<\/strong><\/td>\n<\/tr>\n<tr>\n<td width=\"307\">Temperatura de resistencia al calor, \u2103<\/p>\n<p>(0,05% tintes, transparente)<\/td>\n<td width=\"58\">300<\/td>\n<td width=\"58\">290<\/td>\n<td width=\"58\">300<\/td>\n<td width=\"58\">300<\/td>\n<td width=\"58\">310<\/td>\n<td width=\"58\">-<\/td>\n<td width=\"58\">-<\/td>\n<td width=\"58\">290<\/td>\n<\/tr>\n<tr>\n<td width=\"307\">Temperatura de resistencia al calor, \u2103<\/p>\n<p>(0,05% colorantes + 1,0% di\u00f3xido de titanio)<\/td>\n<td width=\"58\">280<\/td>\n<td width=\"58\">270<\/td>\n<td width=\"58\">280<\/td>\n<td width=\"58\">280<\/td>\n<td width=\"58\">290<\/td>\n<td width=\"58\">-<\/td>\n<td width=\"58\">-<\/td>\n<td width=\"58\">270<\/td>\n<\/tr>\n<tr>\n<td width=\"307\">Resistencia a la migraci\u00f3n<\/td>\n<td width=\"58\">5<\/td>\n<td width=\"58\">5<\/td>\n<td width=\"58\">5<\/td>\n<td width=\"58\">5<\/td>\n<td width=\"58\">-<\/td>\n<td width=\"58\">-<\/td>\n<td width=\"58\">-<\/td>\n<td width=\"58\">-<\/td>\n<\/tr>\n<tr>\n<td width=\"307\">Solidez a la luz (colorantes 0,05%, transparentes)<\/td>\n<td width=\"58\"><strong><b>7-8<\/b><\/strong><\/td>\n<td width=\"58\">3-4<\/td>\n<td width=\"58\">-<\/td>\n<td width=\"58\">-<\/td>\n<td width=\"58\">7<\/td>\n<td width=\"58\">-<\/td>\n<td width=\"58\"><\/td>\n<td width=\"58\">7-8<\/td>\n<\/tr>\n<tr>\n<td width=\"307\">Resistencia a la intemperie<\/td>\n<td width=\"58\">-<\/td>\n<td width=\"58\">-<\/td>\n<td width=\"58\">-<\/td>\n<td width=\"58\">-<\/td>\n<td width=\"58\">-<\/td>\n<td width=\"58\">-<\/td>\n<td width=\"58\">-<\/td>\n<td width=\"58\">-<\/td>\n<\/tr>\n<tr>\n<td width=\"307\">Resistencia a los \u00e1cidos (en soluci\u00f3n de \u00e1cido clorh\u00eddrico 5%)<\/td>\n<td width=\"58\">4<\/td>\n<td width=\"58\">4<\/td>\n<td width=\"58\">4<\/td>\n<td width=\"58\">4<\/td>\n<td width=\"58\">4<\/td>\n<td width=\"58\">4<\/td>\n<td width=\"58\">-<\/td>\n<td width=\"58\">-<\/td>\n<\/tr>\n<tr>\n<td width=\"307\">Resistencia alcalina (en soluci\u00f3n de sosa c\u00e1ustica 5%)<\/td>\n<td width=\"58\">4<\/td>\n<td width=\"58\">4<\/td>\n<td width=\"58\">4<\/td>\n<td width=\"58\">4<\/td>\n<td width=\"58\">4<\/td>\n<td width=\"58\">4<\/td>\n<td width=\"58\">-<\/td>\n<td width=\"58\">-<\/td>\n<\/tr>\n<\/tbody>\n<\/table>\n<h3><strong><b>Disolvente <\/b><\/strong><strong><b>Violet 3<\/b><\/strong><strong><b>1<\/b><\/strong><strong><b>\u00a0solubilidad en disolvente org\u00e1nico a 20\u2103(g\/l)<\/b><\/strong><\/h3>\n<table>\n<tbody>\n<tr>\n<td width=\"140\"><strong><b>Acetona<\/b><\/strong><\/td>\n<td width=\"140\"><strong><b>Acetato de butilo<\/b><\/strong><\/td>\n<td width=\"140\"><strong><b>Metilbenceno<\/b><\/strong><\/td>\n<td width=\"140\"><strong><b>Diclorometano<\/b><\/strong><\/td>\n<td width=\"140\"><strong><b>Alcohol et\u00edlico<\/b><\/strong><\/td>\n<\/tr>\n<tr>\n<td width=\"140\">20<\/td>\n<td width=\"140\">18<\/td>\n<td width=\"140\">20<\/td>\n<td width=\"140\">40<\/td>\n<td width=\"140\">1<\/td>\n<\/tr>\n<\/tbody>\n<\/table>\n<h3><strong><b>\u00a0A<\/b><\/strong><strong><b>pplication<\/b><\/strong><strong>\u00a0<\/strong><\/h3>\n<table>\n<tbody>\n<tr>\n<td width=\"129\"><strong>PS<\/strong><\/td>\n<td width=\"129\">\u25cf<\/td>\n<td width=\"129\"><strong>PET<\/strong><\/td>\n<td width=\"129\">\u25cf<\/td>\n<td width=\"129\"><strong>PC<\/strong><\/td>\n<td width=\"129\">\u25cf<\/td>\n<\/tr>\n<tr>\n<td width=\"129\"><strong>AS<\/strong><\/td>\n<td width=\"129\">\u25cf<\/td>\n<td width=\"129\"><strong>PVC-<\/strong><strong>\u00a0<\/strong><strong>R<\/strong><\/td>\n<td width=\"129\">\u25cf<\/td>\n<td width=\"129\"><strong>SAN<\/strong><\/td>\n<td width=\"129\">\u25cf<\/td>\n<\/tr>\n<tr>\n<td width=\"129\"><strong>ABS<\/strong><\/td>\n<td width=\"129\">\u25cf<\/td>\n<td width=\"129\"><strong>PVC-U<\/strong><\/td>\n<td width=\"129\">\u25cf<\/td>\n<td width=\"129\"><strong>HIPS<\/strong><\/td>\n<td width=\"129\">\u25cf<\/td>\n<\/tr>\n<tr>\n<td width=\"129\"><strong>PMMA<\/strong><\/td>\n<td width=\"129\">\u25cf<\/td>\n<td width=\"129\"><strong>PA6<\/strong><\/td>\n<td width=\"129\">-<\/td>\n<td width=\"129\"><\/td>\n<td width=\"129\"><\/td>\n<\/tr>\n<\/tbody>\n<\/table>\n<p><strong><b>Nota:<\/b><\/strong><strong><b>\u00a0\u00a0\u00a0\u00a0<\/b><\/strong>\u25cf = recomendado \u25cb = uso potencial - = no recomendado<\/p>\n<h3><strong>Recomendado<\/strong><strong>\u00a0Dosificaci\u00f3n<\/strong><\/h3>\n<p>Transparente: 0,025<\/p>\n<p>No transparente: 0,05<\/p>\n<h3><strong>Embalaje:<\/strong><\/h3>\n<p>El embalaje normal es en bid\u00f3n de papel de 25kgs, 450kgs\/Palet.<\/p>\n<h3>Unmatched Color &amp; Durability<\/h3>\n<p>Solvent Violet 31 is a reddish violet transparent oil solvent dye designed to revolutionize your coloring needs. Boasting excellent heat resistance, light resistance, and superior migration resistance, this dye guarantees long-lasting performance across diverse applications. Whether you require vibrant hues or high tinting strength, Solvent Violet 31 delivers exceptional results by providing consistent coloration and durability for various materials.<\/p>\n<h3>Versatile Applications for Industries<\/h3>\n<p>Thanks to its adaptability, this solvent dye is suitable for a wide range of applications. Solvent Violet 31 excels in coloring plastics such as PS, ABS, PMMA, PC, and PET, ensuring the perfect tint for every project. Beyond plastics, the dye serves as an ideal choice for polymer and polyester fibers, making it an indispensable component for textile and industrial processes. Its specialized formula also works seamlessly with inks, including inkjet ink, ensuring precision and vibrancy in print applications.<\/p>\n<h3>Performance Features that Set It Apart<\/h3>\n<p>Solvent Violet 31 comes equipped with cutting-edge properties to enhance your products. Its excellent heat resistance ensures stability even under high-temperature conditions, while its superior lightfastness guards against fading due to exposure to sunlight. With reliable good migration resistance, the dye maintains its integrity across various substrates, making it perfect for both aesthetic and functional applications. The high tinting strength allows for efficient use of the dye, resulting in cost-effective solutions without compromising on color intensity.<\/p>","protected":false},"excerpt":{"rendered":"<p>CAS No.: 70956-27-3<\/p>\n<p>F\u00f3rmula molecular: C<sub>14<\/sub>H<sub>8<\/sub>Cl<sub>2<\/sub>N<sub>2<\/sub>O<sub>2<\/sub><\/p>\n<p>Feature:\u00a0 excellent heat resistance and light resistance, good migration resistance and high tinting strength with wide application.<\/p>\n<p>Application: used for coloring for plastics, PS, ABS, PMMA, PC, PET, polymer, fiber. polyester fiber, inks including inkjet ink.<\/p>","protected":false},"featured_media":3642,"template":"","meta":[],"product_brand":[],"product_cat":[68,58],"product_tag":[],"class_list":{"0":"post-3641","1":"product","2":"type-product","3":"status-publish","4":"has-post-thumbnail","6":"product_cat-solvent-dyes","7":"product_cat-dyestuffs","9":"first","10":"instock","11":"shipping-taxable","12":"product-type-simple"},"_links":{"self":[{"href":"https:\/\/www.honorpigment.com\/es_ar\/wp-json\/wp\/v2\/product\/3641","targetHints":{"allow":["GET"]}}],"collection":[{"href":"https:\/\/www.honorpigment.com\/es_ar\/wp-json\/wp\/v2\/product"}],"about":[{"href":"https:\/\/www.honorpigment.com\/es_ar\/wp-json\/wp\/v2\/types\/product"}],"version-history":[{"count":0,"href":"https:\/\/www.honorpigment.com\/es_ar\/wp-json\/wp\/v2\/product\/3641\/revisions"}],"wp:featuredmedia":[{"embeddable":true,"href":"https:\/\/www.honorpigment.com\/es_ar\/wp-json\/wp\/v2\/media\/3642"}],"wp:attachment":[{"href":"https:\/\/www.honorpigment.com\/es_ar\/wp-json\/wp\/v2\/media?parent=3641"}],"wp:term":[{"taxonomy":"product_brand","embeddable":true,"href":"https:\/\/www.honorpigment.com\/es_ar\/wp-json\/wp\/v2\/product_brand?post=3641"},{"taxonomy":"product_cat","embeddable":true,"href":"https:\/\/www.honorpigment.com\/es_ar\/wp-json\/wp\/v2\/product_cat?post=3641"},{"taxonomy":"product_tag","embeddable":true,"href":"https:\/\/www.honorpigment.com\/es_ar\/wp-json\/wp\/v2\/product_tag?post=3641"}],"curies":[{"name":"wp","href":"https:\/\/api.w.org\/{rel}","templated":true}]}}