{"id":3612,"date":"2025-09-17T16:24:12","date_gmt":"2025-09-17T08:24:12","guid":{"rendered":"https:\/\/www.honorpigments.com\/?post_type=product&#038;p=3612"},"modified":"2026-04-13T23:17:05","modified_gmt":"2026-04-13T15:17:05","slug":"hp-violet-6382j-pigment-violet-19","status":"publish","type":"product","link":"https:\/\/www.honorpigment.com\/es_ar\/product\/hp-violet-6382j-pigment-violet-19\/","title":{"rendered":"PIGMENTO VIOLETA 19\/ HP VIOLETA 6382J"},"content":{"rendered":"<h2><strong>Product Description -PV19<\/strong><\/h2>\n<p>HP VIOLET 6382J (PIGMENT VIOLET 19) is a high performance red\/violet Pigments. It has bright yellowish red shade from quinacridone (gamma type) chemistry with excellent filter properties, offering stable color and excellent light and weather fastness. it has good stability in toners, solvent based and UV curing inks.<\/p>\n<h2><strong>Aplicaci\u00f3n recomendada<\/strong><\/h2>\n<p>Recubrimientos: recubrimientos al disolvente, recubrimientos al agua, pinturas para autom\u00f3viles, recubrimientos industriales, recubrimientos en polvo, recubrimientos para madera, recubrimientos para bobinas<br \/>\nPlastics: PP, PE, PVC, PS\/SAN, ABS, PC, POM, PA, PET, PBT, PMMA, Rubber\/TPV, SBC, TPO, TPU<br \/>\nTintas de impresi\u00f3n: tintas offset, tintas base disolvente, tintas base agua, t\u00f3neres<\/p>\n<h2><strong>Datos t\u00e9cnicos<\/strong><\/h2>\n<table style=\"height: 260px;width: 95%;border-color: #050505\" width=\"95%\">\n<tbody>\n<tr style=\"height: 28px\">\n<td style=\"width: 98.7823%;background-color: #ababab;height: 10px\" colspan=\"5\" width=\"125\"><span style=\"font-size: 14pt\"><strong>Informaci\u00f3n sobre el producto\u00a0<\/strong><\/span><\/td>\n<\/tr>\n<tr style=\"height: 24px\">\n<td style=\"width: 24.277%;height: 10px\" width=\"125\"><span style=\"font-size: 12pt\">Tipo qu\u00edmico<\/span><\/td>\n<td style=\"width: 25.114%;height: 10px;text-align: center\" colspan=\"2\" width=\"125\">Quinacridona<\/td>\n<td style=\"width: 25.1904%;height: 10px\" width=\"125\"><span style=\"font-size: 12pt\">N\u00ba CAS.<\/span><\/td>\n<td class=\"et3\" style=\"height: 10px;width: 24.2009%;text-align: center\" width=\"148\" height=\"26\"><span class=\"font1\">1047-16-1<\/span><\/td>\n<\/tr>\n<tr style=\"height: 48px\">\n<td style=\"width: 24.277%;height: 10px\" width=\"125\"><span style=\"font-size: 12pt\">C. I. Nombre<\/span><\/td>\n<td style=\"width: 25.114%;height: 10px;text-align: center\" colspan=\"2\" width=\"125\">Pigmento Violeta 19<\/td>\n<td style=\"width: 25.1904%;height: 10px\" width=\"125\"><span style=\"font-size: 12pt\">EINECS \/ ELINCS NO.<\/span><\/td>\n<td class=\"et3\" style=\"height: 10px;width: 24.2009%;text-align: center\" width=\"148\" height=\"26\"><span class=\"font1\">213-879-2<\/span><\/td>\n<\/tr>\n<tr style=\"height: 48px\">\n<td style=\"width: 24.277%;height: 10px\" width=\"125\"><span style=\"font-size: 12pt\">C. I. Constituci\u00f3n n.<\/span><\/td>\n<td style=\"width: 25.114%;height: 10px;text-align: center\" colspan=\"2\" width=\"125\">73900<\/td>\n<td style=\"width: 25.1904%;height: 10px\" width=\"125\"><span style=\"font-size: 12pt\">F\u00f3rmula qu\u00edmica<\/span><\/td>\n<td class=\"et3\" style=\"height: 10px;width: 24.2009%;text-align: center\" width=\"148\" height=\"26\"><span class=\"mord\"><span class=\"mord mathnormal\">C<\/span><span class=\"msupsub\"><span class=\"vlist-t vlist-t2\"><span class=\"vlist-r\"><span class=\"vlist\"><span class=\"sizing reset-size6 size3 mtight\"><span class=\"mord mtight\">34<\/span><\/span><\/span><span class=\"vlist-s\">\u200b<\/span><\/span><\/span><\/span><\/span><span class=\"mord\"><span class=\"mord mathnormal\">H<\/span><span class=\"msupsub\"><span class=\"vlist-t vlist-t2\"><span class=\"vlist-r\"><span class=\"vlist\"><span class=\"sizing reset-size6 size3 mtight\"><span class=\"mord mtight\">22<\/span><\/span><\/span><span class=\"vlist-s\">\u200b<\/span><\/span><\/span><\/span><\/span><span class=\"mord mathnormal\">C<\/span><span class=\"mord\"><span class=\"mord mathnormal\">l<\/span><span class=\"msupsub\"><span class=\"vlist-t vlist-t2\"><span class=\"vlist-r\"><span class=\"vlist\"><span class=\"sizing reset-size6 size3 mtight\"><span class=\"mord mtight\">2<\/span><\/span><\/span><span class=\"vlist-s\">\u200b<\/span><\/span><\/span><\/span><\/span><span class=\"mord\"><span class=\"mord mathnormal\">N<\/span><span class=\"msupsub\"><span class=\"vlist-t vlist-t2\"><span class=\"vlist-r\"><span class=\"vlist\"><span class=\"sizing reset-size6 size3 mtight\"><span class=\"mord mtight\">4<\/span><\/span><\/span><span class=\"vlist-s\">\u200b<\/span><\/span><\/span><\/span><\/span><span class=\"mord\"><span class=\"mord mathnormal\">O<\/span><\/span><\/td>\n<\/tr>\n<tr style=\"height: 24px\">\n<td style=\"width: 98.7823%;height: 10px\" colspan=\"5\" width=\"125\"><\/td>\n<\/tr>\n<tr style=\"height: 28px\">\n<td style=\"width: 98.7823%;background-color: #ababab;height: 10px\" colspan=\"5\" width=\"125\"><span style=\"font-size: 14pt\"><strong>Rendimiento t\u00e9cnico\u00a0<\/strong><\/span><\/td>\n<\/tr>\n<tr style=\"height: 24px\">\n<td style=\"width: 24.277%;height: 10px\" width=\"125\"><\/td>\n<td style=\"width: 12.4048%;height: 10px;text-align: center\" width=\"125\"><span style=\"font-size: 12pt\">Sombra completa<\/span><\/td>\n<td style=\"width: 12.7092%;height: 10px;text-align: center\" width=\"125\"><span style=\"font-size: 12pt\">Tinte<\/span><\/td>\n<td style=\"width: 25.1904%;height: 10px\" width=\"125\"><\/td>\n<td style=\"width: 24.2009%;height: 10px\" width=\"125\"><\/td>\n<\/tr>\n<tr style=\"height: 48px\">\n<td style=\"width: 24.277%;height: 10px\" width=\"125\"><span style=\"font-size: 12pt\">Resistencia a la intemperie<\/span><\/td>\n<td class=\"et3\" style=\"height: 10px;width: 12.4048%;text-align: center\" width=\"116\" height=\"26\">5<\/td>\n<td class=\"et4\" style=\"width: 12.7092%;text-align: center;height: 10px\" width=\"110\">5<\/td>\n<td style=\"width: 25.1904%;height: 10px\" width=\"125\"><span style=\"font-size: 12pt\">Estabilidad t\u00e9rmica \u00b0C<\/span><\/td>\n<td style=\"width: 24.2009%;height: 10px;text-align: center\" width=\"125\"><span style=\"font-size: 12pt\">180\u00b0C<\/span><\/td>\n<\/tr>\n<tr style=\"height: 24px\">\n<td style=\"width: 24.277%;height: 10px\" width=\"125\"><span style=\"font-size: 12pt\">Solidez a la luz<\/span><\/td>\n<td class=\"et4\" style=\"height: 10px;width: 12.4048%;text-align: center\" height=\"26\">8<\/td>\n<td class=\"et4\" style=\"width: 12.7092%;text-align: center;height: 10px\">8<\/td>\n<td style=\"width: 25.1904%;height: 10px\" width=\"125\"><\/td>\n<td style=\"width: 24.2009%;height: 10px\" width=\"125\"><\/td>\n<\/tr>\n<tr style=\"height: 24px\">\n<td style=\"width: 98.7823%;height: 10px\" colspan=\"5\" width=\"125\"><\/td>\n<\/tr>\n<tr style=\"height: 24px\">\n<td style=\"width: 98.7823%;background-color: #ababab;height: 10px\" colspan=\"5\" width=\"125\"><span style=\"font-size: 14pt\"><strong>Propiedades f\u00edsicas<\/strong><\/span><\/td>\n<\/tr>\n<tr style=\"height: 48px\">\n<td style=\"width: 24.277%;height: 10px\" width=\"125\"><span style=\"font-size: 12pt\">Forma f\u00edsica<\/span><\/td>\n<td style=\"width: 25.114%;height: 10px;text-align: center\" colspan=\"2\" width=\"125\"><span style=\"font-size: 12pt\">Polvo<\/span><\/td>\n<td class=\"et3\" style=\"height: 10px;width: 25.1904%\" width=\"166\" height=\"26\"><span class=\"font1\">Sangrado en xileno<\/span><\/td>\n<td class=\"et4\" style=\"width: 24.2009%;text-align: center;height: 10px\" width=\"148\">5<\/td>\n<\/tr>\n<tr style=\"height: 48px\">\n<td style=\"width: 24.277%;height: 10px\" width=\"125\"><span style=\"font-size: 12pt\">Densidad espec\u00edfica (g\/cm3):<\/span><\/td>\n<td style=\"width: 25.114%;height: 10px;text-align: center\" colspan=\"2\" width=\"125\">1.50 \u00b1 0.1<\/td>\n<td class=\"et3\" style=\"height: 10px;width: 25.1904%\" width=\"166\" height=\"26\"><span class=\"font1\">Hemorragia en metiletilcetona<\/span><\/td>\n<td class=\"et4\" style=\"width: 24.2009%;text-align: center;height: 10px\">5<\/td>\n<\/tr>\n<tr style=\"height: 48px\">\n<td style=\"width: 24.277%;height: 10px\" width=\"125\"><span style=\"font-size: 12pt\">Superficie espec\u00edfica (\u33a1\/g):<\/span><\/td>\n<td style=\"width: 25.114%;height: 10px;text-align: center\" colspan=\"2\" width=\"125\">52<\/td>\n<td class=\"et3\" style=\"height: 10px;width: 25.1904%\" width=\"166\" height=\"26\"><span class=\"font1\">Hemorragia en acetato de etilo<\/span><\/td>\n<td class=\"et4\" style=\"width: 24.2009%;text-align: center;height: 10px\">5<\/td>\n<\/tr>\n<tr style=\"height: 24px\">\n<td style=\"width: 24.277%;height: 10px\" width=\"125\"><span style=\"font-size: 12pt\">Absorci\u00f3n de aceite<\/span><\/td>\n<td style=\"width: 25.114%;height: 10px;text-align: center\" colspan=\"2\" width=\"125\">58 \u00b1 10<\/td>\n<td class=\"et3\" style=\"height: 10px;width: 25.1904%\" width=\"166\" height=\"26\"><span class=\"font1\">Sangrado en Cellosolve<\/span><\/td>\n<td class=\"et4\" style=\"width: 24.2009%;text-align: center;height: 10px\">5<\/td>\n<\/tr>\n<tr style=\"height: 24px\">\n<td style=\"width: 24.277%;height: 10px\" width=\"125\"><span style=\"font-size: 12pt\">Valor pH<\/span><\/td>\n<td style=\"width: 25.114%;height: 10px;text-align: center\" colspan=\"2\" width=\"125\">6 ~ 9<\/td>\n<td class=\"et3\" style=\"height: 10px;width: 25.1904%\" width=\"166\" height=\"26\"><span class=\"font1\">Sangrado en aguarr\u00e1s mineral<\/span><\/td>\n<td class=\"et4\" style=\"width: 24.2009%;text-align: center;height: 10px\">5<\/td>\n<\/tr>\n<tr style=\"height: 24px\">\n<td style=\"width: 24.277%;height: 10px\" width=\"125\"><span style=\"font-size: 12pt\">Materia vol\u00e1til<\/span><\/td>\n<td style=\"width: 25.114%;height: 10px;text-align: center\" colspan=\"2\" width=\"125\"><span style=\"font-size: 12pt\">1% m\u00e1x<\/span><\/td>\n<td class=\"et3\" style=\"height: 10px;width: 25.1904%\" width=\"166\" height=\"26\"><span class=\"font1\">Resistencia al \u00e1cido<\/span><\/td>\n<td class=\"et4\" style=\"width: 24.2009%;text-align: center;height: 10px\">5<\/td>\n<\/tr>\n<tr style=\"height: 24px\">\n<td style=\"width: 24.277%;height: 10px\" width=\"125\"><\/td>\n<td style=\"width: 25.114%;height: 10px\" colspan=\"2\"><\/td>\n<td class=\"et3\" style=\"height: 10px;width: 25.1904%\" width=\"166\" height=\"26\"><span class=\"font1\">Resistencia a los \u00e1lcalis<\/span><\/td>\n<td class=\"et4\" style=\"width: 24.2009%;text-align: center;height: 10px\">5<\/td>\n<\/tr>\n<tr style=\"height: 48px\">\n<td style=\"width: 98.7823%;background-color: #ababab;height: 10px\" colspan=\"5\" width=\"125\"><span style=\"font-size: 14pt\"><strong>Embalaje<\/strong><\/span><\/td>\n<\/tr>\n<tr style=\"height: 48px\">\n<td style=\"width: 98.7823%;height: 10px\" colspan=\"5\" width=\"125\">10kgs\/Bolsa 400kgs\/Palet<\/td>\n<\/tr>\n<tr style=\"height: 24px\">\n<td style=\"width: 98.7823%;height: 10px\" colspan=\"5\" width=\"125\"><\/td>\n<\/tr>\n<tr style=\"height: 24px\">\n<td style=\"width: 49.391%;background-color: #ababab;height: 10px\" colspan=\"3\" width=\"125\"><span style=\"font-size: 14pt\"><strong>Almacenamiento<\/strong><\/span><\/td>\n<td style=\"width: 25.1904%;height: 10px\" width=\"125\"><span style=\"font-size: 14pt\"><strong>Vida \u00fatil<\/strong><\/span><\/td>\n<td style=\"width: 24.2009%;height: 10px\" width=\"125\"><span style=\"font-size: 12pt\">5 a\u00f1os<\/span><\/td>\n<\/tr>\n<tr style=\"height: 24px\">\n<td style=\"width: 98.7823%;height: 10px\" colspan=\"5\" width=\"375\"><span style=\"font-size: 12pt\">Debe almacenarse en lugar fresco, seco y ventilado.<\/span><\/td>\n<\/tr>\n<tr style=\"height: 24px\">\n<td style=\"width: 98.7823%;height: 10px\" colspan=\"5\" width=\"125\"><\/td>\n<\/tr>\n<tr style=\"height: 24px\">\n<td style=\"width: 98.7823%;background-color: #ababab;height: 10px\" colspan=\"5\" width=\"125\"><span style=\"font-size: 14pt\"><strong>TRANSPORTE<\/strong><\/span><\/td>\n<\/tr>\n<tr style=\"height: 48px\">\n<td style=\"width: 98.7823%;height: 10px\" colspan=\"5\" width=\"375\"><span style=\"font-size: 12pt\">Evite la inversi\u00f3n, la luz solar, la humedad y los golpes. Evite da\u00f1ar el embalaje.<\/span><\/td>\n<\/tr>\n<\/tbody>\n<\/table>\n<ul>\n<li><strong>Solidez a la luz:<\/strong> El \u00edndice de solidez a la luz se eval\u00faa en la escala de 1 a 8 de Lana Azul, donde 1 = \u2018Deficiente\u2019 y 8 = \u2018Excelente\u2019.<\/li>\n<li><strong>Estabilidad al calor:<\/strong> Los valores de estabilidad al calor dados indican la temperatura m\u00e1xima a la que el pigmento puede ser estufado durante 10 min. a plena sombra y en reducciones sin sufrir ning\u00fan cambio significativo de tonalidad.<\/li>\n<li><strong>Absorci\u00f3n de aceite:<\/strong> La absorci\u00f3n de aceite se determina sobre la base de la norma EN ISO 787-5 y se indica en g de aceite de linaza por 100 g de pigmento.<\/li>\n<li><strong>Sangrado con disolvente:<\/strong> El sangrado en disolventes se prueba utilizando los grados de polvo y la calificaci\u00f3n visual se da en 1 a 5 Escala de grises<br \/>\ndonde 1 = \u2018Hemorragia intensa\u2019 y 5 = \u2018Sin hemorragia\u201d<\/li>\n<\/ul>\n<p>Disclaimer \u2013 The information given in this data sheet is based on the present state of our knowledge &amp; is intended as a general description of our products &amp; their possible applications. Due to the multitude of formulations, production &amp; application conditions, all the above mentioned data have to be adjusted to the circumstances of the processor. No liabilities, including those for patent rights, can be derived from this fact for individual cases. It cannot be ruled out that this product contains particles &lt; 0.1 \u03bcm. Any user of this product is responsible for determining the suitability of Honor Pigments\u2019s products for its particular application &amp; to ensure that any proprietary rights &amp; existing laws &amp; legislation are observed.<\/p>\n<div class=\"honor-product-overview\" style=\"margin-top:40px;border-top:2px solid #f6c405;padding-top:30px\">\n<h3>Why Choose Honor Pigments?<\/h3>\n<ul>\n<li>\ud83c\udf0d <strong>Global Export Expertise<\/strong> \u2014 Trusted by customers in 40+ countries for consistent quality and reliable supply<\/li>\n<li>\u2705 <strong>Strict Quality Control<\/strong> \u2014 ISO 9001 certified with batch-to-batch consistency and zero-defect policy<\/li>\n<li>\ud83d\udcb0 <strong>OEM Production Advantage<\/strong> \u2014 Competitive pricing without compromising pigment performance<\/li>\n<li>\ud83e\uddea <strong>Technical Support<\/strong> \u2014 Free color matching, formulation advice and sample testing before bulk order<\/li>\n<\/ul>\n<div style=\"background:#f8f9fa;padding:20px;border-left:4px solid #f6c405;margin:20px 0\">\n<p><strong>\ud83d\udce9 Need more details?<\/strong><\/p>\n<p>Request TDS, SDS, or a free sample for testing.<\/p>\n<\/div>\n<\/div>","protected":false},"excerpt":{"rendered":"<p>C.I.NO.: PV19<\/p>\n<p>Ventaja:<\/p>\n<p>Aplicaci\u00f3n principal recomendada: Tintas con base de disolvente, pl\u00e1sticos, t\u00f3neres<\/p>","protected":false},"featured_media":3477,"template":"","meta":[],"product_brand":[],"product_cat":[15,74,61,72,73,64,75,95,63,91,76,92,77,71],"product_tag":[],"class_list":{"0":"post-3612","1":"product","2":"type-product","3":"status-publish","4":"has-post-thumbnail","6":"product_cat-organic-pigments","7":"product_cat-pigments-for-auto-paints","8":"product_cat-pigments-for-coatings-paints","9":"product_cat-pigments-for-coil-coatings","10":"product_cat-pigments-for-industrial-coatings","11":"product_cat-pigments-for-inkjet-inksamptoners","12":"product_cat-pigments-for-offset-inks","13":"product_cat-pigments-for-powder-coatings","14":"product_cat-pigments-for-printing-inks","15":"product_cat-pigments-for-solvent-based-coatings","16":"product_cat-pigments-for-sovlent-based-inks","17":"product_cat-pigments-for-water-based-coatings","18":"product_cat-pigments-for-water-based-inks","19":"product_cat-pigments-for-wood-coatings","20":"stm_brands-honor-pigments","22":"first","23":"instock","24":"shipping-taxable","25":"product-type-simple"},"_links":{"self":[{"href":"https:\/\/www.honorpigment.com\/es_ar\/wp-json\/wp\/v2\/product\/3612","targetHints":{"allow":["GET"]}}],"collection":[{"href":"https:\/\/www.honorpigment.com\/es_ar\/wp-json\/wp\/v2\/product"}],"about":[{"href":"https:\/\/www.honorpigment.com\/es_ar\/wp-json\/wp\/v2\/types\/product"}],"version-history":[{"count":2,"href":"https:\/\/www.honorpigment.com\/es_ar\/wp-json\/wp\/v2\/product\/3612\/revisions"}],"predecessor-version":[{"id":8731,"href":"https:\/\/www.honorpigment.com\/es_ar\/wp-json\/wp\/v2\/product\/3612\/revisions\/8731"}],"wp:featuredmedia":[{"embeddable":true,"href":"https:\/\/www.honorpigment.com\/es_ar\/wp-json\/wp\/v2\/media\/3477"}],"wp:attachment":[{"href":"https:\/\/www.honorpigment.com\/es_ar\/wp-json\/wp\/v2\/media?parent=3612"}],"wp:term":[{"taxonomy":"product_brand","embeddable":true,"href":"https:\/\/www.honorpigment.com\/es_ar\/wp-json\/wp\/v2\/product_brand?post=3612"},{"taxonomy":"product_cat","embeddable":true,"href":"https:\/\/www.honorpigment.com\/es_ar\/wp-json\/wp\/v2\/product_cat?post=3612"},{"taxonomy":"product_tag","embeddable":true,"href":"https:\/\/www.honorpigment.com\/es_ar\/wp-json\/wp\/v2\/product_tag?post=3612"}],"curies":[{"name":"wp","href":"https:\/\/api.w.org\/{rel}","templated":true}]}}