{"id":3490,"date":"2025-09-11T14:30:15","date_gmt":"2025-09-11T06:30:15","guid":{"rendered":"https:\/\/www.honorpigments.com\/?post_type=product&#038;p=3490"},"modified":"2026-03-23T20:56:06","modified_gmt":"2026-03-23T12:56:06","slug":"disolvente-azul-97-disolvente-colorantes","status":"publish","type":"product","link":"https:\/\/www.honorpigment.com\/es_ar\/product\/disolvente-azul-97-disolvente-colorantes\/","title":{"rendered":"Azul disolvente 97 \/ Colorantes disolventes"},"content":{"rendered":"<h3><strong><b>Descripci\u00f3n<\/b><\/strong><\/h3>\n<p>El azul disolvente 97 es un colorante disolvente azul.<br \/>\nTiene buena resistencia al calor y a la luz, buena resistencia a la migraci\u00f3n y gran poder tint\u00f3reo con amplia aplicaci\u00f3n.<br \/>\nAltamente recomendado para fibra de poli\u00e9ster PET, tambi\u00e9n se permite su uso para fibra PA6. Se utiliza ampliamente en PS PET PA PC ABS (poliolefina, poli\u00e9ster, policabonato, pl\u00e1sticos).<\/p>\n<h3><strong><b>Informaci\u00f3n de identificaci\u00f3n:<\/b><\/strong><\/h3>\n<p>\u00cdndice de color: Azul disolvente 97<\/p>\n<p>F\u00f3rmula molecular: C<sub>36<\/sub>H<sub>38<\/sub>N<sub>2<\/sub>O<sub>2<\/sub><\/p>\n<p>N\u00ba CAS: 61969-44-6<\/p>\n<h3><strong><b>Producto<\/b><\/strong><strong><b>\u00a0<\/b><\/strong><strong><b>especificaci\u00f3n<\/b><\/strong><\/h3>\n<p>Aspecto Polvo azul<\/p>\n<p>Intensidad de tintado 100\u00b13%<\/p>\n<p>Color de la sombra Similar al est\u00e1ndar,<\/p>\n<p>Ceniza \u2264 1.0%<\/p>\n<p>Humedad \u2264 1.0%<\/p>\n<p>Valor diferencial de color\u0394E \u2264 0,8<\/p>\n<p>Densidad g\/cm3 1,45<\/p>\n<p>Punto de fusi\u00f3n \u2103 200-220<\/p>\n<h3><strong><b>Datos t\u00e9cnicos:<\/b><\/strong><\/h3>\n<table>\n<tbody>\n<tr>\n<td width=\"317\"><strong>TestItems<\/strong><\/td>\n<td width=\"72\"><strong>PS<\/strong><\/td>\n<td width=\"62\"><strong>ABS<\/strong><\/td>\n<td width=\"60\"><strong>SAN<\/strong><\/td>\n<td width=\"59\"><strong>PMMA<\/strong><\/td>\n<td width=\"52\"><strong>PC<\/strong><\/td>\n<td width=\"72\"><strong>R-PVC<\/strong><\/td>\n<td width=\"59\"><strong>PA6<\/strong><\/td>\n<td width=\"58\"><strong>PET<\/strong><\/td>\n<\/tr>\n<tr>\n<td width=\"317\">Temperatura de resistencia al calor, \u2103<\/p>\n<p>(0,05% tintes, transparente)<\/td>\n<td width=\"72\">300<\/td>\n<td width=\"62\">300<\/td>\n<td width=\"60\">300<\/td>\n<td width=\"59\">300<\/td>\n<td width=\"52\">300<\/td>\n<td width=\"72\">-<\/td>\n<td width=\"59\">-<\/td>\n<td width=\"58\">-<\/td>\n<\/tr>\n<tr>\n<td width=\"317\">Temperatura de resistencia al calor, \u2103<\/p>\n<p>(0,05% colorantes + 1,0% di\u00f3xido de titanio)<\/td>\n<td width=\"72\">300<\/td>\n<td width=\"62\">300<\/td>\n<td width=\"60\">300<\/td>\n<td width=\"59\">300<\/td>\n<td width=\"52\">300<\/td>\n<td width=\"72\">-<\/td>\n<td width=\"59\">-<\/td>\n<td width=\"58\">-<\/td>\n<\/tr>\n<tr>\n<td width=\"317\">Resistencia a la migraci\u00f3n<\/td>\n<td width=\"72\">5<\/td>\n<td width=\"62\">5<\/td>\n<td width=\"60\">5<\/td>\n<td width=\"59\">5<\/td>\n<td width=\"52\">5<\/td>\n<td width=\"72\">5<\/td>\n<td width=\"59\">5<\/td>\n<td width=\"58\">5<\/td>\n<\/tr>\n<tr>\n<td width=\"317\">Solidez a la luz (colorantes 0,05%, transparentes)<\/td>\n<td width=\"72\">7-8<\/td>\n<td width=\"62\">7-8<\/td>\n<td width=\"60\">-<\/td>\n<td width=\"59\">-<\/td>\n<td width=\"52\">-<\/td>\n<td width=\"72\">7-8<\/td>\n<td width=\"59\"><\/td>\n<td width=\"58\">-<\/td>\n<\/tr>\n<tr>\n<td width=\"317\">Resistencia a la intemperie<\/td>\n<td width=\"72\">-<\/td>\n<td width=\"62\">-<\/td>\n<td width=\"60\">-<\/td>\n<td width=\"59\">-<\/td>\n<td width=\"52\">-<\/td>\n<td width=\"72\">-<\/td>\n<td width=\"59\">-<\/td>\n<td width=\"58\">-<\/td>\n<\/tr>\n<tr>\n<td width=\"317\">Resistencia a los \u00e1cidos (en soluci\u00f3n de \u00e1cido clorh\u00eddrico 5%)<\/td>\n<td width=\"72\">-<\/td>\n<td width=\"62\">-<\/td>\n<td width=\"60\">-<\/td>\n<td width=\"59\">-<\/td>\n<td width=\"52\">-<\/td>\n<td width=\"72\">5<\/td>\n<td width=\"59\">-<\/td>\n<td width=\"58\">-<\/td>\n<\/tr>\n<tr>\n<td width=\"317\">Resistencia alcalina (en soluci\u00f3n de sosa c\u00e1ustica 5%)<\/td>\n<td width=\"72\">-<\/td>\n<td width=\"62\">-<\/td>\n<td width=\"60\">-<\/td>\n<td width=\"59\">-<\/td>\n<td width=\"52\">-<\/td>\n<td width=\"72\">5<\/td>\n<td width=\"59\">-<\/td>\n<td width=\"58\">-<\/td>\n<\/tr>\n<\/tbody>\n<\/table>\n<h3><strong><b>Aplicaci\u00f3n<\/b><\/strong><strong><b>\u00a0<\/b><\/strong><strong><b>Perfil<\/b><\/strong><strong>\u00a0<\/strong><\/h3>\n<table>\n<tbody>\n<tr>\n<td width=\"129\"><strong>PS<\/strong><\/td>\n<td width=\"129\">\u25cf<\/td>\n<td width=\"129\"><strong>HIPS<\/strong><\/td>\n<td width=\"129\">\u25cf<\/td>\n<td width=\"129\"><strong>ABS<\/strong><\/td>\n<td width=\"129\">\u25cf<\/td>\n<\/tr>\n<tr>\n<td width=\"129\"><strong>PC<\/strong><\/td>\n<td width=\"129\">\u25cb<\/td>\n<td width=\"129\"><strong>PVC-<\/strong><strong>R<\/strong><\/td>\n<td width=\"129\">\u25cf<\/td>\n<td width=\"129\"><strong>PMMA<\/strong><\/td>\n<td width=\"129\">\u25cf<\/td>\n<\/tr>\n<tr>\n<td width=\"129\"><strong>SAN<\/strong><\/td>\n<td width=\"129\">\u25cf<\/td>\n<td width=\"129\"><strong>AS<\/strong><\/td>\n<td width=\"129\">\u25cf<\/td>\n<td width=\"129\"><strong>PA<\/strong><\/td>\n<td width=\"129\">-<\/td>\n<\/tr>\n<tr>\n<td width=\"129\"><strong>PET<\/strong><\/td>\n<td width=\"129\">\u25cf<\/td>\n<td width=\"129\"><\/td>\n<td width=\"129\"><\/td>\n<td width=\"129\"><\/td>\n<td width=\"129\"><\/td>\n<\/tr>\n<\/tbody>\n<\/table>\n<p><strong>\u00a0<\/strong><strong><b>Nota:<\/b><\/strong>\u25cf = recomendado \u25cb = uso potencial - = no recomendado<\/p>\n<h3><strong>Recomendado<\/strong><strong>\u00a0Dosificaci\u00f3n<\/strong><\/h3>\n<p>Transparente: 0,025<\/p>\n<p>No transparente: 0,035<\/p>\n<h3><strong>Embalaje:<\/strong><\/h3>\n<p>El embalaje normal es en bid\u00f3n de papel, cart\u00f3n o bolsa de 25 kg. Los productos de baja densidad se envasan en 10-20 kg.<\/p>\n<h3>Caracter\u00edsticas excepcionales de Solvent Blue 97<\/h3>\n<p>El Azul Disolvente 97 es un tinte disolvente azul de alto rendimiento, conocido por su versatilidad y sus caracter\u00edsticas de primera calidad. Distinguido por su extraordinaria resistencia al calor y a la luz, este tinte satisface las demandas de las industrias que requieren una retenci\u00f3n del color y una resistencia superiores. Adem\u00e1s, su excepcional resistencia a la migraci\u00f3n garantiza resultados de aplicaci\u00f3n uniformes sin comprometer la calidad visual del producto final.<\/p>\n<p>Su gran poder tint\u00f3reo lo convierte en la opci\u00f3n ideal para aplicaciones industriales de gran envergadura. Desde la fabricaci\u00f3n textil hasta la producci\u00f3n de pl\u00e1sticos, Solvent Blue 97 destaca por sus tonos azules vibrantes y duraderos que mejoran la est\u00e9tica del producto de forma eficaz.<\/p>\n<h3>Aplicaciones recomendadas y compatibilidad<\/h3>\n<p>El Azul Disolvente 97 es muy recomendable para aplicaciones de fibra de poli\u00e9ster (fibra PET) debido a su compatibilidad y rendimiento sin fisuras en este \u00e1mbito. El tinte tambi\u00e9n est\u00e1 aprobado para su uso con fibra PA6, lo que ampl\u00eda su funcionalidad a distintos tipos de materiales. Con una fiabilidad demostrada en una amplia gama de sustratos, como PS, PET, PA, PC y ABS, Solvent Blue 97 demuestra su adaptabilidad a diversos tipos de pol\u00edmeros, como sustratos de poliolefina, poli\u00e9ster y policarbonato.<\/p>\n<p>Su versatilidad y robustez lo convierten en una opci\u00f3n muy solicitada por los fabricantes que buscan colorantes de alta calidad para aplicaciones exigentes en la producci\u00f3n de textiles, pl\u00e1sticos y fibras sint\u00e9ticas.<\/p>\n<h3>\u00bfPor qu\u00e9 elegir Solvent Blue 97?<\/h3>\n<p>Adem\u00e1s de sus cualidades t\u00e9cnicas, el Azul Disolvente 97 ofrece un valor inigualable a las empresas que buscan mejorar la durabilidad y el atractivo visual de sus productos. Tanto si est\u00e1 creando textiles de alto rendimiento, componentes de pl\u00e1stico duraderos o materiales de envasado vibrantes, este tinte ofrece resultados excepcionales que resisten el paso del tiempo.<\/p>\n<p>Opte por Solvent Blue 97 para conseguir una intensidad de color constante, un rendimiento fiable y una impresi\u00f3n duradera en todas sus aplicaciones industriales. Eleve sus productos con este tinte solvente de primera calidad y aseg\u00farese de que cumplen los m\u00e1s altos est\u00e1ndares de calidad y durabilidad.<\/p>","protected":false},"excerpt":{"rendered":"<p>\u00cdndice de color: Azul disolvente 97<\/p>\n<p>F\u00f3rmula molecular: C<sub>36<\/sub>H<sub>38<\/sub>N<sub>2<\/sub>O<sub>2<\/sub><\/p>\n<p>N\u00ba CAS: 61969-44-6<\/p>\n<p>Aplicaci\u00f3n: Fibra PET, tambi\u00e9n se permite su uso para la fibra PA6. Es ampliamente utilizado en PS PET PA PC ABS (poliolefina, poli\u00e9ster, policabonato, pl\u00e1sticos).<\/p>","protected":false},"featured_media":3492,"template":"","meta":[],"product_brand":[],"product_cat":[58,68],"product_tag":[],"class_list":{"0":"post-3490","1":"product","2":"type-product","3":"status-publish","4":"has-post-thumbnail","6":"product_cat-dyestuffs","7":"product_cat-solvent-dyes","8":"stm_brands-honor-dyes","10":"first","11":"instock","12":"shipping-taxable","13":"product-type-simple"},"_links":{"self":[{"href":"https:\/\/www.honorpigment.com\/es_ar\/wp-json\/wp\/v2\/product\/3490","targetHints":{"allow":["GET"]}}],"collection":[{"href":"https:\/\/www.honorpigment.com\/es_ar\/wp-json\/wp\/v2\/product"}],"about":[{"href":"https:\/\/www.honorpigment.com\/es_ar\/wp-json\/wp\/v2\/types\/product"}],"version-history":[{"count":0,"href":"https:\/\/www.honorpigment.com\/es_ar\/wp-json\/wp\/v2\/product\/3490\/revisions"}],"wp:featuredmedia":[{"embeddable":true,"href":"https:\/\/www.honorpigment.com\/es_ar\/wp-json\/wp\/v2\/media\/3492"}],"wp:attachment":[{"href":"https:\/\/www.honorpigment.com\/es_ar\/wp-json\/wp\/v2\/media?parent=3490"}],"wp:term":[{"taxonomy":"product_brand","embeddable":true,"href":"https:\/\/www.honorpigment.com\/es_ar\/wp-json\/wp\/v2\/product_brand?post=3490"},{"taxonomy":"product_cat","embeddable":true,"href":"https:\/\/www.honorpigment.com\/es_ar\/wp-json\/wp\/v2\/product_cat?post=3490"},{"taxonomy":"product_tag","embeddable":true,"href":"https:\/\/www.honorpigment.com\/es_ar\/wp-json\/wp\/v2\/product_tag?post=3490"}],"curies":[{"name":"wp","href":"https:\/\/api.w.org\/{rel}","templated":true}]}}