{"id":3680,"date":"2025-09-19T16:45:50","date_gmt":"2025-09-19T08:45:50","guid":{"rendered":"https:\/\/www.honorpigments.com\/?post_type=product&#038;p=3680"},"modified":"2026-04-13T23:16:44","modified_gmt":"2026-04-13T15:16:44","slug":"hp-black-9320-pigment-black-28","status":"publish","type":"product","link":"https:\/\/www.honorpigment.com\/es\/producto\/hp-black-9320-pigment-black-28\/","title":{"rendered":"PIGMENTO NEGRO 28\/ HP NEGRO 9320"},"content":{"rendered":"<h3><strong>Product Description &#8211; PBk28<\/strong><\/h3>\n<p align=\"left\">HP BLACK 9320 (PIGMENT BLACK 28) is Copper chrome black , a kind of black pigment with blue phase calcined at high temperature. It has excellent chemical resistance, outdoor durability, light resistance, thermal stability, non bleeding and non migration characteristics. It is widely used in fields with high requirements for heat resistance, weather resistance and light resistance.<\/p>\n<h3><strong>Aplicaci\u00f3n recomendada<\/strong><strong>\uff1a<\/strong><\/h3>\n<p>Coatings: solvent based paints, water based paints, industrial coatings, powder coatings, wood coatings, coil coatings<br \/>\nPl\u00e1sticos: PE, PP, PBT, PVC, PET, EVA, ABS<\/p>\n<h3><strong>Datos t\u00e9cnicos:<\/strong><\/h3>\n<table style=\"height: 359px;width: 95%;border-color: #050505\" width=\"95%\">\n<tbody>\n<tr style=\"height: 28px\">\n<td style=\"width: 98.7823%;background-color: #ababab;height: 10px\" colspan=\"5\" width=\"125\"><span style=\"font-size: 14pt\"><strong>Informaci\u00f3n sobre el producto<\/strong><\/span><\/td>\n<\/tr>\n<tr style=\"height: 24px\">\n<td style=\"width: 24.277%;height: 10px\" width=\"125\"><span style=\"font-size: 12pt\">Tipo qu\u00edmico<\/span><\/td>\n<td style=\"width: 25.114%;height: 10px;text-align: center\" colspan=\"2\" width=\"125\">Cu\/Cr Oxide<\/td>\n<td style=\"width: 25.1904%;height: 10px\" width=\"125\"><span style=\"font-size: 12pt\">N\u00ba CAS.<\/span><\/td>\n<td class=\"et3\" style=\"height: 10px;width: 24.2009%;text-align: center\" width=\"148\" height=\"26\">68186-91-4<\/td>\n<\/tr>\n<tr style=\"height: 48px\">\n<td style=\"width: 24.277%;height: 10px\" width=\"125\"><span style=\"font-size: 12pt\">C. I. Nombre<\/span><\/td>\n<td style=\"width: 25.114%;height: 10px;text-align: center\" colspan=\"2\" width=\"125\">Pigment Black 28<\/td>\n<td style=\"width: 25.1904%;height: 10px\" width=\"125\"><span style=\"font-size: 12pt\">EINECS \/ ELINCS NO.<\/span><\/td>\n<td class=\"et3\" style=\"height: 10px;width: 24.2009%;text-align: center\" width=\"148\" height=\"26\">269-053-7<\/td>\n<\/tr>\n<tr style=\"height: 48px\">\n<td style=\"width: 24.277%;height: 10px\" width=\"125\"><span style=\"font-size: 12pt\">C. I. Constituci\u00f3n n.<\/span><\/td>\n<td class=\"et4\" style=\"height: 10px;width: 25.114%;text-align: center\" colspan=\"2\" width=\"172\" height=\"21\">77428<\/td>\n<td style=\"width: 25.1904%;height: 10px\" width=\"125\"><span style=\"font-size: 12pt\">F\u00f3rmula qu\u00edmica<\/span><\/td>\n<td class=\"et3\" style=\"height: 10px;width: 24.2009%;text-align: center\" width=\"148\" height=\"26\">Cu-Cr-Fe-O<\/td>\n<\/tr>\n<tr style=\"height: 24px\">\n<td style=\"width: 98.7823%;height: 10px\" colspan=\"5\" width=\"125\"><\/td>\n<\/tr>\n<tr style=\"height: 28px\">\n<td style=\"width: 98.7823%;background-color: #ababab;height: 10px\" colspan=\"5\" width=\"125\"><span style=\"font-size: 14pt\"><strong>Rendimiento t\u00e9cnico<\/strong><\/span><\/td>\n<\/tr>\n<tr style=\"height: 24px\">\n<td style=\"width: 24.277%;height: 10px\" width=\"125\"><\/td>\n<td style=\"width: 12.4048%;height: 10px;text-align: center\" width=\"125\"><span style=\"font-size: 12pt\">Sombra completa<\/span><\/td>\n<td style=\"width: 12.7092%;height: 10px;text-align: center\" width=\"125\"><span style=\"font-size: 12pt\">Tinte<\/span><\/td>\n<td style=\"width: 25.1904%;height: 10px\" width=\"125\"><\/td>\n<td style=\"width: 24.2009%;height: 10px\" width=\"125\"><\/td>\n<\/tr>\n<tr style=\"height: 48px\">\n<td style=\"width: 24.277%;height: 10px\" width=\"125\"><span style=\"font-size: 12pt\">Resistencia a la intemperie<\/span><\/td>\n<td class=\"et4\" style=\"height: 10px;width: 12.4048%;text-align: center\" height=\"26\">5<\/td>\n<td class=\"et4\" style=\"width: 12.7092%;text-align: center;height: 10px\">4<\/td>\n<td style=\"width: 25.1904%;height: 10px\" width=\"125\"><span style=\"font-size: 12pt\">Estabilidad t\u00e9rmica \u00b0C<\/span><\/td>\n<td style=\"width: 24.2009%;height: 10px;text-align: center\" width=\"125\"><span style=\"font-size: 12pt\">800\u00b0C<\/span><\/td>\n<\/tr>\n<tr style=\"height: 24px\">\n<td style=\"width: 24.277%;height: 10px\" width=\"125\"><span style=\"font-size: 12pt\">Solidez a la luz<\/span><\/td>\n<td class=\"et4\" style=\"height: 10px;width: 12.4048%;text-align: center\" height=\"26\">8<\/td>\n<td class=\"et4\" style=\"width: 12.7092%;text-align: center;height: 10px\">7<\/td>\n<td style=\"width: 25.1904%;height: 10px\" width=\"125\"><\/td>\n<td style=\"width: 24.2009%;height: 10px\" width=\"125\"><\/td>\n<\/tr>\n<tr style=\"height: 24px\">\n<td style=\"width: 98.7823%;height: 10px\" colspan=\"5\" width=\"125\"><\/td>\n<\/tr>\n<tr style=\"height: 24px\">\n<td style=\"width: 98.7823%;background-color: #ababab;height: 10px\" colspan=\"5\" width=\"125\"><span style=\"font-size: 14pt\"><strong>Propiedades f\u00edsicas<\/strong><\/span><\/td>\n<\/tr>\n<tr style=\"height: 26px\">\n<td style=\"width: 24.277%;height: 26px\" width=\"192\">Forma f\u00edsica :<\/td>\n<td style=\"width: 25.114%;height: 26px;text-align: center\" colspan=\"2\" width=\"172\">Polvo<\/td>\n<td class=\"et3\" style=\"height: 19.95pt;width: 25.1904%\" width=\"166\" height=\"26\"><span class=\"font1\">Resistencia al \u00e1cido<\/span><\/td>\n<td class=\"et4\" style=\"width: 24.2009%;text-align: center\" width=\"148\">5<\/td>\n<\/tr>\n<tr>\n<td style=\"width: 24.277%\" width=\"193\">Densidad espec\u00edfica (g\/cm3):<\/td>\n<td style=\"width: 25.114%;text-align: center\" colspan=\"2\" width=\"138\">~5.1<\/td>\n<td class=\"et3\" style=\"height: 19.95pt;width: 25.1904%\" width=\"166\" height=\"26\"><span class=\"font1\">Resistencia a los \u00e1lcalis<\/span><\/td>\n<td class=\"et4\" style=\"width: 24.2009%;text-align: center\">5<\/td>\n<\/tr>\n<tr>\n<td style=\"width: 24.277%\" width=\"193\">Absorci\u00f3n de aceite<\/td>\n<td style=\"width: 25.114%;text-align: center\" colspan=\"2\" width=\"138\">13-20<\/td>\n<td class=\"et3\" style=\"height: 19.95pt;width: 25.1904%\" width=\"166\" height=\"26\">Resistencia a la migraci\u00f3n PVC<\/td>\n<td class=\"et5\" style=\"width: 24.2009%;text-align: center\">5<\/td>\n<\/tr>\n<tr>\n<td style=\"width: 24.277%\" width=\"193\">Valor pH<\/td>\n<td style=\"width: 25.114%;text-align: center\" colspan=\"2\" width=\"138\">8-10<\/td>\n<td class=\"et3\" style=\"height: 19.95pt;width: 25.1904%\" width=\"166\" height=\"26\">Aplicaciones de bajo alabeo<\/td>\n<td class=\"et5\" style=\"width: 24.2009%;text-align: center\">Adecuado<\/td>\n<\/tr>\n<tr>\n<td style=\"width: 24.277%\" width=\"193\">Materia vol\u00e1til<\/td>\n<td style=\"width: 25.114%;text-align: center\" colspan=\"2\" width=\"138\">1% m\u00e1x<\/td>\n<td style=\"width: 25.1904%;height: 24px\" width=\"230\"><\/td>\n<td style=\"width: 24.2009%;text-align: center;height: 24px\" width=\"219\"><\/td>\n<\/tr>\n<tr style=\"height: 24px\">\n<td style=\"width: 24.277%;height: 24px\" width=\"185\"><\/td>\n<td style=\"width: 25.114%;text-align: center;height: 24px\" colspan=\"2\" width=\"148\"><\/td>\n<td style=\"width: 25.1904%;height: 24px\" width=\"184\"><\/td>\n<td style=\"width: 24.2009%;height: 24px\" width=\"148\"><\/td>\n<\/tr>\n<tr style=\"height: 24px\">\n<td style=\"width: 24.277%;height: 24px\"><\/td>\n<td style=\"width: 25.114%;text-align: center;height: 24px\" colspan=\"2\" width=\"148\"><\/td>\n<td class=\"et2\" style=\"height: 24px;width: 25.1904%\" height=\"26\"><\/td>\n<td class=\"et4\" style=\"width: 24.2009%;text-align: center;height: 24px\"><\/td>\n<\/tr>\n<tr style=\"height: 48px\">\n<td style=\"width: 98.7823%;background-color: #ababab;height: 10px\" colspan=\"5\" width=\"125\"><span style=\"font-size: 14pt\"><strong>Embalaje<\/strong><\/span><\/td>\n<\/tr>\n<tr style=\"height: 48px\">\n<td style=\"width: 98.7823%;height: 10px\" colspan=\"5\" width=\"125\">25kgs\/Bolsa 400kgs\/Palet<\/td>\n<\/tr>\n<tr style=\"height: 24px\">\n<td style=\"width: 98.7823%;height: 10px\" colspan=\"5\" width=\"125\"><\/td>\n<\/tr>\n<tr style=\"height: 24px\">\n<td style=\"width: 49.391%;background-color: #ababab;height: 10px\" colspan=\"3\" width=\"125\"><span style=\"font-size: 14pt\"><strong>Almacenamiento<\/strong><\/span><\/td>\n<td style=\"width: 25.1904%;height: 10px\" width=\"125\"><span style=\"font-size: 14pt\"><strong>Vida \u00fatil<\/strong><\/span><\/td>\n<td style=\"width: 24.2009%;height: 10px\" width=\"125\"><span style=\"font-size: 12pt\">5 a\u00f1os<\/span><\/td>\n<\/tr>\n<tr style=\"height: 24px\">\n<td style=\"width: 98.7823%;height: 10px\" colspan=\"5\" width=\"375\"><span style=\"font-size: 12pt\">Debe almacenarse en un lugar fresco, seco y ventilado.<\/span><\/td>\n<\/tr>\n<tr style=\"height: 24px\">\n<td style=\"width: 98.7823%;height: 10px\" colspan=\"5\" width=\"125\"><\/td>\n<\/tr>\n<tr style=\"height: 24px\">\n<td style=\"width: 98.7823%;background-color: #ababab;height: 10px\" colspan=\"5\" width=\"125\"><span style=\"font-size: 14pt\"><strong>TRANSPORTE<\/strong><\/span><\/td>\n<\/tr>\n<tr style=\"height: 48px\">\n<td style=\"width: 98.7823%;height: 10px\" colspan=\"5\" width=\"375\"><span style=\"font-size: 12pt\">Evite la inversi\u00f3n, la luz solar, la humedad y los golpes. Evite da\u00f1ar el embalaje.<\/span><\/td>\n<\/tr>\n<\/tbody>\n<\/table>\n<ul>\n<li>Solidez a la luz: La solidez a la luz se eval\u00faa en una escala del 1 al 8 de Blue Wool, en la que 1 = \u2018Mala\u2019 y 8 = \u2018Excelente\u2019.<\/li>\n<li>Estabilidad al calor : Los valores de estabilidad al calor dados indican la temperatura m\u00e1xima a la que el pigmento puede ser estufado durante 10 min. a plena sombra y en reducciones sin sufrir ning\u00fan cambio significativo de tonalidad.<\/li>\n<li>Absorci\u00f3n de aceite: La absorci\u00f3n de aceite se determina sobre la base de la norma EN ISO 787-5 y se indica en g de aceite de linaza por 100 g de pigmento.<\/li>\n<li>Sangrado en disolvente: El sangrado en disolventes se prueba utilizando los grados de polvo y la calificaci\u00f3n visual dada en 1 a 5 Escala de grises.<br \/>\ndonde 1 = \u2018Hemorragia intensa\u2019 y 5 = \u2018Sin hemorragia\u201d<\/li>\n<\/ul>\n<p>Disclaimer \u2013 The information given in this data sheet is based on the present state of our knowledge &amp; is intended as a general description of our products &amp; their possible applications. Due to the multitude of formulations, production &amp; application conditions, all the above mentioned data have to be adjusted to the circumstances of the processor. No liabilities, including those for patent rights, can be derived from this fact for individual cases. It cannot be ruled out that this product contains particles &lt; 0.1 \u03bcm. Any user of this product is responsible for determining the suitability of Honor Pigments\u2019s products for its particular application &amp; to ensure that any proprietary rights &amp; existing laws &amp; legislation are observed.<\/p>\n<div class=\"honor-product-overview\" style=\"margin-top:40px;border-top:2px solid #f6c405;padding-top:30px\">\n<h3>Why Choose Honor Pigments?<\/h3>\n<ul>\n<li>\ud83c\udf0d <strong>Global Export Expertise<\/strong> \u2014 Trusted by customers in 40+ countries for consistent quality and reliable supply<\/li>\n<li>\u2705 <strong>Strict Quality Control<\/strong> \u2014 ISO 9001 certified with batch-to-batch consistency and zero-defect policy<\/li>\n<li>\ud83d\udcb0 <strong>OEM Production Advantage<\/strong> \u2014 Competitive pricing without compromising pigment performance<\/li>\n<li>\ud83e\uddea <strong>Technical Support<\/strong> \u2014 Free color matching, formulation advice and sample testing before bulk order<\/li>\n<\/ul>\n<div style=\"background:#f8f9fa;padding:20px;border-left:4px solid #f6c405;margin:20px 0\">\n<p><strong>\ud83d\udce9 Need more details?<\/strong><\/p>\n<p>Request TDS, SDS, or a free sample for testing.<\/p>\n<\/div>\n<\/div>","protected":false},"excerpt":{"rendered":"<p>C.I.NO.: PBk28<\/p>\n<p>Ventajas: Excelente resistencia qu\u00edmica, durabilidad en exteriores, resistencia a la luz, estabilidad t\u00e9rmica, caracter\u00edsticas de no sangrado y no migraci\u00f3n.<\/p>\n<p>Aplicaci\u00f3n principal recomendada: Pl\u00e1sticos, Recubrimientos<\/p>","protected":false},"featured_media":3705,"template":"","meta":[],"product_brand":[],"product_cat":[65,57],"product_tag":[381],"class_list":{"0":"post-3680","1":"product","2":"type-product","3":"status-publish","4":"has-post-thumbnail","6":"product_cat-chrome-pigments","7":"product_cat-inorganic-pigments","8":"product_tag-pbk28","9":"stm_brands-honor-pigments","11":"first","12":"instock","13":"shipping-taxable","14":"product-type-simple"},"_links":{"self":[{"href":"https:\/\/www.honorpigment.com\/es\/wp-json\/wp\/v2\/product\/3680","targetHints":{"allow":["GET"]}}],"collection":[{"href":"https:\/\/www.honorpigment.com\/es\/wp-json\/wp\/v2\/product"}],"about":[{"href":"https:\/\/www.honorpigment.com\/es\/wp-json\/wp\/v2\/types\/product"}],"version-history":[{"count":2,"href":"https:\/\/www.honorpigment.com\/es\/wp-json\/wp\/v2\/product\/3680\/revisions"}],"predecessor-version":[{"id":8722,"href":"https:\/\/www.honorpigment.com\/es\/wp-json\/wp\/v2\/product\/3680\/revisions\/8722"}],"wp:featuredmedia":[{"embeddable":true,"href":"https:\/\/www.honorpigment.com\/es\/wp-json\/wp\/v2\/media\/3705"}],"wp:attachment":[{"href":"https:\/\/www.honorpigment.com\/es\/wp-json\/wp\/v2\/media?parent=3680"}],"wp:term":[{"taxonomy":"product_brand","embeddable":true,"href":"https:\/\/www.honorpigment.com\/es\/wp-json\/wp\/v2\/product_brand?post=3680"},{"taxonomy":"product_cat","embeddable":true,"href":"https:\/\/www.honorpigment.com\/es\/wp-json\/wp\/v2\/product_cat?post=3680"},{"taxonomy":"product_tag","embeddable":true,"href":"https:\/\/www.honorpigment.com\/es\/wp-json\/wp\/v2\/product_tag?post=3680"}],"curies":[{"name":"wp","href":"https:\/\/api.w.org\/{rel}","templated":true}]}}