{"id":3649,"date":"2025-09-19T12:37:50","date_gmt":"2025-09-19T04:37:50","guid":{"rendered":"https:\/\/www.honorpigments.com\/?post_type=product&#038;p=3649"},"modified":"2026-03-23T20:24:16","modified_gmt":"2026-03-23T12:24:16","slug":"solvent-yellow-93-dye-for-plastics-and-fibers","status":"publish","type":"product","link":"https:\/\/www.honorpigment.com\/es\/producto\/solvent-yellow-93-dye-for-plastics-and-fibers\/","title":{"rendered":"Amarillo disolvente 93 \/ Colorantes disolventes"},"content":{"rendered":"<h3><strong><b>D<\/b><\/strong><strong><b>escripci\u00f3n <\/b><\/strong><\/h3>\n<p>Solvent Yellow 93 is a yellowish transparent oil solvent dye.<\/p>\n<p>It has good heat resistance and light resistance, good migration resistance and high tinting strength with wide application.<\/p>\n<p>It is used for coloring for plastics, PS PET ABS PC (polyolefin, polyester, polycarbonate) plastics, fiber.<\/p>\n<h3><strong><b>Informaci\u00f3n de identificaci\u00f3n:<\/b><\/strong><\/h3>\n<p>Color Index: Solvent yellow 93<\/p>\n<p>N\u00ba CAS: 4702-90-3 \uff0c 61969-52-6<\/p>\n<p>F\u00f3rmula molecular:  C<sub>17<\/sub>H<sub>13<\/sub>N<sub>3<\/sub>O<sub>4<\/sub>Cr<sub>1\/2<\/sub><\/p>\n<h3><strong><b>Producto<\/b><\/strong><strong><b>\u00a0<\/b><\/strong><strong><b>especificaci\u00f3n<\/b><\/strong><\/h3>\n<p>Aspecto Polvo amarillo<\/p>\n<p>Intensidad de tintado 100\u00b13%<\/p>\n<p>Color de la sombra Similar al est\u00e1ndar,<\/p>\n<p>Ceniza \u2264 0,5%<\/p>\n<p>Humedad \u2264 0,5%<\/p>\n<p>Valor diferencial de color\u0394E \u2264 0,8<\/p>\n<p>Densidad g\/cm3 1,45<\/p>\n<p>Melting Point \u2103 \u00a0\u00a0\u00a0\u00a0\u00a0\u00a0\u00a0\u00a0\u00a0\u00a0\u00a0\u00a0\u00a0\u00a0\u00a0\u00a0\u00a0\u00a0\u00a0\u00a0\u00a0\u00a0\u00a0\u00a0\u00a0\u00a0\u00a0\u00a0\u00a0\u00a0\u00a0\u00a0\u00a0\u00a0\u00a0\u00a0\u00a0\u00a0\u00a0\u00a0\u00a0\u00a0\u00a0\u00a0\u00a0\u00a0\u00a0\u00a0\u00a0\u00a0\u00a0\u00a0\u00a0\u00a0\u00a0\u00a0\u00a0\u00a0\u00a0\u00a0\u00a0\u00a0\u00a0\u00a0\u00a0\u00a0\u00a0\u00a0\u00a0\u00a0\u00a0\u00a0\u00a0\u00a0\u00a0180<\/p>\n<h3><strong><b>Datos t\u00e9cnicos<\/b><\/strong><\/h3>\n<table>\n<tbody>\n<tr>\n<td width=\"307\"><strong>Prueba<\/strong><strong>\u00a0<\/strong><strong>Art\u00edculos<\/strong><\/td>\n<td width=\"58\"><strong>PS<\/strong><\/td>\n<td width=\"58\"><strong>ABS<\/strong><\/td>\n<td width=\"58\"><strong>SAN<\/strong><\/td>\n<td width=\"58\"><strong>PMMA<\/strong><\/td>\n<td width=\"58\"><strong>PC<\/strong><\/td>\n<td width=\"58\"><strong>R-<\/strong><strong>PVC<\/strong><\/td>\n<td width=\"58\"><strong>PA6<\/strong><\/td>\n<td width=\"58\"><strong>PET<\/strong><\/td>\n<\/tr>\n<tr>\n<td width=\"307\">Temperatura de resistencia al calor, \u2103<\/p>\n<p>(0,05% colorantes, transparente)<\/td>\n<td width=\"58\">300<\/td>\n<td width=\"58\">-<\/td>\n<td width=\"58\">-<\/td>\n<td width=\"58\">-<\/td>\n<td width=\"58\">300<\/td>\n<td width=\"58\">-<\/td>\n<td width=\"58\">-<\/td>\n<td width=\"58\">-<\/td>\n<\/tr>\n<tr>\n<td width=\"307\">Temperatura de resistencia al calor, \u2103<\/p>\n<p>(0,05% colorantes + 1,0% di\u00f3xido de titanio)<\/td>\n<td width=\"58\">300<\/td>\n<td width=\"58\">-<\/td>\n<td width=\"58\">-<\/td>\n<td width=\"58\">-<\/td>\n<td width=\"58\">300<\/td>\n<td width=\"58\">-<\/td>\n<td width=\"58\">-<\/td>\n<td width=\"58\">-<\/td>\n<\/tr>\n<tr>\n<td width=\"307\">Resistencia a la migraci\u00f3n<\/td>\n<td width=\"58\">-<\/td>\n<td width=\"58\">-<\/td>\n<td width=\"58\">-<\/td>\n<td width=\"58\">-<\/td>\n<td width=\"58\">-<\/td>\n<td width=\"58\">-<\/td>\n<td width=\"58\">-<\/td>\n<td width=\"58\">-<\/td>\n<\/tr>\n<tr>\n<td width=\"307\">Solidez a la luz (colorantes 0,05%, transparentes)<\/td>\n<td width=\"58\">7-8<\/td>\n<td width=\"58\">7-8<\/td>\n<td width=\"58\">7-8<\/td>\n<td width=\"58\">7-8<\/td>\n<td width=\"58\">7-8<\/td>\n<td width=\"58\">7-8<\/td>\n<td width=\"58\">-<\/td>\n<td width=\"58\">7-8<\/td>\n<\/tr>\n<tr>\n<td width=\"307\">Resistencia a la intemperie<\/td>\n<td width=\"58\">-<\/td>\n<td width=\"58\">-<\/td>\n<td width=\"58\">-<\/td>\n<td width=\"58\">-<\/td>\n<td width=\"58\">-<\/td>\n<td width=\"58\">-<\/td>\n<td width=\"58\">-<\/td>\n<td width=\"58\">-<\/td>\n<\/tr>\n<tr>\n<td width=\"307\">Resistencia a los \u00e1cidos (en soluci\u00f3n de \u00e1cido clorh\u00eddrico 5%)<\/td>\n<td width=\"58\">4-5<\/td>\n<td width=\"58\">4-5<\/td>\n<td width=\"58\">4-5<\/td>\n<td width=\"58\">4-5<\/td>\n<td width=\"58\">4-5<\/td>\n<td width=\"58\">4-5<\/td>\n<td width=\"58\">4-5<\/td>\n<td width=\"58\">4-5<\/td>\n<\/tr>\n<tr>\n<td width=\"307\">Resistencia alcalina (en soluci\u00f3n de sosa c\u00e1ustica 5%)<\/td>\n<td width=\"58\">4-5<\/td>\n<td width=\"58\">4-5<\/td>\n<td width=\"58\">4-5<\/td>\n<td width=\"58\">4-5<\/td>\n<td width=\"58\">4-5<\/td>\n<td width=\"58\">4-5<\/td>\n<td width=\"58\">4-5<\/td>\n<td width=\"58\">4-5<\/td>\n<\/tr>\n<\/tbody>\n<\/table>\n<p>&nbsp;<\/p>\n<h3><strong><b>Disolvente <\/b><\/strong><strong><b>y<\/b><\/strong><strong><b>ellow 93<\/b><\/strong><strong><b>\u00a0solubilidad en disolvente org\u00e1nico a 20\u2103(g\/l)<\/b><\/strong><\/h3>\n<table>\n<tbody>\n<tr>\n<td width=\"140\"><strong><b>Acetona<\/b><\/strong><\/td>\n<td width=\"140\"><strong><b>Acetato de butilo<\/b><\/strong><\/td>\n<td width=\"140\"><strong><b>Metilbenceno<\/b><\/strong><\/td>\n<td width=\"140\"><strong><b>Diclorometano<\/b><\/strong><\/td>\n<td width=\"140\"><strong><b>Alcohol et\u00edlico<\/b><\/strong><\/td>\n<\/tr>\n<tr>\n<td width=\"140\">5.2<\/td>\n<td width=\"140\">4.2<\/td>\n<td width=\"140\">10.7<\/td>\n<td width=\"140\">2.3<\/td>\n<td width=\"140\">1.2<\/td>\n<\/tr>\n<\/tbody>\n<\/table>\n<h3><strong><b>\u00a0<\/b><\/strong><strong><b>Aplicaci\u00f3n<\/b><\/strong><strong>\u00a0<\/strong><\/h3>\n<table>\n<tbody>\n<tr>\n<td width=\"129\"><strong>PS<\/strong><\/td>\n<td width=\"129\">\u25cf<\/td>\n<td width=\"129\"><strong>PET<\/strong><\/td>\n<td width=\"129\">\u25cf<\/td>\n<td width=\"129\"><strong>PC<\/strong><\/td>\n<td width=\"129\">\u25cf<\/td>\n<\/tr>\n<tr>\n<td width=\"129\"><strong>AS<\/strong><\/td>\n<td width=\"129\">\u25cf<\/td>\n<td width=\"129\"><strong>PVC-<\/strong><strong>\u00a0<\/strong><strong>R<\/strong><\/td>\n<td width=\"129\">\u25cf<\/td>\n<td width=\"129\"><strong>SAN<\/strong><\/td>\n<td width=\"129\">\u25cf<\/td>\n<\/tr>\n<tr>\n<td width=\"129\"><strong>ABS<\/strong><\/td>\n<td width=\"129\">\u25cf<\/td>\n<td width=\"129\"><strong>PVC-U<\/strong><\/td>\n<td width=\"129\">\u25cf<\/td>\n<td width=\"129\"><strong>HIPS<\/strong><\/td>\n<td width=\"129\">\u25cf<\/td>\n<\/tr>\n<tr>\n<td width=\"129\"><strong>PMMA<\/strong><\/td>\n<td width=\"129\">\u25cf<\/td>\n<td width=\"129\"><strong>PA6<\/strong><\/td>\n<td width=\"129\">-<\/td>\n<td width=\"129\"><\/td>\n<td width=\"129\"><\/td>\n<\/tr>\n<\/tbody>\n<\/table>\n<p><strong><b>Nota:<\/b><\/strong><strong><b>\u00a0\u00a0\u00a0\u00a0<\/b><\/strong>\u25cf = recomendado \u25cb = uso potencial - = no recomendado<\/p>\n<h3><strong>Recomendado<\/strong><strong>\u00a0Dosificaci\u00f3n<\/strong><\/h3>\n<p>Transparent: 0.03%<\/p>\n<p>Non-transparent: 0.05%<\/p>\n<h3><strong>Embalaje:<\/strong><\/h3>\n<p>El embalaje normal es en bid\u00f3n de papel de 25kgs, 450kgs\/Palet.<\/p>\n<h3>Unmatched Coloring Solutions with Solvent Yellow 93<\/h3>\n<p>Discover the transformative capabilities of Solvent Yellow 93, the ultimate choice for vibrant, durable coloring designed to meet industrial needs. This yellowish transparent oil solvent dye combines exceptional performance characteristics, making it an indispensable asset for applications in plastics, fibers, and more. Its high heat resistance and light resistance ensure resilience even in demanding conditions, enabling products with lasting visual appeal.<\/p>\n<h3>Versatile Applications Across Multiple Materials<\/h3>\n<p>Solvent Yellow 93 showcases superior compatibility, perfectly suited for coloring plastics such as PS, PET, ABS, and PC. Whether you&#8217;re working with polyolefin, polyester, or polycarbonate materials, this solvent dye guarantees brilliant and consistent results. Its impressive migration resistance prevents color bleeding, ensuring the integrity of your products across diverse operational settings. Choose it for an unparalleled solution to your coloring demands.<\/p>\n<h3>Why Choose Solvent Yellow 93 for Industrial Use<\/h3>\n<p>With its high tinting strength, Solvent Yellow 93 delivers vivid and impactful results with economic efficiency. Its excellent performance ensures consistent results, whether applied to fibers or thermoplastics. The ease of integration and adaptability make it suitable for various manufacturing processes. Add long-term color stability and aesthetically-pleasing finishes to your projects with this superior oil solvent dye.<\/p>\n<p>From enhancing visual aesthetics to maintaining color integrity in the face of harsh conditions, it sets the standard in industrial dye technology. Experience its wide application range and superior features today.<\/p>","protected":false},"excerpt":{"rendered":"<p>N\u00ba CAS: 4702-90-3 \uff0c 61969-52-6<\/p>\n<p>F\u00f3rmula molecular:  C<sub>17&amp;lt;\/sub&gt;H<sub>1<\/sub>3<\/sub> N<sub>3<\/sub>O<sub>4<\/sub>Cr<sub>1\/2<\/sub><\/p>\n<p>Caracter\u00edsticas: Buena resistencia al calor y a la luz, buena resistencia a la migraci\u00f3n y alta fuerza de tintado con amplia aplicaci\u00f3n.<\/p>\n<p>&lt;p&gt;Aplicaci&oacute;n: Se utiliza para colorear pl&aacute;sticos, PS PET ABS PC (poliolefina, poli&eacute;ster, policarbonato) pl&aacute;sticos, fibra.<\/p>","protected":false},"featured_media":3650,"template":"","meta":[],"product_brand":[],"product_cat":[68,58],"product_tag":[389],"class_list":{"0":"post-3649","1":"product","2":"type-product","3":"status-publish","4":"has-post-thumbnail","6":"product_cat-solvent-dyes","7":"product_cat-dyestuffs","8":"product_tag-sy93","10":"first","11":"instock","12":"shipping-taxable","13":"product-type-simple"},"_links":{"self":[{"href":"https:\/\/www.honorpigment.com\/es\/wp-json\/wp\/v2\/product\/3649","targetHints":{"allow":["GET"]}}],"collection":[{"href":"https:\/\/www.honorpigment.com\/es\/wp-json\/wp\/v2\/product"}],"about":[{"href":"https:\/\/www.honorpigment.com\/es\/wp-json\/wp\/v2\/types\/product"}],"version-history":[{"count":0,"href":"https:\/\/www.honorpigment.com\/es\/wp-json\/wp\/v2\/product\/3649\/revisions"}],"wp:featuredmedia":[{"embeddable":true,"href":"https:\/\/www.honorpigment.com\/es\/wp-json\/wp\/v2\/media\/3650"}],"wp:attachment":[{"href":"https:\/\/www.honorpigment.com\/es\/wp-json\/wp\/v2\/media?parent=3649"}],"wp:term":[{"taxonomy":"product_brand","embeddable":true,"href":"https:\/\/www.honorpigment.com\/es\/wp-json\/wp\/v2\/product_brand?post=3649"},{"taxonomy":"product_cat","embeddable":true,"href":"https:\/\/www.honorpigment.com\/es\/wp-json\/wp\/v2\/product_cat?post=3649"},{"taxonomy":"product_tag","embeddable":true,"href":"https:\/\/www.honorpigment.com\/es\/wp-json\/wp\/v2\/product_tag?post=3649"}],"curies":[{"name":"wp","href":"https:\/\/api.w.org\/{rel}","templated":true}]}}