{"id":3639,"date":"2025-09-19T09:45:30","date_gmt":"2025-09-19T01:45:30","guid":{"rendered":"https:\/\/www.honorpigments.com\/?post_type=product&#038;p=3639"},"modified":"2026-03-23T20:29:45","modified_gmt":"2026-03-23T12:29:45","slug":"solvent-violet-13-solvent-dyes","status":"publish","type":"product","link":"https:\/\/www.honorpigment.com\/es\/producto\/solvent-violet-13-solvent-dyes\/","title":{"rendered":"Violeta disolvente 13 \/ Colorantes disolventes"},"content":{"rendered":"<h3><strong><b>D<\/b><\/strong><strong><b>escripci\u00f3n <\/b><\/strong><\/h3>\n<p>Solvent Violet 13 is bluish violet oil solvent dye.<\/p>\n<p>It\u00a0has good fastness, good heat resistance and migration resistance with bright color.<\/p>\n<p>Solvent Violet 13 is recommended for PET, PC, ABS, plastics (polyolefin, polyester, polycarbonate). Also can be used in polyester fiber (PET fibber).<\/p>\n<h3><strong><b>Informaci\u00f3n de identificaci\u00f3n:<\/b><\/strong><\/h3>\n<p>Color Index: Solvent Violet 13<\/p>\n<p>F\u00f3rmula molecular: C<sub>21<\/sub>H<sub>15<\/sub>NO<sub>3<\/sub><\/p>\n<p>N\u00ba CAS: 81-48-1<\/p>\n<h3><strong><b>Producto<\/b><\/strong><strong><b>\u00a0<\/b><\/strong><strong><b>especificaci\u00f3n<\/b><\/strong><\/h3>\n<p>Aspecto Polvo violeta<\/p>\n<p>Intensidad de tintado 100\u00b13%<\/p>\n<p>Color de la sombra Similar al est\u00e1ndar,<\/p>\n<p>Ceniza \u2264 1.0%<\/p>\n<p>Humedad \u2264 1.0%<\/p>\n<p>Valor diferencial de color\u0394E \u2264 0,8<\/p>\n<p>Density g\/cm3 \u00a0\u00a0\u00a0\u00a0\u00a0\u00a0\u00a0\u00a0\u00a0\u00a0\u00a0\u00a0\u00a0\u00a0\u00a0\u00a0\u00a0\u00a0\u00a0\u00a0\u00a0\u00a0\u00a0\u00a0\u00a0\u00a0\u00a0\u00a0\u00a0\u00a0\u00a0\u00a0\u00a0\u00a0\u00a0\u00a0\u00a0\u00a0\u00a0\u00a0\u00a0\u00a0\u00a0\u00a0\u00a0\u00a0\u00a0\u00a0\u00a0\u00a0\u00a0\u00a0\u00a0\u00a0\u00a0\u00a0\u00a0\u00a0\u00a0\u00a0\u00a0\u00a0\u00a0\u00a0\u00a0\u00a0\u00a0\u00a0\u00a0\u00a0\u00a0\u00a0\u00a0\u00a0\u00a0\u00a0\u00a0\u00a01.35<\/p>\n<p>Melting Point \u2103 \u00a0\u00a0\u00a0\u00a0\u00a0\u00a0\u00a0\u00a0\u00a0\u00a0\u00a0\u00a0\u00a0\u00a0\u00a0\u00a0\u00a0\u00a0\u00a0\u00a0\u00a0\u00a0\u00a0\u00a0\u00a0\u00a0\u00a0\u00a0\u00a0\u00a0\u00a0\u00a0\u00a0\u00a0\u00a0\u00a0\u00a0\u00a0\u00a0\u00a0\u00a0\u00a0\u00a0\u00a0\u00a0\u00a0\u00a0\u00a0\u00a0\u00a0\u00a0\u00a0\u00a0\u00a0\u00a0\u00a0\u00a0\u00a0\u00a0\u00a0\u00a0\u00a0\u00a0\u00a0\u00a0\u00a0\u00a0\u00a0\u00a0\u00a0\u00a0\u00a0\u00a0\u00a0\u00a0\u00a0189<\/p>\n<h3><strong><b>Datos t\u00e9cnicos<\/b><\/strong><\/h3>\n<table>\n<tbody>\n<tr>\n<td width=\"307\"><strong>Prueba<\/strong><strong>\u00a0<\/strong><strong>Art\u00edculos<\/strong><\/td>\n<td width=\"58\"><strong>PS<\/strong><\/td>\n<td width=\"58\"><strong>ABS<\/strong><\/td>\n<td width=\"58\"><strong>SAN<\/strong><\/td>\n<td width=\"58\"><strong>PMMA<\/strong><\/td>\n<td width=\"58\"><strong>PC<\/strong><\/td>\n<td width=\"58\"><strong>R-<\/strong><strong>PVC<\/strong><\/td>\n<td width=\"58\"><strong>PA6<\/strong><\/td>\n<td width=\"58\"><strong>PET<\/strong><\/td>\n<\/tr>\n<tr>\n<td width=\"307\">Temperatura de resistencia al calor, \u2103<\/p>\n<p>(0,05% colorantes, transparente)<\/td>\n<td width=\"58\">300<\/td>\n<td width=\"58\">290<\/td>\n<td width=\"58\">300<\/td>\n<td width=\"58\">300<\/td>\n<td width=\"58\">310<\/td>\n<td width=\"58\">-<\/td>\n<td width=\"58\">-<\/td>\n<td width=\"58\">290<\/td>\n<\/tr>\n<tr>\n<td width=\"307\">Temperatura de resistencia al calor, \u2103<\/p>\n<p>(0,05% colorantes + 1,0% di\u00f3xido de titanio)<\/td>\n<td width=\"58\">280<\/td>\n<td width=\"58\">270<\/td>\n<td width=\"58\">280<\/td>\n<td width=\"58\">280<\/td>\n<td width=\"58\">290<\/td>\n<td width=\"58\">-<\/td>\n<td width=\"58\">-<\/td>\n<td width=\"58\">270<\/td>\n<\/tr>\n<tr>\n<td width=\"307\">Resistencia a la migraci\u00f3n<\/td>\n<td width=\"58\">5<\/td>\n<td width=\"58\">5<\/td>\n<td width=\"58\">5<\/td>\n<td width=\"58\">5<\/td>\n<td width=\"58\">-<\/td>\n<td width=\"58\">-<\/td>\n<td width=\"58\">-<\/td>\n<td width=\"58\">-<\/td>\n<\/tr>\n<tr>\n<td width=\"307\">Solidez a la luz (colorantes 0,05%, transparentes)<\/td>\n<td width=\"58\"><strong><b>7-8<\/b><\/strong><\/td>\n<td width=\"58\"><strong><b>6<\/b><\/strong><\/td>\n<td width=\"58\">-<\/td>\n<td width=\"58\">-<\/td>\n<td width=\"58\">8<\/td>\n<td width=\"58\">-<\/td>\n<td width=\"58\"><\/td>\n<td width=\"58\">8<\/td>\n<\/tr>\n<tr>\n<td width=\"307\">Resistencia a la intemperie<\/td>\n<td width=\"58\">-<\/td>\n<td width=\"58\">-<\/td>\n<td width=\"58\">-<\/td>\n<td width=\"58\">-<\/td>\n<td width=\"58\">-<\/td>\n<td width=\"58\">-<\/td>\n<td width=\"58\">-<\/td>\n<td width=\"58\">-<\/td>\n<\/tr>\n<tr>\n<td width=\"307\">Resistencia a los \u00e1cidos (en soluci\u00f3n de \u00e1cido clorh\u00eddrico 5%)<\/td>\n<td width=\"58\">5<\/td>\n<td width=\"58\">5<\/td>\n<td width=\"58\">5<\/td>\n<td width=\"58\">5<\/td>\n<td width=\"58\">5<\/td>\n<td width=\"58\">5<\/td>\n<td width=\"58\">-<\/td>\n<td width=\"58\">-<\/td>\n<\/tr>\n<tr>\n<td width=\"307\">Resistencia alcalina (en soluci\u00f3n de sosa c\u00e1ustica 5%)<\/td>\n<td width=\"58\">5<\/td>\n<td width=\"58\">5<\/td>\n<td width=\"58\">5<\/td>\n<td width=\"58\">5<\/td>\n<td width=\"58\">5<\/td>\n<td width=\"58\">5<\/td>\n<td width=\"58\">-<\/td>\n<td width=\"58\">-<\/td>\n<\/tr>\n<\/tbody>\n<\/table>\n<p>&nbsp;<\/p>\n<h3><strong><b>Disolvente <\/b><\/strong><strong><b>Violet 13<\/b><\/strong><strong><b>\u00a0solubilidad en disolvente org\u00e1nico a 20\u2103(g\/l)<\/b><\/strong><\/h3>\n<table>\n<tbody>\n<tr>\n<td width=\"140\"><strong><b>Acetona<\/b><\/strong><\/td>\n<td width=\"140\"><strong><b>Acetato de butilo<\/b><\/strong><\/td>\n<td width=\"140\"><strong><b>Metilbenceno<\/b><\/strong><\/td>\n<td width=\"140\"><strong><b>Diclorometano<\/b><\/strong><\/td>\n<td width=\"140\"><strong><b>Alcohol et\u00edlico<\/b><\/strong><\/td>\n<\/tr>\n<tr>\n<td width=\"140\">1.30<\/td>\n<td width=\"140\">3.00<\/td>\n<td width=\"140\">7.00<\/td>\n<td width=\"140\">35.00<\/td>\n<td width=\"140\">0.20<\/td>\n<\/tr>\n<\/tbody>\n<\/table>\n<h3><strong><b>\u00a0<\/b><\/strong><strong><b>Aplicaci\u00f3n<\/b><\/strong><strong>\u00a0<\/strong><\/h3>\n<table>\n<tbody>\n<tr>\n<td width=\"129\"><strong>PS<\/strong><\/td>\n<td width=\"129\">\u25cf<\/td>\n<td width=\"129\"><strong>PET<\/strong><\/td>\n<td width=\"129\">\u25cb<\/td>\n<td width=\"129\"><strong>PC<\/strong><\/td>\n<td width=\"129\">\u25cf<\/td>\n<\/tr>\n<tr>\n<td width=\"129\"><strong>AS<\/strong><\/td>\n<td width=\"129\">\u25cf<\/td>\n<td width=\"129\"><strong>PVC-<\/strong><strong>\u00a0<\/strong><strong>R<\/strong><\/td>\n<td width=\"129\">\u25cf<\/td>\n<td width=\"129\"><strong>SAN<\/strong><\/td>\n<td width=\"129\">\u25cf<\/td>\n<\/tr>\n<tr>\n<td width=\"129\"><strong>ABS<\/strong><\/td>\n<td width=\"129\">\u25cf<\/td>\n<td width=\"129\"><strong>PVC-U<\/strong><\/td>\n<td width=\"129\">\u25cf<\/td>\n<td width=\"129\"><strong>HIPS<\/strong><\/td>\n<td width=\"129\">\u25cf<\/td>\n<\/tr>\n<tr>\n<td width=\"129\"><strong>PMMA<\/strong><\/td>\n<td width=\"129\">\u25cf<\/td>\n<td width=\"129\"><strong>PA6<\/strong><\/td>\n<td width=\"129\">-<\/td>\n<td width=\"129\"><\/td>\n<td width=\"129\"><\/td>\n<\/tr>\n<\/tbody>\n<\/table>\n<p><strong><b>Nota:<\/b><\/strong><strong><b>\u00a0\u00a0\u00a0\u00a0<\/b><\/strong>\u25cf = recomendado \u25cb = uso potencial - = no recomendado<\/p>\n<h3><strong>Recomendado<\/strong><strong>\u00a0Dosificaci\u00f3n<\/strong><\/h3>\n<p>Transparent: 0.02<\/p>\n<p>No transparente: 0,05<\/p>\n<h3><strong>Embalaje:<\/strong><\/h3>\n<p>El embalaje normal es en bid\u00f3n de papel de 25kgs, 450kgs\/Palet.<\/p>\n<h3>Unmatched Quality and Performance<\/h3>\n<p>Solvent Violet 13 is a bluish violet oil solvent dye renowned for its exceptional properties that make it the ideal choice for industrial applications. This dye stands out due to its bright and vibrant color, ensuring high visibility and superior aesthetics in your final product. With excellent fastness and heat resistance, Solvent Violet 13 delivers long-lasting performance even under challenging environmental conditions.<\/p>\n<h3>Ideal for Diverse Applications<\/h3>\n<p>One of the key strengths of Solvent Violet 13 is its versatility. It is recommended for use in various types of plastics, including PET, PC, ABS, and more. Whether you\u2019re working with polyolefins, polyesters, or polycarbonates, this dye integrates seamlessly to enhance the quality and color of the material. Furthermore, Solvent Violet 13 is also suitable for polyester fibers (PET fibers), offering consistent results and vibrant hues in textile applications.<\/p>\n<h3>Reliable Resistance for Every Need<\/h3>\n<p>Solvent Violet 13 ensures reliable performance with its exceptional migration resistance. This feature minimizes color bleeding and ensures the color remains intact, delivering durability and stability in finished products. Additionally, the dye boasts superior heat resistance, making it perfect for applications where high-temperature stability is crucial.<\/p>\n<p>Whether you\u2019re seeking a solution for plastics or textiles, Solvent Violet 13 is your trusted partner for delivering consistent, high-quality results with long-lasting vibrancy and resistance.V<\/p>","protected":false},"excerpt":{"rendered":"<p>N\u00ba CAS: 81-48-1<\/p>\n<p>F\u00f3rmula molecular: C<sub>21<\/sub>H<sub>15<\/sub>NO<sub>3<\/sub><\/p>\n<p>Caracter\u00edsticas: Buena solidez, buena resistencia al calor y resistencia a la migraci\u00f3n con color brillante.<\/p>\n<p>Aplicaci\u00f3n: Utilizado para PET, PC, ABS, pl\u00e1sticos (poliolefina, poli\u00e9ster, policarbonato). Tambi\u00e9n se puede utilizar en fibra de poli\u00e9ster (fibra PET).<\/p>\n<p>&nbsp;<\/p>","protected":false},"featured_media":3640,"template":"","meta":[],"product_brand":[],"product_cat":[58,68],"product_tag":[393],"class_list":{"0":"post-3639","1":"product","2":"type-product","3":"status-publish","4":"has-post-thumbnail","6":"product_cat-dyestuffs","7":"product_cat-solvent-dyes","8":"product_tag-sv13","10":"first","11":"instock","12":"shipping-taxable","13":"product-type-simple"},"_links":{"self":[{"href":"https:\/\/www.honorpigment.com\/es\/wp-json\/wp\/v2\/product\/3639","targetHints":{"allow":["GET"]}}],"collection":[{"href":"https:\/\/www.honorpigment.com\/es\/wp-json\/wp\/v2\/product"}],"about":[{"href":"https:\/\/www.honorpigment.com\/es\/wp-json\/wp\/v2\/types\/product"}],"version-history":[{"count":0,"href":"https:\/\/www.honorpigment.com\/es\/wp-json\/wp\/v2\/product\/3639\/revisions"}],"wp:featuredmedia":[{"embeddable":true,"href":"https:\/\/www.honorpigment.com\/es\/wp-json\/wp\/v2\/media\/3640"}],"wp:attachment":[{"href":"https:\/\/www.honorpigment.com\/es\/wp-json\/wp\/v2\/media?parent=3639"}],"wp:term":[{"taxonomy":"product_brand","embeddable":true,"href":"https:\/\/www.honorpigment.com\/es\/wp-json\/wp\/v2\/product_brand?post=3639"},{"taxonomy":"product_cat","embeddable":true,"href":"https:\/\/www.honorpigment.com\/es\/wp-json\/wp\/v2\/product_cat?post=3639"},{"taxonomy":"product_tag","embeddable":true,"href":"https:\/\/www.honorpigment.com\/es\/wp-json\/wp\/v2\/product_tag?post=3639"}],"curies":[{"name":"wp","href":"https:\/\/api.w.org\/{rel}","templated":true}]}}