{"id":3393,"date":"2025-09-08T15:53:16","date_gmt":"2025-09-08T07:53:16","guid":{"rendered":"https:\/\/www.honorpigments.com\/?post_type=product&#038;p=3393"},"modified":"2026-03-23T21:13:11","modified_gmt":"2026-03-23T13:13:11","slug":"hp-yellow-2262-pigment-red-146","status":"publish","type":"product","link":"https:\/\/www.honorpigment.com\/es\/producto\/hp-yellow-2262-pigment-red-146\/","title":{"rendered":"ROJO PIGMENTO 146\/ ROJO HP 2262"},"content":{"rendered":"<h3><strong>Product Description &#8211; PR146<\/strong><\/h3>\n<p align=\"left\">HP RED 2262 (PIGMENT RED 146) is bluish red pigment with very good solvent resistance, primarily used in water based printing inks, coatings and paints. It is somewhat yellower than PR57:1, with good perfoamnce in inks. And also very good light fastness in textile printings. is primarily applied in emulsiion and architectural paints as well, and also used in general industrial paints where durability is not important.<\/p>\n<h3><strong>Aplicaci\u00f3n recomendada<\/strong><strong>\uff1a<\/strong><\/h3>\n<p>Coatings: water based paints, industrial paints<br \/>\nTintas de impresi\u00f3n: tintas offset, tintas al agua<\/p>\n<h3><strong>Datos t\u00e9cnicos:<\/strong><\/h3>\n<table style=\"height: 260px; width: 95%; border-color: #050505;\" width=\"95%\">\n<tbody>\n<tr style=\"height: 28px;\">\n<td style=\"width: 98.4018%; background-color: #ababab; height: 10px;\" colspan=\"5\" width=\"125\"><span style=\"font-size: 14pt;\"><strong>Informaci\u00f3n sobre el producto<\/strong><\/span><\/td>\n<\/tr>\n<tr style=\"height: 24px;\">\n<td style=\"width: 24.277%; height: 10px;\" width=\"125\"><span style=\"font-size: 12pt;\">Tipo qu\u00edmico<\/span><\/td>\n<td style=\"width: 25.114%; height: 10px; text-align: center;\" colspan=\"2\" width=\"125\">Naftol<\/td>\n<td style=\"width: 25.1904%; height: 10px;\" width=\"125\"><span style=\"font-size: 12pt;\">N\u00ba CAS.<\/span><\/td>\n<td class=\"et3\" style=\"height: 19.95pt; width: 23.8204%; text-align: center;\" width=\"148\" height=\"26\">5280-68-2<\/td>\n<\/tr>\n<tr style=\"height: 48px;\">\n<td style=\"width: 24.277%; height: 10px;\" width=\"125\"><span style=\"font-size: 12pt;\">C. I. Nombre<\/span><\/td>\n<td style=\"width: 25.114%; height: 10px; text-align: center;\" colspan=\"2\" width=\"125\">Pigmento rojo 146<\/td>\n<td style=\"width: 25.1904%; height: 10px;\" width=\"125\"><span style=\"font-size: 12pt;\">EINECS \/ ELINCS NO.<\/span><\/td>\n<td class=\"et3\" style=\"height: 19.95pt; width: 23.8204%; text-align: center;\" width=\"148\" height=\"26\">226-103-2<\/td>\n<\/tr>\n<tr style=\"height: 48px;\">\n<td style=\"width: 24.277%; height: 10px;\" width=\"125\"><span style=\"font-size: 12pt;\">C. I. Constituci\u00f3n n.<\/span><\/td>\n<td style=\"width: 25.114%; height: 10px; text-align: center;\" colspan=\"2\" width=\"125\">12485<\/td>\n<td style=\"width: 25.1904%; height: 10px;\" width=\"125\"><span style=\"font-size: 12pt;\">F\u00f3rmula qu\u00edmica<\/span><\/td>\n<td class=\"et4\" style=\"height: 19.95pt; width: 23.8204%; text-align: center;\" width=\"148\" height=\"26\"><span class=\"mord\"><span class=\"mord mathnormal\">C<\/span><span class=\"msupsub\"><span class=\"vlist-t vlist-t2\"><span class=\"vlist-r\"><span class=\"vlist\"><span class=\"sizing reset-size6 size3 mtight\"><span class=\"mord mtight\">32<\/span><\/span><\/span><span class=\"vlist-s\">\u200b<\/span><\/span><\/span><\/span><\/span><span class=\"mord\"><span class=\"mord mathnormal\">H<\/span><span class=\"msupsub\"><span class=\"vlist-t vlist-t2\"><span class=\"vlist-r\"><span class=\"vlist\"><span class=\"sizing reset-size6 size3 mtight\"><span class=\"mord mtight\">22<\/span><\/span><\/span><span class=\"vlist-s\">\u200b<\/span><\/span><\/span><\/span><\/span><span class=\"mord mathnormal\">C<\/span><span class=\"mord\"><span class=\"mord mathnormal\">l<\/span><span class=\"msupsub\"><span class=\"vlist-t vlist-t2\"><span class=\"vlist-r\"><span class=\"vlist\"><span class=\"sizing reset-size6 size3 mtight\"><span class=\"mord mtight\">2<\/span><\/span><\/span><span class=\"vlist-s\">\u200b<\/span><\/span><\/span><\/span><\/span><span class=\"mord\"><span class=\"mord mathnormal\">N<\/span><span class=\"msupsub\"><span class=\"vlist-t vlist-t2\"><span class=\"vlist-r\"><span class=\"vlist\"><span class=\"sizing reset-size6 size3 mtight\"><span class=\"mord mtight\">6<\/span><\/span><\/span><span class=\"vlist-s\">\u200b<\/span><\/span><\/span><\/span><\/span><span class=\"mord\"><span class=\"mord mathnormal\">O<\/span><span class=\"msupsub\"><span class=\"vlist-t vlist-t2\"><span class=\"vlist-r\"><span class=\"vlist\"><span class=\"sizing reset-size6 size3 mtight\"><span class=\"mord mtight\">4<\/span><\/span><\/span><\/span><\/span><\/span><\/span><\/td>\n<\/tr>\n<tr style=\"height: 24px;\">\n<td style=\"width: 98.4018%; height: 10px;\" colspan=\"5\" width=\"125\"><\/td>\n<\/tr>\n<tr style=\"height: 28px;\">\n<td style=\"width: 98.4018%; background-color: #ababab; height: 10px;\" colspan=\"5\" width=\"125\"><span style=\"font-size: 14pt;\"><strong>Rendimiento t\u00e9cnico<\/strong><\/span><\/td>\n<\/tr>\n<tr style=\"height: 24px;\">\n<td style=\"width: 24.277%; height: 10px;\" width=\"125\"><\/td>\n<td style=\"width: 12.4048%; height: 10px; text-align: center;\" width=\"125\"><span style=\"font-size: 12pt;\">Sombra completa<\/span><\/td>\n<td style=\"width: 12.7092%; height: 10px; text-align: center;\" width=\"125\"><span style=\"font-size: 12pt;\">Tinte<\/span><\/td>\n<td style=\"width: 25.1904%; height: 10px;\" width=\"125\"><\/td>\n<td style=\"width: 23.8204%; height: 10px;\" width=\"125\"><\/td>\n<\/tr>\n<tr style=\"height: 48px;\">\n<td style=\"width: 24.277%; height: 10px;\" width=\"125\"><span style=\"font-size: 12pt;\">Resistencia a la intemperie<\/span><\/td>\n<td class=\"et3\" style=\"height: 19.95pt; width: 12.4048%; text-align: center;\" width=\"116\" height=\"26\"><span class=\"font1\">4-5<\/span><\/td>\n<td class=\"et4\" style=\"width: 12.7092%; text-align: center;\" width=\"110\">4<\/td>\n<td style=\"width: 25.1904%; height: 10px;\" width=\"125\"><span style=\"font-size: 12pt;\">Estabilidad t\u00e9rmica \u00b0C<\/span><\/td>\n<td style=\"width: 23.8204%; height: 10px; text-align: center;\" width=\"125\"><span style=\"font-size: 12pt;\">200\u00b0C<\/span><\/td>\n<\/tr>\n<tr style=\"height: 24px;\">\n<td style=\"width: 24.277%; height: 10px;\" width=\"125\"><span style=\"font-size: 12pt;\">Solidez a la luz<\/span><\/td>\n<td class=\"et4\" style=\"height: 19.95pt; width: 12.4048%; text-align: center;\" height=\"26\">7<\/td>\n<td class=\"et4\" style=\"width: 12.7092%; text-align: center;\">6<\/td>\n<td style=\"width: 25.1904%; height: 10px;\" width=\"125\"><\/td>\n<td style=\"width: 23.8204%; height: 10px;\" width=\"125\"><\/td>\n<\/tr>\n<tr style=\"height: 24px;\">\n<td style=\"width: 98.4018%; height: 10px;\" colspan=\"5\" width=\"125\"><\/td>\n<\/tr>\n<tr style=\"height: 24px;\">\n<td style=\"width: 98.4018%; background-color: #ababab; height: 10px;\" colspan=\"5\" width=\"125\"><span style=\"font-size: 14pt;\"><strong>Propiedades f\u00edsicas<\/strong><\/span><\/td>\n<\/tr>\n<tr style=\"height: 48px;\">\n<td style=\"width: 24.277%; height: 10px;\" width=\"125\"><span style=\"font-size: 12pt;\">Forma f\u00edsica<\/span><\/td>\n<td style=\"width: 25.114%; height: 10px; text-align: center;\" colspan=\"2\" width=\"125\"><span style=\"font-size: 12pt;\">Polvo<\/span><\/td>\n<td class=\"et3\" style=\"height: 19.95pt; width: 25.1904%;\" width=\"166\" height=\"26\"><span class=\"font1\">Sangrado en xileno<\/span><\/td>\n<td class=\"et4\" style=\"width: 23.8204%; text-align: center;\" width=\"116\">5<\/td>\n<\/tr>\n<tr style=\"height: 48px;\">\n<td style=\"width: 24.277%; height: 10px;\" width=\"125\"><span style=\"font-size: 12pt;\">Densidad espec\u00edfica (g\/cm3):<\/span><\/td>\n<td style=\"width: 25.114%; height: 10px; text-align: center;\" colspan=\"2\" width=\"125\">1.50 \u00b1 0.1<\/td>\n<td class=\"et3\" style=\"height: 19.95pt; width: 25.1904%;\" width=\"166\" height=\"26\"><span class=\"font1\">Hemorragia en metiletilcetona<\/span><\/td>\n<td class=\"et4\" style=\"width: 23.8204%; text-align: center;\">5<\/td>\n<\/tr>\n<tr style=\"height: 48px;\">\n<td style=\"width: 24.277%; height: 10px;\" width=\"125\"><span style=\"font-size: 12pt;\">Superficie espec\u00edfica (\u33a1\/g):<\/span><\/td>\n<td style=\"width: 25.114%; height: 10px; text-align: center;\" colspan=\"2\" width=\"125\">36-40<\/td>\n<td class=\"et3\" style=\"height: 19.95pt; width: 25.1904%;\" width=\"166\" height=\"26\"><span class=\"font1\">Sangrado en acetato de etilo<\/span><\/td>\n<td class=\"et4\" style=\"width: 23.8204%; text-align: center;\">5<\/td>\n<\/tr>\n<tr style=\"height: 24px;\">\n<td style=\"width: 24.277%; height: 10px;\" width=\"125\"><span style=\"font-size: 12pt;\">Absorci\u00f3n de aceite<\/span><\/td>\n<td style=\"width: 25.114%; height: 10px; text-align: center;\" colspan=\"2\" width=\"125\">65 \u00b1 10<\/td>\n<td class=\"et3\" style=\"height: 19.95pt; width: 25.1904%;\" width=\"166\" height=\"26\"><span class=\"font1\">Sangrado en Cellosolve<\/span><\/td>\n<td class=\"et4\" style=\"width: 23.8204%; text-align: center;\">5<\/td>\n<\/tr>\n<tr style=\"height: 24px;\">\n<td style=\"width: 24.277%; height: 10px;\" width=\"125\"><span style=\"font-size: 12pt;\">Valor pH<\/span><\/td>\n<td style=\"width: 25.114%; height: 10px; text-align: center;\" colspan=\"2\" width=\"125\">4 - 7<\/td>\n<td class=\"et3\" style=\"height: 19.95pt; width: 25.1904%;\" width=\"166\" height=\"26\"><span class=\"font1\">Sangrado en aguarr\u00e1s mineral<\/span><\/td>\n<td class=\"et4\" style=\"width: 23.8204%; text-align: center;\">5<\/td>\n<\/tr>\n<tr style=\"height: 24px;\">\n<td style=\"width: 24.277%; height: 10px;\" width=\"125\"><span style=\"font-size: 12pt;\">Materia vol\u00e1til<\/span><\/td>\n<td style=\"width: 25.114%; height: 10px; text-align: center;\" colspan=\"2\" width=\"125\"><span style=\"font-size: 12pt;\">1% m\u00e1x<\/span><\/td>\n<td class=\"et3\" style=\"height: 19.95pt; width: 25.1904%;\" width=\"166\" height=\"26\"><span class=\"font1\">Resistencia al \u00e1cido<\/span><\/td>\n<td class=\"et4\" style=\"width: 23.8204%; text-align: center;\">4<\/td>\n<\/tr>\n<tr style=\"height: 24px;\">\n<td style=\"width: 24.277%; height: 10px;\" width=\"125\"><\/td>\n<td style=\"width: 25.114%; height: 10px;\" colspan=\"2\"><\/td>\n<td class=\"et3\" style=\"height: 19.95pt; width: 25.1904%;\" width=\"166\" height=\"26\"><span class=\"font1\">Resistencia a los \u00e1lcalis<\/span><\/td>\n<td class=\"et4\" style=\"width: 23.8204%; text-align: center;\">4<\/td>\n<\/tr>\n<tr style=\"height: 48px;\">\n<td style=\"width: 98.4018%; background-color: #ababab; height: 10px;\" colspan=\"5\" width=\"125\"><span style=\"font-size: 14pt;\"><strong>Embalaje<\/strong><\/span><\/td>\n<\/tr>\n<tr style=\"height: 48px;\">\n<td style=\"width: 98.4018%; height: 10px;\" colspan=\"5\" width=\"125\">25kgs\/Bolsa 400kgs\/Palet<\/td>\n<\/tr>\n<tr style=\"height: 24px;\">\n<td style=\"width: 98.4018%; height: 10px;\" colspan=\"5\" width=\"125\"><\/td>\n<\/tr>\n<tr style=\"height: 24px;\">\n<td style=\"width: 49.391%; background-color: #ababab; height: 10px;\" colspan=\"3\" width=\"125\"><span style=\"font-size: 14pt;\"><strong>Almacenamiento<\/strong><\/span><\/td>\n<td style=\"width: 25.1904%; height: 10px;\" width=\"125\"><span style=\"font-size: 14pt;\"><strong>Vida \u00fatil<\/strong><\/span><\/td>\n<td style=\"width: 23.8204%; height: 10px;\" width=\"125\"><span style=\"font-size: 12pt;\">5 a\u00f1os<\/span><\/td>\n<\/tr>\n<tr style=\"height: 24px;\">\n<td style=\"width: 98.4018%; height: 10px;\" colspan=\"5\" width=\"375\"><span style=\"font-size: 12pt;\">Debe almacenarse en un lugar fresco, seco y ventilado.<\/span><\/td>\n<\/tr>\n<tr style=\"height: 24px;\">\n<td style=\"width: 98.4018%; height: 10px;\" colspan=\"5\" width=\"125\"><\/td>\n<\/tr>\n<tr style=\"height: 24px;\">\n<td style=\"width: 98.4018%; background-color: #ababab; height: 10px;\" colspan=\"5\" width=\"125\"><span style=\"font-size: 14pt;\"><strong>TRANSPORTE<\/strong><\/span><\/td>\n<\/tr>\n<tr style=\"height: 48px;\">\n<td style=\"width: 98.4018%; height: 10px;\" colspan=\"5\" width=\"375\"><span style=\"font-size: 12pt;\">Evite la inversi\u00f3n, la luz solar, la humedad y los golpes. Evite da\u00f1ar el embalaje.<\/span><\/td>\n<\/tr>\n<\/tbody>\n<\/table>\n<ul>\n<li>Solidez a la luz: La solidez a la luz se eval\u00faa en una escala del 1 al 8 de Blue Wool, en la que 1 = \u2018Mala\u2019 y 8 = \u2018Excelente\u2019.<\/li>\n<li>Estabilidad al calor : Los valores de estabilidad al calor dados indican la temperatura m\u00e1xima a la que el pigmento puede ser estufado durante 10 min. a plena sombra y en reducciones sin sufrir ning\u00fan cambio significativo de tonalidad.<\/li>\n<li>Absorci\u00f3n de aceite: La absorci\u00f3n de aceite se determina sobre la base de la norma EN ISO 787-5 y se indica en g de aceite de linaza por 100 g de pigmento.<\/li>\n<li>Sangrado en disolvente: El sangrado en disolventes se prueba utilizando los grados de polvo y la calificaci\u00f3n visual dada en 1 a 5 Escala de grises.<br \/>\ndonde 1 = \u2018Hemorragia intensa\u2019 y 5 = \u2018Sin hemorragia\u201d<\/li>\n<\/ul>\n<p>Descargo de responsabilidad - La informaci\u00f3n facilitada en esta ficha t\u00e9cnica se basa en el estado actual de nuestros conocimientos y pretende ser una descripci\u00f3n general de nuestros productos y sus posibles aplicaciones. Debido a la multitud de formulaciones, condiciones de producci\u00f3n y aplicaci\u00f3n, todos los datos mencionados deben ajustarse a las circunstancias del procesador. De este hecho no pueden derivarse responsabilidades, incluidas las relativas a derechos de patente, para casos individuales. No se puede descartar que este producto contenga part\u00edculas &lt; 0,1 \u03bcm. Cualquier usuario de este producto es responsable de determinar la idoneidad de los productos de Sudarshan para su aplicaci\u00f3n particular y de asegurarse de que se respetan los derechos de propiedad y la legislaci\u00f3n vigente.<\/p>","protected":false},"excerpt":{"rendered":"<p>C.I.NO: PR146<\/p>\n<p>Ventaja:<\/p>\n<p>Aplicaci\u00f3n principal recomendada: Tintas al agua<\/p>","protected":false},"featured_media":3394,"template":"","meta":[],"product_brand":[],"product_cat":[15,61,75,63,92,77],"product_tag":[],"class_list":{"0":"post-3393","1":"product","2":"type-product","3":"status-publish","4":"has-post-thumbnail","6":"product_cat-organic-pigments","7":"product_cat-pigments-for-coatings-paints","8":"product_cat-pigments-for-offset-inks","9":"product_cat-pigments-for-printing-inks","10":"product_cat-pigments-for-water-based-coatings","11":"product_cat-pigments-for-water-based-inks","13":"first","14":"instock","15":"shipping-taxable","16":"product-type-simple"},"_links":{"self":[{"href":"https:\/\/www.honorpigment.com\/es\/wp-json\/wp\/v2\/product\/3393","targetHints":{"allow":["GET"]}}],"collection":[{"href":"https:\/\/www.honorpigment.com\/es\/wp-json\/wp\/v2\/product"}],"about":[{"href":"https:\/\/www.honorpigment.com\/es\/wp-json\/wp\/v2\/types\/product"}],"version-history":[{"count":0,"href":"https:\/\/www.honorpigment.com\/es\/wp-json\/wp\/v2\/product\/3393\/revisions"}],"wp:featuredmedia":[{"embeddable":true,"href":"https:\/\/www.honorpigment.com\/es\/wp-json\/wp\/v2\/media\/3394"}],"wp:attachment":[{"href":"https:\/\/www.honorpigment.com\/es\/wp-json\/wp\/v2\/media?parent=3393"}],"wp:term":[{"taxonomy":"product_brand","embeddable":true,"href":"https:\/\/www.honorpigment.com\/es\/wp-json\/wp\/v2\/product_brand?post=3393"},{"taxonomy":"product_cat","embeddable":true,"href":"https:\/\/www.honorpigment.com\/es\/wp-json\/wp\/v2\/product_cat?post=3393"},{"taxonomy":"product_tag","embeddable":true,"href":"https:\/\/www.honorpigment.com\/es\/wp-json\/wp\/v2\/product_tag?post=3393"}],"curies":[{"name":"wp","href":"https:\/\/api.w.org\/{rel}","templated":true}]}}