{"id":3604,"date":"2025-09-16T16:35:52","date_gmt":"2025-09-16T08:35:52","guid":{"rendered":"https:\/\/www.honorpigments.com\/?post_type=product&#038;p=3604"},"modified":"2026-03-23T20:39:16","modified_gmt":"2026-03-23T12:39:16","slug":"hp-yellow-1541j-pigment-yellow-150","status":"publish","type":"product","link":"https:\/\/www.honorpigment.com\/de\/produkt\/hp-yellow-1541j-pigment-yellow-150\/","title":{"rendered":"PIGMENT GELB 150\/ HP GELB 1541J"},"content":{"rendered":"<h3><strong>Product description &#8211; PY150<\/strong><\/h3>\n<p align=\"left\">HP YELLOW 1541J (PIGMENT YELLOW 150) wird haupts\u00e4chlich in wasserbasierten Inkjet-Tinten verwendet. Es weist eine gute Hitzestabilit\u00e4t sowie eine gute Licht- und Wetterechtheit auf.<\/p>\n<h3><strong>Empfohlene Anwendung<\/strong><strong>\uff1a<\/strong><\/h3>\n<p>Coatings: solvent based paints, water based paints, industrial coatings, powder coatings, coil coatings, auto paints, wood coatings<br \/>\nPlastics: PP, PE, PVC, PET<br \/>\nPrinting inks: solvent based inks, water based inks, inkjet inks<\/p>\n<h3><strong>Technische Daten:<\/strong><\/h3>\n<table style=\"height: 260px; width: 95%; border-color: #050505;\" width=\"95%\">\n<tbody>\n<tr style=\"height: 28px;\">\n<td style=\"width: 99.3832%; background-color: #ababab; height: 10px;\" colspan=\"5\" width=\"125\"><span style=\"font-size: 14pt;\"><strong>Informationen zum Produkt<\/strong><\/span><\/td>\n<\/tr>\n<tr style=\"height: 24px;\">\n<td style=\"width: 24.277%; height: 10px;\" width=\"125\"><span style=\"font-size: 12pt;\">Chemischer Typ<\/span><\/td>\n<td style=\"width: 25.114%; height: 10px; text-align: center;\" colspan=\"2\" width=\"125\">Azo\/nickel complex<\/td>\n<td style=\"width: 25.1904%; height: 10px;\" width=\"125\"><span style=\"font-size: 12pt;\">CAS-NR.<\/span><\/td>\n<td class=\"et3\" style=\"height: 10px; width: 24.8018%; text-align: center;\" width=\"148\" height=\"26\">68511-62-6<\/td>\n<\/tr>\n<tr style=\"height: 48px;\">\n<td style=\"width: 24.277%; height: 10px;\" width=\"125\"><span style=\"font-size: 12pt;\">C. I. Name<\/span><\/td>\n<td style=\"width: 25.114%; height: 10px; text-align: center;\" colspan=\"2\" width=\"125\">Pigment Gelb 150<\/td>\n<td style=\"width: 25.1904%; height: 10px;\" width=\"125\"><span style=\"font-size: 12pt;\">EINECS \/ ELINCS NR.<\/span><\/td>\n<td class=\"et3\" style=\"height: 10px; width: 24.8018%; text-align: center;\" width=\"148\" height=\"26\">270-944-8<\/td>\n<\/tr>\n<tr style=\"height: 48px;\">\n<td style=\"width: 24.277%; height: 10px;\" width=\"125\"><span style=\"font-size: 12pt;\">C. I. Verfassung Nr.<\/span><\/td>\n<td style=\"width: 25.114%; height: 10px; text-align: center;\" colspan=\"2\" width=\"125\">12764<\/td>\n<td style=\"width: 25.1904%; height: 10px;\" width=\"125\"><span style=\"font-size: 12pt;\">Chemische Formel<\/span><\/td>\n<td class=\"et3\" style=\"height: 10px; width: 24.8018%; text-align: center;\" width=\"148\" height=\"26\">C8H6N6O6Ni<\/td>\n<\/tr>\n<tr style=\"height: 24px;\">\n<td style=\"width: 99.3832%; height: 10px;\" colspan=\"5\" width=\"125\"><\/td>\n<\/tr>\n<tr style=\"height: 28px;\">\n<td style=\"width: 99.3832%; background-color: #ababab; height: 10px;\" colspan=\"5\" width=\"125\"><span style=\"font-size: 14pt;\"><strong>Technische Leistung<\/strong><\/span><\/td>\n<\/tr>\n<tr style=\"height: 24px;\">\n<td style=\"width: 24.277%; height: 10px;\" width=\"125\"><\/td>\n<td style=\"width: 12.4048%; height: 10px; text-align: center;\" width=\"125\"><span style=\"font-size: 12pt;\">Vollschatten<\/span><\/td>\n<td style=\"width: 12.7092%; height: 10px; text-align: center;\" width=\"125\"><span style=\"font-size: 12pt;\">F\u00e4rbung<\/span><\/td>\n<td style=\"width: 25.1904%; height: 10px;\" width=\"125\"><\/td>\n<td style=\"width: 24.8018%; height: 10px;\" width=\"125\"><\/td>\n<\/tr>\n<tr style=\"height: 48px;\">\n<td style=\"width: 24.277%; height: 10px;\" width=\"125\"><span style=\"font-size: 12pt;\">Wetterbest\u00e4ndigkeit<\/span><\/td>\n<td class=\"et3\" style=\"height: 10px; width: 12.4048%; text-align: center;\" width=\"116\" height=\"26\">5<\/td>\n<td class=\"et4\" style=\"width: 12.7092%; text-align: center; height: 10px;\" width=\"110\">5<\/td>\n<td style=\"width: 25.1904%; height: 10px;\" width=\"125\"><span style=\"font-size: 12pt;\">W\u00e4rmebest\u00e4ndigkeit \u00b0C<\/span><\/td>\n<td style=\"width: 24.8018%; height: 10px; text-align: center;\" width=\"125\"><span style=\"font-size: 12pt;\">200\u00b0C<\/span><\/td>\n<\/tr>\n<tr style=\"height: 24px;\">\n<td style=\"width: 24.277%; height: 10px;\" width=\"125\"><span style=\"font-size: 12pt;\">Lichtechtheit<\/span><\/td>\n<td class=\"et4\" style=\"height: 10px; width: 12.4048%; text-align: center;\" height=\"26\">8<\/td>\n<td class=\"et4\" style=\"width: 12.7092%; text-align: center; height: 10px;\">8<\/td>\n<td style=\"width: 25.1904%; height: 10px;\" width=\"125\"><\/td>\n<td style=\"width: 24.8018%; height: 10px;\" width=\"125\"><\/td>\n<\/tr>\n<tr style=\"height: 24px;\">\n<td style=\"width: 99.3832%; height: 10px;\" colspan=\"5\" width=\"125\"><\/td>\n<\/tr>\n<tr style=\"height: 24px;\">\n<td style=\"width: 99.3832%; background-color: #ababab; height: 10px;\" colspan=\"5\" width=\"125\"><span style=\"font-size: 14pt;\"><strong>Physikalische Eigenschaften<\/strong><\/span><\/td>\n<\/tr>\n<tr style=\"height: 48px;\">\n<td style=\"width: 24.277%; height: 10px;\" width=\"125\"><span style=\"font-size: 12pt;\">Physische Form<\/span><\/td>\n<td style=\"width: 25.114%; height: 10px; text-align: center;\" colspan=\"2\" width=\"125\"><span style=\"font-size: 12pt;\">Pulver<\/span><\/td>\n<td class=\"et3\" style=\"height: 10px; width: 25.1904%;\" width=\"166\" height=\"26\"><span class=\"font1\">Blutungen in Xylol<\/span><\/td>\n<td class=\"et4\" style=\"width: 24.8018%; text-align: center; height: 10px;\" width=\"116\">5<\/td>\n<\/tr>\n<tr style=\"height: 48px;\">\n<td style=\"width: 24.277%; height: 10px;\" width=\"125\"><span style=\"font-size: 12pt;\">Spezifische Dichte (g\/cm3):<\/span><\/td>\n<td style=\"width: 25.114%; height: 10px; text-align: center;\" colspan=\"2\" width=\"125\">1.70 \u00b1 0.1<\/td>\n<td class=\"et3\" style=\"height: 10px; width: 25.1904%;\" width=\"166\" height=\"26\"><span class=\"font1\">Blutungen bei Methylethylketon<\/span><\/td>\n<td class=\"et4\" style=\"width: 24.8018%; text-align: center; height: 10px;\">5<\/td>\n<\/tr>\n<tr style=\"height: 48px;\">\n<td style=\"width: 24.277%; height: 10px;\" width=\"125\"><span style=\"font-size: 12pt;\">Spezifische Oberfl\u00e4che(\u33a1\/g):<\/span><\/td>\n<td style=\"width: 25.114%; height: 10px; text-align: center;\" colspan=\"2\" width=\"125\">70<\/td>\n<td class=\"et3\" style=\"height: 10px; width: 25.1904%;\" width=\"166\" height=\"26\"><span class=\"font1\">Blutungen in Ethylacetat<\/span><\/td>\n<td class=\"et4\" style=\"width: 24.8018%; text-align: center; height: 10px;\">5<\/td>\n<\/tr>\n<tr style=\"height: 24px;\">\n<td style=\"width: 24.277%; height: 10px;\" width=\"125\"><span style=\"font-size: 12pt;\">\u00d6l-Absorption<\/span><\/td>\n<td style=\"width: 25.114%; height: 10px; text-align: center;\" colspan=\"2\" width=\"125\">50 \u00b1 10<\/td>\n<td class=\"et3\" style=\"height: 10px; width: 25.1904%;\" width=\"166\" height=\"26\"><span class=\"font1\">Blutungen bei Cellosolve<\/span><\/td>\n<td class=\"et4\" style=\"width: 24.8018%; text-align: center; height: 10px;\">5<\/td>\n<\/tr>\n<tr style=\"height: 24px;\">\n<td style=\"width: 24.277%; height: 10px;\" width=\"125\"><span style=\"font-size: 12pt;\">pH-Wert<\/span><\/td>\n<td style=\"width: 25.114%; height: 10px; text-align: center;\" colspan=\"2\" width=\"125\">6.0 -8.0<\/td>\n<td class=\"et3\" style=\"height: 10px; width: 25.1904%;\" width=\"166\" height=\"26\"><span class=\"font1\">Entl\u00fcftung in Mineralterpentin<\/span><\/td>\n<td class=\"et4\" style=\"width: 24.8018%; text-align: center; height: 10px;\">5<\/td>\n<\/tr>\n<tr style=\"height: 24px;\">\n<td style=\"width: 24.277%; height: 10px;\" width=\"125\"><span style=\"font-size: 12pt;\">Fl\u00fcchtige Materie<\/span><\/td>\n<td style=\"width: 25.114%; height: 10px; text-align: center;\" colspan=\"2\" width=\"125\"><span style=\"font-size: 12pt;\">1% max<\/span><\/td>\n<td class=\"et3\" style=\"height: 10px; width: 25.1904%;\" width=\"166\" height=\"26\"><span class=\"font1\">Resistenz gegen S\u00e4ure<\/span><\/td>\n<td class=\"et4\" style=\"width: 24.8018%; text-align: center; height: 10px;\">5<\/td>\n<\/tr>\n<tr style=\"height: 24px;\">\n<td style=\"width: 24.277%; height: 10px;\" width=\"125\"><\/td>\n<td style=\"width: 25.114%; height: 10px;\" colspan=\"2\"><\/td>\n<td class=\"et3\" style=\"height: 10px; width: 25.1904%;\" width=\"166\" height=\"26\"><span class=\"font1\">Best\u00e4ndigkeit gegen Alkali<\/span><\/td>\n<td class=\"et4\" style=\"width: 24.8018%; text-align: center; height: 10px;\">5<\/td>\n<\/tr>\n<tr style=\"height: 48px;\">\n<td style=\"width: 99.3832%; background-color: #ababab; height: 10px;\" colspan=\"5\" width=\"125\"><span style=\"font-size: 14pt;\"><strong>Verpackung<\/strong><\/span><\/td>\n<\/tr>\n<tr style=\"height: 48px;\">\n<td style=\"width: 99.3832%; height: 10px;\" colspan=\"5\" width=\"125\"><span style=\"font-size: 12pt;\">25kgs\/bag\u00a0 \u00a0500kgs\/Pallet<\/span><\/td>\n<\/tr>\n<tr style=\"height: 24px;\">\n<td style=\"width: 99.3832%; height: 10px;\" colspan=\"5\" width=\"125\"><\/td>\n<\/tr>\n<tr style=\"height: 24px;\">\n<td style=\"width: 49.391%; background-color: #ababab; height: 10px;\" colspan=\"3\" width=\"125\"><span style=\"font-size: 14pt;\"><strong>Lagerung<\/strong><\/span><\/td>\n<td style=\"width: 25.1904%; height: 10px;\" width=\"125\"><span style=\"font-size: 14pt;\"><strong>Haltbarkeitsdauer<\/strong><\/span><\/td>\n<td style=\"width: 24.8018%; height: 10px;\" width=\"125\"><span style=\"font-size: 12pt;\">5 Jahre<\/span><\/td>\n<\/tr>\n<tr style=\"height: 24px;\">\n<td style=\"width: 99.3832%; height: 10px;\" colspan=\"5\" width=\"375\"><span style=\"font-size: 12pt;\">Sollte an einem k\u00fchlen, trockenen und gut bel\u00fcfteten Ort gelagert werden.<\/span><\/td>\n<\/tr>\n<tr style=\"height: 24px;\">\n<td style=\"width: 99.3832%; height: 10px;\" colspan=\"5\" width=\"125\"><\/td>\n<\/tr>\n<tr style=\"height: 24px;\">\n<td style=\"width: 99.3832%; background-color: #ababab; height: 10px;\" colspan=\"5\" width=\"125\"><span style=\"font-size: 14pt;\"><strong>TRANSPORT<\/strong><\/span><\/td>\n<\/tr>\n<tr style=\"height: 48px;\">\n<td style=\"width: 99.3832%; height: 10px;\" colspan=\"5\" width=\"375\"><span style=\"font-size: 12pt;\">Vermeiden Sie Umkippen, Sonnenlicht, Feuchtigkeit und St\u00fcrze. Vermeiden Sie Sch\u00e4den an der Verpackung.<\/span><\/td>\n<\/tr>\n<\/tbody>\n<\/table>\n<ul>\n<li><strong>Light fastness:<\/strong> Light fastness rating is assessed on 1 to 8 Blue Wool scale where 1 = \u2018Poor\u2019 and 8 = \u2018Excellent\u2019.<\/li>\n<li><strong>Heat Stability:<\/strong> Heat stability values given indicate the maximum temperature at which the pigment can be stoved for 10 min. on the full shade and in reductions without undergoing any significant change in shade.<\/li>\n<li><strong>Oil absorption:<\/strong> The oil absorption is determined on the basis of EN ISO 787-5 and given in g linseed oil per 100 gm. pigment.<\/li>\n<li><strong>Solvent bleeding:<\/strong> The bleeding in solvents is tested using the powder grades and the visual rating given on 1 to 5 Grey scale<br \/>\nwobei 1 = \u2018starke Blutung\u2019 und 5 = \u2018keine Blutung\u201d.\u201d<\/li>\n<\/ul>\n<p>Haftungsausschluss - Die Angaben in diesem Datenblatt basieren auf dem heutigen Stand unserer Kenntnisse und sind als allgemeine Beschreibung unserer Produkte und deren Anwendungsm\u00f6glichkeiten zu verstehen. Aufgrund der Vielzahl von Rezepturen, Produktions- &amp; Anwendungsbedingungen m\u00fcssen alle oben genannten Angaben den Gegebenheiten des Verarbeiters angepasst werden. Eine Haftung, auch patentrechtlicher Art, kann hieraus f\u00fcr den Einzelfall nicht abgeleitet werden. Es kann nicht ausgeschlossen werden, dass dieses Produkt Partikel &lt; 0,1 \u03bcm enth\u00e4lt. Jeder Anwender dieses Produktes ist daf\u00fcr verantwortlich, die Eignung der Produkte von Sudarshan f\u00fcr seine spezielle Anwendung zu pr\u00fcfen und sicherzustellen, dass etwaige Schutzrechte sowie bestehende Gesetze und Vorschriften beachtet werden.<\/p>","protected":false},"excerpt":{"rendered":"<p>C.I.NO.: PY150<\/p>\n<p>Vorteilhaft: Gute Hitzestabilit\u00e4t und auch gute Licht- und Wetterechtheit.<\/p>\n<p>Empfohlene Hauptanwendung: Wasserbasierte Inkjet-Tinten<\/p>","protected":false},"featured_media":3336,"template":"","meta":[],"product_brand":[],"product_cat":[15,74,61,72,73,64,62,95,63,91,76,92,77,71],"product_tag":[],"class_list":{"0":"post-3604","1":"product","2":"type-product","3":"status-publish","4":"has-post-thumbnail","6":"product_cat-organic-pigments","7":"product_cat-pigments-for-auto-paints","8":"product_cat-pigments-for-coatings-paints","9":"product_cat-pigments-for-coil-coatings","10":"product_cat-pigments-for-industrial-coatings","11":"product_cat-pigments-for-inkjet-inksamptoners","12":"product_cat-pigments-for-plasticsampmasterbatch","13":"product_cat-pigments-for-powder-coatings","14":"product_cat-pigments-for-printing-inks","15":"product_cat-pigments-for-solvent-based-coatings","16":"product_cat-pigments-for-sovlent-based-inks","17":"product_cat-pigments-for-water-based-coatings","18":"product_cat-pigments-for-water-based-inks","19":"product_cat-pigments-for-wood-coatings","21":"first","22":"instock","23":"shipping-taxable","24":"product-type-simple"},"_links":{"self":[{"href":"https:\/\/www.honorpigment.com\/de\/wp-json\/wp\/v2\/product\/3604","targetHints":{"allow":["GET"]}}],"collection":[{"href":"https:\/\/www.honorpigment.com\/de\/wp-json\/wp\/v2\/product"}],"about":[{"href":"https:\/\/www.honorpigment.com\/de\/wp-json\/wp\/v2\/types\/product"}],"version-history":[{"count":0,"href":"https:\/\/www.honorpigment.com\/de\/wp-json\/wp\/v2\/product\/3604\/revisions"}],"wp:featuredmedia":[{"embeddable":true,"href":"https:\/\/www.honorpigment.com\/de\/wp-json\/wp\/v2\/media\/3336"}],"wp:attachment":[{"href":"https:\/\/www.honorpigment.com\/de\/wp-json\/wp\/v2\/media?parent=3604"}],"wp:term":[{"taxonomy":"product_brand","embeddable":true,"href":"https:\/\/www.honorpigment.com\/de\/wp-json\/wp\/v2\/product_brand?post=3604"},{"taxonomy":"product_cat","embeddable":true,"href":"https:\/\/www.honorpigment.com\/de\/wp-json\/wp\/v2\/product_cat?post=3604"},{"taxonomy":"product_tag","embeddable":true,"href":"https:\/\/www.honorpigment.com\/de\/wp-json\/wp\/v2\/product_tag?post=3604"}],"curies":[{"name":"wp","href":"https:\/\/api.w.org\/{rel}","templated":true}]}}