{"id":3582,"date":"2025-09-15T15:19:27","date_gmt":"2025-09-15T07:19:27","guid":{"rendered":"https:\/\/www.honorpigments.com\/?post_type=product&#038;p=3582"},"modified":"2026-04-13T23:17:35","modified_gmt":"2026-04-13T15:17:35","slug":"hp-gelb-1659-pigment-gelb-74","status":"publish","type":"product","link":"https:\/\/www.honorpigment.com\/de\/produkt\/hp-gelb-1659-pigment-gelb-74\/","title":{"rendered":"PIGMENT GELB 74\/ HP GELB 1659"},"content":{"rendered":"<h3><strong>Beschreibung der Produkte - PY74<\/strong><\/h3>\n<p align=\"left\">HP YELLOW 1659 (PIGMENT YELLOW 74) ist ein gr\u00fcnlicher Farbton, der brillante Drucke liefert, die heller und undurchsichtiger sind als die anderer gelber Monoazopigmente. Es wird empfohlen, f\u00fcr Druckfarben, Farben Industrien verwendet.<\/p>\n<h3><strong>Empfohlene Anwendung<\/strong><\/h3>\n<p>Beschichtungen: Farben auf L\u00f6semittelbasis, Farben auf Wasserbasis, industrielle Beschichtungen, Pulverbeschichtungen<br \/>\nDruckfarben: Offsetdruckfarben, l\u00f6sungsmittelbasierte Druckfarben, wasserbasierte Druckfarben<\/p>\n<h3><strong>Technische Daten<\/strong><\/h3>\n<table width=\"95%\">\n<tbody>\n<tr>\n<td colspan=\"5\" width=\"125\"><strong>Informationen zum Produkt<\/strong><\/td>\n<\/tr>\n<tr>\n<td width=\"125\">Chemischer Typ<\/td>\n<td colspan=\"2\" width=\"125\">MonoAzo<\/td>\n<td width=\"125\">CAS-NR.<\/td>\n<td style=\"text-align: center\" width=\"148\">6358-31-2<\/td>\n<\/tr>\n<tr>\n<td width=\"125\">C. I. Name<\/td>\n<td colspan=\"2\" width=\"125\">Pigment Gelb 74<\/td>\n<td width=\"125\">EINECS \/ ELINCS NR.<\/td>\n<td style=\"text-align: center\" width=\"148\">228-768-4<\/td>\n<\/tr>\n<tr>\n<td width=\"125\">C. I. Verfassung Nr.<\/td>\n<td colspan=\"2\" width=\"125\">11741<\/td>\n<td width=\"125\">Chemische Formel<\/td>\n<td style=\"text-align: center\" width=\"148\">C18H18N4O6<\/td>\n<\/tr>\n<tr>\n<td colspan=\"5\" width=\"125\"><\/td>\n<\/tr>\n<tr>\n<td colspan=\"5\" width=\"125\"><strong>Technische Leistung<\/strong><\/td>\n<\/tr>\n<tr>\n<td width=\"125\"><\/td>\n<td width=\"125\">Vollschatten<\/td>\n<td width=\"125\">F\u00e4rbung<\/td>\n<td width=\"125\"><\/td>\n<td width=\"125\"><\/td>\n<\/tr>\n<tr>\n<td width=\"125\">Wetterbest\u00e4ndigkeit<\/td>\n<td class=\"et3\" width=\"116\" height=\"26\"><span class=\"font1\">4-5<\/span><\/td>\n<td class=\"et4\" width=\"110\">4<\/td>\n<td width=\"125\">W\u00e4rmebest\u00e4ndigkeit \u00b0C<\/td>\n<td width=\"125\">160\u00b0C<\/td>\n<\/tr>\n<tr>\n<td width=\"125\">Lichtechtheit<\/td>\n<td class=\"et4\" height=\"26\">7<\/td>\n<td class=\"et4\">7<\/td>\n<td width=\"125\"><\/td>\n<td width=\"125\"><\/td>\n<\/tr>\n<tr>\n<td colspan=\"5\" width=\"125\"><\/td>\n<\/tr>\n<tr>\n<td colspan=\"5\" width=\"125\"><strong>Physikalische Eigenschaften<\/strong><\/td>\n<\/tr>\n<tr>\n<td width=\"125\">Physische Form<\/td>\n<td colspan=\"2\" width=\"125\">Pulver<\/td>\n<td class=\"et3\" width=\"166\" height=\"26\"><span class=\"font1\">Blutungen in Xylol<\/span><\/td>\n<td class=\"et4\" width=\"148\">4<\/td>\n<\/tr>\n<tr>\n<td width=\"125\">Spezifische Dichte (g\/cm3):<\/td>\n<td colspan=\"2\" width=\"125\">1.40 \u00b1 0.1<\/td>\n<td class=\"et3\" width=\"166\" height=\"26\"><span class=\"font1\">Blutungen bei Methylethylketon<\/span><\/td>\n<td class=\"et4\">4<\/td>\n<\/tr>\n<tr>\n<td width=\"125\">Spezifische Oberfl\u00e4che(\u33a1\/g):<\/td>\n<td colspan=\"2\" width=\"125\">30-70<\/td>\n<td class=\"et3\" width=\"166\" height=\"26\"><span class=\"font1\">Blutungen in Ethylacetat<\/span><\/td>\n<td class=\"et4\">4~5<\/td>\n<\/tr>\n<tr>\n<td width=\"125\">\u00d6l-Absorption<\/td>\n<td colspan=\"2\" width=\"125\">30 \u00b1 10<\/td>\n<td class=\"et3\" width=\"166\" height=\"26\"><span class=\"font1\">Blutungen bei Cellosolve<\/span><\/td>\n<td class=\"et4\">4~5<\/td>\n<\/tr>\n<tr>\n<td width=\"125\">pH-Wert<\/td>\n<td colspan=\"2\" width=\"125\">5.0 - 7.5<\/td>\n<td class=\"et3\" width=\"166\" height=\"26\"><span class=\"font1\">Entl\u00fcftung in Mineralterpentin<\/span><\/td>\n<td class=\"et4\">4~5<\/td>\n<\/tr>\n<tr>\n<td width=\"125\">Fl\u00fcchtige Materie<\/td>\n<td colspan=\"2\" width=\"125\">1% max<\/td>\n<td class=\"et3\" width=\"166\" height=\"26\"><span class=\"font1\">Resistenz gegen S\u00e4ure<\/span><\/td>\n<td class=\"et4\">4~5<\/td>\n<\/tr>\n<tr>\n<td width=\"125\"><\/td>\n<td colspan=\"2\"><\/td>\n<td class=\"et3\" width=\"166\" height=\"26\"><span class=\"font1\">Best\u00e4ndigkeit gegen Alkali<\/span><\/td>\n<td class=\"et4\">4~5<\/td>\n<\/tr>\n<tr>\n<td colspan=\"5\" width=\"125\"><strong>Verpackung<\/strong><\/td>\n<\/tr>\n<tr>\n<td colspan=\"5\" width=\"125\">25kgs\/Sack 400kgs\/Palette<\/td>\n<\/tr>\n<tr>\n<td colspan=\"5\" width=\"125\"><\/td>\n<\/tr>\n<tr>\n<td colspan=\"3\" width=\"125\"><strong>Lagerung<\/strong><\/td>\n<td width=\"125\"><strong>Haltbarkeitsdauer<\/strong><\/td>\n<td width=\"125\">5 Jahre<\/td>\n<\/tr>\n<tr>\n<td colspan=\"5\" width=\"375\">Sollte an einem k\u00fchlen, trockenen und gut bel\u00fcfteten Ort gelagert werden.<\/td>\n<\/tr>\n<tr>\n<td colspan=\"5\" width=\"125\"><\/td>\n<\/tr>\n<tr>\n<td colspan=\"5\" width=\"125\"><strong>TRANSPORT<\/strong><\/td>\n<\/tr>\n<tr>\n<td colspan=\"5\" width=\"375\">Vermeiden Sie Umkippen, Sonnenlicht, Feuchtigkeit und St\u00fcrze. Vermeiden Sie Sch\u00e4den an der Verpackung.<\/td>\n<\/tr>\n<\/tbody>\n<\/table>\n<ul>\n<li>Lichtechtheit: Die Lichtechtheit wird auf einer Skala von 1 bis 8 bewertet, wobei 1 = \u2018schlecht\u2019 und 8 = \u2018ausgezeichnet\u2019 ist.<\/li>\n<li>Hitzestabilit\u00e4t: Die angegebenen Werte f\u00fcr die Hitzestabilit\u00e4t geben die maximale Temperatur an, bei der das Pigment 10 Minuten lang im Vollton und in Abz\u00fcgen eingebrannt werden kann, ohne dass sich der Farbton wesentlich ver\u00e4ndert.<\/li>\n<li>\u00d6labsorption: Die \u00d6labsorption wird auf der Grundlage von EN ISO 787-5 bestimmt und in g Lein\u00f6l pro 100 g Pigment angegeben.<\/li>\n<li>Ausbluten in L\u00f6sungsmitteln: Das Ausbluten in L\u00f6sungsmitteln wird anhand der Pulversorten getestet und die visuelle Bewertung auf einer Grauskala von 1 bis 5 angegeben.<br \/>\nwobei 1 = \u2018starke Blutung\u2019 und 5 = \u2018keine Blutung\u201d.\u201d<\/li>\n<\/ul>\n<p>Disclaimer \u2013 The information given in this data sheet is based on the present state of our knowledge &amp; is intended as a general description of our products &amp; their possible applications. Due to the multitude of formulations, production &amp; application conditions, all the above mentioned data have to be adjusted to the circumstances of the processor. No liabilities, including those for patent rights, can be derived from this fact for individual cases. It cannot be ruled out that this product contains particles &lt; 0.1 \u03bcm. Any user of this product is responsible for determining the suitability of Honor Pigments\u2019s products for its particular application &amp; to ensure that any proprietary rights &amp; existing laws &amp; legislation are observed.<\/p>\n<div class=\"honor-product-overview\" style=\"margin-top:40px;border-top:2px solid #f6c405;padding-top:30px\">\n<h3>Why Choose Honor Pigments?<\/h3>\n<ul>\n<li>\ud83c\udf0d <strong>Global Export Expertise<\/strong> \u2014 Trusted by customers in 40+ countries for consistent quality and reliable supply<\/li>\n<li>\u2705 <strong>Strict Quality Control<\/strong> \u2014 ISO 9001 certified with batch-to-batch consistency and zero-defect policy<\/li>\n<li>\ud83d\udcb0 <strong>OEM Production Advantage<\/strong> \u2014 Competitive pricing without compromising pigment performance<\/li>\n<li>\ud83e\uddea <strong>Technical Support<\/strong> \u2014 Free color matching, formulation advice and sample testing before bulk order<\/li>\n<\/ul>\n<div style=\"background:#f8f9fa;padding:20px;border-left:4px solid #f6c405;margin:20px 0\">\n<p><strong>\ud83d\udce9 Need more details?<\/strong><\/p>\n<p>Request TDS, SDS, or a free sample for testing.<\/p>\n<\/div>\n<\/div>","protected":false},"excerpt":{"rendered":"<p>C.I.NO.: PY74<\/p>\n<p>Vorteil: Hohe Farbst\u00e4rke<\/p>\n<p>Empfohlene Hauptanwendung: Beschichtungen<\/p>","protected":false},"featured_media":3314,"template":"","meta":[],"product_brand":[],"product_cat":[15,61,73,75,95,63,91,76,92,77],"product_tag":[],"class_list":{"0":"post-3582","1":"product","2":"type-product","3":"status-publish","4":"has-post-thumbnail","6":"product_cat-organic-pigments","7":"product_cat-pigments-for-coatings-paints","8":"product_cat-pigments-for-industrial-coatings","9":"product_cat-pigments-for-offset-inks","10":"product_cat-pigments-for-powder-coatings","11":"product_cat-pigments-for-printing-inks","12":"product_cat-pigments-for-solvent-based-coatings","13":"product_cat-pigments-for-sovlent-based-inks","14":"product_cat-pigments-for-water-based-coatings","15":"product_cat-pigments-for-water-based-inks","16":"stm_brands-honor-pigments","18":"first","19":"instock","20":"shipping-taxable","21":"product-type-simple"},"_links":{"self":[{"href":"https:\/\/www.honorpigment.com\/de\/wp-json\/wp\/v2\/product\/3582","targetHints":{"allow":["GET"]}}],"collection":[{"href":"https:\/\/www.honorpigment.com\/de\/wp-json\/wp\/v2\/product"}],"about":[{"href":"https:\/\/www.honorpigment.com\/de\/wp-json\/wp\/v2\/types\/product"}],"version-history":[{"count":2,"href":"https:\/\/www.honorpigment.com\/de\/wp-json\/wp\/v2\/product\/3582\/revisions"}],"predecessor-version":[{"id":8749,"href":"https:\/\/www.honorpigment.com\/de\/wp-json\/wp\/v2\/product\/3582\/revisions\/8749"}],"wp:featuredmedia":[{"embeddable":true,"href":"https:\/\/www.honorpigment.com\/de\/wp-json\/wp\/v2\/media\/3314"}],"wp:attachment":[{"href":"https:\/\/www.honorpigment.com\/de\/wp-json\/wp\/v2\/media?parent=3582"}],"wp:term":[{"taxonomy":"product_brand","embeddable":true,"href":"https:\/\/www.honorpigment.com\/de\/wp-json\/wp\/v2\/product_brand?post=3582"},{"taxonomy":"product_cat","embeddable":true,"href":"https:\/\/www.honorpigment.com\/de\/wp-json\/wp\/v2\/product_cat?post=3582"},{"taxonomy":"product_tag","embeddable":true,"href":"https:\/\/www.honorpigment.com\/de\/wp-json\/wp\/v2\/product_tag?post=3582"}],"curies":[{"name":"wp","href":"https:\/\/api.w.org\/{rel}","templated":true}]}}