{"id":3458,"date":"2025-09-10T15:13:56","date_gmt":"2025-09-10T07:13:56","guid":{"rendered":"https:\/\/www.honorpigments.com\/?post_type=product&#038;p=3458"},"modified":"2026-04-13T23:18:11","modified_gmt":"2026-04-13T15:18:11","slug":"hp-violet-6464-pigment-violet-3","status":"publish","type":"product","link":"https:\/\/www.honorpigment.com\/de\/produkt\/hp-violet-6464-pigment-violet-3\/","title":{"rendered":"PIGMENT VIOLET 3\/ HP VIOLET 6464"},"content":{"rendered":"<h3><strong>Product Description &#8211; PV3<\/strong><\/h3>\n<p>HP VIOLET 6464 (PIGMENT VIOLET 3) is a very bluish shade, has good light fastness and used primarily in water based printing ink. It is considerably bluer than PV1 and PV2 and has higher fastness than P.V.27, especially in lightfastness.<\/p>\n<h3><strong>Empfohlene Anwendung<\/strong><strong>\uff1a<\/strong><\/h3>\n<p>Coatings: water based coatings<br \/>\nPrinting inks: offset inks, water based inks<\/p>\n<h3><strong>Technische Daten:<\/strong><\/h3>\n<table style=\"height: 260px;width: 95%;border-color: #050505\" width=\"95%\">\n<tbody>\n<tr style=\"height: 28px\">\n<td style=\"width: 98.7823%;background-color: #ababab;height: 10px\" colspan=\"5\" width=\"125\"><span style=\"font-size: 14pt\"><strong>Informationen zum Produkt<\/strong><\/span><\/td>\n<\/tr>\n<tr style=\"height: 24px\">\n<td style=\"width: 24.277%;height: 10px\" width=\"125\"><span style=\"font-size: 12pt\">Chemischer Typ<\/span><\/td>\n<td style=\"width: 25.114%;height: 10px;text-align: center\" colspan=\"2\" width=\"125\">Molybdatetungstatephosphate<\/td>\n<td style=\"width: 25.1904%;height: 10px\" width=\"125\"><span style=\"font-size: 12pt\">CAS-NR.<\/span><\/td>\n<td class=\"et3\" style=\"height: 19.95pt;width: 24.2009%;text-align: center\" width=\"148\" height=\"26\">1325-82-2<\/td>\n<\/tr>\n<tr style=\"height: 48px\">\n<td style=\"width: 24.277%;height: 10px\" width=\"125\"><span style=\"font-size: 12pt\">C. I. Name<\/span><\/td>\n<td style=\"width: 25.114%;height: 10px;text-align: center\" colspan=\"2\" width=\"125\">Pigment Violet 3<\/td>\n<td style=\"width: 25.1904%;height: 10px\" width=\"125\"><span style=\"font-size: 12pt\">EINECS \/ ELINCS NR.<\/span><\/td>\n<td class=\"et3\" style=\"height: 19.95pt;width: 24.2009%;text-align: center\" width=\"148\" height=\"26\">273-548-3<\/td>\n<\/tr>\n<tr style=\"height: 48px\">\n<td style=\"width: 24.277%;height: 10px\" width=\"125\"><span style=\"font-size: 12pt\">C. I. Verfassung Nr.<\/span><\/td>\n<td style=\"width: 25.114%;height: 10px;text-align: center\" colspan=\"2\" width=\"125\">42535<\/td>\n<td style=\"width: 25.1904%;height: 10px\" width=\"125\"><span style=\"font-size: 12pt\">Chemische Formel<\/span><\/td>\n<td class=\"et3\" style=\"height: 19.95pt;width: 24.2009%;text-align: center\" width=\"148\" height=\"26\"><span class=\"mord\"><span class=\"mord mathnormal\">C<\/span><span class=\"msupsub\"><span class=\"vlist-t vlist-t2\"><span class=\"vlist-r\"><span class=\"vlist\"><span class=\"sizing reset-size6 size3 mtight\"><span class=\"mord mtight\">24<\/span><\/span><\/span><span class=\"vlist-s\">\u200b<\/span><\/span><\/span><\/span><\/span><span class=\"mord\"><span class=\"mord mathnormal\">H<\/span><span class=\"msupsub\"><span class=\"vlist-t vlist-t2\"><span class=\"vlist-r\"><span class=\"vlist\"><span class=\"sizing reset-size6 size3 mtight\"><span class=\"mord mtight\">27<\/span><\/span><\/span><span class=\"vlist-s\">\u200b<\/span><\/span><\/span><\/span><\/span><span class=\"mord\"><span class=\"mord mathnormal\">N<\/span><span class=\"msupsub\"><span class=\"vlist-t vlist-t2\"><span class=\"vlist-r\"><span class=\"vlist\"><span class=\"sizing reset-size6 size3 mtight\"><span class=\"mord mtight\">3<\/span><\/span><\/span><\/span><\/span><\/span><\/span><\/td>\n<\/tr>\n<tr style=\"height: 24px\">\n<td style=\"width: 98.7823%;height: 10px\" colspan=\"5\" width=\"125\"><\/td>\n<\/tr>\n<tr style=\"height: 28px\">\n<td style=\"width: 98.7823%;background-color: #ababab;height: 10px\" colspan=\"5\" width=\"125\"><span style=\"font-size: 14pt\"><strong>Technische Leistung<\/strong><\/span><\/td>\n<\/tr>\n<tr style=\"height: 24px\">\n<td style=\"width: 24.277%;height: 10px\" width=\"125\"><\/td>\n<td style=\"width: 12.4048%;height: 10px;text-align: center\" width=\"125\"><span style=\"font-size: 12pt\">Vollschatten<\/span><\/td>\n<td style=\"width: 12.7092%;height: 10px;text-align: center\" width=\"125\"><span style=\"font-size: 12pt\">F\u00e4rbung<\/span><\/td>\n<td style=\"width: 25.1904%;height: 10px\" width=\"125\"><\/td>\n<td style=\"width: 24.2009%;height: 10px\" width=\"125\"><\/td>\n<\/tr>\n<tr style=\"height: 48px\">\n<td style=\"width: 24.277%;height: 10px\" width=\"125\"><span style=\"font-size: 12pt\">Wetterbest\u00e4ndigkeit<\/span><\/td>\n<td class=\"et3\" style=\"height: 19.95pt;width: 12.4048%;text-align: center\" width=\"119\" height=\"26\">4<\/td>\n<td class=\"et4\" style=\"width: 12.7092%;text-align: center\" width=\"110\">4<\/td>\n<td style=\"width: 25.1904%;height: 10px\" width=\"125\"><span style=\"font-size: 12pt\">W\u00e4rmebest\u00e4ndigkeit \u00b0C<\/span><\/td>\n<td style=\"width: 24.2009%;height: 10px;text-align: center\" width=\"125\"><span style=\"font-size: 12pt\">160\u00b0C<\/span><\/td>\n<\/tr>\n<tr style=\"height: 24px\">\n<td style=\"width: 24.277%;height: 10px\" width=\"125\"><span style=\"font-size: 12pt\">Lichtechtheit<\/span><\/td>\n<td class=\"et4\" style=\"height: 19.95pt;width: 12.4048%;text-align: center\" height=\"26\">7<\/td>\n<td class=\"et4\" style=\"width: 12.7092%;text-align: center\">6<\/td>\n<td style=\"width: 25.1904%;height: 10px\" width=\"125\"><\/td>\n<td style=\"width: 24.2009%;height: 10px\" width=\"125\"><\/td>\n<\/tr>\n<tr style=\"height: 24px\">\n<td style=\"width: 98.7823%;height: 10px\" colspan=\"5\" width=\"125\"><\/td>\n<\/tr>\n<tr style=\"height: 24px\">\n<td style=\"width: 98.7823%;background-color: #ababab;height: 10px\" colspan=\"5\" width=\"125\"><span style=\"font-size: 14pt\"><strong>Physikalische Eigenschaften<\/strong><\/span><\/td>\n<\/tr>\n<tr style=\"height: 48px\">\n<td style=\"width: 24.277%;height: 10px\" width=\"125\"><span style=\"font-size: 12pt\">Physische Form<\/span><\/td>\n<td style=\"width: 25.114%;height: 10px;text-align: center\" colspan=\"2\" width=\"125\"><span style=\"font-size: 12pt\">Pulver<\/span><\/td>\n<td class=\"et3\" style=\"height: 19.95pt;width: 25.1904%\" width=\"203\" height=\"26\"><span class=\"font1\">Blutungen in Xylol<\/span><\/td>\n<td class=\"et4\" style=\"width: 24.2009%;text-align: center\" width=\"119\">4<\/td>\n<\/tr>\n<tr style=\"height: 48px\">\n<td style=\"width: 24.277%;height: 10px\" width=\"125\"><span style=\"font-size: 12pt\">Spezifische Dichte (g\/cm3):<\/span><\/td>\n<td style=\"width: 25.114%;height: 10px;text-align: center\" colspan=\"2\" width=\"125\">1.70 \u00b1 0.1<\/td>\n<td class=\"et3\" style=\"height: 19.95pt;width: 25.1904%\" width=\"203\" height=\"26\"><span class=\"font1\">Blutungen bei Methylethylketon<\/span><\/td>\n<td class=\"et4\" style=\"width: 24.2009%;text-align: center\">4<\/td>\n<\/tr>\n<tr style=\"height: 48px\">\n<td style=\"width: 24.277%;height: 10px\" width=\"125\"><span style=\"font-size: 12pt\">Spezifische Oberfl\u00e4che(\u33a1\/g):<\/span><\/td>\n<td style=\"width: 25.114%;height: 10px;text-align: center\" colspan=\"2\" width=\"125\">45<\/td>\n<td class=\"et3\" style=\"height: 19.95pt;width: 25.1904%\" width=\"203\" height=\"26\"><span class=\"font1\">Blutungen in Ethylacetat<\/span><\/td>\n<td class=\"et4\" style=\"width: 24.2009%;text-align: center\">5<\/td>\n<\/tr>\n<tr style=\"height: 24px\">\n<td style=\"width: 24.277%;height: 10px\" width=\"125\"><span style=\"font-size: 12pt\">\u00d6l-Absorption<\/span><\/td>\n<td style=\"width: 25.114%;height: 10px;text-align: center\" colspan=\"2\" width=\"125\">45 \u00b1 5<\/td>\n<td class=\"et3\" style=\"height: 19.95pt;width: 25.1904%\" width=\"203\" height=\"26\"><span class=\"font1\">Blutungen bei Cellosolve<\/span><\/td>\n<td class=\"et4\" style=\"width: 24.2009%;text-align: center\">5<\/td>\n<\/tr>\n<tr style=\"height: 24px\">\n<td style=\"width: 24.277%;height: 10px\" width=\"125\"><span style=\"font-size: 12pt\">pH-Wert<\/span><\/td>\n<td style=\"width: 25.114%;height: 10px;text-align: center\" colspan=\"2\" width=\"125\">6<\/td>\n<td class=\"et3\" style=\"height: 19.95pt;width: 25.1904%\" width=\"203\" height=\"26\"><span class=\"font1\">Entl\u00fcftung in Mineralterpentin<\/span><\/td>\n<td class=\"et4\" style=\"width: 24.2009%;text-align: center\">5<\/td>\n<\/tr>\n<tr style=\"height: 24px\">\n<td style=\"width: 24.277%;height: 10px\" width=\"125\"><span style=\"font-size: 12pt\">Fl\u00fcchtige Materie<\/span><\/td>\n<td style=\"width: 25.114%;height: 10px;text-align: center\" colspan=\"2\" width=\"125\"><span style=\"font-size: 12pt\">1% max<\/span><\/td>\n<td class=\"et3\" style=\"height: 19.95pt;width: 25.1904%\" width=\"203\" height=\"26\"><span class=\"font1\">Resistenz gegen S\u00e4ure<\/span><\/td>\n<td class=\"et4\" style=\"width: 24.2009%;text-align: center\">4<\/td>\n<\/tr>\n<tr style=\"height: 24px\">\n<td style=\"width: 24.277%;height: 10px\" width=\"125\"><\/td>\n<td style=\"width: 25.114%;height: 10px\" colspan=\"2\"><\/td>\n<td class=\"et3\" style=\"height: 19.95pt;width: 25.1904%\" width=\"203\" height=\"26\"><span class=\"font1\">Best\u00e4ndigkeit gegen Alkali<\/span><\/td>\n<td class=\"et4\" style=\"width: 24.2009%;text-align: center\">4<\/td>\n<\/tr>\n<tr style=\"height: 48px\">\n<td style=\"width: 98.7823%;background-color: #ababab;height: 10px\" colspan=\"5\" width=\"125\"><span style=\"font-size: 14pt\"><strong>Verpackung<\/strong><\/span><\/td>\n<\/tr>\n<tr style=\"height: 48px\">\n<td style=\"width: 98.7823%;height: 10px\" colspan=\"5\" width=\"125\">25kgs\/bag 400kgs\/Pallet<\/td>\n<\/tr>\n<tr style=\"height: 24px\">\n<td style=\"width: 98.7823%;height: 10px\" colspan=\"5\" width=\"125\"><\/td>\n<\/tr>\n<tr style=\"height: 24px\">\n<td style=\"width: 49.391%;background-color: #ababab;height: 10px\" colspan=\"3\" width=\"125\"><span style=\"font-size: 14pt\"><strong>Lagerung<\/strong><\/span><\/td>\n<td style=\"width: 25.1904%;height: 10px\" width=\"125\"><span style=\"font-size: 14pt\"><strong>Haltbarkeitsdauer<\/strong><\/span><\/td>\n<td style=\"width: 24.2009%;height: 10px\" width=\"125\"><span style=\"font-size: 12pt\">5 Jahre<\/span><\/td>\n<\/tr>\n<tr style=\"height: 24px\">\n<td style=\"width: 98.7823%;height: 10px\" colspan=\"5\" width=\"375\"><span style=\"font-size: 12pt\">Sollte an einem k\u00fchlen, trockenen und gut bel\u00fcfteten Ort gelagert werden.<\/span><\/td>\n<\/tr>\n<tr style=\"height: 24px\">\n<td style=\"width: 98.7823%;height: 10px\" colspan=\"5\" width=\"125\"><\/td>\n<\/tr>\n<tr style=\"height: 24px\">\n<td style=\"width: 98.7823%;background-color: #ababab;height: 10px\" colspan=\"5\" width=\"125\"><span style=\"font-size: 14pt\"><strong>TRANSPORT<\/strong><\/span><\/td>\n<\/tr>\n<tr style=\"height: 48px\">\n<td style=\"width: 98.7823%;height: 10px\" colspan=\"5\" width=\"375\"><span style=\"font-size: 12pt\">Vermeiden Sie Umkippen, Sonnenlicht, Feuchtigkeit und St\u00fcrze. Vermeiden Sie Sch\u00e4den an der Verpackung.<\/span><\/td>\n<\/tr>\n<\/tbody>\n<\/table>\n<ul>\n<li>Lichtechtheit: Die Lichtechtheit wird auf einer Skala von 1 bis 8 bewertet, wobei 1 = \u2018schlecht\u2019 und 8 = \u2018ausgezeichnet\u2019 ist.<\/li>\n<li>Hitzestabilit\u00e4t: Die angegebenen Werte f\u00fcr die Hitzestabilit\u00e4t geben die maximale Temperatur an, bei der das Pigment 10 Minuten lang im Vollton und in Abz\u00fcgen eingebrannt werden kann, ohne dass sich der Farbton wesentlich ver\u00e4ndert.<\/li>\n<li>\u00d6labsorption: Die \u00d6labsorption wird auf der Grundlage von EN ISO 787-5 bestimmt und in g Lein\u00f6l pro 100 g Pigment angegeben.<\/li>\n<li>Ausbluten in L\u00f6sungsmitteln: Das Ausbluten in L\u00f6sungsmitteln wird anhand der Pulversorten getestet und die visuelle Bewertung auf einer Grauskala von 1 bis 5 angegeben.<br \/>\nwobei 1 = \u2018starke Blutung\u2019 und 5 = \u2018keine Blutung\u201d.\u201d<\/li>\n<\/ul>\n<p>Disclaimer \u2013 The information given in this data sheet is based on the present state of our knowledge &amp; is intended as a general description of our products &amp; their possible applications. Due to the multitude of formulations, production &amp; application conditions, all the above mentioned data have to be adjusted to the circumstances of the processor. No liabilities, including those for patent rights, can be derived from this fact for individual cases. It cannot be ruled out that this product contains particles &lt; 0.1 \u03bcm. Any user of this product is responsible for determining the suitability of Honor Pigments\u2019s products for its particular application &amp; to ensure that any proprietary rights &amp; existing laws &amp; legislation are observed.<\/p>\n<div class=\"honor-product-overview\" style=\"margin-top:40px;border-top:2px solid #f6c405;padding-top:30px\">\n<h3>Why Choose Honor Pigments?<\/h3>\n<ul>\n<li>\ud83c\udf0d <strong>Global Export Expertise<\/strong> \u2014 Trusted by customers in 40+ countries for consistent quality and reliable supply<\/li>\n<li>\u2705 <strong>Strict Quality Control<\/strong> \u2014 ISO 9001 certified with batch-to-batch consistency and zero-defect policy<\/li>\n<li>\ud83d\udcb0 <strong>OEM Production Advantage<\/strong> \u2014 Competitive pricing without compromising pigment performance<\/li>\n<li>\ud83e\uddea <strong>Technical Support<\/strong> \u2014 Free color matching, formulation advice and sample testing before bulk order<\/li>\n<\/ul>\n<div style=\"background:#f8f9fa;padding:20px;border-left:4px solid #f6c405;margin:20px 0\">\n<p><strong>\ud83d\udce9 Need more details?<\/strong><\/p>\n<p>Request TDS, SDS, or a free sample for testing.<\/p>\n<\/div>\n<\/div>","protected":false},"excerpt":{"rendered":"<p>C.I.NO.: PV3<\/p>\n<p>Vorteil:<\/p>\n<p>Main Application Recommended: Water based inks<\/p>","protected":false},"featured_media":3463,"template":"","meta":[],"product_brand":[],"product_cat":[15,61,75,63,92,77],"product_tag":[],"class_list":{"0":"post-3458","1":"product","2":"type-product","3":"status-publish","4":"has-post-thumbnail","6":"product_cat-organic-pigments","7":"product_cat-pigments-for-coatings-paints","8":"product_cat-pigments-for-offset-inks","9":"product_cat-pigments-for-printing-inks","10":"product_cat-pigments-for-water-based-coatings","11":"product_cat-pigments-for-water-based-inks","12":"stm_brands-honor-pigments","14":"first","15":"instock","16":"shipping-taxable","17":"product-type-simple"},"_links":{"self":[{"href":"https:\/\/www.honorpigment.com\/de\/wp-json\/wp\/v2\/product\/3458","targetHints":{"allow":["GET"]}}],"collection":[{"href":"https:\/\/www.honorpigment.com\/de\/wp-json\/wp\/v2\/product"}],"about":[{"href":"https:\/\/www.honorpigment.com\/de\/wp-json\/wp\/v2\/types\/product"}],"version-history":[{"count":2,"href":"https:\/\/www.honorpigment.com\/de\/wp-json\/wp\/v2\/product\/3458\/revisions"}],"predecessor-version":[{"id":8783,"href":"https:\/\/www.honorpigment.com\/de\/wp-json\/wp\/v2\/product\/3458\/revisions\/8783"}],"wp:featuredmedia":[{"embeddable":true,"href":"https:\/\/www.honorpigment.com\/de\/wp-json\/wp\/v2\/media\/3463"}],"wp:attachment":[{"href":"https:\/\/www.honorpigment.com\/de\/wp-json\/wp\/v2\/media?parent=3458"}],"wp:term":[{"taxonomy":"product_brand","embeddable":true,"href":"https:\/\/www.honorpigment.com\/de\/wp-json\/wp\/v2\/product_brand?post=3458"},{"taxonomy":"product_cat","embeddable":true,"href":"https:\/\/www.honorpigment.com\/de\/wp-json\/wp\/v2\/product_cat?post=3458"},{"taxonomy":"product_tag","embeddable":true,"href":"https:\/\/www.honorpigment.com\/de\/wp-json\/wp\/v2\/product_tag?post=3458"}],"curies":[{"name":"wp","href":"https:\/\/api.w.org\/{rel}","templated":true}]}}