{"id":3400,"date":"2025-09-08T16:25:44","date_gmt":"2025-09-08T08:25:44","guid":{"rendered":"https:\/\/www.honorpigments.com\/?post_type=product&#038;p=3400"},"modified":"2026-03-23T21:12:59","modified_gmt":"2026-03-23T13:12:59","slug":"hp-red-2130-pigment-red-170f3rk","status":"publish","type":"product","link":"https:\/\/www.honorpigment.com\/de\/produkt\/hp-red-2130-pigment-red-170f3rk\/","title":{"rendered":"PIGMENT ROT 170F3RK\/ HP ROT 2130"},"content":{"rendered":"<h3><strong>Product Description &#8211; PR170F3RK<\/strong><\/h3>\n<p align=\"left\">HP RED 2130 (PIGMENT RED 170F3RK) is a very strong, yellow shade and oapque Naphthol AS pigment, which has high weather fastness, high tinting strength and brilliance color. It is recommended in the application of industrial paints, plastics and printing inks.<\/p>\n<h3><strong>Empfohlene Anwendung<\/strong><strong>\uff1a<\/strong><\/h3>\n<p>Coatings: solvent based paints, water based paints, automotive refinish, industrial coatings, powder coatings, wood coatings<br \/>\nPlastics: PP, PE, PVC, Rubber\/ TPV, TPO<br \/>\nDruckfarben: Offsetdruckfarben, l\u00f6sungsmittelbasierte Druckfarben, wasserbasierte Druckfarben<\/p>\n<h3><strong>Technische Daten:<\/strong><\/h3>\n<table style=\"height: 260px; width: 95%; border-color: #050505;\" width=\"95%\">\n<tbody>\n<tr style=\"height: 28px;\">\n<td style=\"width: 98.1735%; background-color: #ababab; height: 10px;\" colspan=\"5\" width=\"125\"><span style=\"font-size: 14pt;\"><strong>Informationen zum Produkt<\/strong><\/span><\/td>\n<\/tr>\n<tr style=\"height: 24px;\">\n<td style=\"width: 24.277%; height: 10px;\" width=\"125\"><span style=\"font-size: 12pt;\">Chemischer Typ<\/span><\/td>\n<td style=\"width: 25.114%; height: 10px; text-align: center;\" colspan=\"2\" width=\"125\">Naphthol<\/td>\n<td style=\"width: 25.1904%; height: 10px;\" width=\"125\"><span style=\"font-size: 12pt;\">CAS-NR.<\/span><\/td>\n<td class=\"et3\" style=\"height: 19.95pt; width: 23.5921%; text-align: center;\" width=\"148\" height=\"26\">2786-76-7<\/td>\n<\/tr>\n<tr style=\"height: 48px;\">\n<td style=\"width: 24.277%; height: 10px;\" width=\"125\"><span style=\"font-size: 12pt;\">C. I. Name<\/span><\/td>\n<td style=\"width: 25.114%; height: 10px; text-align: center;\" colspan=\"2\" width=\"125\">Pigment Red 170F3RK<\/td>\n<td style=\"width: 25.1904%; height: 10px;\" width=\"125\"><span style=\"font-size: 12pt;\">EINECS \/ ELINCS NR.<\/span><\/td>\n<td class=\"et3\" style=\"height: 19.95pt; width: 23.5921%; text-align: center;\" width=\"148\" height=\"26\">220&#8211;509-3<\/td>\n<\/tr>\n<tr style=\"height: 48px;\">\n<td style=\"width: 24.277%; height: 10px;\" width=\"125\"><span style=\"font-size: 12pt;\">C. I. Verfassung Nr.<\/span><\/td>\n<td style=\"width: 25.114%; height: 10px; text-align: center;\" colspan=\"2\" width=\"125\">12475<\/td>\n<td style=\"width: 25.1904%; height: 10px;\" width=\"125\"><span style=\"font-size: 12pt;\">Chemische Formel<\/span><\/td>\n<td class=\"et4\" style=\"height: 19.95pt; width: 23.5921%; text-align: center;\" width=\"148\" height=\"26\"><span class=\"mord\"><span class=\"mord mathnormal\">C<\/span><span class=\"msupsub\"><span class=\"vlist-t vlist-t2\"><span class=\"vlist-r\"><span class=\"vlist\"><span class=\"sizing reset-size6 size3 mtight\"><span class=\"mord mtight\">18<\/span><\/span><\/span><span class=\"vlist-s\">\u200b<\/span><\/span><\/span><\/span><\/span><span class=\"mord\"><span class=\"mord mathnormal\">H<\/span><span class=\"msupsub\"><span class=\"vlist-t vlist-t2\"><span class=\"vlist-r\"><span class=\"vlist\"><span class=\"sizing reset-size6 size3 mtight\"><span class=\"mord mtight\">13<\/span><\/span><\/span><span class=\"vlist-s\">\u200b<\/span><\/span><\/span><\/span><\/span><span class=\"mord mathnormal\">Cl<\/span><span class=\"mord\"><span class=\"mord mathnormal\">N<\/span><span class=\"msupsub\"><span class=\"vlist-t vlist-t2\"><span class=\"vlist-r\"><span class=\"vlist\"><span class=\"sizing reset-size6 size3 mtight\"><span class=\"mord mtight\">2<\/span><\/span><\/span><span class=\"vlist-s\">\u200b<\/span><\/span><\/span><\/span><\/span><span class=\"mord\"><span class=\"mord mathnormal\">O<\/span><span class=\"msupsub\"><span class=\"vlist-t vlist-t2\"><span class=\"vlist-r\"><span class=\"vlist\"><span class=\"sizing reset-size6 size3 mtight\"><span class=\"mord mtight\">3<\/span><\/span><\/span><\/span><\/span><\/span><\/span><\/td>\n<\/tr>\n<tr style=\"height: 24px;\">\n<td style=\"width: 98.1735%; height: 10px;\" colspan=\"5\" width=\"125\"><\/td>\n<\/tr>\n<tr style=\"height: 28px;\">\n<td style=\"width: 98.1735%; background-color: #ababab; height: 10px;\" colspan=\"5\" width=\"125\"><span style=\"font-size: 14pt;\"><strong>Technische Leistung<\/strong><\/span><\/td>\n<\/tr>\n<tr style=\"height: 24px;\">\n<td style=\"width: 24.277%; height: 10px;\" width=\"125\"><\/td>\n<td style=\"width: 12.4048%; height: 10px; text-align: center;\" width=\"125\"><span style=\"font-size: 12pt;\">Vollschatten<\/span><\/td>\n<td style=\"width: 12.7092%; height: 10px; text-align: center;\" width=\"125\"><span style=\"font-size: 12pt;\">F\u00e4rbung<\/span><\/td>\n<td style=\"width: 25.1904%; height: 10px;\" width=\"125\"><\/td>\n<td style=\"width: 23.5921%; height: 10px;\" width=\"125\"><\/td>\n<\/tr>\n<tr style=\"height: 48px;\">\n<td style=\"width: 24.277%; height: 10px;\" width=\"125\"><span style=\"font-size: 12pt;\">Wetterbest\u00e4ndigkeit<\/span><\/td>\n<td class=\"et3\" style=\"height: 19.95pt; width: 12.4048%; text-align: center;\" width=\"116\" height=\"26\"><span class=\"font1\">4-5<\/span><\/td>\n<td class=\"et4\" style=\"width: 12.7092%; text-align: center;\" width=\"110\">3<\/td>\n<td style=\"width: 25.1904%; height: 10px;\" width=\"125\"><span style=\"font-size: 12pt;\">W\u00e4rmebest\u00e4ndigkeit \u00b0C<\/span><\/td>\n<td style=\"width: 23.5921%; height: 10px; text-align: center;\" width=\"125\"><span style=\"font-size: 12pt;\">160\u00b0C<\/span><\/td>\n<\/tr>\n<tr style=\"height: 24px;\">\n<td style=\"width: 24.277%; height: 10px;\" width=\"125\"><span style=\"font-size: 12pt;\">Lichtechtheit<\/span><\/td>\n<td class=\"et4\" style=\"height: 19.95pt; width: 12.4048%; text-align: center;\" height=\"26\">8<\/td>\n<td class=\"et4\" style=\"width: 12.7092%; text-align: center;\">7<\/td>\n<td style=\"width: 25.1904%; height: 10px;\" width=\"125\"><\/td>\n<td style=\"width: 23.5921%; height: 10px;\" width=\"125\"><\/td>\n<\/tr>\n<tr style=\"height: 24px;\">\n<td style=\"width: 98.1735%; height: 10px;\" colspan=\"5\" width=\"125\"><\/td>\n<\/tr>\n<tr style=\"height: 24px;\">\n<td style=\"width: 98.1735%; background-color: #ababab; height: 10px;\" colspan=\"5\" width=\"125\"><span style=\"font-size: 14pt;\"><strong>Physikalische Eigenschaften<\/strong><\/span><\/td>\n<\/tr>\n<tr style=\"height: 48px;\">\n<td style=\"width: 24.277%; height: 10px;\" width=\"125\"><span style=\"font-size: 12pt;\">Physische Form<\/span><\/td>\n<td style=\"width: 25.114%; height: 10px; text-align: center;\" colspan=\"2\" width=\"125\"><span style=\"font-size: 12pt;\">Pulver<\/span><\/td>\n<td class=\"et3\" style=\"height: 19.95pt; width: 25.1904%;\" width=\"166\" height=\"26\"><span class=\"font1\">Resistenz gegen S\u00e4ure<\/span><\/td>\n<td class=\"et4\" style=\"width: 23.5921%; text-align: center;\" width=\"148\">5<\/td>\n<\/tr>\n<tr style=\"height: 48px;\">\n<td style=\"width: 24.277%; height: 10px;\" width=\"125\"><span style=\"font-size: 12pt;\">Spezifische Dichte (g\/cm3):<\/span><\/td>\n<td style=\"width: 25.114%; height: 10px; text-align: center;\" colspan=\"2\" width=\"125\">1.40 \u00b1 0.1<\/td>\n<td class=\"et3\" style=\"height: 19.95pt; width: 25.1904%;\" width=\"166\" height=\"26\"><span class=\"font1\">Best\u00e4ndigkeit gegen Alkali<\/span><\/td>\n<td class=\"et4\" style=\"width: 23.5921%; text-align: center;\">5<\/td>\n<\/tr>\n<tr style=\"height: 48px;\">\n<td style=\"width: 24.277%; height: 10px;\" width=\"125\"><span style=\"font-size: 12pt;\">Spezifische Oberfl\u00e4che(\u33a1\/g):<\/span><\/td>\n<td style=\"width: 25.114%; height: 10px; text-align: center;\" colspan=\"2\" width=\"125\">19<\/td>\n<td class=\"et3\" style=\"height: 19.95pt; width: 25.1904%;\" width=\"166\" height=\"26\">Resistance to Butyle Glycol<\/td>\n<td class=\"et5\" style=\"width: 23.5921%; text-align: center;\">4 ~ 5<\/td>\n<\/tr>\n<tr style=\"height: 24px;\">\n<td style=\"width: 24.277%; height: 10px;\" width=\"125\"><span style=\"font-size: 12pt;\">\u00d6l-Absorption<\/span><\/td>\n<td style=\"width: 25.114%; height: 10px; text-align: center;\" colspan=\"2\" width=\"125\">60<\/td>\n<td class=\"et3\" style=\"height: 19.95pt; width: 25.1904%;\" width=\"166\" height=\"26\">Resistance to Water<\/td>\n<td class=\"et5\" style=\"width: 23.5921%; text-align: center;\">5<\/td>\n<\/tr>\n<tr style=\"height: 24px;\">\n<td style=\"width: 24.277%; height: 10px;\" width=\"125\"><span style=\"font-size: 12pt;\">pH-Wert<\/span><\/td>\n<td style=\"width: 25.114%; height: 10px; text-align: center;\" colspan=\"2\" width=\"125\"><\/td>\n<td class=\"et3\" style=\"height: 19.95pt; width: 25.1904%;\" width=\"166\" height=\"26\">Reistance to White Spirit<\/td>\n<td class=\"et4\" style=\"width: 23.5921%; text-align: center;\">5<\/td>\n<\/tr>\n<tr style=\"height: 24px;\">\n<td style=\"width: 24.277%; height: 10px;\" width=\"125\"><span style=\"font-size: 12pt;\">Fl\u00fcchtige Materie<\/span><\/td>\n<td style=\"width: 25.114%; height: 10px; text-align: center;\" colspan=\"2\" width=\"125\"><span style=\"font-size: 12pt;\">1% max<\/span><\/td>\n<td class=\"et2\" style=\"height: 19.95pt; width: 25.1904%;\" height=\"26\">Reistance to Butanol<\/td>\n<td class=\"et2\" style=\"width: 23.5921%; text-align: center;\">4 ~ 5<\/td>\n<\/tr>\n<tr style=\"height: 24px;\">\n<td style=\"width: 24.277%; height: 10px;\" width=\"125\"><\/td>\n<td style=\"width: 25.114%; height: 10px;\" colspan=\"2\"><\/td>\n<td class=\"et3\" style=\"height: 19.95pt; width: 25.1904%;\" width=\"166\" height=\"26\"><\/td>\n<td class=\"et4\" style=\"width: 23.5921%; text-align: center;\"><\/td>\n<\/tr>\n<tr style=\"height: 48px;\">\n<td style=\"width: 98.1735%; background-color: #ababab; height: 10px;\" colspan=\"5\" width=\"125\"><span style=\"font-size: 14pt;\"><strong>Verpackung<\/strong><\/span><\/td>\n<\/tr>\n<tr style=\"height: 48px;\">\n<td style=\"width: 98.1735%; height: 10px;\" colspan=\"5\" width=\"125\">25kgs\/bag 400kgs\/Pallet<\/td>\n<\/tr>\n<tr style=\"height: 24px;\">\n<td style=\"width: 98.1735%; height: 10px;\" colspan=\"5\" width=\"125\"><\/td>\n<\/tr>\n<tr style=\"height: 24px;\">\n<td style=\"width: 49.391%; background-color: #ababab; height: 10px;\" colspan=\"3\" width=\"125\"><span style=\"font-size: 14pt;\"><strong>Lagerung<\/strong><\/span><\/td>\n<td style=\"width: 25.1904%; height: 10px;\" width=\"125\"><span style=\"font-size: 14pt;\"><strong>Haltbarkeitsdauer<\/strong><\/span><\/td>\n<td style=\"width: 23.5921%; height: 10px;\" width=\"125\"><span style=\"font-size: 12pt;\">5 Jahre<\/span><\/td>\n<\/tr>\n<tr style=\"height: 24px;\">\n<td style=\"width: 98.1735%; height: 10px;\" colspan=\"5\" width=\"375\"><span style=\"font-size: 12pt;\">Sollte an einem k\u00fchlen, trockenen und gut bel\u00fcfteten Ort gelagert werden.<\/span><\/td>\n<\/tr>\n<tr style=\"height: 24px;\">\n<td style=\"width: 98.1735%; height: 10px;\" colspan=\"5\" width=\"125\"><\/td>\n<\/tr>\n<tr style=\"height: 24px;\">\n<td style=\"width: 98.1735%; background-color: #ababab; height: 10px;\" colspan=\"5\" width=\"125\"><span style=\"font-size: 14pt;\"><strong>TRANSPORT<\/strong><\/span><\/td>\n<\/tr>\n<tr style=\"height: 48px;\">\n<td style=\"width: 98.1735%; height: 10px;\" colspan=\"5\" width=\"375\"><span style=\"font-size: 12pt;\">Vermeiden Sie Umkippen, Sonnenlicht, Feuchtigkeit und St\u00fcrze. Vermeiden Sie Sch\u00e4den an der Verpackung.<\/span><\/td>\n<\/tr>\n<\/tbody>\n<\/table>\n<ul>\n<li>Lichtechtheit: Die Lichtechtheit wird auf einer Skala von 1 bis 8 bewertet, wobei 1 = \u2018schlecht\u2019 und 8 = \u2018ausgezeichnet\u2019 ist.<\/li>\n<li>Hitzestabilit\u00e4t: Die angegebenen Werte f\u00fcr die Hitzestabilit\u00e4t geben die maximale Temperatur an, bei der das Pigment 10 Minuten lang im Vollton und in Abz\u00fcgen eingebrannt werden kann, ohne dass sich der Farbton wesentlich ver\u00e4ndert.<\/li>\n<li>\u00d6labsorption: Die \u00d6labsorption wird auf der Grundlage von EN ISO 787-5 bestimmt und in g Lein\u00f6l pro 100 g Pigment angegeben.<\/li>\n<li>Ausbluten in L\u00f6sungsmitteln: Das Ausbluten in L\u00f6sungsmitteln wird anhand der Pulversorten getestet und die visuelle Bewertung auf einer Grauskala von 1 bis 5 angegeben.<br \/>\nwobei 1 = \u2018starke Blutung\u2019 und 5 = \u2018keine Blutung\u201d.\u201d<\/li>\n<\/ul>\n<p>Haftungsausschluss - Die Angaben in diesem Datenblatt basieren auf dem heutigen Stand unserer Kenntnisse und sind als allgemeine Beschreibung unserer Produkte und deren Anwendungsm\u00f6glichkeiten zu verstehen. Aufgrund der Vielzahl von Rezepturen, Produktions- &amp; Anwendungsbedingungen m\u00fcssen alle oben genannten Angaben den Gegebenheiten des Verarbeiters angepasst werden. Eine Haftung, auch patentrechtlicher Art, kann hieraus f\u00fcr den Einzelfall nicht abgeleitet werden. Es kann nicht ausgeschlossen werden, dass dieses Produkt Partikel &lt; 0,1 \u03bcm enth\u00e4lt. Jeder Anwender dieses Produktes ist daf\u00fcr verantwortlich, die Eignung der Produkte von Sudarshan f\u00fcr seine spezielle Anwendung zu pr\u00fcfen und sicherzustellen, dass etwaige Schutzrechte sowie bestehende Gesetze und Vorschriften beachtet werden.<\/p>","protected":false},"excerpt":{"rendered":"<p>C.I.NO.: PR170F3RK<\/p>\n<p>Advantage: Bright color<\/p>\n<p>Main Application Recommended: Industrial paints<\/p>","protected":false},"featured_media":3401,"template":"","meta":[],"product_brand":[],"product_cat":[15,74,61,72,73,75,62,95,63,91,76,92,77,71],"product_tag":[],"class_list":{"0":"post-3400","1":"product","2":"type-product","3":"status-publish","4":"has-post-thumbnail","6":"product_cat-organic-pigments","7":"product_cat-pigments-for-auto-paints","8":"product_cat-pigments-for-coatings-paints","9":"product_cat-pigments-for-coil-coatings","10":"product_cat-pigments-for-industrial-coatings","11":"product_cat-pigments-for-offset-inks","12":"product_cat-pigments-for-plasticsampmasterbatch","13":"product_cat-pigments-for-powder-coatings","14":"product_cat-pigments-for-printing-inks","15":"product_cat-pigments-for-solvent-based-coatings","16":"product_cat-pigments-for-sovlent-based-inks","17":"product_cat-pigments-for-water-based-coatings","18":"product_cat-pigments-for-water-based-inks","19":"product_cat-pigments-for-wood-coatings","21":"first","22":"instock","23":"shipping-taxable","24":"product-type-simple"},"_links":{"self":[{"href":"https:\/\/www.honorpigment.com\/de\/wp-json\/wp\/v2\/product\/3400","targetHints":{"allow":["GET"]}}],"collection":[{"href":"https:\/\/www.honorpigment.com\/de\/wp-json\/wp\/v2\/product"}],"about":[{"href":"https:\/\/www.honorpigment.com\/de\/wp-json\/wp\/v2\/types\/product"}],"version-history":[{"count":0,"href":"https:\/\/www.honorpigment.com\/de\/wp-json\/wp\/v2\/product\/3400\/revisions"}],"wp:featuredmedia":[{"embeddable":true,"href":"https:\/\/www.honorpigment.com\/de\/wp-json\/wp\/v2\/media\/3401"}],"wp:attachment":[{"href":"https:\/\/www.honorpigment.com\/de\/wp-json\/wp\/v2\/media?parent=3400"}],"wp:term":[{"taxonomy":"product_brand","embeddable":true,"href":"https:\/\/www.honorpigment.com\/de\/wp-json\/wp\/v2\/product_brand?post=3400"},{"taxonomy":"product_cat","embeddable":true,"href":"https:\/\/www.honorpigment.com\/de\/wp-json\/wp\/v2\/product_cat?post=3400"},{"taxonomy":"product_tag","embeddable":true,"href":"https:\/\/www.honorpigment.com\/de\/wp-json\/wp\/v2\/product_tag?post=3400"}],"curies":[{"name":"wp","href":"https:\/\/api.w.org\/{rel}","templated":true}]}}