{"id":3358,"date":"2025-09-03T16:21:10","date_gmt":"2025-09-03T08:21:10","guid":{"rendered":"https:\/\/www.honorpigments.com\/?post_type=product&#038;p=3358"},"modified":"2026-03-23T21:19:50","modified_gmt":"2026-03-23T13:19:50","slug":"hp-yellow-24169-pigment-red-491","status":"publish","type":"product","link":"https:\/\/www.honorpigment.com\/de\/produkt\/hp-yellow-24169-pigment-red-491\/","title":{"rendered":"PIGMENT RED 49:1\/ HP RED 24169"},"content":{"rendered":"<h3><strong>Product Description &#8211; PR49:1<\/strong><\/h3>\n<p align=\"left\">HP red 24169 (Pigment Red 49:1) is a barium lake pigment that imparts a neutral red shade. Due to its limited heat resistance and stability, its application in plastics is restricted. It is primarily employed for coloring printing inks, particularly in publication gravure inks, where resin-treated formulations can mitigate the coppering effect. Specialized variants are well-suited for water-based inks. As an economical pigment option, it is widely used in inks, as well as in cultural and educational supplies such as watercolors and oil paints, and can also be applied in coatings.<\/p>\n<h3><strong>Empfohlene Anwendung<\/strong><strong>\uff1a<\/strong><\/h3>\n<p>Printing inks: offset inks, water based inks<\/p>\n<h3><strong>Technische Daten:<\/strong><\/h3>\n<table style=\"height: 260px; width: 95%; border-color: #050505;\" width=\"95%\">\n<tbody>\n<tr style=\"height: 28px;\">\n<td style=\"width: 99.2389%; background-color: #ababab; height: 10px;\" colspan=\"5\" width=\"125\"><span style=\"font-size: 14pt;\"><strong>Informationen zum Produkt<\/strong><\/span><\/td>\n<\/tr>\n<tr style=\"height: 24px;\">\n<td style=\"width: 24.277%; height: 10px;\" width=\"125\"><span style=\"font-size: 12pt;\">Chemischer Typ<\/span><\/td>\n<td style=\"width: 25.114%; height: 10px; text-align: center;\" colspan=\"2\" width=\"125\">Azo<\/td>\n<td style=\"width: 25.1904%; height: 10px;\" width=\"125\"><span style=\"font-size: 12pt;\">CAS-NR.<\/span><\/td>\n<td class=\"et3\" style=\"height: 19.95pt; width: 24.6575%; text-align: center;\" width=\"148\" height=\"26\">1103-38-4<\/td>\n<\/tr>\n<tr style=\"height: 48px;\">\n<td style=\"width: 24.277%; height: 10px;\" width=\"125\"><span style=\"font-size: 12pt;\">C. I. Name<\/span><\/td>\n<td style=\"width: 25.114%; height: 10px; text-align: center;\" colspan=\"2\" width=\"125\">Pigment Red 49:1<\/td>\n<td style=\"width: 25.1904%; height: 10px;\" width=\"125\"><span style=\"font-size: 12pt;\">EINECS \/ ELINCS NR.<\/span><\/td>\n<td class=\"et4\" style=\"height: 19.95pt; width: 24.6575%; text-align: center;\" width=\"148\" height=\"26\">214-160-6<\/td>\n<\/tr>\n<tr style=\"height: 48px;\">\n<td style=\"width: 24.277%; height: 10px;\" width=\"125\"><span style=\"font-size: 12pt;\">C. I. Verfassung Nr.<\/span><\/td>\n<td style=\"width: 25.114%; height: 10px; text-align: center;\" colspan=\"2\" width=\"125\">15630:1<\/td>\n<td style=\"width: 25.1904%; height: 10px;\" width=\"125\"><span style=\"font-size: 12pt;\">Chemische Formel<\/span><\/td>\n<td class=\"et4\" style=\"height: 19.95pt; width: 24.6575%; text-align: center;\" width=\"148\" height=\"26\">C40H26N4O8S2 1\/2Ba<\/td>\n<\/tr>\n<tr style=\"height: 24px;\">\n<td style=\"width: 99.2389%; height: 10px;\" colspan=\"5\" width=\"125\"><\/td>\n<\/tr>\n<tr style=\"height: 28px;\">\n<td style=\"width: 99.2389%; background-color: #ababab; height: 10px;\" colspan=\"5\" width=\"125\"><span style=\"font-size: 14pt;\"><strong>Technische Leistung<\/strong><\/span><\/td>\n<\/tr>\n<tr style=\"height: 24px;\">\n<td style=\"width: 24.277%; height: 10px;\" width=\"125\"><\/td>\n<td style=\"width: 12.4048%; height: 10px; text-align: center;\" width=\"125\"><span style=\"font-size: 12pt;\">Vollschatten<\/span><\/td>\n<td style=\"width: 12.7092%; height: 10px; text-align: center;\" width=\"125\"><span style=\"font-size: 12pt;\">F\u00e4rbung<\/span><\/td>\n<td style=\"width: 25.1904%; height: 10px;\" width=\"125\"><\/td>\n<td style=\"width: 24.6575%; height: 10px;\" width=\"125\"><\/td>\n<\/tr>\n<tr style=\"height: 48px;\">\n<td style=\"width: 24.277%; height: 10px;\" width=\"125\"><span style=\"font-size: 12pt;\">Wetterbest\u00e4ndigkeit<\/span><\/td>\n<td class=\"et3\" style=\"height: 19.95pt; width: 12.4048%; text-align: center;\" width=\"116\" height=\"26\"><span class=\"font1\">4-5<\/span><\/td>\n<td class=\"et4\" style=\"width: 12.7092%; text-align: center;\" width=\"110\">3<\/td>\n<td style=\"width: 25.1904%; height: 10px;\" width=\"125\"><span style=\"font-size: 12pt;\">W\u00e4rmebest\u00e4ndigkeit \u00b0C<\/span><\/td>\n<td style=\"width: 24.6575%; height: 10px; text-align: center;\" width=\"125\"><span style=\"font-size: 12pt;\">160\u00b0C<\/span><\/td>\n<\/tr>\n<tr style=\"height: 24px;\">\n<td style=\"width: 24.277%; height: 10px;\" width=\"125\"><span style=\"font-size: 12pt;\">Lichtechtheit<\/span><\/td>\n<td class=\"et4\" style=\"height: 19.95pt; width: 12.4048%; text-align: center;\" height=\"26\">4<\/td>\n<td class=\"et4\" style=\"width: 12.7092%; text-align: center;\">3~4<\/td>\n<td style=\"width: 25.1904%; height: 10px;\" width=\"125\"><\/td>\n<td style=\"width: 24.6575%; height: 10px;\" width=\"125\"><\/td>\n<\/tr>\n<tr style=\"height: 24px;\">\n<td style=\"width: 99.2389%; height: 10px;\" colspan=\"5\" width=\"125\"><\/td>\n<\/tr>\n<tr style=\"height: 24px;\">\n<td style=\"width: 99.2389%; background-color: #ababab; height: 10px;\" colspan=\"5\" width=\"125\"><span style=\"font-size: 14pt;\"><strong>Physikalische Eigenschaften<\/strong><\/span><\/td>\n<\/tr>\n<tr style=\"height: 48px;\">\n<td style=\"width: 24.277%; height: 10px;\" width=\"125\"><span style=\"font-size: 12pt;\">Physische Form<\/span><\/td>\n<td style=\"width: 25.114%; height: 10px; text-align: center;\" colspan=\"2\" width=\"125\"><span style=\"font-size: 12pt;\">Pulver<\/span><\/td>\n<td class=\"et3\" style=\"height: 19.95pt; width: 25.1904%;\" width=\"166\" height=\"26\"><span class=\"font1\">Resistenz gegen S\u00e4ure<\/span><\/td>\n<td class=\"et4\" style=\"width: 24.6575%; text-align: center;\" width=\"148\">3~4<\/td>\n<\/tr>\n<tr style=\"height: 48px;\">\n<td style=\"width: 24.277%; height: 10px;\" width=\"125\"><span style=\"font-size: 12pt;\">Spezifische Dichte (g\/cm3):<\/span><\/td>\n<td style=\"width: 25.114%; height: 10px; text-align: center;\" colspan=\"2\" width=\"125\">1.80 \u00b1 0.1<\/td>\n<td class=\"et3\" style=\"height: 19.95pt; width: 25.1904%;\" width=\"166\" height=\"26\"><span class=\"font1\">Best\u00e4ndigkeit gegen Alkali<\/span><\/td>\n<td class=\"et4\" style=\"width: 24.6575%; text-align: center;\">3~4<\/td>\n<\/tr>\n<tr style=\"height: 48px;\">\n<td style=\"width: 24.277%; height: 10px;\" width=\"125\"><span style=\"font-size: 12pt;\">Spezifische Oberfl\u00e4che(\u33a1\/g):<\/span><\/td>\n<td style=\"width: 25.114%; height: 10px; text-align: center;\" colspan=\"2\" width=\"125\">57<\/td>\n<td class=\"et3\" style=\"height: 19.95pt; width: 25.1904%;\" width=\"166\" height=\"26\">Resistance to Water<\/td>\n<td class=\"et4\" style=\"width: 24.6575%; text-align: center;\">3~4<\/td>\n<\/tr>\n<tr style=\"height: 24px;\">\n<td style=\"width: 24.277%; height: 10px;\" width=\"125\"><span style=\"font-size: 12pt;\">\u00d6l-Absorption<\/span><\/td>\n<td style=\"width: 25.114%; height: 10px; text-align: center;\" colspan=\"2\" width=\"125\">45<\/td>\n<td class=\"et3\" style=\"height: 19.95pt; width: 25.1904%;\" width=\"166\" height=\"26\">Resistance to Oil<\/td>\n<td class=\"et4\" style=\"width: 24.6575%; text-align: center;\">3~4<\/td>\n<\/tr>\n<tr style=\"height: 24px;\">\n<td style=\"width: 24.277%; height: 10px;\" width=\"125\"><span style=\"font-size: 12pt;\">pH-Wert<\/span><\/td>\n<td style=\"width: 25.114%; height: 10px; text-align: center;\" colspan=\"2\" width=\"125\">6.5 -8.5<\/td>\n<td class=\"et3\" style=\"height: 19.95pt; width: 25.1904%;\" width=\"166\" height=\"26\"><\/td>\n<td class=\"et4\" style=\"width: 24.6575%; text-align: center;\"><\/td>\n<\/tr>\n<tr style=\"height: 24px;\">\n<td style=\"width: 24.277%; height: 10px;\" width=\"125\"><span style=\"font-size: 12pt;\">Fl\u00fcchtige Materie<\/span><\/td>\n<td style=\"width: 25.114%; height: 10px; text-align: center;\" colspan=\"2\" width=\"125\"><span style=\"font-size: 12pt;\">1% max<\/span><\/td>\n<td class=\"et3\" style=\"height: 19.95pt; width: 25.1904%;\" width=\"166\" height=\"26\"><\/td>\n<td class=\"et4\" style=\"width: 24.6575%; text-align: center;\"><\/td>\n<\/tr>\n<tr style=\"height: 24px;\">\n<td style=\"width: 24.277%; height: 10px;\" width=\"125\"><\/td>\n<td style=\"width: 25.114%; height: 10px;\" colspan=\"2\"><\/td>\n<td class=\"et3\" style=\"height: 19.95pt; width: 25.1904%;\" width=\"166\" height=\"26\"><\/td>\n<td class=\"et4\" style=\"width: 24.6575%; text-align: center;\"><\/td>\n<\/tr>\n<tr style=\"height: 48px;\">\n<td style=\"width: 99.2389%; background-color: #ababab; height: 10px;\" colspan=\"5\" width=\"125\"><span style=\"font-size: 14pt;\"><strong>Verpackung<\/strong><\/span><\/td>\n<\/tr>\n<tr style=\"height: 48px;\">\n<td style=\"width: 99.2389%; height: 10px;\" colspan=\"5\" width=\"125\">25kgs\/bag\u00a0 400kgs\/Pallet<\/td>\n<\/tr>\n<tr style=\"height: 24px;\">\n<td style=\"width: 99.2389%; height: 10px;\" colspan=\"5\" width=\"125\"><\/td>\n<\/tr>\n<tr style=\"height: 24px;\">\n<td style=\"width: 49.391%; background-color: #ababab; height: 10px;\" colspan=\"3\" width=\"125\"><span style=\"font-size: 14pt;\"><strong>Lagerung<\/strong><\/span><\/td>\n<td style=\"width: 25.1904%; height: 10px;\" width=\"125\"><span style=\"font-size: 14pt;\"><strong>Haltbarkeitsdauer<\/strong><\/span><\/td>\n<td style=\"width: 24.6575%; height: 10px;\" width=\"125\"><span style=\"font-size: 12pt;\">5 Jahre<\/span><\/td>\n<\/tr>\n<tr style=\"height: 24px;\">\n<td style=\"width: 99.2389%; height: 10px;\" colspan=\"5\" width=\"375\"><span style=\"font-size: 12pt;\">Sollte an einem k\u00fchlen, trockenen und gut bel\u00fcfteten Ort gelagert werden.<\/span><\/td>\n<\/tr>\n<tr style=\"height: 24px;\">\n<td style=\"width: 99.2389%; height: 10px;\" colspan=\"5\" width=\"125\"><\/td>\n<\/tr>\n<tr style=\"height: 24px;\">\n<td style=\"width: 99.2389%; background-color: #ababab; height: 10px;\" colspan=\"5\" width=\"125\"><span style=\"font-size: 14pt;\"><strong>TRANSPORT<\/strong><\/span><\/td>\n<\/tr>\n<tr style=\"height: 48px;\">\n<td style=\"width: 99.2389%; height: 10px;\" colspan=\"5\" width=\"375\"><span style=\"font-size: 12pt;\">Avoid inversion, sunlight, moisture and crash. Avoid damage the package.\u00a0 info@honorpigment.com\u00a0<\/span><\/td>\n<\/tr>\n<\/tbody>\n<\/table>\n<ul>\n<li>Lichtechtheit: Die Lichtechtheit wird auf einer Skala von 1 bis 8 bewertet, wobei 1 = \u2018schlecht\u2019 und 8 = \u2018ausgezeichnet\u2019 ist.<\/li>\n<li>Hitzestabilit\u00e4t: Die angegebenen Werte f\u00fcr die Hitzestabilit\u00e4t geben die maximale Temperatur an, bei der das Pigment 10 Minuten lang im Vollton und in Abz\u00fcgen eingebrannt werden kann, ohne dass sich der Farbton wesentlich ver\u00e4ndert.<\/li>\n<li>\u00d6labsorption: Die \u00d6labsorption wird auf der Grundlage von EN ISO 787-5 bestimmt und in g Lein\u00f6l pro 100 g Pigment angegeben.<\/li>\n<li>Ausbluten in L\u00f6sungsmitteln: Das Ausbluten in L\u00f6sungsmitteln wird anhand der Pulversorten getestet und die visuelle Bewertung auf einer Grauskala von 1 bis 5 angegeben.<br \/>\nwobei 1 = \u2018starke Blutung\u2019 und 5 = \u2018keine Blutung\u201d.\u201d<\/li>\n<\/ul>\n<p>Haftungsausschluss - Die Angaben in diesem Datenblatt basieren auf dem heutigen Stand unserer Kenntnisse und sind als allgemeine Beschreibung unserer Produkte und deren Anwendungsm\u00f6glichkeiten zu verstehen. Aufgrund der Vielzahl von Rezepturen, Produktions- &amp; Anwendungsbedingungen m\u00fcssen alle oben genannten Angaben den Gegebenheiten des Verarbeiters angepasst werden. Eine Haftung, auch patentrechtlicher Art, kann hieraus f\u00fcr den Einzelfall nicht abgeleitet werden. Es kann nicht ausgeschlossen werden, dass dieses Produkt Partikel &lt; 0,1 \u03bcm enth\u00e4lt. Jeder Anwender dieses Produktes ist daf\u00fcr verantwortlich, die Eignung der Produkte von Sudarshan f\u00fcr seine spezielle Anwendung zu pr\u00fcfen und sicherzustellen, dass etwaige Schutzrechte sowie bestehende Gesetze und Vorschriften beachtet werden.<\/p>","protected":false},"excerpt":{"rendered":"<p>C.I.NO.: PR49:1<\/p>\n<p>Vorteil: Hohe Farbst\u00e4rke<\/p>\n<p>Main Application Recommended:\u00a0Water based ink, Textile printing<\/p>","protected":false},"featured_media":3359,"template":"","meta":[],"product_brand":[],"product_cat":[15,75,63,77],"product_tag":[116,117,118],"class_list":{"0":"post-3358","1":"product","2":"type-product","3":"status-publish","4":"has-post-thumbnail","6":"product_cat-organic-pigments","7":"product_cat-pigments-for-offset-inks","8":"product_cat-pigments-for-printing-inks","9":"product_cat-pigments-for-water-based-inks","10":"product_tag-1-naphthalenesulfonic-acid","11":"product_tag-2-2-hydroxy-1-naphthalenylazo","12":"product_tag-barium-salt-21-1883-red-barium-lithol-ci-pigment-red-49","14":"first","15":"instock","16":"shipping-taxable","17":"product-type-simple"},"_links":{"self":[{"href":"https:\/\/www.honorpigment.com\/de\/wp-json\/wp\/v2\/product\/3358","targetHints":{"allow":["GET"]}}],"collection":[{"href":"https:\/\/www.honorpigment.com\/de\/wp-json\/wp\/v2\/product"}],"about":[{"href":"https:\/\/www.honorpigment.com\/de\/wp-json\/wp\/v2\/types\/product"}],"version-history":[{"count":0,"href":"https:\/\/www.honorpigment.com\/de\/wp-json\/wp\/v2\/product\/3358\/revisions"}],"wp:featuredmedia":[{"embeddable":true,"href":"https:\/\/www.honorpigment.com\/de\/wp-json\/wp\/v2\/media\/3359"}],"wp:attachment":[{"href":"https:\/\/www.honorpigment.com\/de\/wp-json\/wp\/v2\/media?parent=3358"}],"wp:term":[{"taxonomy":"product_brand","embeddable":true,"href":"https:\/\/www.honorpigment.com\/de\/wp-json\/wp\/v2\/product_brand?post=3358"},{"taxonomy":"product_cat","embeddable":true,"href":"https:\/\/www.honorpigment.com\/de\/wp-json\/wp\/v2\/product_cat?post=3358"},{"taxonomy":"product_tag","embeddable":true,"href":"https:\/\/www.honorpigment.com\/de\/wp-json\/wp\/v2\/product_tag?post=3358"}],"curies":[{"name":"wp","href":"https:\/\/api.w.org\/{rel}","templated":true}]}}