{"id":3593,"date":"2025-09-15T21:16:19","date_gmt":"2025-09-15T13:16:19","guid":{"rendered":"https:\/\/www.honorpigments.com\/?post_type=product&#038;p=3593"},"modified":"2026-04-13T22:48:06","modified_gmt":"2026-04-13T14:48:06","slug":"rozpoustedlova-oranzova-60-rozpoustedlovych-barviv","status":"publish","type":"product","link":"https:\/\/www.honorpigment.com\/cs\/produkt\/rozpoustedlova-oranzova-60-rozpoustedlovych-barviv\/","title":{"rendered":"Solvent Orange 60 \/ Solventn\u00ed barviva"},"content":{"rendered":"<h3><strong><b>Popis <\/b><\/strong><\/h3>\n<p>Solvent Orange 60 je brilantn\u00ed oran\u017eov\u00e1 barva s velmi dobrou sv\u011btlost\u00e1lost\u00ed a vynikaj\u00edc\u00ed tepelnou odolnost\u00ed, dobrou odolnost\u00ed proti migraci a vysokou intenzitou t\u00f3nov\u00e1n\u00ed s \u0161irok\u00fdm pou\u017eit\u00edm. Solvent Orange 60 se pou\u017e\u00edv\u00e1 k barven\u00ed plast\u016f, PS, ABS, PMMA, PC, PET, polymer\u016f a vl\u00e1ken.<\/p>\n<h3><strong><b>Identifika\u010dn\u00ed \u00fadaje:<\/b><\/strong><\/h3>\n<p>Barevn\u00fd index: Rozpou\u0161t\u011bdlov\u00e1 oran\u017eov\u00e1 60<\/p>\n<p>Molekul\u00e1rn\u00ed vzorec: C<sub>18<\/sub>H<sub>10<\/sub>N<sub>2<\/sub>O<\/p>\n<p>\u010c\u00edslo CAS: 6925-69-5<\/p>\n<h3><strong><b>Produkt<\/b><\/strong><strong><b>\u00a0<\/b><\/strong><strong><b>specifikace<\/b><\/strong><\/h3>\n<p>Vzhled Modr\u00fd pr\u00e1\u0161ek<\/p>\n<p>S\u00edla t\u00f3nov\u00e1n\u00ed 100\u00b13%<\/p>\n<p>Barva odst\u00ednu Podobn\u011b jako u standardu,<\/p>\n<p>Popel \u2264 0,1%<\/p>\n<p>Vlhkost \u2264 0,2%<\/p>\n<p>Hodnota barevn\u00e9ho rozd\u00edlu\u0394E \u2264 0,8<\/p>\n<p>Hustota g\/cm3 1,42<\/p>\n<p>Bod t\u00e1n\u00ed \u2103 230<\/p>\n<h3><strong><b>Technick\u00e9 \u00fadaje<\/b><\/strong><\/h3>\n<table>\n<tbody>\n<tr>\n<td width=\"307\"><strong>Test<\/strong><strong>\u00a0<\/strong><strong>Polo\u017eky<\/strong><\/td>\n<td width=\"58\"><strong>PS<\/strong><\/td>\n<td width=\"58\"><strong>ABS<\/strong><\/td>\n<td width=\"58\"><strong>SAN<\/strong><\/td>\n<td width=\"58\"><strong>PMMA<\/strong><\/td>\n<td width=\"58\"><strong>PC<\/strong><\/td>\n<td width=\"58\"><strong>R-<\/strong><strong>PVC<\/strong><\/td>\n<td width=\"58\"><strong>PA6<\/strong><\/td>\n<td width=\"58\"><strong>PET<\/strong><\/td>\n<\/tr>\n<tr>\n<td width=\"307\">Teplota tepeln\u00e9ho odporu, \u2103<\/p>\n<p>(barviva 0,05%, transparentn\u00ed)<\/td>\n<td width=\"58\">300<\/td>\n<td width=\"58\">300<\/td>\n<td width=\"58\">300<\/td>\n<td width=\"58\">300<\/td>\n<td width=\"58\">300<\/td>\n<td width=\"58\">-<\/td>\n<td width=\"58\">-<\/td>\n<td width=\"58\">-<\/td>\n<\/tr>\n<tr>\n<td width=\"307\">Teplota tepeln\u00e9ho odporu, \u2103<\/p>\n<p>(0,05% barviva + 1,0% oxidu titani\u010dit\u00e9ho)<\/td>\n<td width=\"58\">300<\/td>\n<td width=\"58\">300<\/td>\n<td width=\"58\">300<\/td>\n<td width=\"58\">300<\/td>\n<td width=\"58\">300<\/td>\n<td width=\"58\">-<\/td>\n<td width=\"58\">-<\/td>\n<td width=\"58\">-<\/td>\n<\/tr>\n<tr>\n<td width=\"307\">Odolnost proti migraci<\/td>\n<td width=\"58\">5<\/td>\n<td width=\"58\">5<\/td>\n<td width=\"58\">5<\/td>\n<td width=\"58\">5<\/td>\n<td width=\"58\">5<\/td>\n<td width=\"58\">5<\/td>\n<td width=\"58\">5<\/td>\n<td width=\"58\">5<\/td>\n<\/tr>\n<tr>\n<td width=\"307\">St\u00e1lost na sv\u011btle (barviva 0,05%, transparentn\u00ed)<\/td>\n<td width=\"58\">7-8<\/td>\n<td width=\"58\">7-8<\/td>\n<td width=\"58\">-<\/td>\n<td width=\"58\">-<\/td>\n<td width=\"58\">-<\/td>\n<td width=\"58\">7-8<\/td>\n<td width=\"58\"><\/td>\n<td width=\"58\">-<\/td>\n<\/tr>\n<tr>\n<td width=\"307\">Odolnost proti pov\u011btrnostn\u00edm vliv\u016fm<\/td>\n<td width=\"58\">-<\/td>\n<td width=\"58\">-<\/td>\n<td width=\"58\">-<\/td>\n<td width=\"58\">-<\/td>\n<td width=\"58\">-<\/td>\n<td width=\"58\">-<\/td>\n<td width=\"58\">-<\/td>\n<td width=\"58\">-<\/td>\n<\/tr>\n<tr>\n<td width=\"307\">Odolnost proti kyselin\u00e1m (v roztoku kyseliny chlorovod\u00edkov\u00e9 5%)<\/td>\n<td width=\"58\">-<\/td>\n<td width=\"58\">-<\/td>\n<td width=\"58\">-<\/td>\n<td width=\"58\">-<\/td>\n<td width=\"58\">-<\/td>\n<td width=\"58\">5<\/td>\n<td width=\"58\">-<\/td>\n<td width=\"58\">-<\/td>\n<\/tr>\n<tr>\n<td width=\"307\">Odolnost proti alk\u00e1li\u00edm (v roztoku 5% kaustick\u00e9 sody)<\/td>\n<td width=\"58\">-<\/td>\n<td width=\"58\">-<\/td>\n<td width=\"58\">-<\/td>\n<td width=\"58\">-<\/td>\n<td width=\"58\">-<\/td>\n<td width=\"58\">5<\/td>\n<td width=\"58\">-<\/td>\n<td width=\"58\">-<\/td>\n<\/tr>\n<\/tbody>\n<\/table>\n<p>&nbsp;<\/p>\n<h3><strong><b>Solvent Orange 60<\/b><\/strong><strong><b>\u00a0rozpustnost v organick\u00e9m rozpou\u0161t\u011bdle p\u0159i 20 \u2103 (g\/l)<\/b><\/strong><\/h3>\n<table>\n<tbody>\n<tr>\n<td width=\"140\"><strong><b>Aceton<\/b><\/strong><\/td>\n<td width=\"140\"><strong><b>Acet\u00e1t butylnat\u00fd<\/b><\/strong><\/td>\n<td width=\"140\"><strong><b>Methylbenzen<\/b><\/strong><\/td>\n<td width=\"140\"><strong><b>Dichlormethan<\/b><\/strong><\/td>\n<td width=\"140\"><strong><b>Etylalkohol<\/b><\/strong><\/td>\n<\/tr>\n<tr>\n<td width=\"140\">3.0<\/td>\n<td width=\"140\">8.0<\/td>\n<td width=\"140\">-<\/td>\n<td width=\"140\">240.0<\/td>\n<td width=\"140\">0.1<\/td>\n<\/tr>\n<\/tbody>\n<\/table>\n<h3><strong><b>\u00a0<\/b><\/strong><strong><b>Aplikace<\/b><\/strong><strong><b>\u00a0<\/b><\/strong><strong><b>Profil<\/b><\/strong><strong>\u00a0<\/strong><\/h3>\n<table>\n<tbody>\n<tr>\n<td width=\"129\"><strong>PS<\/strong><\/td>\n<td width=\"129\">\u25cf<\/td>\n<td width=\"129\"><strong>PET<\/strong><\/td>\n<td width=\"129\">\u25cf<\/td>\n<td width=\"129\"><strong>PC<\/strong><\/td>\n<td width=\"129\">\u25cf<\/td>\n<\/tr>\n<tr>\n<td width=\"129\"><strong>AS<\/strong><\/td>\n<td width=\"129\">\u25cf<\/td>\n<td width=\"129\"><strong>PVC- R<\/strong><\/td>\n<td width=\"129\">\u25cf<\/td>\n<td width=\"129\"><strong>SAN<\/strong><\/td>\n<td width=\"129\">\u25cf<\/td>\n<\/tr>\n<tr>\n<td width=\"129\"><strong>ABS<\/strong><\/td>\n<td width=\"129\">\u25cf<\/td>\n<td width=\"129\"><strong>PVC-U<\/strong><\/td>\n<td width=\"129\">\u25cf<\/td>\n<td width=\"129\"><strong>PBT<\/strong><\/td>\n<td width=\"129\">\u25cf<\/td>\n<\/tr>\n<tr>\n<td width=\"129\"><strong>PMMA<\/strong><\/td>\n<td width=\"129\">\u25cf<\/td>\n<td width=\"129\"><strong>PET<\/strong><\/td>\n<td width=\"129\">\u25cf<\/td>\n<td width=\"129\"><strong>PA6<\/strong><\/td>\n<td width=\"129\">\u25cb<\/td>\n<\/tr>\n<\/tbody>\n<\/table>\n<p><strong>\u00a0<\/strong><strong><b>Pozn\u00e1mka:<\/b><\/strong><strong><b>\u00a0\u00a0\u00a0\u00a0<\/b><\/strong>\u25cf = doporu\u010deno \u25cb = potenci\u00e1ln\u00ed pou\u017eit\u00ed - = nedoporu\u010deno<\/p>\n<h3><strong>Doporu\u010den\u00e9 str\u00e1nky<\/strong><strong>\u00a0D\u00e1vkov\u00e1n\u00ed<\/strong><\/h3>\n<p>Transparentn\u00ed: 0,025<\/p>\n<p>Netransparentn\u00ed: 0,05<\/p>\n<h3><strong>Balen\u00ed:<\/strong><\/h3>\n<p>B\u011b\u017en\u00e9 balen\u00ed je v pap\u00edrov\u00e9 krabici o hmotnosti 20 kg, 360 kg na palet\u011b.<\/p>\n<h3>Z\u00e1\u0159iv\u00fd oran\u017eov\u00fd odst\u00edn s v\u0161estrann\u00fdm vyu\u017eit\u00edm<\/h3>\n<p>Solvent Orange 60 je vynikaj\u00edc\u00ed barvivo zn\u00e1m\u00e9 sv\u00fdm n\u00e1padn\u00fdm oran\u017eov\u00fdm zbarven\u00edm a \u0159adou funk\u010dn\u00edch v\u00fdhod. A\u0165 u\u017e chcete dodat plast\u016fm nebo polymer\u016fm z\u00e1\u0159ivou estetiku, tento produkt je navr\u017een tak, aby v\u017edy poskytoval v\u00fdjime\u010dn\u00e9 v\u00fdsledky. Barva Solvent Orange 60 se vyzna\u010duje pozoruhodnou sv\u011btlost\u00e1lost\u00ed a zaru\u010duje, \u017ee si va\u0161e p\u0159edm\u011bty zachovaj\u00ed sv\u016fj z\u00e1\u0159iv\u00fd oran\u017eov\u00fd odst\u00edn po dlouhou dobu vystaven\u00ed sv\u011btlu nebo UV z\u00e1\u0159en\u00ed.<\/p>\n<h3>Bezkonkuren\u010dn\u00ed odolnost proti teplu a migraci<\/h3>\n<p>Jednou z v\u00fdzna\u010dn\u00fdch vlastnost\u00ed Solvent Orange 60 je jeho vynikaj\u00edc\u00ed tepeln\u00e1 odolnost. D\u00edky tomu je ide\u00e1ln\u00ed pro aplikace, kter\u00e9 zahrnuj\u00ed zpracov\u00e1n\u00ed nebo podm\u00ednky s vysok\u00fdmi teplotami. Krom\u011b toho jeho siln\u00e1 odolnost proti migraci zabra\u0148uje krv\u00e1cen\u00ed barvy, \u010d\u00edm\u017e zaji\u0161\u0165uje integritu va\u0161ich materi\u00e1l\u016f. Barvivo je kompatibiln\u00ed se \u0161irokou \u0161k\u00e1lou substr\u00e1t\u016f, v\u010detn\u011b PS, ABS, PMMA, PC, PET, polymer\u016f a vl\u00e1ken, co\u017e z n\u011bj \u010din\u00ed \u0159e\u0161en\u00ed pro r\u016fzn\u00e1 pr\u016fmyslov\u00e1 odv\u011btv\u00ed.<\/p>\n<h3>V\u00fdjime\u010dn\u00e1 s\u00edla t\u00f3nov\u00e1n\u00ed pro \u017eivost<\/h3>\n<p>Solvent Orange 60 umoc\u0148uje vizu\u00e1ln\u00ed p\u0159ita\u017elivost va\u0161ich v\u00fdtvor\u016f d\u00edky sv\u00e9 vysok\u00e9 t\u00f3novac\u00ed s\u00edle, co\u017e vede k syt\u00fdm a z\u00e1\u0159iv\u00fdm odst\u00edn\u016fm. A\u0165 u\u017e vyr\u00e1b\u00edte plasty pro pr\u016fmyslov\u00e9 pou\u017eit\u00ed nebo spot\u0159ebn\u00ed zbo\u017e\u00ed, toto barvivo zajist\u00ed, \u017ee va\u0161e v\u00fdrobky vyniknou. Jeho v\u0161estrannost umo\u017e\u0148uje bezprobl\u00e9mov\u00e9 za\u010dlen\u011bn\u00ed do r\u016fzn\u00fdch v\u00fdrobn\u00edch proces\u016f p\u0159i zachov\u00e1n\u00ed konzistentn\u00edho, vysoce kvalitn\u00edho v\u00fdkonu.<\/p>\n<h3>Aplikace nap\u0159\u00ed\u010d r\u016fzn\u00fdmi odv\u011btv\u00edmi<\/h3>\n<p>Solvent Orange 60 se \u0161iroce pou\u017e\u00edv\u00e1 k barven\u00ed plast\u016f a polymer\u016f, jako jsou PS (polystyren), ABS (akrylonitril-butadien-styren), PMMA (polymetylmetakryl\u00e1t), PC (polykarbon\u00e1t), PET (polyethylentereftal\u00e1t) a cel\u00e1 \u0159ada dal\u0161\u00edch materi\u00e1l\u016f. D\u00edky sv\u00e9 schopnosti p\u0159izp\u016fsobit se r\u016fzn\u00fdm po\u017eadavk\u016fm na pou\u017eit\u00ed je spolehlivou volbou pro profesion\u00e1ly v oblasti polymer\u016f, vl\u00e1ken a plast\u016f.<\/p>\n<h3>Pro\u010d Solvent Orange 60?<\/h3>\n<p>Solvent Orange 60 je dokonal\u00fdm barvivem pro ty, kte\u0159\u00ed hledaj\u00ed konzistenci, trvanlivost a efektivitu v barvic\u00edch procesech, od brilantn\u00edho zbarven\u00ed a\u017e po bezkonkuren\u010dn\u00ed odolnost. Zlep\u0161ete sv\u00e9 v\u00fdrobn\u00ed mo\u017enosti a dos\u00e1hn\u011bte vynikaj\u00edc\u00edch v\u00fdsledk\u016f s t\u00edmto v\u00fdjime\u010dn\u00fdm produktem.s<\/p>\n<div class=\"honor-product-overview\" style=\"margin-top:40px;border-top:2px solid #f6c405;padding-top:30px\">\n<h3>Why Choose Honor Pigments?<\/h3>\n<ul>\n<li>\ud83c\udf0d <strong>Global Export Expertise<\/strong> \u2014 Trusted by customers in 40+ countries for consistent quality and reliable supply<\/li>\n<li>\u2705 <strong>Strict Quality Control<\/strong> \u2014 ISO 9001 certified with batch-to-batch consistency and zero-defect policy<\/li>\n<li>\ud83d\udcb0 <strong>OEM Production Advantage<\/strong> \u2014 Competitive pricing without compromising pigment performance<\/li>\n<li>\ud83e\uddea <strong>Technical Support<\/strong> \u2014 Free color matching, formulation advice and sample testing before bulk order<\/li>\n<\/ul>\n<div style=\"background:#f8f9fa;padding:20px;border-left:4px solid #f6c405;margin:20px 0\">\n<p><strong>\ud83d\udce9 Need more details?<\/strong><\/p>\n<p>Request TDS, SDS, or a free sample for testing.<\/p>\n<\/div>\n<\/div>","protected":false},"excerpt":{"rendered":"<p>\u010c\u00edslo CAS: 6925-69-5<\/p>\n<p>Molekul\u00e1rn\u00ed vzorec: C<sub>18<\/sub>H<sub>10<\/sub>N<sub>2<\/sub>O<\/p>\n<p>V\u00fdhoda: Dobr\u00e1 sv\u011btlost\u00e1lost a vynikaj\u00edc\u00ed tepeln\u00e1 odolnost, dobr\u00e1 odolnost proti migraci a vysok\u00e1 pevnost t\u00f3nov\u00e1n\u00ed s \u0161irok\u00fdm pou\u017eit\u00edm.<\/p>\n<p>Pou\u017eit\u00ed: Pou\u017e\u00edv\u00e1 se k barven\u00ed plast\u016f, PS, ABS, PMMA, PC, PET, polymer\u016f, vl\u00e1ken.<\/p>\n<p>&nbsp;<\/p>","protected":false},"featured_media":3594,"template":"","meta":[],"product_brand":[],"product_cat":[58,68],"product_tag":[],"class_list":{"0":"post-3593","1":"product","2":"type-product","3":"status-publish","4":"has-post-thumbnail","6":"product_cat-dyestuffs","7":"product_cat-solvent-dyes","8":"stm_brands-honor-dyes","10":"first","11":"instock","12":"shipping-taxable","13":"product-type-simple"},"_links":{"self":[{"href":"https:\/\/www.honorpigment.com\/cs\/wp-json\/wp\/v2\/product\/3593","targetHints":{"allow":["GET"]}}],"collection":[{"href":"https:\/\/www.honorpigment.com\/cs\/wp-json\/wp\/v2\/product"}],"about":[{"href":"https:\/\/www.honorpigment.com\/cs\/wp-json\/wp\/v2\/types\/product"}],"version-history":[{"count":1,"href":"https:\/\/www.honorpigment.com\/cs\/wp-json\/wp\/v2\/product\/3593\/revisions"}],"predecessor-version":[{"id":8577,"href":"https:\/\/www.honorpigment.com\/cs\/wp-json\/wp\/v2\/product\/3593\/revisions\/8577"}],"wp:featuredmedia":[{"embeddable":true,"href":"https:\/\/www.honorpigment.com\/cs\/wp-json\/wp\/v2\/media\/3594"}],"wp:attachment":[{"href":"https:\/\/www.honorpigment.com\/cs\/wp-json\/wp\/v2\/media?parent=3593"}],"wp:term":[{"taxonomy":"product_brand","embeddable":true,"href":"https:\/\/www.honorpigment.com\/cs\/wp-json\/wp\/v2\/product_brand?post=3593"},{"taxonomy":"product_cat","embeddable":true,"href":"https:\/\/www.honorpigment.com\/cs\/wp-json\/wp\/v2\/product_cat?post=3593"},{"taxonomy":"product_tag","embeddable":true,"href":"https:\/\/www.honorpigment.com\/cs\/wp-json\/wp\/v2\/product_tag?post=3593"}],"curies":[{"name":"wp","href":"https:\/\/api.w.org\/{rel}","templated":true}]}}