{"id":3431,"date":"2025-09-09T16:08:27","date_gmt":"2025-09-09T08:08:27","guid":{"rendered":"https:\/\/www.honorpigments.com\/?post_type=product&#038;p=3431"},"modified":"2026-03-23T21:09:38","modified_gmt":"2026-03-23T13:09:38","slug":"hp-blue-4558-pigment-blue-154","status":"publish","type":"product","link":"https:\/\/www.honorpigment.com\/cs\/produkt\/hp-blue-4558-pigment-blue-154\/","title":{"rendered":"PIGMENT BLUE 15:4\/ HP BLUE 4558"},"content":{"rendered":"<h3><strong>Product Description &#8211; PB15:4<\/strong><\/h3>\n<p>HP BLUE 4558 (PIGMENT BLUE 15:4) shows largely the same coloristic and fastness properties as P.B.15:3 types, but often exhibit much better rheology. As with stabilized Copper Phthalocyanine Blue types, stabilization through surface treatment has proven to decrease the solvent fastness of Copper Phthalocyanine Blue, sometimes considerably so, making the pigment more sensitive to aromatics, alcohols, ethylene glycol, and ketones. It also gained importance in gravure printing inks, particularly in toluene based publication gravure printing inks and in various types of flexographic printing inks. They now dominate in these areas. It is optimized for use in specific media, such as publication gravure printing inks. In these media the pigment exhibits high tinctorial strength and good flow.<\/p>\n<h3><strong>Doporu\u010den\u00e9 pou\u017eit\u00ed<\/strong><strong>\uff1a<\/strong><\/h3>\n<p>Coatings: solvent based coatings, water based coatings, industrial coatings, powder coatings, wood coatings<br \/>\nTiskov\u00e9 barvy: ofsetov\u00e9 barvy, rozpou\u0161t\u011bdlov\u00e9 barvy, barvy na vodn\u00ed b\u00e1zi.<\/p>\n<h3><strong>Technick\u00e9 \u00fadaje:<\/strong><\/h3>\n<table style=\"height: 260px; width: 95%; border-color: #050505;\" width=\"95%\">\n<tbody>\n<tr style=\"height: 28px;\">\n<td style=\"width: 98.554%; background-color: #ababab; height: 10px;\" colspan=\"5\" width=\"125\"><span style=\"font-size: 14pt;\"><strong>Informace o produktu<\/strong><\/span><\/td>\n<\/tr>\n<tr style=\"height: 24px;\">\n<td style=\"width: 24.277%; height: 10px;\" width=\"125\"><span style=\"font-size: 12pt;\">Chemick\u00fd typ<\/span><\/td>\n<td style=\"width: 25.114%; height: 10px; text-align: center;\" colspan=\"2\" width=\"125\">Ftalocyanin<\/td>\n<td style=\"width: 25.1904%; height: 10px;\" width=\"125\"><span style=\"font-size: 12pt;\">CAS NO.<\/span><\/td>\n<td style=\"width: 23.9726%; text-align: center;\" width=\"148\">147-14-8<\/td>\n<\/tr>\n<tr style=\"height: 48px;\">\n<td style=\"width: 24.277%; height: 10px;\" width=\"125\"><span style=\"font-size: 12pt;\">C. I. Jm\u00e9no<\/span><\/td>\n<td style=\"width: 25.114%; height: 10px; text-align: center;\" colspan=\"2\" width=\"125\">Pigment Blue 15:4<\/td>\n<td style=\"width: 25.1904%; height: 10px;\" width=\"125\"><span style=\"font-size: 12pt;\">EINECS \/ ELINCS NO.<\/span><\/td>\n<td style=\"width: 23.9726%; text-align: center;\" width=\"148\">205-685-1<\/td>\n<\/tr>\n<tr style=\"height: 48px;\">\n<td style=\"width: 24.277%; height: 10px;\" width=\"125\"><span style=\"font-size: 12pt;\">C. I. \u00dastava \u010d.<\/span><\/td>\n<td style=\"width: 25.114%; height: 10px; text-align: center;\" colspan=\"2\" width=\"125\">74160<\/td>\n<td style=\"width: 25.1904%; height: 10px;\" width=\"125\"><span style=\"font-size: 12pt;\">Chemick\u00fd vzorec<\/span><\/td>\n<td style=\"width: 23.9726%; text-align: center;\" width=\"148\">C32H16CuN8<\/td>\n<\/tr>\n<tr style=\"height: 24px;\">\n<td style=\"width: 98.554%; height: 10px;\" colspan=\"5\" width=\"125\"><\/td>\n<\/tr>\n<tr style=\"height: 28px;\">\n<td style=\"width: 98.554%; background-color: #ababab; height: 10px;\" colspan=\"5\" width=\"125\"><span style=\"font-size: 14pt;\"><strong>Technick\u00fd v\u00fdkon<\/strong><\/span><\/td>\n<\/tr>\n<tr style=\"height: 24px;\">\n<td style=\"width: 24.277%; height: 10px;\" width=\"125\"><\/td>\n<td style=\"width: 12.4048%; height: 10px; text-align: center;\" width=\"125\"><span style=\"font-size: 12pt;\">Pln\u00fd st\u00edn<\/span><\/td>\n<td style=\"width: 12.7092%; height: 10px; text-align: center;\" width=\"125\"><span style=\"font-size: 12pt;\">Tint<\/span><\/td>\n<td style=\"width: 25.1904%; height: 10px;\" width=\"125\"><\/td>\n<td style=\"width: 23.9726%; height: 10px;\" width=\"125\"><\/td>\n<\/tr>\n<tr style=\"height: 48px;\">\n<td style=\"width: 24.277%; height: 10px;\" width=\"125\"><span style=\"font-size: 12pt;\">Odolnost proti pov\u011btrnostn\u00edm vliv\u016fm<\/span><\/td>\n<td class=\"et3\" style=\"height: 19.95pt; width: 12.4048%; text-align: center;\" width=\"116\" height=\"26\">5<\/td>\n<td class=\"et4\" style=\"width: 12.7092%; text-align: center;\" width=\"110\">4<\/td>\n<td style=\"width: 25.1904%; height: 10px;\" width=\"125\"><span style=\"font-size: 12pt;\">Tepeln\u00e1 stabilita \u00b0C<\/span><\/td>\n<td style=\"width: 23.9726%; height: 10px; text-align: center;\" width=\"125\"><span style=\"font-size: 12pt;\">300\u00b0C<\/span><\/td>\n<\/tr>\n<tr style=\"height: 24px;\">\n<td style=\"width: 24.277%; height: 10px;\" width=\"125\"><span style=\"font-size: 12pt;\">Rychlost sv\u011btla<\/span><\/td>\n<td class=\"et4\" style=\"height: 19.95pt; width: 12.4048%; text-align: center;\" height=\"26\">8<\/td>\n<td class=\"et4\" style=\"width: 12.7092%; text-align: center;\">7<\/td>\n<td style=\"width: 25.1904%; height: 10px;\" width=\"125\"><\/td>\n<td style=\"width: 23.9726%; height: 10px;\" width=\"125\"><\/td>\n<\/tr>\n<tr style=\"height: 24px;\">\n<td style=\"width: 98.554%; height: 10px;\" colspan=\"5\" width=\"125\"><\/td>\n<\/tr>\n<tr style=\"height: 24px;\">\n<td style=\"width: 98.554%; background-color: #ababab; height: 10px;\" colspan=\"5\" width=\"125\"><span style=\"font-size: 14pt;\"><strong>Fyzik\u00e1ln\u00ed vlastnosti<\/strong><\/span><\/td>\n<\/tr>\n<tr style=\"height: 48px;\">\n<td style=\"width: 24.277%; height: 10px;\" width=\"125\"><span style=\"font-size: 12pt;\">Fyzick\u00e1 forma<\/span><\/td>\n<td style=\"width: 25.114%; height: 10px; text-align: center;\" colspan=\"2\" width=\"125\"><span style=\"font-size: 12pt;\">Pr\u00e1\u0161ek<\/span><\/td>\n<td class=\"et3\" style=\"height: 19.95pt; width: 25.1904%;\" width=\"166\" height=\"26\"><span class=\"font1\">Krv\u00e1cen\u00ed v xylenu<\/span><\/td>\n<td class=\"et4\" style=\"width: 23.9726%; text-align: center;\" width=\"148\">5<\/td>\n<\/tr>\n<tr style=\"height: 48px;\">\n<td style=\"width: 24.277%; height: 10px;\" width=\"125\"><span style=\"font-size: 12pt;\">Specifick\u00e1 hustota (g\/cm3):<\/span><\/td>\n<td style=\"width: 25.114%; height: 10px; text-align: center;\" colspan=\"2\" width=\"125\">1.40 \u00b1 0.1<\/td>\n<td class=\"et3\" style=\"height: 19.95pt; width: 25.1904%;\" width=\"166\" height=\"26\"><span class=\"font1\">Krv\u00e1cen\u00ed u methylethylketonu<\/span><\/td>\n<td class=\"et4\" style=\"width: 23.9726%; text-align: center;\">5<\/td>\n<\/tr>\n<tr style=\"height: 48px;\">\n<td style=\"width: 24.277%; height: 10px;\" width=\"125\"><span style=\"font-size: 12pt;\">Specifick\u00fd povrch (\u33a1\/g):<\/span><\/td>\n<td style=\"width: 25.114%; height: 10px; text-align: center;\" colspan=\"2\" width=\"125\">58<\/td>\n<td class=\"et3\" style=\"height: 19.95pt; width: 25.1904%;\" width=\"166\" height=\"26\"><span class=\"font1\">Krv\u00e1cen\u00ed v ethylacet\u00e1tu<\/span><\/td>\n<td class=\"et4\" style=\"width: 23.9726%; text-align: center;\">5<\/td>\n<\/tr>\n<tr style=\"height: 24px;\">\n<td style=\"width: 24.277%; height: 10px;\" width=\"125\"><span style=\"font-size: 12pt;\">Absorpce oleje<\/span><\/td>\n<td style=\"width: 25.114%; height: 10px; text-align: center;\" colspan=\"2\" width=\"125\">54<\/td>\n<td class=\"et3\" style=\"height: 19.95pt; width: 25.1904%;\" width=\"166\" height=\"26\"><span class=\"font1\">Krv\u00e1cen\u00ed v p\u0159\u00edpravku Cellosolve<\/span><\/td>\n<td class=\"et4\" style=\"width: 23.9726%; text-align: center;\">5<\/td>\n<\/tr>\n<tr style=\"height: 24px;\">\n<td style=\"width: 24.277%; height: 10px;\" width=\"125\"><span style=\"font-size: 12pt;\">Hodnota pH<\/span><\/td>\n<td style=\"width: 25.114%; height: 10px; text-align: center;\" colspan=\"2\" width=\"125\">6.5-8.5<\/td>\n<td class=\"et3\" style=\"height: 19.95pt; width: 25.1904%;\" width=\"166\" height=\"26\"><span class=\"font1\">Krv\u00e1cen\u00ed v miner\u00e1ln\u00edm terpent\u00fdnu<\/span><\/td>\n<td class=\"et4\" style=\"width: 23.9726%; text-align: center;\">5<\/td>\n<\/tr>\n<tr style=\"height: 24px;\">\n<td style=\"width: 24.277%; height: 10px;\" width=\"125\"><span style=\"font-size: 12pt;\">T\u011bkav\u00e9 l\u00e1tky<\/span><\/td>\n<td style=\"width: 25.114%; height: 10px; text-align: center;\" colspan=\"2\" width=\"125\"><span style=\"font-size: 12pt;\">1% max<\/span><\/td>\n<td class=\"et3\" style=\"height: 19.95pt; width: 25.1904%;\" width=\"166\" height=\"26\"><span class=\"font1\">Odolnost v\u016f\u010di kyselin\u00e1m<\/span><\/td>\n<td class=\"et4\" style=\"width: 23.9726%; text-align: center;\">5<\/td>\n<\/tr>\n<tr style=\"height: 24px;\">\n<td style=\"width: 24.277%; height: 10px;\" width=\"125\"><\/td>\n<td style=\"width: 25.114%; height: 10px;\" colspan=\"2\"><\/td>\n<td class=\"et3\" style=\"height: 19.95pt; width: 25.1904%;\" width=\"166\" height=\"26\"><span class=\"font1\">Odolnost v\u016f\u010di alk\u00e1li\u00edm<\/span><\/td>\n<td class=\"et4\" style=\"width: 23.9726%; text-align: center;\">5<\/td>\n<\/tr>\n<tr style=\"height: 48px;\">\n<td style=\"width: 98.554%; background-color: #ababab; height: 10px;\" colspan=\"5\" width=\"125\"><span style=\"font-size: 14pt;\"><strong>Balen\u00ed<\/strong><\/span><\/td>\n<\/tr>\n<tr style=\"height: 48px;\">\n<td style=\"width: 98.554%; height: 10px;\" colspan=\"5\" width=\"125\">25kgs\/bag 400kgs or 500kgs\/Pallet<\/td>\n<\/tr>\n<tr style=\"height: 24px;\">\n<td style=\"width: 98.554%; height: 10px;\" colspan=\"5\" width=\"125\"><\/td>\n<\/tr>\n<tr style=\"height: 24px;\">\n<td style=\"width: 49.391%; background-color: #ababab; height: 10px;\" colspan=\"3\" width=\"125\"><span style=\"font-size: 14pt;\"><strong>\u00dalo\u017ei\u0161t\u011b<\/strong><\/span><\/td>\n<td style=\"width: 25.1904%; height: 10px;\" width=\"125\"><span style=\"font-size: 14pt;\"><strong>Doba pou\u017eitelnosti<\/strong><\/span><\/td>\n<td style=\"width: 23.9726%; height: 10px;\" width=\"125\"><span style=\"font-size: 12pt;\">5 let<\/span><\/td>\n<\/tr>\n<tr style=\"height: 24px;\">\n<td style=\"width: 98.554%; height: 10px;\" colspan=\"5\" width=\"375\"><span style=\"font-size: 12pt;\">Skladujte na chladn\u00e9m, such\u00e9m a v\u011btran\u00e9m m\u00edst\u011b.<\/span><\/td>\n<\/tr>\n<tr style=\"height: 24px;\">\n<td style=\"width: 98.554%; height: 10px;\" colspan=\"5\" width=\"125\"><\/td>\n<\/tr>\n<tr style=\"height: 24px;\">\n<td style=\"width: 98.554%; background-color: #ababab; height: 10px;\" colspan=\"5\" width=\"125\"><span style=\"font-size: 14pt;\"><strong>DOPRAVA<\/strong><\/span><\/td>\n<\/tr>\n<tr style=\"height: 48px;\">\n<td style=\"width: 98.554%; height: 10px;\" colspan=\"5\" width=\"375\"><span style=\"font-size: 12pt;\">Vyhn\u011bte se inverzi, slune\u010dn\u00edmu z\u00e1\u0159en\u00ed, vlhkosti a n\u00e1razu. Vyvarujte se po\u0161kozen\u00ed obalu.<\/span><\/td>\n<\/tr>\n<\/tbody>\n<\/table>\n<ul>\n<li>St\u00e1lost na sv\u011btle: St\u00e1lost na sv\u011btle se hodnot\u00ed na stupnici 1 a\u017e 8, kde 1 = \u2018\u0161patn\u00e1\u2019 a 8 = \u2018vynikaj\u00edc\u00ed\u2019.<\/li>\n<li>Tepeln\u00e1 stabilita: Uveden\u00e9 hodnoty tepeln\u00e9 stability ud\u00e1vaj\u00ed maxim\u00e1ln\u00ed teplotu, p\u0159i kter\u00e9 lze pigment skladovat po dobu 10 minut v pln\u00e9m odst\u00ednu a v redukc\u00edch, ani\u017e by do\u0161lo k v\u00fdrazn\u00e9 zm\u011bn\u011b odst\u00ednu.<\/li>\n<li>Absorpce oleje: Absorpce oleje je stanovena na z\u00e1klad\u011b normy EN ISO 787-5 a ud\u00e1v\u00e1 se v g ln\u011bn\u00e9ho oleje na 100 g pigmentu.<\/li>\n<li>Krv\u00e1cen\u00ed z rozpou\u0161t\u011bdel: Krv\u00e1cen\u00ed v rozpou\u0161t\u011bdlech se testuje pomoc\u00ed t\u0159\u00edd pr\u00e1\u0161ku a vizu\u00e1ln\u00edho hodnocen\u00ed na stupnici 1 a\u017e 5.<br \/>\nkde 1 = \u2018siln\u00e9 krv\u00e1cen\u00ed\u2019 a 5 = \u2018\u017e\u00e1dn\u00e9 krv\u00e1cen\u00ed\u201d.\u201d<\/li>\n<\/ul>\n<p>Odm\u00edtnut\u00ed odpov\u011bdnosti - Informace uveden\u00e9 v tomto datov\u00e9m listu jsou zalo\u017eeny na sou\u010dasn\u00e9m stavu na\u0161ich znalost\u00ed a jsou ur\u010deny jako obecn\u00fd popis na\u0161ich v\u00fdrobk\u016f a jejich mo\u017en\u00fdch aplikac\u00ed. Vzhledem k mno\u017estv\u00ed formulac\u00ed, v\u00fdrobn\u00edch a aplika\u010dn\u00edch podm\u00ednek je t\u0159eba v\u0161echny v\u00fd\u0161e uveden\u00e9 \u00fadaje p\u0159izp\u016fsobit okolnostem u dan\u00e9ho zpracovatele. Z t\u00e9to skute\u010dnosti nelze pro jednotliv\u00e9 p\u0159\u00edpady vyvozovat \u017e\u00e1dn\u00e9 z\u00e1vazky, v\u010detn\u011b z\u00e1vazk\u016f z titulu patentov\u00fdch pr\u00e1v. Nelze vylou\u010dit, \u017ee tento v\u00fdrobek obsahuje \u010d\u00e1stice &lt; 0,1 \u03bcm. Ka\u017ed\u00fd u\u017eivatel tohoto v\u00fdrobku je odpov\u011bdn\u00fd za ur\u010den\u00ed vhodnosti v\u00fdrobk\u016f Sudarshan pro sv\u00e9 konkr\u00e9tn\u00ed pou\u017eit\u00ed &amp; za zaji\u0161t\u011bn\u00ed dodr\u017eov\u00e1n\u00ed v\u0161ech vlastnick\u00fdch pr\u00e1v &amp; st\u00e1vaj\u00edc\u00edch z\u00e1kon\u016f a pr\u00e1vn\u00edch p\u0159edpis\u016f.<\/p>","protected":false},"excerpt":{"rendered":"<p>C.I.NO.: PB15:4<\/p>\n<p>Advantage: Bright color, Low viscosity<\/p>\n<p>Main Application Recommended: Solvent based inks<\/p>","protected":false},"featured_media":3432,"template":"","meta":[],"product_brand":[],"product_cat":[15,61,72,73,75,95,63,91,76,92,77,71],"product_tag":[],"class_list":{"0":"post-3431","1":"product","2":"type-product","3":"status-publish","4":"has-post-thumbnail","6":"product_cat-organic-pigments","7":"product_cat-pigments-for-coatings-paints","8":"product_cat-pigments-for-coil-coatings","9":"product_cat-pigments-for-industrial-coatings","10":"product_cat-pigments-for-offset-inks","11":"product_cat-pigments-for-powder-coatings","12":"product_cat-pigments-for-printing-inks","13":"product_cat-pigments-for-solvent-based-coatings","14":"product_cat-pigments-for-sovlent-based-inks","15":"product_cat-pigments-for-water-based-coatings","16":"product_cat-pigments-for-water-based-inks","17":"product_cat-pigments-for-wood-coatings","18":"stm_brands-honor-pigments","20":"first","21":"instock","22":"shipping-taxable","23":"product-type-simple"},"_links":{"self":[{"href":"https:\/\/www.honorpigment.com\/cs\/wp-json\/wp\/v2\/product\/3431","targetHints":{"allow":["GET"]}}],"collection":[{"href":"https:\/\/www.honorpigment.com\/cs\/wp-json\/wp\/v2\/product"}],"about":[{"href":"https:\/\/www.honorpigment.com\/cs\/wp-json\/wp\/v2\/types\/product"}],"version-history":[{"count":0,"href":"https:\/\/www.honorpigment.com\/cs\/wp-json\/wp\/v2\/product\/3431\/revisions"}],"wp:featuredmedia":[{"embeddable":true,"href":"https:\/\/www.honorpigment.com\/cs\/wp-json\/wp\/v2\/media\/3432"}],"wp:attachment":[{"href":"https:\/\/www.honorpigment.com\/cs\/wp-json\/wp\/v2\/media?parent=3431"}],"wp:term":[{"taxonomy":"product_brand","embeddable":true,"href":"https:\/\/www.honorpigment.com\/cs\/wp-json\/wp\/v2\/product_brand?post=3431"},{"taxonomy":"product_cat","embeddable":true,"href":"https:\/\/www.honorpigment.com\/cs\/wp-json\/wp\/v2\/product_cat?post=3431"},{"taxonomy":"product_tag","embeddable":true,"href":"https:\/\/www.honorpigment.com\/cs\/wp-json\/wp\/v2\/product_tag?post=3431"}],"curies":[{"name":"wp","href":"https:\/\/api.w.org\/{rel}","templated":true}]}}