{"id":3269,"date":"2025-08-29T15:38:23","date_gmt":"2025-08-29T07:38:23","guid":{"rendered":"https:\/\/www.honorpigments.com\/?post_type=product&#038;p=3269"},"modified":"2026-04-13T23:31:58","modified_gmt":"2026-04-13T15:31:58","slug":"hp-yellow-1454-pigment-yellow-13","status":"publish","type":"product","link":"https:\/\/www.honorpigment.com\/cs\/produkt\/hp-yellow-1454-pigment-yellow-13\/","title":{"rendered":"PIGMENT YELLOW 13\/ HP YELLOW 1454"},"content":{"rendered":"<h3 data-rm-block-id=\"block-1\"><strong>Product Description &#8211;<\/strong><\/h3>\n<p dir=\"ltr\" data-pm-slice=\"1 1 []\" data-rm-block-id=\"block-2\">HP Yellow 1454 (Pigment Yellow 13 ) is a vibrant mid-shade diarylide yellow pigment. This cost-effective pigment is characterized by its high color strength, fresh and vivid hue, and excellent gloss. It is widely utilized in high-volume wWWWWWater$1sed ink applications, delivering consistent, high-quality results for vibrant and durable prints, and also used for plastic industries.<\/p>\n<h3 data-rm-block-id=\"block-3\"><strong>Doporu\u010den\u00e9 pou\u017eit\u00ed<\/strong><strong>\uff1a<\/strong><\/h3>\n<p data-rm-block-id=\"block-4\">Coatings: industrial paints<br \/>\nplastics: PVC, EVA<br \/>\nPrinting inks: offset inks, wWWWWWater$1sed inks<\/p>\n<h3 data-rm-block-id=\"block-5\"><strong>Technick\u00e9 \u00fadaje:<\/strong><\/h3>\n<table style=\"height: 260px;width: 95%;border-color: #050505\" width=\"95%\">\n<tbody>\n<tr style=\"height: 28px\">\n<td style=\"width: 99.5531%;background-color: #ababab;height: 10px\" colspan=\"5\" width=\"125\" data-rm-block-id=\"block-6\"><span style=\"font-size: 14pt\"><strong>Informace o produktu<\/strong><\/span><\/td>\n<\/tr>\n<tr style=\"height: 24px\">\n<td style=\"width: 24.277%;height: 10px\" width=\"125\" data-rm-block-id=\"block-7\"><span style=\"font-size: 12pt\">Chemick\u00fd typ<\/span><\/td>\n<td style=\"width: 25.114%;height: 10px;text-align: center\" colspan=\"2\" width=\"125\" data-rm-block-id=\"block-8\">Diarylid<\/td>\n<td style=\"width: 25.1904%;height: 10px\" width=\"125\" data-rm-block-id=\"block-9\"><span style=\"font-size: 12pt\">CAS NO.<\/span><\/td>\n<td class=\"et3\" style=\"height: 19.95pt;width: 24.9717%;text-align: center\" width=\"148\" height=\"26\" data-rm-block-id=\"block-10\">5102-83-0<\/td>\n<\/tr>\n<tr style=\"height: 48px\">\n<td style=\"width: 24.277%;height: 10px\" width=\"125\" data-rm-block-id=\"block-11\"><span style=\"font-size: 12pt\">C. I. Jm\u00e9no<\/span><\/td>\n<td style=\"width: 25.114%;height: 10px;text-align: center\" colspan=\"2\" width=\"125\" data-rm-block-id=\"block-12\">Pigment Yellow 13<\/td>\n<td style=\"width: 25.1904%;height: 10px\" width=\"125\" data-rm-block-id=\"block-13\"><span style=\"font-size: 12pt\">EINECS \/ ELINCS NO.<\/span><\/td>\n<td class=\"et3\" style=\"height: 19.95pt;width: 24.9717%;text-align: center\" width=\"148\" height=\"26\" data-rm-block-id=\"block-14\">225-822-9<\/td>\n<\/tr>\n<tr style=\"height: 48px\">\n<td style=\"width: 24.277%;height: 10px\" width=\"125\" data-rm-block-id=\"block-15\"><span style=\"font-size: 12pt\">C. I. \u00dastava \u010d.<\/span><\/td>\n<td style=\"width: 25.114%;height: 10px;text-align: center\" colspan=\"2\" width=\"125\" data-rm-block-id=\"block-16\"><span style=\"font-size: 12pt\">21100<\/span><\/td>\n<td style=\"width: 25.1904%;height: 10px\" width=\"125\" data-rm-block-id=\"block-17\"><span style=\"font-size: 12pt\">Chemick\u00fd vzorec<\/span><\/td>\n<td class=\"et3\" style=\"height: 19.95pt;width: 24.9717%;text-align: center\" width=\"148\" height=\"26\" data-rm-block-id=\"block-18\">C36h34Cl2N6O4<\/td>\n<\/tr>\n<tr style=\"height: 24px\">\n<td style=\"width: 99.5531%;height: 10px\" colspan=\"5\" width=\"125\" data-rm-block-id=\"block-19\"><\/td>\n<\/tr>\n<tr style=\"height: 28px\">\n<td style=\"width: 99.5531%;background-color: #ababab;height: 10px\" colspan=\"5\" width=\"125\" data-rm-block-id=\"block-20\"><span style=\"font-size: 14pt\"><strong>Technick\u00fd v\u00fdkon<\/strong><\/span><\/td>\n<\/tr>\n<tr style=\"height: 24px\">\n<td style=\"width: 24.277%;height: 10px\" width=\"125\" data-rm-block-id=\"block-21\"><\/td>\n<td style=\"width: 12.4048%;height: 10px;text-align: center\" width=\"125\" data-rm-block-id=\"block-22\"><span style=\"font-size: 12pt\">Pln\u00fd st\u00edn<\/span><\/td>\n<td style=\"width: 12.7092%;height: 10px;text-align: center\" width=\"125\" data-rm-block-id=\"block-23\"><span style=\"font-size: 12pt\">Tint<\/span><\/td>\n<td style=\"width: 25.1904%;height: 10px\" width=\"125\" data-rm-block-id=\"block-24\"><\/td>\n<td style=\"width: 24.9717%;height: 10px\" width=\"125\" data-rm-block-id=\"block-25\"><\/td>\n<\/tr>\n<tr style=\"height: 48px\">\n<td style=\"width: 24.277%;height: 10px\" width=\"125\" data-rm-block-id=\"block-26\"><span style=\"font-size: 12pt\">Odolnost proti pov\u011btrnostn\u00edm vliv\u016fm<\/span><\/td>\n<td class=\"et3\" style=\"height: 19.95pt;width: 12.4048%;text-align: center\" width=\"116\" height=\"26\" data-rm-block-id=\"block-27\"><span class=\"font1\">4-5<\/span><\/td>\n<td class=\"et4\" style=\"width: 12.7092%;text-align: center\" width=\"110\" data-rm-block-id=\"block-28\">3<\/td>\n<td style=\"width: 25.1904%;height: 10px\" width=\"125\" data-rm-block-id=\"block-29\"><span style=\"font-size: 12pt\">Tepeln\u00e1 stabilita \u00b0C<\/span><\/td>\n<td style=\"width: 24.9717%;height: 10px;text-align: center\" width=\"125\" data-rm-block-id=\"block-30\"><span style=\"font-size: 12pt\">200\u00b0C<\/span><\/td>\n<\/tr>\n<tr style=\"height: 24px\">\n<td style=\"width: 24.277%;height: 10px\" width=\"125\" data-rm-block-id=\"block-31\"><span style=\"font-size: 12pt\">Rychlost sv\u011btla<\/span><\/td>\n<td class=\"et4\" style=\"height: 19.95pt;width: 12.4048%;text-align: center\" height=\"26\" data-rm-block-id=\"block-32\">5<\/td>\n<td class=\"et4\" style=\"width: 12.7092%;text-align: center\" data-rm-block-id=\"block-33\">4<\/td>\n<td style=\"width: 25.1904%;height: 10px\" width=\"125\" data-rm-block-id=\"block-34\"><\/td>\n<td style=\"width: 24.9717%;height: 10px\" width=\"125\" data-rm-block-id=\"block-35\"><\/td>\n<\/tr>\n<tr style=\"height: 24px\">\n<td style=\"width: 99.5531%;height: 10px\" colspan=\"5\" width=\"125\" data-rm-block-id=\"block-36\"><\/td>\n<\/tr>\n<tr style=\"height: 24px\">\n<td style=\"width: 99.5531%;background-color: #ababab;height: 10px\" colspan=\"5\" width=\"125\" data-rm-block-id=\"block-37\"><span style=\"font-size: 14pt\"><strong>Fyzik\u00e1ln\u00ed vlastnosti<\/strong><\/span><\/td>\n<\/tr>\n<tr style=\"height: 48px\">\n<td style=\"width: 24.277%;height: 10px\" width=\"125\" data-rm-block-id=\"block-38\"><span style=\"font-size: 12pt\">Fyzick\u00e1 forma<\/span><\/td>\n<td style=\"width: 25.114%;height: 10px;text-align: center\" colspan=\"2\" width=\"125\" data-rm-block-id=\"block-39\"><span style=\"font-size: 12pt\">Pr\u00e1\u0161ek<\/span><\/td>\n<td style=\"width: 25.1904%;height: 10px\" width=\"125\" data-rm-block-id=\"block-40\"><span style=\"font-size: 12pt\">Odolnost v\u016f\u010di kyselin\u00e1m<\/span><\/td>\n<td style=\"width: 24.9717%;height: 10px;text-align: center\" width=\"125\" data-rm-block-id=\"block-41\"><span style=\"font-size: 12pt\">5<\/span><\/td>\n<\/tr>\n<tr style=\"height: 48px\">\n<td style=\"width: 24.277%;height: 10px\" width=\"125\" data-rm-block-id=\"block-42\"><span style=\"font-size: 12pt\">Specifick\u00e1 hustota (g\/cm3):<\/span><\/td>\n<td style=\"width: 25.114%;height: 10px;text-align: center\" colspan=\"2\" width=\"125\" data-rm-block-id=\"block-43\"><span style=\"font-size: 12pt\">1.40 \u00b1 0.1<\/span><\/td>\n<td style=\"width: 25.1904%;height: 10px\" width=\"125\" data-rm-block-id=\"block-44\"><span style=\"font-size: 12pt\">Odolnost v\u016f\u010di alk\u00e1li\u00edm<\/span><\/td>\n<td style=\"width: 24.9717%;height: 10px;text-align: center\" width=\"125\" data-rm-block-id=\"block-45\"><span style=\"font-size: 12pt\">5<\/span><\/td>\n<\/tr>\n<tr style=\"height: 48px\">\n<td style=\"width: 24.277%;height: 10px\" width=\"125\" data-rm-block-id=\"block-46\"><span style=\"font-size: 12pt\">Specifick\u00fd povrch (\u33a1\/g):<\/span><\/td>\n<td style=\"width: 25.114%;height: 10px;text-align: center\" colspan=\"2\" width=\"125\" data-rm-block-id=\"block-47\"><span style=\"font-size: 12pt\">45<\/span><\/td>\n<td style=\"width: 25.1904%;height: 10px\" width=\"125\" data-rm-block-id=\"block-48\"><\/td>\n<td style=\"width: 24.9717%;height: 10px\" width=\"125\" data-rm-block-id=\"block-49\"><\/td>\n<\/tr>\n<tr style=\"height: 24px\">\n<td style=\"width: 24.277%;height: 10px\" width=\"125\" data-rm-block-id=\"block-50\"><span style=\"font-size: 12pt\">Absorpce oleje<\/span><\/td>\n<td style=\"width: 25.114%;height: 10px;text-align: center\" colspan=\"2\" width=\"125\" data-rm-block-id=\"block-51\">70 \u00b1 10<\/td>\n<td style=\"width: 25.1904%;height: 10px\" width=\"125\" data-rm-block-id=\"block-52\"><\/td>\n<td style=\"width: 24.9717%;height: 10px\" width=\"125\" data-rm-block-id=\"block-53\"><\/td>\n<\/tr>\n<tr style=\"height: 24px\">\n<td style=\"width: 24.277%;height: 10px\" width=\"125\" data-rm-block-id=\"block-54\"><span style=\"font-size: 12pt\">Hodnota pH<\/span><\/td>\n<td style=\"width: 25.114%;height: 10px;text-align: center\" colspan=\"2\" width=\"125\" data-rm-block-id=\"block-55\">4 &#8211; 7<\/td>\n<td style=\"width: 25.1904%;height: 10px\" width=\"125\" data-rm-block-id=\"block-56\"><\/td>\n<td style=\"width: 24.9717%;height: 10px\" width=\"125\" data-rm-block-id=\"block-57\"><\/td>\n<\/tr>\n<tr style=\"height: 24px\">\n<td style=\"width: 24.277%;height: 10px\" width=\"125\" data-rm-block-id=\"block-58\"><span style=\"font-size: 12pt\">T\u011bkav\u00e9 l\u00e1tky<\/span><\/td>\n<td style=\"width: 25.114%;height: 10px;text-align: center\" colspan=\"2\" width=\"125\" data-rm-block-id=\"block-59\"><span style=\"font-size: 12pt\">1% max<\/span><\/td>\n<td style=\"width: 25.1904%;height: 10px\" width=\"125\" data-rm-block-id=\"block-60\"><\/td>\n<td style=\"width: 24.9717%;height: 10px\" width=\"125\" data-rm-block-id=\"block-61\"><\/td>\n<\/tr>\n<tr style=\"height: 24px\">\n<td style=\"width: 99.5531%;height: 10px\" colspan=\"5\" width=\"125\" data-rm-block-id=\"block-62\"><\/td>\n<\/tr>\n<tr style=\"height: 48px\">\n<td style=\"width: 99.5531%;background-color: #ababab;height: 10px\" colspan=\"5\" width=\"125\" data-rm-block-id=\"block-63\"><span style=\"font-size: 14pt\"><strong>Balen\u00ed<\/strong><\/span><\/td>\n<\/tr>\n<tr style=\"height: 48px\">\n<td style=\"width: 99.5531%;height: 10px\" colspan=\"5\" width=\"125\" data-rm-block-id=\"block-64\"><span style=\"font-size: 12pt\">25kgs\/bag\u00a0\u00a0 400kgs\/Pallet<\/span><\/td>\n<\/tr>\n<tr style=\"height: 24px\">\n<td style=\"width: 99.5531%;height: 10px\" colspan=\"5\" width=\"125\" data-rm-block-id=\"block-65\"><\/td>\n<\/tr>\n<tr style=\"height: 24px\">\n<td style=\"width: 49.391%;background-color: #ababab;height: 10px\" colspan=\"3\" width=\"125\" data-rm-block-id=\"block-66\"><span style=\"font-size: 14pt\"><strong>\u00dalo\u017ei\u0161t\u011b<\/strong><\/span><\/td>\n<td style=\"width: 25.1904%;height: 10px\" width=\"125\" data-rm-block-id=\"block-67\"><span style=\"font-size: 14pt\"><strong>Doba pou\u017eitelnosti<\/strong><\/span><\/td>\n<td style=\"width: 24.9717%;height: 10px\" width=\"125\" data-rm-block-id=\"block-68\"><span style=\"font-size: 12pt\">5 let<\/span><\/td>\n<\/tr>\n<tr style=\"height: 24px\">\n<td style=\"width: 99.5531%;height: 10px\" colspan=\"5\" width=\"375\" data-rm-block-id=\"block-69\"><span style=\"font-size: 12pt\">Skladujte na chladn\u00e9m, such\u00e9m a v\u011btran\u00e9m m\u00edst\u011b.<\/span><\/td>\n<\/tr>\n<tr style=\"height: 24px\">\n<td style=\"width: 99.5531%;height: 10px\" colspan=\"5\" width=\"125\" data-rm-block-id=\"block-70\"><\/td>\n<\/tr>\n<tr style=\"height: 24px\">\n<td style=\"width: 99.5531%;background-color: #ababab;height: 10px\" colspan=\"5\" width=\"125\" data-rm-block-id=\"block-71\"><span style=\"font-size: 14pt\"><strong>DOPRAVA<\/strong><\/span><\/td>\n<\/tr>\n<tr style=\"height: 48px\">\n<td style=\"width: 99.5531%;height: 10px\" colspan=\"5\" width=\"375\" data-rm-block-id=\"block-72\"><span style=\"font-size: 12pt\">Vyhn\u011bte se inverzi, slune\u010dn\u00edmu z\u00e1\u0159en\u00ed, vlhkosti a n\u00e1razu. Vyvarujte se po\u0161kozen\u00ed obalu.<\/span><\/td>\n<\/tr>\n<\/tbody>\n<\/table>\n<ul>\n<li data-rm-block-id=\"block-73\">St\u00e1lost na sv\u011btle: St\u00e1lost na sv\u011btle se hodnot\u00ed na stupnici 1 a\u017e 8, kde 1 = \u2018\u0161patn\u00e1\u2019 a 8 = \u2018vynikaj\u00edc\u00ed\u2019.<\/li>\n<li data-rm-block-id=\"block-74\">Tepeln\u00e1 stabilita: Uveden\u00e9 hodnoty tepeln\u00e9 stability ud\u00e1vaj\u00ed maxim\u00e1ln\u00ed teplotu, p\u0159i kter\u00e9 lze pigment skladovat po dobu 10 minut v pln\u00e9m odst\u00ednu a v redukc\u00edch, ani\u017e by do\u0161lo k v\u00fdrazn\u00e9 zm\u011bn\u011b odst\u00ednu.<\/li>\n<li data-rm-block-id=\"block-75\">Absorpce oleje: Absorpce oleje je stanovena na z\u00e1klad\u011b normy EN ISO 787-5 a ud\u00e1v\u00e1 se v g ln\u011bn\u00e9ho oleje na 100 g pigmentu.<\/li>\n<li data-rm-block-id=\"block-76\">Krv\u00e1cen\u00ed z rozpou\u0161t\u011bdel: Krv\u00e1cen\u00ed v rozpou\u0161t\u011bdlech se testuje pomoc\u00ed t\u0159\u00edd pr\u00e1\u0161ku a vizu\u00e1ln\u00edho hodnocen\u00ed na stupnici 1 a\u017e 5.<br \/>\nkde 1 = \u2018siln\u00e9 krv\u00e1cen\u00ed\u2019 a 5 = \u2018\u017e\u00e1dn\u00e9 krv\u00e1cen\u00ed\u201d.\u201d<\/li>\n<\/ul>\n<p data-rm-block-id=\"block-77\">Disclaimer \u2013 The information given in this data sheet is based on the present state of our knowledge &amp; is intended as a general description of our products &amp; their possible applications. Due to the multitude of formulations, production &amp; application conditions, all the above mentioned data have to be adjusted to the circumstances of the processor. No liabilities, including those for patent rights, can be derived from this fact for individual cases. It cannot be ruled out that this product contains particles &lt; 0.1 \u03bcm. Any user of this product is responsible for determining the suitability of Honor Pigments\u2019s products for its particular application &amp; to ensure that any proprietary rights &amp; existing laws &amp; legislation are observed.<\/p>\n<div class=\"honor-product-overview\" style=\"margin-top:40px;border-top:2px solid #f6c405;padding-top:30px\">\n<h3>Why Choose Honor Pigments?<\/h3>\n<ul>\n<li>\ud83c\udf0d <strong>Global Export Expertise<\/strong> \u2014 Trusted by customers in 40+ countries for consistent quality and reliable supply<\/li>\n<li>\u2705 <strong>Strict Quality Control<\/strong> \u2014 ISO 9001 certified with batch-to-batch consistency and zero-defect policy<\/li>\n<li>\ud83d\udcb0 <strong>OEM Production Advantage<\/strong> \u2014 Competitive pricing without compromising pigment performance<\/li>\n<li>\ud83e\uddea <strong>Technical Support<\/strong> \u2014 Free color matching, formulation advice and sample testing before bulk order<\/li>\n<\/ul>\n<div style=\"background:#f8f9fa;padding:20px;border-left:4px solid #f6c405;margin:20px 0\">\n<p><strong>\ud83d\udce9 Need more details?<\/strong><\/p>\n<p>Request TDS, SDS, or a free sample for testing.<\/p>\n<\/div>\n<\/div>","protected":false},"excerpt":{"rendered":"<p>C.I.NO.: PY13<\/p>\n<p>Advantage:\u00a0 Good gloss, High color strength<\/p>\n<p>Main Application Recommended: WWWWater$1sed inks, offset inks, plastics<\/p>","protected":false},"featured_media":3270,"template":"","meta":[],"product_brand":[],"product_cat":[15,61,73,63,77],"product_tag":[361],"class_list":{"0":"post-3269","1":"product","2":"type-product","3":"status-publish","4":"has-post-thumbnail","6":"product_cat-organic-pigments","7":"product_cat-pigments-for-coatings-paints","8":"product_cat-pigments-for-industrial-coatings","9":"product_cat-pigments-for-printing-inks","10":"product_cat-pigments-for-water-based-inks","11":"product_tag-py13","12":"stm_brands-honor-pigments","14":"first","15":"instock","16":"shipping-taxable","17":"product-type-simple"},"_links":{"self":[{"href":"https:\/\/www.honorpigment.com\/cs\/wp-json\/wp\/v2\/product\/3269","targetHints":{"allow":["GET"]}}],"collection":[{"href":"https:\/\/www.honorpigment.com\/cs\/wp-json\/wp\/v2\/product"}],"about":[{"href":"https:\/\/www.honorpigment.com\/cs\/wp-json\/wp\/v2\/types\/product"}],"version-history":[{"count":7,"href":"https:\/\/www.honorpigment.com\/cs\/wp-json\/wp\/v2\/product\/3269\/revisions"}],"predecessor-version":[{"id":8895,"href":"https:\/\/www.honorpigment.com\/cs\/wp-json\/wp\/v2\/product\/3269\/revisions\/8895"}],"wp:featuredmedia":[{"embeddable":true,"href":"https:\/\/www.honorpigment.com\/cs\/wp-json\/wp\/v2\/media\/3270"}],"wp:attachment":[{"href":"https:\/\/www.honorpigment.com\/cs\/wp-json\/wp\/v2\/media?parent=3269"}],"wp:term":[{"taxonomy":"product_brand","embeddable":true,"href":"https:\/\/www.honorpigment.com\/cs\/wp-json\/wp\/v2\/product_brand?post=3269"},{"taxonomy":"product_cat","embeddable":true,"href":"https:\/\/www.honorpigment.com\/cs\/wp-json\/wp\/v2\/product_cat?post=3269"},{"taxonomy":"product_tag","embeddable":true,"href":"https:\/\/www.honorpigment.com\/cs\/wp-json\/wp\/v2\/product_tag?post=3269"}],"curies":[{"name":"wp","href":"https:\/\/api.w.org\/{rel}","templated":true}]}}